

{"id":10521,"date":"2024-06-14T15:27:14","date_gmt":"2024-06-14T13:27:14","guid":{"rendered":"https:\/\/www.gabrielle-laroche.com\/product\/nicolas-thevenin-trois-mats\/"},"modified":"2024-06-17T16:25:58","modified_gmt":"2024-06-17T14:25:58","slug":"nicolas-thevenin-trois-mats","status":"publish","type":"product","link":"https:\/\/www.gabrielle-laroche.com\/en\/product\/nicolas-thevenin-trois-mats\/","title":{"rendered":"NICOLAS THEVENIN &#8211; Trois M\u00e2ts"},"content":{"rendered":"<div class=\"wpb-content-wrapper\"><p>[vc_row][vc_column width=&#8221;1\/2&#8243;][vc_column_text]<\/p>\n<p style=\"text-align: justify;\">A visual artist from Nice, Nicolas Th\u00e9venin is the son of Sido (1934-1986) and Fran\u00e7ois (1931-2016) Th\u00e9venin, two artists considered among the most important designers of the late 20th century. Their work oscillates between architecture, sculpture, design, and poetry, creating furniture pieces with sinuous, organic shapes in forged, bent, or sculpted metal, made for the &#8220;landscape houses&#8221; of architect Jacques Cou\u00eblle.<\/p>\n<p style=\"text-align: justify;\">During his adolescence, he was immersed in an artistic family environment and learned the techniques of ironwork, boiler making, and dinanderie from his parents, techniques he continues to use in his works today.<\/p>\n<p style=\"text-align: justify;\">Nicolas Th\u00e9venin began his career as a sculptor in 1991. Like his parents, he draws inspiration from the plant world, using organic and sinuous lines. He creates pieces in wrought iron, etching stainless steel, and wood.<\/p>\n<p style=\"text-align: justify;\">In 2008, he executed a monumental door (2.8 meters) for the Cala di Volpe Hotel on the Costa Smeralda in Sardinia, made of hammered and riveted stainless steel, fire-patinated and red copper.<\/p>\n<p style=\"text-align: justify;\">In 2017, the Museum of History and Ceramics in Biot exhibited a series of his wood works with ironwork inclusions during the exhibition &#8220;Tables sages &#8230; Tables Folles!!&#8221;.<\/p>\n<p style=\"text-align: justify;\">In December 2023, he created a series of ironwork statuettes in homage to his parents&#8217; work, revisiting his childhood toys.<\/p>\n<p>[\/vc_column_text][\/vc_column][vc_column width=&#8221;1\/2&#8243;][\/vc_column][\/vc_row]<\/p>\n<\/div>","protected":false},"excerpt":{"rendered":"<p><strong>THEVENIN Nicolas<\/strong><\/p>\n<p>Born in 1966<\/p>\n<p>&nbsp;<\/p>\n<p><strong>Trois \u00a0M\u00e2ts<\/strong><\/p>\n<p>&nbsp;<\/p>\n<p>Patinated Wrought Iron<\/p>\n<p>Signed and Monogrammed Work<\/p>\n<p>Located and Dated: Cannes &#8211; 2009<\/p>\n<p>&nbsp;<\/p>\n<p>Height\u00a0: 156 cm<\/p>\n<p>Length : 120 cm<\/p>\n<p>Depth\u00a0: 55 cm<\/p>\n<p>&nbsp;<\/p>\n<p>&nbsp;<\/p>\n[dt_button size=\"small\" style=\"default\" animation=\"none\" color_mode=\"default\" icon=\"\" icon_align=\"left\" color=\"\" link=\"mailto:gabrielle-laroche@wanadoo.fr?subject=308_N_THEVENIN_3_MATS_ANG\" target_blank=\"true\"]DEMANDE D&#8217;INFORMATIONS[\/dt_button]\n<p>&nbsp;<\/p>\n<p><a href=\"\/fr\/contemporains\/\">Retour aux contemporains<\/a><\/p>\n","protected":false},"featured_media":10516,"template":"","meta":[],"product_brand":[],"product_cat":[46],"product_tag":[],"class_list":{"0":"post-10521","1":"product","2":"type-product","3":"status-publish","4":"has-post-thumbnail","6":"product_cat-contemporary","7":"description-off","9":"first","10":"instock","11":"shipping-taxable","12":"product-type-simple"},"aioseo_notices":[],"_links":{"self":[{"href":"https:\/\/www.gabrielle-laroche.com\/en\/wp-json\/wp\/v2\/product\/10521","targetHints":{"allow":["GET"]}}],"collection":[{"href":"https:\/\/www.gabrielle-laroche.com\/en\/wp-json\/wp\/v2\/product"}],"about":[{"href":"https:\/\/www.gabrielle-laroche.com\/en\/wp-json\/wp\/v2\/types\/product"}],"wp:featuredmedia":[{"embeddable":true,"href":"https:\/\/www.gabrielle-laroche.com\/en\/wp-json\/wp\/v2\/media\/10516"}],"wp:attachment":[{"href":"https:\/\/www.gabrielle-laroche.com\/en\/wp-json\/wp\/v2\/media?parent=10521"}],"wp:term":[{"taxonomy":"product_brand","embeddable":true,"href":"https:\/\/www.gabrielle-laroche.com\/en\/wp-json\/wp\/v2\/product_brand?post=10521"},{"taxonomy":"product_cat","embeddable":true,"href":"https:\/\/www.gabrielle-laroche.com\/en\/wp-json\/wp\/v2\/product_cat?post=10521"},{"taxonomy":"product_tag","embeddable":true,"href":"https:\/\/www.gabrielle-laroche.com\/en\/wp-json\/wp\/v2\/product_tag?post=10521"}],"curies":[{"name":"wp","href":"https:\/\/api.w.org\/{rel}","templated":true}]}}