

{"id":10604,"date":"2024-09-02T14:42:08","date_gmt":"2024-09-02T12:42:08","guid":{"rendered":"https:\/\/www.gabrielle-laroche.com\/product\/constantin-andreou-musique-feminine\/"},"modified":"2025-04-01T18:08:09","modified_gmt":"2025-04-01T16:08:09","slug":"constantin-andreou-musique-feminine","status":"publish","type":"product","link":"https:\/\/www.gabrielle-laroche.com\/en\/product\/constantin-andreou-musique-feminine\/","title":{"rendered":"CONSTANTIN ANDR\u00c9OU &#8211; Feminine Music"},"content":{"rendered":"<div class=\"wpb-content-wrapper\"><p>[vc_row][vc_column width=&#8221;1\/2&#8243;][vc_column_text]Constantin Andr\u00e9ou was born in Brazil, where he spent the first eight years of his life. He himself describes these years as a &#8220;living and fantastic dream.&#8221; He attributes the magical aspect that permeates his works to this period.<\/p>\n<p>In 1925, he discovers Greece, the country of his parents. It is there that he begins to draw and sculpt. He is largely self-taught, confronting himself with ancient and classical sculpture and starting to sculpt in marble. In 1942, he exhibits at the Panhellenic Salon in Greece.<\/p>\n<p>His move to Paris at the age of 28 enriches him through the &#8220;contact with artists and their cultural environment.&#8221; He attends the \u00c9cole des Arts D\u00e9coratifs and the \u00c9cole des Beaux-Arts for a few months. He meets Le Corbusier, with whom he works sporadically. This collaboration allows Andr\u00e9ou to better understand the relationship between architecture and sculpture, as well as the function of colors in space. These reflections will be crucial throughout his artistic career.<\/p>\n<p>In his Parisian studio, he experiments and seeks to develop a new artistic language. He pioneers a new technique, that of welded brass, which remains the foundation of his artistic expression \u2013 brass sheets are cut, hammered, and shaped cold before being welded together. Then, they are filed to eliminate any granular texture, creating a perfectly smooth surface on which light glides.<\/p>\n<p>While his work departs from figuration, it nonetheless maintains contact with reality, giving rise to sculptures whose dominant theme is the human form, especially the feminine form, as well as animals and birds.<\/p>\n<p>Throughout his life, he creates extensively, exploring various techniques and mediums. His work is guided by sensitivity, and he claims a poetic art. He participates in numerous exhibitions in France, Greece, Brazil, the United States, Canada, and Japan, among others. He takes part in the Salon d\u2019Automne six times, being appointed President for sculpture in 1982, as well as the Biennale of Antwerp (1953) and the Venice Biennale (1966).<\/p>\n<p>&nbsp;<\/p>\n<p><strong><em>Feminine Music, 1973<\/em><\/strong><\/p>\n<p>This golden brass sculpture is representative of Andr\u00e9ou&#8217;s work.<\/p>\n<p>While the title reflects his interest in the music &amp; the feminine figure, the form evokes the artist&#8217;s exploration of the issues of form and space.The artist multiplies planes and points of view. The work is admired in three dimensions. He breaks the solid volumes and allows the viewer&#8217;s eye to explore the inner complexity of the forms, as he did in his Columns series. The three smooth vertical masses form a framework, a cocoon, within which a core is revealed, traversed by stretched threads, spheres, and curves. Strict lines oppose and complement the soft curves. The work exudes the poetry, lyricism, and sensuality that so characterize the artist&#8217;s body of work.<\/p>\n<p>&nbsp;<\/p>\n<p>&nbsp;<\/p>\n<p><strong>Biography:<\/strong><\/p>\n<p>Andr\u00e9ou, <em>Sculptures, Bas-reliefs in Colors,<\/em> Bastas Editions, 1999.<\/p>\n<p>Mich\u00e8le Dubreucq, <em>Andr\u00e9ou, 40 Years of Sculpture,<\/em> Chennevi\u00e8res-sur-Marne, Ed. Jauffray, 1975.<\/p>\n<p>Jean-Louis Ferrier, <em>Andr\u00e9ou,<\/em> Geneva, Editions Pierre Cailler, 1959, 77 p.<\/p>\n<p>&nbsp;<\/p>\n<p>Link to the artist&#8217;s portfolio\u00a0:<\/p>\n<p style=\"text-align: justify;\"><a href=\"https:\/\/www.hellenicdiaspora.org\/home\/fr\/portfolio-category_cat\/constantin-andreou\/\">https:\/\/www.hellenicdiaspora.org\/home\/fr\/portfolio-category_cat\/constantin-andreou\/<\/a><\/p>\n<p>[\/vc_column_text][\/vc_column][vc_column width=&#8221;1\/2&#8243;][\/vc_column][\/vc_row]<\/p>\n<\/div>","protected":false},"excerpt":{"rendered":"<h4 class=\"p1\"><span class=\"s1\">CONSTANTIN ANDR\u00c9OU<\/span><\/h4>\n<h4 class=\"p1\"><em><span class=\"s1\">Feminine Music<\/span><\/em><\/h4>\n<p>&nbsp;<\/p>\n<p class=\"p1\"><span class=\"s1\">1973<\/span><\/p>\n<p>&nbsp;<\/p>\n<p class=\"p1\"><span class=\"s1\">Golden Brass Artwork<\/span><\/p>\n<p>Unique piece<\/p>\n<p class=\"p1\"><span class=\"s1\">Signed<\/span><\/p>\n<p>&nbsp;<\/p>\n<p class=\"p1\"><span class=\"s1\">Height \u00a0160 cm \u00a0 \u00a0 \u00a0 \u00a0 \u00a0<\/span><\/p>\n<p class=\"p1\"><span class=\"s1\">Width : 70 cm \u00a0 \u00a0 \u00a0 \u00a0 \u00a0 \u00a0 \u00a0 \u00a0 \u00a0 \u00a0 \u00a0\u00a0<\/span><\/p>\n<p class=\"p1\"><span class=\"s1\">Depth: 70 cm<\/span><\/p>\n<p>&nbsp;<\/p>\n<p class=\"p1\"><span class=\"s1\">Provenance : Artist&#8217;s Private Collection<\/span><\/p>\n<p>&nbsp;<\/p>\n[dt_button size=\"small\" style=\"default\" animation=\"none\" color_mode=\"default\" icon=\"\" icon_align=\"left\" color=\"\" link=\"mailto:gabrielle-laroche@wanadoo.fr?subject=105bis_CONSTANTIN ANDR\u00c9OU - Feminine Music\" target_blank=\"true\"]DEMANDE D&#8217;INFORMATIONS[\/dt_button]\n<p>&nbsp;<\/p>\n<p><a href=\"\/fr\/contemporains\/\">Retour aux contemporains<\/a><\/p>\n","protected":false},"featured_media":10593,"template":"","meta":[],"product_brand":[],"product_cat":[112],"product_tag":[],"class_list":{"0":"post-10604","1":"product","2":"type-product","3":"status-publish","4":"has-post-thumbnail","6":"product_cat-andreou-sculptures","7":"description-off","9":"first","10":"instock","11":"shipping-taxable","12":"product-type-simple"},"aioseo_notices":[],"_links":{"self":[{"href":"https:\/\/www.gabrielle-laroche.com\/en\/wp-json\/wp\/v2\/product\/10604","targetHints":{"allow":["GET"]}}],"collection":[{"href":"https:\/\/www.gabrielle-laroche.com\/en\/wp-json\/wp\/v2\/product"}],"about":[{"href":"https:\/\/www.gabrielle-laroche.com\/en\/wp-json\/wp\/v2\/types\/product"}],"wp:featuredmedia":[{"embeddable":true,"href":"https:\/\/www.gabrielle-laroche.com\/en\/wp-json\/wp\/v2\/media\/10593"}],"wp:attachment":[{"href":"https:\/\/www.gabrielle-laroche.com\/en\/wp-json\/wp\/v2\/media?parent=10604"}],"wp:term":[{"taxonomy":"product_brand","embeddable":true,"href":"https:\/\/www.gabrielle-laroche.com\/en\/wp-json\/wp\/v2\/product_brand?post=10604"},{"taxonomy":"product_cat","embeddable":true,"href":"https:\/\/www.gabrielle-laroche.com\/en\/wp-json\/wp\/v2\/product_cat?post=10604"},{"taxonomy":"product_tag","embeddable":true,"href":"https:\/\/www.gabrielle-laroche.com\/en\/wp-json\/wp\/v2\/product_tag?post=10604"}],"curies":[{"name":"wp","href":"https:\/\/api.w.org\/{rel}","templated":true}]}}