

{"id":12682,"date":"2021-04-20T17:45:35","date_gmt":"2021-04-20T15:45:35","guid":{"rendered":"https:\/\/www.gabrielle-laroche.com\/product\/edmond-moirignot-la-bacchante\/"},"modified":"2026-03-02T18:48:04","modified_gmt":"2026-03-02T17:48:04","slug":"edmond-moirignot-la-bacchante","status":"publish","type":"product","link":"https:\/\/www.gabrielle-laroche.com\/en\/product\/edmond-moirignot-la-bacchante\/","title":{"rendered":"EDMOND MOIRIGNOT &#8211; The Bacchante"},"content":{"rendered":"<div class=\"wpb-content-wrapper\"><p>[vc_row][vc_column width=&#8221;1\/2&#8243;][vc_column_text css=&#8221;&#8221;]<\/p>\n<p class=\"p1\"><span class=\"s1\"><b>Exhibitions \u00a0 \u00a0\u00a0<\/b><\/span><\/p>\n<p class=\"p1\"><span class=\"s1\">Exposition Galerie Montmorency, paris, d\u00e9cembre 1965<\/span><\/p>\n<p class=\"p1\"><span class=\"s1\">Exposition Galerie Pacitti, avril \u2013 mai 1968<\/span><\/p>\n<p class=\"p1\"><span class=\"s1\">Exposition Galerie Pacitti, avril 1970<\/span><\/p>\n<p class=\"p1\"><span class=\"s1\">Exposition Maison Jansen, rue Royale, Paris, Printemps 1987<\/span><\/p>\n<p class=\"p1\"><span class=\"s1\">Exposition Mus\u00e9e d\u2019Issy-les-Moulineaux, avril 1989<\/span><\/p>\n<p class=\"p1\"><span class=\"s1\">Exposition, Hommage \u00e0 Moirignot, Salon des Ind\u00e9pendants, Paris, avril 2006<\/span><\/p>\n<p class=\"p1\"><span class=\"s1\">R\u00e9trospective, Moirignot, Orangerie du S\u00e9nat, Paris, ao\u00fbt \u2013 septembre 2006<\/span><\/p>\n<p class=\"p1\"><span class=\"s1\">Mus\u00e9e Rimbaud, Charleville-M\u00e9zi\u00e8res, octobre 2006<\/span><\/p>\n<p class=\"p1\"><span class=\"s1\"><b>\u00a0<\/b><\/span><\/p>\n<p class=\"p1\"><span class=\"s1\"><b>\u00a0<\/b><\/span><\/p>\n<p class=\"p1\"><span class=\"s1\"><b>Bibliography<\/b><\/span><\/p>\n<p class=\"p1\"><span class=\"s1\">E. Cheneaux de Leyritz et Raymond Charmet, Edmond Moirignot,<\/span><\/p>\n<p class=\"p1\"><span class=\"s1\">Les Cahiers des Arts n\u00b0220, Editions Pierre Cailler, Gen\u00e8ve, 1965<\/span><\/p>\n<p class=\"p1\"><span class=\"s1\">Claude Jeancolas,<em> Moirignot<\/em>, Editions du Saint Gothard, 1984<\/span><\/p>\n<p class=\"p1\"><span class=\"s1\">C. Jeancolas, <em>Moirignot, aimer, cr\u00e9er, r\u00eaver<\/em>, Editions FVW, Paris, 2006<\/span><\/p>\n<p class=\"p1\"><span class=\"s1\"><b>Claude Jeancolas, <em>Moirignot Catalogue raisonn\u00e9<\/em>, 2010, n\u00b0155<\/b><\/span><\/p>\n<p>[\/vc_column_text][\/vc_column][vc_column width=&#8221;1\/2&#8243;][\/vc_column][\/vc_row]<\/p>\n<\/div>","protected":false},"excerpt":{"rendered":"<h4><span class=\"s1\">EDMOND MOIRIGNOT<\/span><span class=\"s1\">\u00a0(<\/span><span class=\"s1\">1913<\/span><span class=\"s1\"> &#8211; 2002)<\/span><\/h4>\n<h4><em><span class=\"s1\">\u00a0<\/span><\/em>Bacchante<\/h4>\n<p>&nbsp;<\/p>\n<p>Bronze sculpture with brown patina<\/p>\n<p>Valsuani\u2019s Foundry<\/p>\n<p>2\/6\u00a0\u00a0\u00a0\u00a0\u00a0\u00a0\u00a0\u00a0\u00a0\u00a0\u00a0\u00a0\u00a0\u00a0\u00a0\u00a0\u00a0\u00a0\u00a0\u00a0\u00a0\u00a0<span class=\"Apple-converted-space\">\u00a0<\/span><\/p>\n<p>&nbsp;<\/p>\n<p>&nbsp;<\/p>\n<p>Height\u00a0: 35 cm<\/p>\n<p>Height with base\u00a0: 43.5 cm<\/p>\n<p>&nbsp;<\/p>\n<p>Exhibitions : R\u00e9trospective Moirignot, Orangerie du S\u00e9nat, Paris, ao\u00fbt \u2013 septembre 2006<\/p>\n<p>Bibliography :\u00a0\u00a0 Claude Jeancolas, Catalogue raisonn\u00e9, 2010, n\u00b0155.<\/p>\n<p>&nbsp;<\/p>\n<p class=\"p1\"><span class=\"s1\">\u00a0<\/span><\/p>\n[dt_button size=\"small\" style=\"default\" animation=\"none\" color_mode=\"default\" icon=\"\" icon_align=\"left\" color=\"\" link=\"mailto:gabrielle-laroche@wanadoo.fr?subject=91_EDMOND_MOIRIGNOT_Bacchante_ang\" target_blank=\"true\"]DEMANDE D&#8217;INFORMATIONS[\/dt_button]\n<p>&nbsp;<\/p>\n<p><a href=\"https:\/\/www.gabrielle-laroche.com\/en\/contemporains\/\">Retour aux contemporains<\/a><\/p>\n","protected":false},"featured_media":12679,"template":"","meta":[],"product_brand":[],"product_cat":[65],"product_tag":[],"class_list":{"0":"post-12682","1":"product","2":"type-product","3":"status-publish","4":"has-post-thumbnail","6":"product_cat-moirignot-sculptures","7":"description-off","9":"first","10":"instock","11":"shipping-taxable","12":"product-type-simple"},"aioseo_notices":[],"_links":{"self":[{"href":"https:\/\/www.gabrielle-laroche.com\/en\/wp-json\/wp\/v2\/product\/12682","targetHints":{"allow":["GET"]}}],"collection":[{"href":"https:\/\/www.gabrielle-laroche.com\/en\/wp-json\/wp\/v2\/product"}],"about":[{"href":"https:\/\/www.gabrielle-laroche.com\/en\/wp-json\/wp\/v2\/types\/product"}],"wp:featuredmedia":[{"embeddable":true,"href":"https:\/\/www.gabrielle-laroche.com\/en\/wp-json\/wp\/v2\/media\/12679"}],"wp:attachment":[{"href":"https:\/\/www.gabrielle-laroche.com\/en\/wp-json\/wp\/v2\/media?parent=12682"}],"wp:term":[{"taxonomy":"product_brand","embeddable":true,"href":"https:\/\/www.gabrielle-laroche.com\/en\/wp-json\/wp\/v2\/product_brand?post=12682"},{"taxonomy":"product_cat","embeddable":true,"href":"https:\/\/www.gabrielle-laroche.com\/en\/wp-json\/wp\/v2\/product_cat?post=12682"},{"taxonomy":"product_tag","embeddable":true,"href":"https:\/\/www.gabrielle-laroche.com\/en\/wp-json\/wp\/v2\/product_tag?post=12682"}],"curies":[{"name":"wp","href":"https:\/\/api.w.org\/{rel}","templated":true}]}}