

{"id":1760,"date":"2021-04-20T16:30:33","date_gmt":"2021-03-05T10:59:33","guid":{"rendered":"http:\/\/mrplwpw.cluster030.hosting.ovh.net\/?post_type=product&#038;p=1760"},"modified":"2021-04-21T14:24:19","modified_gmt":"2021-04-21T12:24:19","slug":"edmond-moirignot-mother-courage","status":"publish","type":"product","link":"https:\/\/www.gabrielle-laroche.com\/en\/product\/edmond-moirignot-mother-courage\/","title":{"rendered":"EDMOND MOIRIGNOT &#8211; Mother Courage"},"content":{"rendered":"<div class=\"wpb-content-wrapper\"><p>[vc_row][vc_column width=&#8221;1\/2&#8243;][vc_column_text]<\/p>\n<p class=\"p1\"><span class=\"s1\"><b>Exhibitions\u00a0 \u00a0 \u00a0\u00a0<\/b><\/span><\/p>\n<p class=\"p1\"><span class=\"s1\">Exhibition, Claudine Legrand Gallery, Paris, october 1991<\/span><\/p>\n<p class=\"p1\"><span class=\"s1\">Retrospective <em>Moirignot<\/em>, Orangerie du S\u00e9nat, Paris, august \u2013 september 2006<\/span><\/p>\n<p>&nbsp;<\/p>\n<p>&nbsp;<\/p>\n<p class=\"p1\"><span class=\"s1\"><b>Bibliography<\/b><\/span><\/p>\n<p class=\"p1\"><span class=\"s1\"><em>Edmond Moirignot<\/em>, Pr\u00e9face de E. Cheneau de Leyritz, pr\u00e9sentation de Raymond Charnal, Editions Pierre Cailler, Gen\u00e8ve, 1965<\/span><\/p>\n<p class=\"p1\"><span class=\"s1\"><em>Moirignot aimer, cr\u00e9er, r\u00eaver,<\/em> Claude Jeancolas, Editions FVW, Paris, 2006<\/span><\/p>\n<p>[\/vc_column_text][\/vc_column][vc_column width=&#8221;1\/2&#8243;][\/vc_column][\/vc_row]<\/p>\n<\/div>","protected":false},"excerpt":{"rendered":"<h4><span class=\"s1\">EDMOND MOIRIGNOT<\/span><span class=\"s1\">\u00a0(<\/span><span class=\"s1\">1913<\/span><span class=\"s1\"> &#8211; 2002)<\/span><\/h4>\n<h4><em><span class=\"s1\">Mother Courage<\/span><\/em><\/h4>\n<p>&nbsp;<\/p>\n<p>Circa 1989<\/p>\n<p><span class=\"s1\">Bronze with black blue patina<\/span><\/p>\n<p><span class=\"s1\">2\/6<\/span><\/p>\n<p><span class=\"s1\">Foundry&#8217;s mark &#8220;Ducros&#8221;<\/span><\/p>\n<p>Lost Wax<\/p>\n<p>&nbsp;<\/p>\n<p><span class=\"s1\">Height : 43 cm<\/span><\/p>\n<p>&nbsp;<\/p>\n<p><span class=\"s1\"><b>Reproduced in the <em>catalogue raisonn\u00e9 Moirignot<\/em>, Claude Jeancolas, 2010, n\u00b0150<\/b><\/span><\/p>\n<p>&nbsp;<\/p>\n<p>&nbsp;<\/p>\n<h4 class=\"p1\"><span style=\"font-weight: normal;\">[dt_button size=\"small\" style=\"default\" animation=\"none\" color_mode=\"default\" icon=\"\" icon_align=\"left\" color=\"\" link=\"mailto:gabrielle-laroche@wanadoo.fr?subject=6_EDMOND MOIRIGNOT - Mother Courage\" target_blank=\"true\"]REQUEST FOR INFORMATION[\/dt_button]<\/span><\/h4>\n<p>&nbsp;<\/p>\n<p><a href=\"\/en\/contemporains\/\">Back to contemporary<\/a><\/p>\n","protected":false},"featured_media":3912,"template":"","meta":[],"product_brand":[],"product_cat":[65],"product_tag":[],"class_list":{"0":"post-1760","1":"product","2":"type-product","3":"status-publish","4":"has-post-thumbnail","6":"product_cat-moirignot-sculptures","7":"description-off","9":"first","10":"instock","11":"shipping-taxable","12":"product-type-simple"},"aioseo_notices":[],"_links":{"self":[{"href":"https:\/\/www.gabrielle-laroche.com\/en\/wp-json\/wp\/v2\/product\/1760","targetHints":{"allow":["GET"]}}],"collection":[{"href":"https:\/\/www.gabrielle-laroche.com\/en\/wp-json\/wp\/v2\/product"}],"about":[{"href":"https:\/\/www.gabrielle-laroche.com\/en\/wp-json\/wp\/v2\/types\/product"}],"wp:featuredmedia":[{"embeddable":true,"href":"https:\/\/www.gabrielle-laroche.com\/en\/wp-json\/wp\/v2\/media\/3912"}],"wp:attachment":[{"href":"https:\/\/www.gabrielle-laroche.com\/en\/wp-json\/wp\/v2\/media?parent=1760"}],"wp:term":[{"taxonomy":"product_brand","embeddable":true,"href":"https:\/\/www.gabrielle-laroche.com\/en\/wp-json\/wp\/v2\/product_brand?post=1760"},{"taxonomy":"product_cat","embeddable":true,"href":"https:\/\/www.gabrielle-laroche.com\/en\/wp-json\/wp\/v2\/product_cat?post=1760"},{"taxonomy":"product_tag","embeddable":true,"href":"https:\/\/www.gabrielle-laroche.com\/en\/wp-json\/wp\/v2\/product_tag?post=1760"}],"curies":[{"name":"wp","href":"https:\/\/api.w.org\/{rel}","templated":true}]}}