

{"id":2174,"date":"2021-04-23T06:00:38","date_gmt":"2021-03-09T11:42:38","guid":{"rendered":"http:\/\/mrplwpw.cluster030.hosting.ovh.net\/?post_type=product&#038;p=2174"},"modified":"2023-02-09T15:11:19","modified_gmt":"2023-02-09T14:11:19","slug":"fabrice-lebar-man-under-a-sheet-copie","status":"publish","type":"product","link":"https:\/\/www.gabrielle-laroche.com\/en\/product\/fabrice-lebar-man-under-a-sheet-copie\/","title":{"rendered":"\u00c9MILE MORLAIX &#8211; Marianne or the Republic"},"content":{"rendered":"<div class=\"wpb-content-wrapper\"><p>[vc_row][vc_column width=&#8221;1\/2&#8243;][vc_column_text]<\/p>\n<p style=\"text-align: justify;\"><strong>Biography :<\/strong><\/p>\n<p style=\"text-align: justify;\">\u00c9mile Morlaix is a French sculptor, born March 19, 1909. He studied with Aim\u00e9-Gustave Blaise at the School of Fine Arts in Lille along with Ren\u00e9 Leleu, G\u00e9rard Choain, Lucien Fenaux and Gaston Watkin. Entered the School of Fine Arts in Paris, he joined the workshops of Paul Landowski and Marcel Gaumont. Winner of the second Grand Prix de Rome in 1937 with Apollo and the Muses, he became professor of sculpture at the School of Fine Arts in Lille.<\/p>\n<p style=\"text-align: justify;\">He works both direct carving and modelling, executes bronzes but also many works in ceramic or enamelled stoneware.<\/p>\n<p style=\"text-align: justify;\">\u00c9mile Morlaix receives commissions in the Nord department (Lille and Douai) but his works are also present in the rest of France: Monument to the Resistance in Menton, group of the Three Graces in Amiens. The Memorial to the deportees of Ravensbr\u00fcck, inaugurated in the P\u00e8re-Lachaise cemetery in Paris, represents two linked hands emerging from a block of stone.\u00a0A street in the city of Douai bears his name. He died on June 10, 1990 in Paris.<\/p>\n<p>&nbsp;<\/p>\n<p><strong>Works in Public Collections:<\/strong><\/p>\n<p>Albain-Saint-Nazaire, Notre-Dame-de-Lorette: Orientation table, 1976.<\/p>\n<p>Amiens:<\/p>\n<p>La Madeleine Cemetery: Charles-Gabriel V\u00e9recque, bronze medallion adorning his tomb.<\/p>\n<p>Rue du faubourg de Hem: Child Poseidon, fountain, stone sculpture.<\/p>\n<p>Three Graces, fountain, stone sculpture.<\/p>\n<p>South School City: Woman in Creation, 1953, bas-relief.<\/p>\n<p>Armenti\u00e8res, Saint-Roch parish church: Ren\u00e9 Doudermy, 1949, bronze bust<\/p>\n<p>Anzin, Th\u00e9ophile-Jouglet Museum: Le Grisou, sandstone.<\/p>\n<p>Aunay-sur-Odon, The Cook, H\u00f4tel de la Place, 1949, stone sculpture.<\/p>\n<p>Bapaume: Memorial to Abel Guidet, 1948, bronze.<\/p>\n<p>Bayeux, rue du General de Dais: Statue of Alain Chartier, 1947, stone sculpture.<\/p>\n<p>Boulogne-Billancourt.<\/p>\n<p>Boulogne-sur-Mer, place Fr\u00e9d\u00e9ric-Sauvage: La Boulonnaise, high relief, 1954.<\/p>\n<p>Douai, Chartreuse Museum:<\/p>\n<p>Young Girl at the toilet, bronze<\/p>\n<p>Madonna and Child, earthenware.<\/p>\n<p>Marceline Desbordes-Valmore Library: Bas-relief of the muses, 1955.<\/p>\n<p>Boys&#8217; high school: decorations, with Robert Bouquillon, Albert Bouquillon, Georges Delplanque and Binet.<\/p>\n<p>Dunkirk (Mardyck): Saint-Nicolas church, Christ on the cross and stoup.<\/p>\n<p>Ants.<\/p>\n<p>Fretin: Saint-Martin church, bas-relief representing Saint Martin<\/p>\n<p>Grande-Synthe, Saint-Jacques church: pediment<\/p>\n<p>Lambersart, Church of Our Lady of Fatima: Virgin and Christ on the cross.<\/p>\n<p>Lewarde, historic mining center: Kneeling miner.<\/p>\n<p>Lille:<\/p>\n<p>Monument to Pierre Legrand, bronze.<\/p>\n<p>Vauban Garden: \u00c9douard Lalo, 1968, medallion.<\/p>\n<p>Palace of Fine Arts:<\/p>\n<p>Apollo and the Muses, 1937, high relief, original plaster;<\/p>\n<p>The genius of the country<\/p>\n<p>Apollo, bronze bust;<\/p>\n<p>Female bust, original plaster;<\/p>\n<p>Wissembourg, model of the monument to the dead of Wissembourg, original plaster;<\/p>\n<p>Three Bathers, stone group.<\/p>\n<p>Menton, War memorial, 1939-1945<\/p>\n<p>N\u0153ux-les-Mines, War memorial, 195611<\/p>\n<p>Paris :<\/p>\n<p>City of Paris Museum of Modern Art.<\/p>\n<p>P\u00e8re-Lachaise cemetery: Memorial to the deportees of Ravensbr\u00fcck.<\/p>\n<p>Petite-Synthe, Saint-Nicolas Church: Statue of Saint-Nicolas, 1960<\/p>\n<p>Ronchin: Church of the Risen Christ, stoups and candlesticks.<\/p>\n<p>Saverne: War memorial, 1956<\/p>\n<p>Valenciennes.<\/p>\n<p>Wattrelos, L\u00e9o-Lagrange school, bas-relief.<\/p>\n<p>Wissembourg: War memorial, bronze.[\/vc_column_text][\/vc_column][vc_column width=&#8221;1\/2&#8243;][\/vc_column][\/vc_row]<\/p>\n<\/div>","protected":false},"excerpt":{"rendered":"<h4>\u00c9MILE MORLAIX (1909-1990)<\/h4>\n<h4><em>Marianne or the Republic<\/em><\/h4>\n<p>&nbsp;<\/p>\n<p>1977<\/p>\n<p class=\"p1\"><span class=\"s1\">Terra cotta<b> <\/b>patinated<\/span><\/p>\n<p class=\"p1\"><span class=\"s1\">Signed and dated<\/span><\/p>\n<p class=\"p1\"><span class=\"s1\">\u00a0<\/span><\/p>\n<p class=\"p1\"><span class=\"s1\">Height\u00a0: 35.5 \u00a0cm<\/span><\/p>\n<p class=\"p1\"><span class=\"s1\">Width\u00a0: 15.5 cm<\/span><\/p>\n<p class=\"p1\"><span class=\"s1\">Depth\u00a0: 17 cm<\/span><\/p>\n<p class=\"p1\"><span class=\"s1\">\u00a0<\/span><\/p>\n<p>&nbsp;<\/p>\n<h4 class=\"p1\"><span style=\"font-weight: normal;\">[dt_button size=\"small\" style=\"default\" animation=\"none\" color_mode=\"default\" icon=\"\" icon_align=\"left\" color=\"\" link=\"mailto:gabrielle-laroche@wanadoo.fr?subject=72_\u00c9MILE MORLAIX - Marianne or the Republic\" target_blank=\"true\"]REQUEST FOR INFORMATION[\/dt_button]<\/span><\/h4>\n<p>&nbsp;<\/p>\n<p><a href=\"\/en\/contemporains\/\">Back to contemporary<\/a><\/p>\n","protected":false},"featured_media":2176,"template":"","meta":[],"product_brand":[],"product_cat":[46],"product_tag":[],"class_list":{"0":"post-2174","1":"product","2":"type-product","3":"status-publish","4":"has-post-thumbnail","6":"product_cat-contemporary","7":"description-off","9":"first","10":"instock","11":"shipping-taxable","12":"product-type-simple"},"aioseo_notices":[],"_links":{"self":[{"href":"https:\/\/www.gabrielle-laroche.com\/en\/wp-json\/wp\/v2\/product\/2174","targetHints":{"allow":["GET"]}}],"collection":[{"href":"https:\/\/www.gabrielle-laroche.com\/en\/wp-json\/wp\/v2\/product"}],"about":[{"href":"https:\/\/www.gabrielle-laroche.com\/en\/wp-json\/wp\/v2\/types\/product"}],"wp:featuredmedia":[{"embeddable":true,"href":"https:\/\/www.gabrielle-laroche.com\/en\/wp-json\/wp\/v2\/media\/2176"}],"wp:attachment":[{"href":"https:\/\/www.gabrielle-laroche.com\/en\/wp-json\/wp\/v2\/media?parent=2174"}],"wp:term":[{"taxonomy":"product_brand","embeddable":true,"href":"https:\/\/www.gabrielle-laroche.com\/en\/wp-json\/wp\/v2\/product_brand?post=2174"},{"taxonomy":"product_cat","embeddable":true,"href":"https:\/\/www.gabrielle-laroche.com\/en\/wp-json\/wp\/v2\/product_cat?post=2174"},{"taxonomy":"product_tag","embeddable":true,"href":"https:\/\/www.gabrielle-laroche.com\/en\/wp-json\/wp\/v2\/product_tag?post=2174"}],"curies":[{"name":"wp","href":"https:\/\/api.w.org\/{rel}","templated":true}]}}