

{"id":2397,"date":"2021-04-20T17:30:09","date_gmt":"2021-03-11T15:47:09","guid":{"rendered":"http:\/\/mrplwpw.cluster030.hosting.ovh.net\/?post_type=product&#038;p=2397"},"modified":"2021-04-21T14:03:17","modified_gmt":"2021-04-21T12:03:17","slug":"helene-guastalla-woman-on-her-knees-copie","status":"publish","type":"product","link":"https:\/\/www.gabrielle-laroche.com\/en\/product\/helene-guastalla-woman-on-her-knees-copie\/","title":{"rendered":"ALEX BERDAL &#8211; Opening"},"content":{"rendered":"<div class=\"wpb-content-wrapper\"><p>[vc_row][vc_column width=&#8221;1\/2&#8243;][vc_column_text]<\/p>\n<p class=\"p1\" style=\"text-align: justify;\"><span class=\"s1\">Alex Berdal was born in 1945 at Perpignan, France and was educated at the Ecole des Beaux Arts de Paris.<\/span><\/p>\n<p class=\"p1\" style=\"text-align: justify;\"><span class=\"s1\">His many prizes include the Prix de Rome (1968), Prince Rainier III of Monaco International Grand Prix (1969).<\/span><\/p>\n<p class=\"p1\" style=\"text-align: justify;\"><span class=\"s1\">Salon d\u2019Automne ,Young Artists Grand Prix<\/span><\/p>\n<p class=\"p1\" style=\"text-align: justify;\"><span class=\"s1\">Salon des Artistes Fran\u00e7ais, Gold Medal (1978)<\/span><\/p>\n<p class=\"p1\" style=\"text-align: justify;\"><span class=\"s1\">Salon d\u2019Automne, Taylor Prize (1979)<\/span><\/p>\n<p class=\"p1\" style=\"text-align: justify;\"><span class=\"s1\">Antral Prize and Club des amis de l\u2019Europe et des Arts Prize<\/span><\/p>\n<p class=\"p1\" style=\"text-align: justify;\"><span class=\"s1\">Second Prize, Yvelines (1982)<\/span><\/p>\n<p class=\"p1\" style=\"text-align: justify;\"><span class=\"s1\">Golden Orchid (1983)<\/span><\/p>\n<p class=\"p1\" style=\"text-align: justify;\"><span class=\"s1\">And the Taylor Foundation Ren\u00e9 B\u00e9j\u00e0 Prize (1985)<\/span><\/p>\n<p class=\"p1\" style=\"text-align: justify;\"><span class=\"s1\">He has exhibited widely, with a Japanese tour and exhibitions in Tokyo, Osaka and Tokyo (1970), an exhibition at the Senate Orangerie in Paris (1974), and a Russian tour with exhibitions in Moscou and Leningrad, sponsored by the Salon des Artistes\u00a0 Fran\u00e7ais (1975).<\/span><\/p>\n<p class=\"p1\" style=\"text-align: justify;\"><span class=\"s1\">He is member of the Salon d\u2019Automne, Salon des Artistes Fran\u00e7ais et peintres t\u00e9moins de leur Temps.<\/span><\/p>\n<p class=\"p1\" style=\"text-align: justify;\"><span class=\"s1\">His works are to be found in the collections of the paris City Museum, Prince Rainier III of Monaco, Teheran Museum of Modern Art and The Fontainebleau Museum, <\/span><span class=\"s1\">as well as on permanent exhibition in cities in England, Germany, Holland, Japon, Switzerland, and the USA.<\/span><\/p>\n<p>[\/vc_column_text][\/vc_column][vc_column width=&#8221;1\/2&#8243;][\/vc_column][\/vc_row]<\/p>\n<\/div>","protected":false},"excerpt":{"rendered":"<h4>ALEX BERDAL<\/h4>\n<h4><em>Opening<\/em><\/h4>\n<p>&nbsp;<\/p>\n<p class=\"p1\"><span class=\"s1\">1980<\/span><\/p>\n<p class=\"p1\"><span class=\"s1\">Bronze with green patination<\/span><\/p>\n<p class=\"p1\"><span class=\"s1\">Signed at the front.<\/span><\/p>\n<p class=\"p1\"><span class=\"s1\">Numbered 6\/8 on the reverse<\/span><\/p>\n<p class=\"p1\"><span class=\"s1\">Foundry mark \u00ab\u00a0Fonderie de la Plaine\u00a0\u00bb<\/span><\/p>\n<p>&nbsp;<\/p>\n<p class=\"p1\"><span class=\"s1\">Bibliography\u00a0:\u00a0<em>Berdal, sculptures<\/em>, Editions Le Chardon, Saint-Di\u00e9, 1988<\/span><\/p>\n<p class=\"p1\"><span class=\"s1\">\u00a0<\/span><\/p>\n<p class=\"p1\"><span class=\"s1\">Height\u00a0: 26 cm<\/span><\/p>\n<p class=\"p1\"><span class=\"s1\">Width\u00a0: 36 cm<\/span><\/p>\n<p class=\"p1\"><span class=\"s1\">Depth\u00a0: 12 cm<\/span><\/p>\n<p>&nbsp;<\/p>\n<p>&nbsp;<\/p>\n<h4 class=\"p1\"><span style=\"font-weight: normal;\">[dt_button size=\"small\" style=\"default\" animation=\"none\" color_mode=\"default\" icon=\"\" icon_align=\"left\" color=\"\" link=\"mailto:gabrielle-laroche@wanadoo.fr?subject=102_ALEX BERDAL - Opening\" target_blank=\"true\"]REQUEST FOR INFORMATION[\/dt_button]<\/span><\/h4>\n<p>&nbsp;<\/p>\n<p><a href=\"\/en\/contemporains\/\">Back to contemporary<\/a><\/p>\n","protected":false},"featured_media":2399,"template":"","meta":[],"product_brand":[],"product_cat":[73],"product_tag":[],"class_list":{"0":"post-2397","1":"product","2":"type-product","3":"status-publish","4":"has-post-thumbnail","6":"product_cat-berdal-sculptures","7":"description-off","9":"first","10":"instock","11":"shipping-taxable","12":"product-type-simple"},"aioseo_notices":[],"_links":{"self":[{"href":"https:\/\/www.gabrielle-laroche.com\/en\/wp-json\/wp\/v2\/product\/2397","targetHints":{"allow":["GET"]}}],"collection":[{"href":"https:\/\/www.gabrielle-laroche.com\/en\/wp-json\/wp\/v2\/product"}],"about":[{"href":"https:\/\/www.gabrielle-laroche.com\/en\/wp-json\/wp\/v2\/types\/product"}],"wp:featuredmedia":[{"embeddable":true,"href":"https:\/\/www.gabrielle-laroche.com\/en\/wp-json\/wp\/v2\/media\/2399"}],"wp:attachment":[{"href":"https:\/\/www.gabrielle-laroche.com\/en\/wp-json\/wp\/v2\/media?parent=2397"}],"wp:term":[{"taxonomy":"product_brand","embeddable":true,"href":"https:\/\/www.gabrielle-laroche.com\/en\/wp-json\/wp\/v2\/product_brand?post=2397"},{"taxonomy":"product_cat","embeddable":true,"href":"https:\/\/www.gabrielle-laroche.com\/en\/wp-json\/wp\/v2\/product_cat?post=2397"},{"taxonomy":"product_tag","embeddable":true,"href":"https:\/\/www.gabrielle-laroche.com\/en\/wp-json\/wp\/v2\/product_tag?post=2397"}],"curies":[{"name":"wp","href":"https:\/\/api.w.org\/{rel}","templated":true}]}}