

{"id":2847,"date":"2021-04-20T14:30:49","date_gmt":"2021-03-17T11:19:49","guid":{"rendered":"http:\/\/mrplwpw.cluster030.hosting.ovh.net\/?post_type=product&#038;p=2847"},"modified":"2023-01-31T17:55:06","modified_gmt":"2023-01-31T16:55:06","slug":"edmond-moirignot-the-sacred-dance-copie-3","status":"publish","type":"product","link":"https:\/\/www.gabrielle-laroche.com\/en\/product\/edmond-moirignot-the-sacred-dance-copie-3\/","title":{"rendered":"EDMOND MOIRIGNOT &#8211; Neptune"},"content":{"rendered":"<div class=\"wpb-content-wrapper\"><p>[vc_row][vc_column width=&#8221;1\/2&#8243;][vc_column_text]<\/p>\n<p class=\"p1\"><span class=\"s1\"><b>Bibliography<\/b><\/span><\/p>\n<p class=\"p1\"><span class=\"s1\"><em>Edmond Moirignot<\/em>, Pr\u00e9face de E. Cheneau de Leyritz, pr\u00e9sentation de Raymond Charnal, Editions Pierre Cailler, Gen\u00e8ve, 1965<\/span><\/p>\n<p class=\"p1\"><span class=\"s1\"><em>Moirignot sculptures<\/em>, Exposition Galerie Andr\u00e9 Pacitti, Paris, 1968<\/span><\/p>\n<p class=\"p1\"><span class=\"s1\"><em>Moirignot<\/em>,<em> marbres originaux, pierres, bronzes, aquarelles, dessins<\/em>, exposition galerie Andr\u00e9 Pacitti, Paris, 1970<\/span><\/p>\n<p class=\"p1\"><span class=\"s1\"><em>Moirignot<\/em> par Claude Jeancolas, Limoges, 1984<\/span><\/p>\n<p class=\"p1\"><span class=\"s1\"><b><em>Moirignot,<\/em> Catalogue Raisonn\u00e9 par Claude Jeancolas, FVW Editions Paris, 2006<\/b><\/span><\/p>\n<p>[\/vc_column_text][\/vc_column][vc_column width=&#8221;1\/2&#8243;][\/vc_column][\/vc_row]<\/p>\n<\/div>","protected":false},"excerpt":{"rendered":"<h4><span class=\"s1\">EDMOND MOIRIGNOT<\/span><span class=\"s1\">\u00a0(<\/span><span class=\"s1\">1913<\/span><span class=\"s1\"> &#8211; 2002)<\/span><\/h4>\n<h4><em><span class=\"s1\">Neptune<\/span><\/em><\/h4>\n<p>&nbsp;<\/p>\n<p class=\"p1\"><span class=\"s1\">Bronze, with green patination<\/span><\/p>\n<p class=\"p1\"><span class=\"s1\">Signed lower right with foundry mark \u201cA. Valsuani\u201d<\/span><\/p>\n<p class=\"p1\"><span class=\"s1\">\u00a0<\/span><\/p>\n<p class=\"p1\"><span class=\"s1\">Height: 35 cm<\/span><\/p>\n<p class=\"p1\"><span class=\"s1\">Width: 24 cm<\/span><\/p>\n<p class=\"p1\"><span class=\"s1\">Depth: 10 cm<\/span><\/p>\n<p class=\"p1\"><span class=\"s1\">\u00a0<\/span><\/p>\n<p>&nbsp;<\/p>\n<h4 class=\"p1\"><span style=\"font-weight: normal;\">[dt_button size=\"small\" style=\"default\" animation=\"none\" color_mode=\"default\" icon=\"\" icon_align=\"left\" color=\"\" link=\"mailto:gabrielle-laroche@wanadoo.fr?subject=168_EDMOND MOIRIGNOT - Neptune\" target_blank=\"true\"]REQUEST FOR INFORMATION[\/dt_button]<\/span><\/h4>\n<p>&nbsp;<\/p>\n<p><a href=\"\/en\/contemporains\/\">Back to contemporary<\/a><\/p>\n","protected":false},"featured_media":8221,"template":"","meta":[],"product_brand":[],"product_cat":[65],"product_tag":[],"class_list":{"0":"post-2847","1":"product","2":"type-product","3":"status-publish","4":"has-post-thumbnail","6":"product_cat-moirignot-sculptures","7":"description-off","9":"first","10":"instock","11":"shipping-taxable","12":"product-type-simple"},"aioseo_notices":[],"_links":{"self":[{"href":"https:\/\/www.gabrielle-laroche.com\/en\/wp-json\/wp\/v2\/product\/2847","targetHints":{"allow":["GET"]}}],"collection":[{"href":"https:\/\/www.gabrielle-laroche.com\/en\/wp-json\/wp\/v2\/product"}],"about":[{"href":"https:\/\/www.gabrielle-laroche.com\/en\/wp-json\/wp\/v2\/types\/product"}],"wp:featuredmedia":[{"embeddable":true,"href":"https:\/\/www.gabrielle-laroche.com\/en\/wp-json\/wp\/v2\/media\/8221"}],"wp:attachment":[{"href":"https:\/\/www.gabrielle-laroche.com\/en\/wp-json\/wp\/v2\/media?parent=2847"}],"wp:term":[{"taxonomy":"product_brand","embeddable":true,"href":"https:\/\/www.gabrielle-laroche.com\/en\/wp-json\/wp\/v2\/product_brand?post=2847"},{"taxonomy":"product_cat","embeddable":true,"href":"https:\/\/www.gabrielle-laroche.com\/en\/wp-json\/wp\/v2\/product_cat?post=2847"},{"taxonomy":"product_tag","embeddable":true,"href":"https:\/\/www.gabrielle-laroche.com\/en\/wp-json\/wp\/v2\/product_tag?post=2847"}],"curies":[{"name":"wp","href":"https:\/\/api.w.org\/{rel}","templated":true}]}}