

{"id":2906,"date":"2021-04-23T07:00:43","date_gmt":"2021-03-17T12:28:44","guid":{"rendered":"http:\/\/mrplwpw.cluster030.hosting.ovh.net\/?post_type=product&#038;p=2906"},"modified":"2023-02-09T13:55:35","modified_gmt":"2023-02-09T12:55:35","slug":"woman-with-guitar-copie","status":"publish","type":"product","link":"https:\/\/www.gabrielle-laroche.com\/en\/product\/woman-with-guitar-copie\/","title":{"rendered":"AGLA\u00c9 LIB\u00c9RAKI"},"content":{"rendered":"<div class=\"wpb-content-wrapper\"><p>[vc_row][vc_column width=&#8221;1\/2&#8243;][vc_column_text]<\/p>\n<p style=\"text-align: justify;\"><strong>Biography :<\/strong><\/p>\n<p style=\"text-align: justify;\">Aglae Liberaki was born in Athens in 1923. She grew up with her grandfather, the important Greek publisher Fexis, but it was her father who introduced her to his early small-scale works, which depicted eagles, flutes and gyroscopes. In 1943 she was accepted into the Athens School of Fine Arts, where she studied sculpture under Michael Tombros. In 1947, after a short stay in Paris, she married the painter Yannis Moralis. The following year she gave birth to their son Konstantinos, which caused her to create a series of plaster works on motherhood, while working on woodcuts. In 1949, she held her first exhibition at Le Zapp\u00e9ion with the Armos group, where, having as her starting point the human form, she presented compositions representing whole bodies in physical size with abstract volumes. A year later, she began making pebble and wire jewelry and met sculptor Henry Moore in his studio, who encouraged her sculptural activity. In 1952 she began to create large colored plasters and since 1955 she shared her life and work between Hydra and France. At that time she was working with brass, and in the late 1950s and early 1960s she composed the first welded sculptures depicting mainly birds such as owls, goats and other fantastic shapes characterized by intense alterations, inflations and subtractions. Since 1963, the Hydra landscape has become increasingly apparent in his sculptures, forming angular, aggressive and dense figures with antennae, ridges and claws sometimes representing caves and sometimes referring to island morphological features. Since 1964, it gradually abandoned the processing of brass and concentrated on the cutting of stone and marble with traditional tools, radically changing the quality of its surfaces and producing curved and smooth shapes. The outer parts of his sculptures, either as clean, exuberant forms or as comfortable, soft volumes alternated with flexibility around the center. In 1972 she added the element of cracks to her creations and, after 1978, the knot structure, enriching her work with the theme of space. In 1976, she participated in the Greek pavilion at the Venice Biennale and, the same year, she was named Knight of the Order of Arts and Letters of France. The main constants and morphoplastic directions observed in her works and which established her are the emphasis on interiority, abstraction, the use of light and movement. She has exhibited her works in solo and collective exhibitions in France, Italy, the United States, Greece, Canada, Denmark, Belgium and Portugal, in places and institutions such as the Iris Clert Gallery ( 1957), the Tartaruga (1957), the Verneuil gallery (1962), the France gallery (1970), the Fabre museum (1974), the Museum of Modern Art of the City of Paris (1962), the Bourdelle museum (1971), the Grand Palais (1979) et al. She has taken part in international competitions, notably the Carrara Biennial (1967), the Ravenna Biennial (1972), the International Biennial of Small Bronze in Padua (1981), the Europalia in Belgium (1982), at the Biennial of Sculpture in Jouy sur Eure (1984). His works can also be found in public places such as the Hilton Hotel in Athens (1962), the Lyc\u00e9e Polyvalent Astier in Aubenas (France) (1979) and the Lyc\u00e9e Polyvalent Jules Verne in Mondeville, Normandy (1980). His last major exhibition was organized by the National Pinacoteca of Athens-Alexandros Soutsos Museum of Athens in 1986.<\/p>\n<p>&nbsp;<\/p>\n<p style=\"text-align: justify;\"><strong>Famous Artworks:<\/strong><\/p>\n<p style=\"text-align: justify;\"><em>Siderius Nuncius<\/em> (1972), town hall of Montauban<\/p>\n<p style=\"text-align: justify;\"><em>Abellio<\/em> (1971-1973), Paris, open-air sculpture museum<\/p>\n<p style=\"text-align: justify;\"><em>Untitled<\/em> (1974), cut and polished Lorraine stone, Dunkirk, Place of Art and Contemporary Action<\/p>\n<p style=\"text-align: justify;\"><em>Untitled work<\/em> (1975), cut and polished Champigny stone, Dunkirk, Place of Art and Contemporary Action.<\/p>\n<p>&nbsp;<\/p>\n<p style=\"text-align: justify;\"><strong>Bibliography\u00a0<\/strong><\/p>\n<p>&nbsp;<\/p>\n<p style=\"text-align: justify;\"><strong>Monography :<\/strong><\/p>\n<p style=\"text-align: justify;\">Pierre Volboudt, <em>Liberaki,<\/em> Paris, The Pocket Museum, Georges Fall editor, 1971<\/p>\n<p style=\"text-align: justify;\"><strong>Catalogs :<\/strong><\/p>\n<p style=\"text-align: justify;\">Lib\u00e9raki, Paris, <em>Suzanne de Coninck<\/em>, Editions de Beaune, 1965<\/p>\n<p style=\"text-align: justify;\">Lib\u00e9raki, preface by Ignace Meyerson, Montpellier, Maison de la Culture, 1974<\/p>\n<p style=\"text-align: justify;\">Lib\u00e9raki, <em>Bronzes, stones, marbles<\/em>, N\u00eemes, La Galerie (Dani\u00e8le Cr\u00e9gut), 1975<\/p>\n<p style=\"text-align: justify;\">Lib\u00e9raki, <em>Sculptures and drawings<\/em>, preface by Pierre Barousse, Montauban, Mus\u00e9e Ingres, December 1978 &#8211; February 1979<\/p>\n<p style=\"text-align: justify;\">Lib\u00e9raki, <em>Charleroi,<\/em> Palace of Fine Arts, 1980<\/p>\n<p style=\"text-align: justify;\">Ren\u00e9 de Solier,<em> Lib\u00e9raki, in the 4th European Biennial of Sculpture in Normandy<\/em>, Contemporary Art Center of Jouy-sur-Eure, Abbey Church of Bernay<\/p>\n<p>[\/vc_column_text][\/vc_column][vc_column width=&#8221;1\/2&#8243;][\/vc_column][\/vc_row]<\/p>\n<\/div>","protected":false},"excerpt":{"rendered":"<h4 class=\"p1\"><span class=\"s1\">AGLA\u00c9 LIB\u00c9RAKI<\/span><span class=\"s1\"> (1923 &#8211; 1985)<\/span><\/h4>\n<p>&nbsp;<\/p>\n<p class=\"p1\"><span class=\"s1\">Bronze sculpture\u00a0<\/span><\/p>\n<p class=\"p1\"><span class=\"s1\">Lost wax<\/span><\/p>\n<p class=\"p1\"><span class=\"s1\">Foundry\u2019s mark Valsuani<\/span><\/p>\n<p class=\"p1\"><span class=\"s1\">Monogram and \u00a0dated 72<\/span><\/p>\n<p class=\"p1\"><span class=\"s1\">\u00a0<\/span><\/p>\n<p class=\"p1\"><span class=\"s1\">Dimensions\u00a0: 19 x 15 cm<\/span><\/p>\n<p>&nbsp;<\/p>\n<p>&nbsp;<\/p>\n<h4 class=\"p1\"><span style=\"font-weight: normal;\">[dt_button size=\"small\" style=\"default\" animation=\"none\" color_mode=\"default\" icon=\"\" icon_align=\"left\" color=\"\" link=\"mailto:gabrielle-laroche@wanadoo.fr?subject=171_AGLA\u00c9 LIB\u00c9RAKI\" target_blank=\"true\"]REQUEST FOR INFORMATION[\/dt_button]<\/span><\/h4>\n<p>&nbsp;<\/p>\n<p><a href=\"\/en\/contemporains\/\">Back to contemporary<\/a><\/p>\n","protected":false},"featured_media":8305,"template":"","meta":[],"product_brand":[],"product_cat":[46],"product_tag":[],"class_list":{"0":"post-2906","1":"product","2":"type-product","3":"status-publish","4":"has-post-thumbnail","6":"product_cat-contemporary","7":"description-off","9":"first","10":"instock","11":"shipping-taxable","12":"product-type-simple"},"aioseo_notices":[],"_links":{"self":[{"href":"https:\/\/www.gabrielle-laroche.com\/en\/wp-json\/wp\/v2\/product\/2906","targetHints":{"allow":["GET"]}}],"collection":[{"href":"https:\/\/www.gabrielle-laroche.com\/en\/wp-json\/wp\/v2\/product"}],"about":[{"href":"https:\/\/www.gabrielle-laroche.com\/en\/wp-json\/wp\/v2\/types\/product"}],"wp:featuredmedia":[{"embeddable":true,"href":"https:\/\/www.gabrielle-laroche.com\/en\/wp-json\/wp\/v2\/media\/8305"}],"wp:attachment":[{"href":"https:\/\/www.gabrielle-laroche.com\/en\/wp-json\/wp\/v2\/media?parent=2906"}],"wp:term":[{"taxonomy":"product_brand","embeddable":true,"href":"https:\/\/www.gabrielle-laroche.com\/en\/wp-json\/wp\/v2\/product_brand?post=2906"},{"taxonomy":"product_cat","embeddable":true,"href":"https:\/\/www.gabrielle-laroche.com\/en\/wp-json\/wp\/v2\/product_cat?post=2906"},{"taxonomy":"product_tag","embeddable":true,"href":"https:\/\/www.gabrielle-laroche.com\/en\/wp-json\/wp\/v2\/product_tag?post=2906"}],"curies":[{"name":"wp","href":"https:\/\/api.w.org\/{rel}","templated":true}]}}