

{"id":3043,"date":"2021-04-21T14:30:15","date_gmt":"2021-03-17T14:55:15","guid":{"rendered":"http:\/\/mrplwpw.cluster030.hosting.ovh.net\/?post_type=product&#038;p=3043"},"modified":"2021-04-21T15:51:57","modified_gmt":"2021-04-21T13:51:57","slug":"mandron-woman-at-the-toilet-copie-3","status":"publish","type":"product","link":"https:\/\/www.gabrielle-laroche.com\/en\/product\/mandron-woman-at-the-toilet-copie-3\/","title":{"rendered":"MARC MORBELLI &#8211; Owl"},"content":{"rendered":"<div class=\"wpb-content-wrapper\"><p>[vc_row][vc_column width=&#8221;1\/2&#8243;][vc_column_text]<\/p>\n<p class=\"p1\" style=\"text-align: justify;\"><span class=\"s1\">Artiste reconnu et cot\u00e9, il est l\u2019un des rares grands inventeurs internationaux contemporains du bijou. Ses \u0153uvres multiformes, spectaculaires par leurs dimensions, s\u2019expriment avec une simplicit\u00e9 sinc\u00e8re, marque d\u2019une maitrise absolue de la technique et du sens esth\u00e9tique.<\/span><\/p>\n<p class=\"p1\" style=\"text-align: justify;\"><span class=\"s1\">Par l\u2019art de la dinanderie, combin\u00e9e \u00e0 la composition\u00a0 de mat\u00e9riaux divers (ivoire ancien, plexiglas\u2026). Marc Morbelli cr\u00e9e un bestiaire charismatique dont l\u2019ind\u00e9niable cr\u00e9ativit\u00e9 rec\u00e8le une rare tendresse, une intelligence perdue &#8211; celle de la gentillesse &#8211; et une po\u00e9sie souriante sur notre condition.<\/span><\/p>\n<p class=\"p1\" style=\"text-align: justify;\"><span class=\"s1\">Les sculptures portables de l\u2019artiste Marc Morbelli ont fait l\u2019objet d\u2019expositions (Monaco, Paris, Bruxelles\u2026) et d\u2019adjudications remarqu\u00e9es.<\/span><\/p>\n<p>[\/vc_column_text][\/vc_column][vc_column width=&#8221;1\/2&#8243;][\/vc_column][\/vc_row]<\/p>\n<\/div>","protected":false},"excerpt":{"rendered":"<h4 class=\"p1\"><span class=\"s1\">MARC MORBELLI<\/span><\/h4>\n<h4 class=\"p1\"><em><span class=\"s1\">Owl<\/span><\/em><\/h4>\n<p>&nbsp;<\/p>\n<p class=\"p1\"><span class=\"s1\">Carving brooch<\/span><\/p>\n<p class=\"p1\"><span class=\"s1\">Silver and ivory metal<\/span><\/p>\n<p class=\"p1\"><span class=\"s1\">Signed on the back<\/span><\/p>\n<p class=\"p1\"><span class=\"s1\">Dimension\u00a0: 13 cm<\/span><\/p>\n<p>&nbsp;<\/p>\n<p>&nbsp;<\/p>\n<h4 class=\"p1\"><span style=\"font-weight: normal;\">[dt_button size=\"small\" style=\"default\" animation=\"none\" color_mode=\"default\" icon=\"\" icon_align=\"left\" color=\"\" link=\"mailto:gabrielle-laroche@wanadoo.fr?subject=186_MARC MORBELLI - Owl\" target_blank=\"true\"]REQUEST FOR INFORMATION[\/dt_button]<\/span><\/h4>\n<p>&nbsp;<\/p>\n<p><a href=\"\/en\/contemporains\/\">Back to contemporary<\/a><\/p>\n","protected":false},"featured_media":3049,"template":"","meta":[],"product_brand":[],"product_cat":[77],"product_tag":[],"class_list":{"0":"post-3043","1":"product","2":"type-product","3":"status-publish","4":"has-post-thumbnail","6":"product_cat-morbelli-sculptures","7":"description-off","9":"first","10":"instock","11":"shipping-taxable","12":"product-type-simple"},"aioseo_notices":[],"_links":{"self":[{"href":"https:\/\/www.gabrielle-laroche.com\/en\/wp-json\/wp\/v2\/product\/3043","targetHints":{"allow":["GET"]}}],"collection":[{"href":"https:\/\/www.gabrielle-laroche.com\/en\/wp-json\/wp\/v2\/product"}],"about":[{"href":"https:\/\/www.gabrielle-laroche.com\/en\/wp-json\/wp\/v2\/types\/product"}],"wp:featuredmedia":[{"embeddable":true,"href":"https:\/\/www.gabrielle-laroche.com\/en\/wp-json\/wp\/v2\/media\/3049"}],"wp:attachment":[{"href":"https:\/\/www.gabrielle-laroche.com\/en\/wp-json\/wp\/v2\/media?parent=3043"}],"wp:term":[{"taxonomy":"product_brand","embeddable":true,"href":"https:\/\/www.gabrielle-laroche.com\/en\/wp-json\/wp\/v2\/product_brand?post=3043"},{"taxonomy":"product_cat","embeddable":true,"href":"https:\/\/www.gabrielle-laroche.com\/en\/wp-json\/wp\/v2\/product_cat?post=3043"},{"taxonomy":"product_tag","embeddable":true,"href":"https:\/\/www.gabrielle-laroche.com\/en\/wp-json\/wp\/v2\/product_tag?post=3043"}],"curies":[{"name":"wp","href":"https:\/\/api.w.org\/{rel}","templated":true}]}}