

{"id":3531,"date":"2021-04-23T08:00:49","date_gmt":"2021-03-22T16:29:49","guid":{"rendered":"http:\/\/mrplwpw.cluster030.hosting.ovh.net\/?post_type=product&#038;p=3531"},"modified":"2023-02-02T17:58:19","modified_gmt":"2023-02-02T16:58:19","slug":"jacques-tenenhaus-chained-woman-copie-2","status":"publish","type":"product","link":"https:\/\/www.gabrielle-laroche.com\/en\/product\/jacques-tenenhaus-chained-woman-copie-2\/","title":{"rendered":"ETIENNE MARTIN &#8211; Orage"},"content":{"rendered":"<div class=\"wpb-content-wrapper\"><p>[vc_row][vc_column width=&#8221;1\/2&#8243;][vc_column_text]<\/p>\n<p style=\"text-align: justify;\">\u00c9tienne Martin (1913\u20131995) was a French non-figurative sculptor.<\/p>\n<p style=\"text-align: justify;\">He was born the February 4th 1913 in Loriol, Dr\u00f4me, France.He attended the Ecole des Beaux Arts de Lyon from 1929 to 1933, where he met Marcel Michaud. Martin moved to Paris in 1934, working at the studio of Charles Malfray at the Acad\u00e9mie Ranson where he came into contact with such painters as Roger Bissi\u00e8re, Jean Le Moal, Jean Bertholle, Alfred Manessier, Zelman, V\u00e9ra Pagava, and the sculptor Fran\u00e7ois Stahly. With them, he became part of the group T\u00e9moignage, which had exhibitions in Paris in 1938 and 1939. He worked primarily in wood and plaster, creating works inspired by his childhood memories of his home in Loriol. Later sculpture included bronze, string, and textiles.<\/p>\n<p style=\"text-align: justify;\">During World War II \u00c9tienne Martin was a prisoner in Germany and was liberated in 1941. In 1942 he traveled to Opp\u00e8de with Stahly et Zelman and then in 1943-1944 he went to Dieulefit, Dr\u00f4me where he met the writer Henri-Pierre Roch\u00e9. Next he moved to Mortagne-au-Perche, Normandy. On his return to Paris in 1947 he lived with Roch\u00e9, and he met Br\u00e2ncu\u0219i and Gurdjieff. Over the next dozen years he became spiritual, practicing Eastern religions including Taoism.<\/p>\n<p style=\"text-align: justify;\">In 1954 Martin began his series of Demeures (Dwellings) for which he became well known. He received in 1966 the grand prize for sculpture in the 33rd Venice Biennale. He was a professor and head of the sculpture department from 1968 to 1983 at the \u00c9cole nationale sup\u00e9rieure des Beaux-Arts in Paris. He was elected 1971 to the Acad\u00e9mie des beaux-arts.<\/p>\n<p style=\"text-align: justify;\">In 1984 an exhibition bringing together all his Demeures was held at the Pompidou Center in Paris. In 2010, June to September, a new exhibition at the Pompidou Center, paid respect to the artist by showing fifteen sculptures, drawing, personal notebooks, and photographs of his studio.\u00a0He died on March 21, 1995 in Paris<\/p>\n<p>&nbsp;<\/p>\n<p><strong>WORKS<\/strong><\/p>\n<p>His large abstract sculptures build on inspiriation of empty spaces delimited by volume.<\/p>\n<p>Grand couple, bronze, 1947, at the Fondation Pierre Gianadda, Martigny, Switzerland<\/p>\n<p>La nuit ouvrante, bronze, 1948, in the Museum of Grenoble<\/p>\n<p>T\u00eate aux mains, bronze, 1950\u20131951, in the Mus\u00e9e de Dijon<\/p>\n<p>Lanleff-Demeure No. 4, bronze, 1961, Nathan Manilow Sculpture Park<\/p>\n<p>Demeure 4, 1961, at the Maison de la Culture d&#8217;Amiens<\/p>\n<p>Le Manteau, 1962, in the Pompidou Center, Paris. This was the first fabric in sculpture at this Museum and gained him wide recognition.<\/p>\n<p>Trois Personnages, 1967, at the Fondation de Coubertin, Saint-R\u00e9my l\u00e8s Chevreuse, Yvelines<\/p>\n<p>Ab\u00e9c\u00e9daire, 1967, in the Pompidou Center, Paris<\/p>\n<p>Le Passage, 1969, at the Mus\u00e9e d&#8217;Art Moderne de la Ville de Paris<\/p>\n<p>Le cerb\u00e8re, chestnut, 1977, in the Mus\u00e9e de Lyon<\/p>\n<p>Mur miroir, 1979, in the Pompidou Center, Paris<\/p>\n<p>L&#8217;Escalier, wood, metal, plexiglass, rope, paint, 1983 at the Mus\u00e9e de Valence<\/p>\n<p>Le collier de la nuit; Les eaux souterraines du d\u00e9sir, mixed media, 1985, in the Museum of Grenoble<\/p>\n<p>La Ruine, L&#8217;Athanor, Demeure 1 at the Bois Orcan in Noyal-sur-Vilaine, (Ille-et-Vilaine)<\/p>\n<p>Demeure at the Middelheim Open Air Sculpture Museum, Antwerp[\/vc_column_text][\/vc_column][vc_column width=&#8221;1\/2&#8243;][\/vc_column][\/vc_row]<\/p>\n<\/div>","protected":false},"excerpt":{"rendered":"<h4 class=\"p1\"><span class=\"s1\">ETIENNE MARTIN (1913-1995)<\/span><\/h4>\n<h4 class=\"p1\"><em><span class=\"s1\">Orage<\/span><\/em><\/h4>\n<p>&nbsp;<\/p>\n<p class=\"p1\"><span class=\"s1\">Epreuve en bronze \u00e0 patine dor\u00e9e<\/span><\/p>\n<p class=\"p1\"><span class=\"s1\">Fonte d\u2019\u00e9dition Ed. Artcurial<\/span><\/p>\n<p class=\"p1\"><span class=\"s1\">Sign\u00e9, justificatif de tirage n\u00b0 3\/10A<\/span><\/p>\n<p class=\"p1\"><span class=\"s1\">\u00a0<\/span><\/p>\n<p class=\"p1\"><span class=\"s1\">Hauteur\u00a0: 17 cm<\/span><\/p>\n<p>&nbsp;<\/p>\n<p>&nbsp;<\/p>\n<h4 class=\"p1\"><span style=\"font-weight: normal;\">[dt_button size=\"small\" style=\"default\" animation=\"none\" color_mode=\"default\" icon=\"\" icon_align=\"left\" color=\"\" link=\"mailto:gabrielle-laroche@wanadoo.fr?subject=249_ETIENNE MARTIN - Orage\" target_blank=\"true\"]REQUEST FOR INFORMATION[\/dt_button]<\/span><\/h4>\n<p>&nbsp;<\/p>\n<p><a href=\"\/en\/contemporains\/\">Back to contemporary<\/a><\/p>\n","protected":false},"featured_media":3533,"template":"","meta":[],"product_brand":[],"product_cat":[46],"product_tag":[],"class_list":{"0":"post-3531","1":"product","2":"type-product","3":"status-publish","4":"has-post-thumbnail","6":"product_cat-contemporary","7":"description-off","9":"first","10":"instock","11":"shipping-taxable","12":"product-type-simple"},"aioseo_notices":[],"_links":{"self":[{"href":"https:\/\/www.gabrielle-laroche.com\/en\/wp-json\/wp\/v2\/product\/3531","targetHints":{"allow":["GET"]}}],"collection":[{"href":"https:\/\/www.gabrielle-laroche.com\/en\/wp-json\/wp\/v2\/product"}],"about":[{"href":"https:\/\/www.gabrielle-laroche.com\/en\/wp-json\/wp\/v2\/types\/product"}],"wp:featuredmedia":[{"embeddable":true,"href":"https:\/\/www.gabrielle-laroche.com\/en\/wp-json\/wp\/v2\/media\/3533"}],"wp:attachment":[{"href":"https:\/\/www.gabrielle-laroche.com\/en\/wp-json\/wp\/v2\/media?parent=3531"}],"wp:term":[{"taxonomy":"product_brand","embeddable":true,"href":"https:\/\/www.gabrielle-laroche.com\/en\/wp-json\/wp\/v2\/product_brand?post=3531"},{"taxonomy":"product_cat","embeddable":true,"href":"https:\/\/www.gabrielle-laroche.com\/en\/wp-json\/wp\/v2\/product_cat?post=3531"},{"taxonomy":"product_tag","embeddable":true,"href":"https:\/\/www.gabrielle-laroche.com\/en\/wp-json\/wp\/v2\/product_tag?post=3531"}],"curies":[{"name":"wp","href":"https:\/\/api.w.org\/{rel}","templated":true}]}}