

{"id":5791,"date":"2021-04-20T15:30:31","date_gmt":"2021-04-22T10:46:31","guid":{"rendered":"https:\/\/www.gabrielle-laroche.com\/?post_type=product&#038;p=5791"},"modified":"2023-01-31T17:52:13","modified_gmt":"2023-01-31T16:52:13","slug":"edmond-moirignot-faun","status":"publish","type":"product","link":"https:\/\/www.gabrielle-laroche.com\/en\/product\/edmond-moirignot-faun\/","title":{"rendered":"EDMOND MOIRIGNOT &#8211; Faun"},"content":{"rendered":"<div class=\"wpb-content-wrapper\"><p>[vc_row][vc_column width=&#8221;1\/2&#8243;][vc_column_text]<\/p>\n<p class=\"p1\"><span class=\"s1\"><b>Historic\u00a0 \u00a0 \u00a0 \u00a0\u00a0<\/b><\/span><\/p>\n<p class=\"p1\"><span class=\"s1\">Exhibition Badinier gallery, Paris, december 1963<\/span><\/p>\n<p class=\"p1\"><span class=\"s1\">Exhibition Montmorency gallery, Paris, december 1965<\/span><\/p>\n<p class=\"p1\"><span class=\"s1\">Exhibition Pacitti gallery, Paris, april-may 1968<\/span><\/p>\n<p class=\"p1\"><span class=\"s1\">Exhibition Pacitti gallery, Paris, october 1973<\/span><\/p>\n<p class=\"p1\"><span class=\"s1\">Exhibition Mus\u00e9e d\u2019Issy-les-Moulineaux, april 1989<\/span><\/p>\n<p class=\"p1\"><span class=\"s1\">Exhibition Hommage \u00e0 Moirignot, Salon des Ind\u00e9pendants, Paris, april 2006<\/span><\/p>\n<p class=\"p1\"><span class=\"s1\">Retrospective Moirignot, Orangerie du S\u00e9nat, Paris, august-september 2006<\/span><\/p>\n<p class=\"p1\"><span class=\"s1\">HC, Godard foundry, Mus\u00e9e Rimbaud, Charleville-M\u00e9zi\u00e8res, 2006<\/span><\/p>\n<p>&nbsp;<\/p>\n<p class=\"p1\"><span class=\"s1\"><b>Bibliography\u00a0<\/b><\/span><\/p>\n<p class=\"p1\"><span class=\"s1\">E. Cheneau de Leyritz &amp; R Charmet<b>, <\/b><em>Edmond Moirignot<\/em>,\u00a0\u00ab\u00a0Le Cahiers d\u2019Art\u00a0\u00bb n\u00b0220, \u00e9dition Pierre Cailler, Gen\u00e8ve, 1965<\/span><\/p>\n<p class=\"p1\"><span class=\"s1\">Claude Jeancolas<em>, Moirignot,<\/em> \u00e9ditions du Saint-Gothard, 1984<\/span><\/p>\n<p class=\"p1\"><span class=\"s1\">Claude Jeancolas, <em>Moirignot, aimer, cr\u00e9er, r\u00eaver<\/em>, \u00e9ditions FVW, Paris, 2006<\/span><\/p>\n<p class=\"p1\"><span class=\"s1\"><b>Claude Jeancolas, Catalogue raisonn\u00e9, n\u00b0170, page 72, \u00e9ditions FVW, Paris, 2010<\/b><\/span><\/p>\n<p>[\/vc_column_text][\/vc_column][vc_column width=&#8221;1\/2&#8243;][\/vc_column][\/vc_row]<\/p>\n<\/div>","protected":false},"excerpt":{"rendered":"<h4><span class=\"s1\">EDMOND MOIRIGNOT<\/span><span class=\"s1\">\u00a0(<\/span><span class=\"s1\">1913<\/span><span class=\"s1\"> &#8211; 2002)<\/span><\/h4>\n<h4 class=\"p1\"><em><span class=\"s1\">Faun playing the flute or Satyr<\/span><\/em><\/h4>\n<p>&nbsp;<\/p>\n<p class=\"p1\"><span class=\"s1\">Before 1959<\/span><\/p>\n<p class=\"p1\"><span class=\"s1\">Bronze sculpture<\/span><\/p>\n<p class=\"p1\"><span class=\"s1\">Godard lost wax, foundry mark<\/span><\/p>\n<p class=\"p1\"><span class=\"s1\">Signed \u00ab\u00a0MOIRIGNOT\u00a0\u00bb<\/span><\/p>\n<p class=\"p1\"><span class=\"s1\"><b>\u00a0<\/b><\/span><\/p>\n<p class=\"p1\"><span class=\"s1\">Height\u00a0: 35 cm<\/span><\/p>\n<p class=\"p1\"><span class=\"s1\">\u00a0<\/span><\/p>\n<p>&nbsp;<\/p>\n<h4 class=\"p1\"><span style=\"font-weight: normal;\">[dt_button size=\"small\" style=\"default\" animation=\"none\" color_mode=\"default\" icon=\"\" icon_align=\"left\" color=\"\" link=\"mailto:gabrielle-laroche@wanadoo.fr?subject=52_EDMOND MOIRIGNOT - Faun\" target_blank=\"true\"]REQUEST FOR INFORMATION[\/dt_button]<\/span><\/h4>\n<p>&nbsp;<\/p>\n<p><a href=\"\/en\/contemporains\/\">Back to contemporary<\/a><\/p>\n","protected":false},"featured_media":6132,"template":"","meta":[],"product_brand":[],"product_cat":[65],"product_tag":[],"class_list":{"0":"post-5791","1":"product","2":"type-product","3":"status-publish","4":"has-post-thumbnail","6":"product_cat-moirignot-sculptures","7":"description-off","9":"first","10":"instock","11":"shipping-taxable","12":"product-type-simple"},"aioseo_notices":[],"_links":{"self":[{"href":"https:\/\/www.gabrielle-laroche.com\/en\/wp-json\/wp\/v2\/product\/5791","targetHints":{"allow":["GET"]}}],"collection":[{"href":"https:\/\/www.gabrielle-laroche.com\/en\/wp-json\/wp\/v2\/product"}],"about":[{"href":"https:\/\/www.gabrielle-laroche.com\/en\/wp-json\/wp\/v2\/types\/product"}],"wp:featuredmedia":[{"embeddable":true,"href":"https:\/\/www.gabrielle-laroche.com\/en\/wp-json\/wp\/v2\/media\/6132"}],"wp:attachment":[{"href":"https:\/\/www.gabrielle-laroche.com\/en\/wp-json\/wp\/v2\/media?parent=5791"}],"wp:term":[{"taxonomy":"product_brand","embeddable":true,"href":"https:\/\/www.gabrielle-laroche.com\/en\/wp-json\/wp\/v2\/product_brand?post=5791"},{"taxonomy":"product_cat","embeddable":true,"href":"https:\/\/www.gabrielle-laroche.com\/en\/wp-json\/wp\/v2\/product_cat?post=5791"},{"taxonomy":"product_tag","embeddable":true,"href":"https:\/\/www.gabrielle-laroche.com\/en\/wp-json\/wp\/v2\/product_tag?post=5791"}],"curies":[{"name":"wp","href":"https:\/\/api.w.org\/{rel}","templated":true}]}}