

{"id":6061,"date":"2021-04-26T10:30:53","date_gmt":"2021-04-26T08:30:53","guid":{"rendered":"https:\/\/www.gabrielle-laroche.com\/?post_type=product&#038;p=6061"},"modified":"2022-12-09T16:20:50","modified_gmt":"2022-12-09T15:20:50","slug":"magdalena-reinharez-mustangs","status":"publish","type":"product","link":"https:\/\/www.gabrielle-laroche.com\/en\/product\/magdalena-reinharez-mustangs\/","title":{"rendered":"MAGDALENA REINHAREZ &#8211; Mustangs"},"content":{"rendered":"<div class=\"wpb-content-wrapper\"><p>[vc_row][vc_column width=&#8221;1\/2&#8243;][vc_column_text]<\/p>\n<p class=\"p1\" style=\"text-align: justify;\"><span class=\"s1\">Born in Central Europe, Magdalena Reinharez arrives in France at a young age. She takes her painting class with masters such as Fernand L\u00e9ger and Andr\u00e9 Lothe. This experience allows her to sharpen her eye with compositions volumes and forms. She then developped these skills with painting, drawing and sculpture.<\/span><\/p>\n<p class=\"p1\" style=\"text-align: justify;\"><span class=\"s1\">Magdalena Reinharez was an artist fascinated by movement. While staying in Granada she discovered tauromachia, a theme she used in her own way. She managed to express the animal\u2019s inner energy as well as the elegance of the torero in a dramatic ballet. It\u2019s all about the interpretation of her feelings. More than the animal itself, she uses its image which strikes out and suggests. Its modelling is very personnal. She dedicated her last years mostly to the sculpture. She died in 2012, aged 87 years. Since 1955 she presented her work in many art galleries.<\/span><\/p>\n<p>&nbsp;<\/p>\n<p class=\"p1\" style=\"text-align: justify;\"><span class=\"s1\"><b>EXHIBITIONS<\/b><\/span><\/p>\n<p class=\"p1\" style=\"text-align: justify;\"><span class=\"s1\"><b>2007<\/b><\/span><\/p>\n<p class=\"p1\" style=\"text-align: justify;\"><span class=\"s1\">Salon &#8220;Figuration critique&#8221;, Lyon<\/span><\/p>\n<p class=\"p1\" style=\"text-align: justify;\"><span class=\"s1\">Salon national des artistes animaliers, Bry sur Marne<\/span><\/p>\n<p class=\"p1\" style=\"text-align: justify;\"><span class=\"s1\">Galerie le 15 Miromesnil, No\u00eb Willer, Paris VIIIe<\/span><\/p>\n<p class=\"p1\" style=\"text-align: justify;\"><span class=\"s1\">\u00a0<\/span><\/p>\n<p class=\"p1\" style=\"text-align: justify;\"><span class=\"s1\"><b>2006<\/b><\/span><\/p>\n<p class=\"p1\" style=\"text-align: justify;\"><span class=\"s1\">Salon d&#8217;Art, Mairie du XVe, Paris<\/span><\/p>\n<p class=\"p1\" style=\"text-align: justify;\"><span class=\"s1\">Salon national des artistes animaliers, Bry sur Marne<\/span><\/p>\n<p class=\"p1\" style=\"text-align: justify;\"><span class=\"s1\">Th\u00e9\u00e2tre \u00e9questre Zingaro<\/span><\/p>\n<p class=\"p1\" style=\"text-align: justify;\"><span class=\"s1\">Salon &#8220;Sculpture bronzes&#8221;, La Chapelle en Serval<\/span><\/p>\n<p class=\"p1\" style=\"text-align: justify;\"><span class=\"s1\"><b>\u00a0<\/b><\/span><\/p>\n<p class=\"p1\" style=\"text-align: justify;\"><span class=\"s1\"><b>2005<\/b><\/span><\/p>\n<p class=\"p1\" style=\"text-align: justify;\"><span class=\"s1\">Salon &#8220;Figuration critique&#8221;, St. Malo<\/span><\/p>\n<p class=\"p1\" style=\"text-align: justify;\"><span class=\"s1\">Salon national des artistes animaliers, Bry sur Marne<\/span><\/p>\n<p class=\"p1\" style=\"text-align: justify;\"><span class=\"s1\">Salon Espace St. Martin &#8220;Figuration critique&#8221;<\/span><\/p>\n<p class=\"p1\" style=\"text-align: justify;\"><span class=\"s1\">Salon &#8220;Bronze 2005&#8221;, La Chapelle en Serval<\/span><\/p>\n<p class=\"p1\" style=\"text-align: justify;\"><span class=\"s1\">\u00a0<\/span><\/p>\n<p class=\"p1\" style=\"text-align: justify;\"><span class=\"s1\"><b>2004<\/b><\/span><\/p>\n<p class=\"p1\" style=\"text-align: justify;\"><span class=\"s1\">Salon &#8220;Itin\u00e9raire&#8221;, Paris IXe<\/span><\/p>\n<p class=\"p1\" style=\"text-align: justify;\"><span class=\"s1\">Salon national des artistes animaliers, Bry sur Marne<\/span><\/p>\n<p class=\"p1\" style=\"text-align: justify;\"><span class=\"s1\">Salon &#8220;Delta&#8221;, Paris XVIIIe<\/span><\/p>\n<p class=\"p1\" style=\"text-align: justify;\"><span class=\"s1\">Galerie Claudine Legrand, Paris VIe<\/span><\/p>\n<p class=\"p1\" style=\"text-align: justify;\"><span class=\"s1\">\u00a0<\/span><\/p>\n<p class=\"p1\" style=\"text-align: justify;\"><span class=\"s1\"><b>2002-2003<\/b><\/span><\/p>\n<p class=\"p1\" style=\"text-align: justify;\"><span class=\"s1\">Salon national des artistes animaliers, Bry sur Marne<\/span><\/p>\n<p class=\"p1\" style=\"text-align: justify;\"><span class=\"s1\">Festival International d&#8217;Art animalier, Sully s\/ Loire<\/span><\/p>\n<p class=\"p1\" style=\"text-align: justify;\"><span class=\"s1\">Galerie animali\u00e8re &#8220;Laurent Boyrier&#8221;, Paris XVIe<\/span><\/p>\n<p class=\"p1\" style=\"text-align: justify;\"><span class=\"s1\">Galerie Claudine Legrand, Paris VIe<\/span><\/p>\n<p class=\"p1\" style=\"text-align: justify;\"><span class=\"s1\">Salon des antiquaires et de l&#8217;art contemporain, jardin des Tuileries<\/span><\/p>\n<p class=\"p1\" style=\"text-align: justify;\"><span class=\"s1\">\u00a0<\/span><\/p>\n<p class=\"p1\" style=\"text-align: justify;\"><span class=\"s1\"><b>PRIVATE COLLECTIONS<\/b><\/span><\/p>\n<p class=\"p1\" style=\"text-align: justify;\"><span class=\"s1\">France, Spain, USA<\/span><\/p>\n<p>&nbsp;<\/p>\n<p class=\"p1\" style=\"text-align: justify;\"><span class=\"s1\"><b>PRIZE<\/b><\/span><\/p>\n<p class=\"p1\" style=\"text-align: justify;\"><span class=\"s1\">1st prize Festival International Animalier du Loiret, 2002<\/span><\/p>\n<p class=\"p1\" style=\"text-align: justify;\"><span class=\"s1\">Sale : Conseil\u00a0 R\u00e9gional du Loiret, 2002<\/span><\/p>\n<p class=\"p1\" style=\"text-align: justify;\"><span class=\"s1\">Selected : monument \u00e0 Levallois-Perret,1992<\/span><\/p>\n<p class=\"p1\" style=\"text-align: justify;\"><span class=\"s1\">Selected : Grand Prix de France, Paris 1987<\/span><\/p>\n<p class=\"p1\" style=\"text-align: justify;\"><span class=\"s1\">Selected : monument de la ville de Pennes d&#8217;Agenais, 1988<\/span><\/p>\n<p class=\"p1\" style=\"text-align: justify;\"><span class=\"s1\">Selected : Salon des Beaux-Arts de Paris (jur\u00e9 Etienne Martin), 1986<\/span><\/p>\n<p class=\"p1\" style=\"text-align: justify;\"><span class=\"s1\">Sculpture 1st prize, Ville de Paris, 1980<\/span><\/p>\n<p class=\"p1\" style=\"text-align: justify;\"><span class=\"s1\">D\u00f4me 1st prize, Paris 1955<\/span><\/p>\n<p>&nbsp;<\/p>\n<p class=\"p1\" style=\"text-align: justify;\"><span class=\"s1\"><b>Bibliography<\/b><\/span><\/p>\n<p class=\"p1\" style=\"text-align: justify;\"><span class=\"s1\"><em>Dictionnaire illustr\u00e9 des sculpteurs animaliers et fondeurs de l&#8217;antiquit\u00e9 \u00e0 nos jours<\/em>, Jean-Charles Hachet, Ed. Argus Valentines<\/span><\/p>\n<p class=\"p1\" style=\"text-align: justify;\"><span class=\"s1\">Biblioth\u00e8que Nationale de France<\/span><\/p>\n<p class=\"p1\" style=\"text-align: justify;\"><span class=\"s1\">Pastels et lithographies de la Collection Novotel<\/span><\/p>\n<p>[\/vc_column_text][\/vc_column][vc_column width=&#8221;1\/2&#8243;][\/vc_column][\/vc_row]<\/p>\n<\/div>","protected":false},"excerpt":{"rendered":"<h4><span class=\"s1\">MAGDALENA REINHAREZ<\/span><span class=\"s1\">\u00a0(<\/span><span class=\"s1\">1925<\/span><span class=\"s1\"> &#8211; 2012)<\/span><\/h4>\n<h4 class=\"p1\"><em><span class=\"s1\">Mustangs<\/span><\/em><\/h4>\n<p>&nbsp;<\/p>\n<p class=\"p1\"><span class=\"s1\">Bronze sculpture with blue-green patina<\/span><\/p>\n<p class=\"p1\"><span class=\"s1\">Signed \u00ab M. Reinharez 1\/8 \u00bb<\/span><\/p>\n<p class=\"p1\"><span class=\"s1\">Numeroted 1\/8<\/span><\/p>\n<p class=\"p1\"><span class=\"s1\">Foundry mark : Chapon, Paris<\/span><\/p>\n<p class=\"p1\"><span class=\"s1\"><b>\u00a0<\/b><\/span><\/p>\n<p class=\"p1\"><span class=\"s1\">Height\u00a0: 45 cm<\/span><\/p>\n<p class=\"p1\"><span class=\"s1\">Length : 50 cm<\/span><\/p>\n<p class=\"p1\"><span class=\"s1\">Depth\u00a0: 27 cm<\/span><\/p>\n<p>&nbsp;<\/p>\n<p>&nbsp;<\/p>\n<p class=\"p1\"><span style=\"font-weight: normal;\">[dt_button size=\"small\" style=\"default\" animation=\"none\" color_mode=\"default\" icon=\"\" icon_align=\"left\" color=\"\" link=\"mailto:gabrielle-laroche@wanadoo.fr?subject=286_MAGDALENA REINHAREZ - Mustangs\" target_blank=\"true\"]REQUEST FOR INFORMATION[\/dt_button]<\/span><\/p>\n<p>&nbsp;<\/p>\n<p><a href=\"\/en\/contemporains\/\">Back to contemporary<\/a><\/p>\n","protected":false},"featured_media":6063,"template":"","meta":[],"product_brand":[],"product_cat":[67],"product_tag":[],"class_list":{"0":"post-6061","1":"product","2":"type-product","3":"status-publish","4":"has-post-thumbnail","6":"product_cat-reinharez-sculptures","7":"description-off","9":"first","10":"instock","11":"shipping-taxable","12":"product-type-simple"},"aioseo_notices":[],"_links":{"self":[{"href":"https:\/\/www.gabrielle-laroche.com\/en\/wp-json\/wp\/v2\/product\/6061","targetHints":{"allow":["GET"]}}],"collection":[{"href":"https:\/\/www.gabrielle-laroche.com\/en\/wp-json\/wp\/v2\/product"}],"about":[{"href":"https:\/\/www.gabrielle-laroche.com\/en\/wp-json\/wp\/v2\/types\/product"}],"wp:featuredmedia":[{"embeddable":true,"href":"https:\/\/www.gabrielle-laroche.com\/en\/wp-json\/wp\/v2\/media\/6063"}],"wp:attachment":[{"href":"https:\/\/www.gabrielle-laroche.com\/en\/wp-json\/wp\/v2\/media?parent=6061"}],"wp:term":[{"taxonomy":"product_brand","embeddable":true,"href":"https:\/\/www.gabrielle-laroche.com\/en\/wp-json\/wp\/v2\/product_brand?post=6061"},{"taxonomy":"product_cat","embeddable":true,"href":"https:\/\/www.gabrielle-laroche.com\/en\/wp-json\/wp\/v2\/product_cat?post=6061"},{"taxonomy":"product_tag","embeddable":true,"href":"https:\/\/www.gabrielle-laroche.com\/en\/wp-json\/wp\/v2\/product_tag?post=6061"}],"curies":[{"name":"wp","href":"https:\/\/api.w.org\/{rel}","templated":true}]}}