

{"id":6097,"date":"2021-04-20T15:00:55","date_gmt":"2021-05-04T12:42:55","guid":{"rendered":"https:\/\/www.gabrielle-laroche.com\/?post_type=product&#038;p=6097"},"modified":"2021-05-04T15:08:03","modified_gmt":"2021-05-04T13:08:03","slug":"edmond-moirignot-young-lady","status":"publish","type":"product","link":"https:\/\/www.gabrielle-laroche.com\/en\/product\/edmond-moirignot-young-lady\/","title":{"rendered":"EDMOND MOIRIGNOT &#8211; Young Lady"},"content":{"rendered":"<div class=\"wpb-content-wrapper\"><p>[vc_row][vc_column width=&#8221;1\/2&#8243;][vc_column_text]<\/p>\n<p class=\"p1\"><span class=\"s1\"><b>Historic<\/b><\/span><\/p>\n<p class=\"p1\"><span class=\"s1\">Exhibition Pacitti Gallery, Paris, april-may 1968<\/span><\/p>\n<p class=\"p1\"><span class=\"s1\">Exhibition Pacitti Gallery, Paris, avpril 1970<\/span><\/p>\n<p class=\"p1\"><span class=\"s1\">Exhibition Pacitti Gallery, Paris, october 1973<\/span><\/p>\n<p class=\"p1\"><span class=\"s1\">Exposition Hommage \u00e0 Moirignot, Salon d\u2019Automne, Paris, 1990<\/span><\/p>\n<p class=\"p1\"><span class=\"s1\">Retrospective Moirignot, Orangerie du S\u00e9nat, Paris, august-september 2006<\/span><\/p>\n<p class=\"p1\"><span class=\"s1\">Mus\u00e9e Rimbaud, Charleville-M\u00e9zi\u00e8res, 2006<\/span><\/p>\n<p>[\/vc_column_text][\/vc_column][vc_column width=&#8221;1\/2&#8243;][\/vc_column][\/vc_row]<\/p>\n<\/div>","protected":false},"excerpt":{"rendered":"<h4><span class=\"s1\">EDMOND MOIRIGNOT<\/span><span class=\"s1\">\u00a0(<\/span><span class=\"s1\">1913<\/span><span class=\"s1\"> &#8211; 2002)<\/span><\/h4>\n<h4 class=\"p1\"><em><span class=\"s1\">Young Lady<\/span><\/em><\/h4>\n<p>&nbsp;<\/p>\n<p class=\"p1\"><span class=\"s1\">1967<\/span><\/p>\n<p class=\"p1\"><span class=\"s1\">Bronze sculpture, lost wax<\/span><\/p>\n<p class=\"p1\"><span class=\"s1\">Signed \u00ab\u00a0MOIRIGNOT\u00a0\u00bb, numeroted 5\/8<\/span><\/p>\n<p class=\"p1\"><span class=\"s1\">Foundry mark Ducros<\/span><\/p>\n<p class=\"p1\"><span class=\"s1\"><b>\u00a0<\/b><\/span><\/p>\n<p class=\"p1\"><span class=\"s1\">Height\u00a0: 39 cm<\/span><\/p>\n<p>&nbsp;<\/p>\n<p class=\"p1\"><span class=\"s1\"><b>Reproduced in the catalogue raisonn\u00e9, Claude Jeancolas, n\u00b0116, page 58, \u00e9ditions FVW, Paris, 2010<\/b><\/span><\/p>\n<p>&nbsp;<\/p>\n<p>&nbsp;<\/p>\n<h4 class=\"p1\"><span style=\"font-weight: normal;\">[dt_button size=\"small\" style=\"default\" animation=\"none\" color_mode=\"default\" icon=\"\" icon_align=\"left\" color=\"\" link=\"mailto:gabrielle-laroche@wanadoo.fr?subject=51_EDMOND MOIRIGNOT - Young Lady\" target_blank=\"true\"]REQUEST FOR INFORMATION[\/dt_button]<\/span><\/h4>\n<p>&nbsp;<\/p>\n<p><a href=\"\/en\/contemporains\/\">Back to contemporary<\/a><\/p>\n","protected":false},"featured_media":6099,"template":"","meta":[],"product_brand":[],"product_cat":[65],"product_tag":[],"class_list":{"0":"post-6097","1":"product","2":"type-product","3":"status-publish","4":"has-post-thumbnail","6":"product_cat-moirignot-sculptures","7":"description-off","9":"first","10":"instock","11":"shipping-taxable","12":"product-type-simple"},"aioseo_notices":[],"_links":{"self":[{"href":"https:\/\/www.gabrielle-laroche.com\/en\/wp-json\/wp\/v2\/product\/6097","targetHints":{"allow":["GET"]}}],"collection":[{"href":"https:\/\/www.gabrielle-laroche.com\/en\/wp-json\/wp\/v2\/product"}],"about":[{"href":"https:\/\/www.gabrielle-laroche.com\/en\/wp-json\/wp\/v2\/types\/product"}],"wp:featuredmedia":[{"embeddable":true,"href":"https:\/\/www.gabrielle-laroche.com\/en\/wp-json\/wp\/v2\/media\/6099"}],"wp:attachment":[{"href":"https:\/\/www.gabrielle-laroche.com\/en\/wp-json\/wp\/v2\/media?parent=6097"}],"wp:term":[{"taxonomy":"product_brand","embeddable":true,"href":"https:\/\/www.gabrielle-laroche.com\/en\/wp-json\/wp\/v2\/product_brand?post=6097"},{"taxonomy":"product_cat","embeddable":true,"href":"https:\/\/www.gabrielle-laroche.com\/en\/wp-json\/wp\/v2\/product_cat?post=6097"},{"taxonomy":"product_tag","embeddable":true,"href":"https:\/\/www.gabrielle-laroche.com\/en\/wp-json\/wp\/v2\/product_tag?post=6097"}],"curies":[{"name":"wp","href":"https:\/\/api.w.org\/{rel}","templated":true}]}}