

{"id":6949,"date":"2021-05-17T12:00:47","date_gmt":"2021-05-17T10:00:47","guid":{"rendered":"https:\/\/www.gabrielle-laroche.com\/?post_type=product&#038;p=6949"},"modified":"2024-09-12T17:06:40","modified_gmt":"2024-09-12T15:06:40","slug":"exceptional-renaissance-cabinet-from-lyon","status":"publish","type":"product","link":"https:\/\/www.gabrielle-laroche.com\/en\/product\/exceptional-renaissance-cabinet-from-lyon\/","title":{"rendered":"EXCEPTIONAL RENAISSANCE CABINET FROM LYON"},"content":{"rendered":"<div class=\"wpb-content-wrapper\"><p>[vc_row][vc_column width=&#8221;1\/2&#8243;][vc_column_text]<\/p>\n<p class=\"p1\" style=\"text-align: justify;\">This perfectly built cabinet reflects the influence of architecture on furniture making during the Second French Renaissance. The cabinet&#8217;s two bodies are structred by three grooved pilasters carved on the lateral jambs and frame. Those pilasters give the cabinet a ternary rythm. The cabinet stands on a moulded base ornated with palm leaves and standing on sqare-shaped feet with vegetal motifs. An overlapping cornice with modillions and flowers tops the cabinet.<\/p>\n<p class=\"p1\" style=\"text-align: justify;\">This cabinet opens thanks to foor door-leaves with recessed panels being secured in moulded frames adorned with flowers. They present a well executed <i>vermiculure<\/i> decor centred around a rose and accompanied by foliated scrolls and <i>choux<\/i> <i>bourguignons<\/i>.<\/p>\n<p class=\"p1\" style=\"text-align: justify;\">The belt is framed by two palm leaf friezes. In the belt are located two drawers richly adorned with leaves in a strong relief.<\/p>\n<p class=\"p1\" style=\"text-align: justify;\">The lateral facades of the cabinet&#8217;s lower body present a moulded frame with a five-petals flower in its center. On the upper body a long feather quill fill the whole panel. The belt&#8217;s ornaments continue on the sides.<\/p>\n<p class=\"p1\" style=\"text-align: justify;\">This beautiful two-bodies cabinet is an exceptional example of the virtuosity of Lyons workshops around 1540-1570. The <i>vermiculure<\/i> graphic decor, stemming from the experiments of illustrators and engravers, allied with a perfect architectural structure using grooved pilasters are characteristic of the region. Indeed Lyons cabinet-makers profited from the extraordinary dynamism of the capital of Gauls where merchants, artists and patrons gathered. They have assimiliated and reinterpreted models from the most inovative artists thanks to the flourishing publishing industry. Using new technical and ornamental processes \u2013 such as <i>vermiculure<\/i>, one of the most typical Lyons decor \u2013 they gave their creations a strong identity.<\/p>\n<p>&nbsp;<\/p>\n<p class=\"p1\" style=\"text-align: justify;\"><b>Literature<\/b><\/p>\n<p class=\"p1\" style=\"text-align: justify;\">Jacqueline Boccador, <i>Le mobilier fran\u00e7ais du Moyen-\u00e2ge \u00e0 la Renaissance<\/i>, Monelle Hayot, 2000<\/p>\n<p class=\"p3\" style=\"text-align: justify;\">Edith Mannoni, <i>Le mobilier lyonnais<\/i>, Charles Massin, 2017<\/p>\n<p>[\/vc_column_text][vc_empty_space][\/vc_column][vc_column width=&#8221;1\/2&#8243;][\/vc_column][\/vc_row]<\/p>\n<\/div>","protected":false},"excerpt":{"rendered":"<h4>EXCEPTIONAL RENAISSANCE CABINET FROM LYON<\/h4>\n<p>&nbsp;<\/p>\n<p class=\"p1\"><span class=\"s1\"><b>ORIGIN: FRANCE, LYON<\/b><\/span><\/p>\n<p class=\"p1\"><span class=\"s1\"><b>PERIOD: <\/b><\/span><b>1540-1580, SECOND FRENCH RENAISSANCE<\/b><\/p>\n<p>&nbsp;<\/p>\n<p>Height: 188 cm<\/p>\n<p>Length: 132 cm<\/p>\n<p>Depth: 51 cm<\/p>\n<p>&nbsp;<\/p>\n<p class=\"p1\">Light colored walnut<\/p>\n<p class=\"p4\">Very good condition<\/p>\n<p>&nbsp;<\/p>\n[dt_button size=\"small\" style=\"default\" animation=\"none\" color_mode=\"default\" icon=\"\" icon_align=\"left\" color=\"\" link=\"mailto:gabrielle-laroche@wanadoo.fr?subject=120_EXCEPTIONAL RENAISSANCE CABINET FROM LYON\" target_blank=\"true\"]REQUEST FOR INFORMATION[\/dt_button]\n<p>&nbsp;<\/p>\n<p><a href=\"\/en\/antiquites\/mobilier\/meubles\/\">Back to furniture<\/a><\/p>\n","protected":false},"featured_media":6951,"template":"","meta":[],"product_brand":[],"product_cat":[79],"product_tag":[],"class_list":{"0":"post-6949","1":"product","2":"type-product","3":"status-publish","4":"has-post-thumbnail","6":"product_cat-uncategorized-en","7":"description-off","9":"first","10":"instock","11":"shipping-taxable","12":"product-type-simple"},"aioseo_notices":[],"_links":{"self":[{"href":"https:\/\/www.gabrielle-laroche.com\/en\/wp-json\/wp\/v2\/product\/6949","targetHints":{"allow":["GET"]}}],"collection":[{"href":"https:\/\/www.gabrielle-laroche.com\/en\/wp-json\/wp\/v2\/product"}],"about":[{"href":"https:\/\/www.gabrielle-laroche.com\/en\/wp-json\/wp\/v2\/types\/product"}],"wp:featuredmedia":[{"embeddable":true,"href":"https:\/\/www.gabrielle-laroche.com\/en\/wp-json\/wp\/v2\/media\/6951"}],"wp:attachment":[{"href":"https:\/\/www.gabrielle-laroche.com\/en\/wp-json\/wp\/v2\/media?parent=6949"}],"wp:term":[{"taxonomy":"product_brand","embeddable":true,"href":"https:\/\/www.gabrielle-laroche.com\/en\/wp-json\/wp\/v2\/product_brand?post=6949"},{"taxonomy":"product_cat","embeddable":true,"href":"https:\/\/www.gabrielle-laroche.com\/en\/wp-json\/wp\/v2\/product_cat?post=6949"},{"taxonomy":"product_tag","embeddable":true,"href":"https:\/\/www.gabrielle-laroche.com\/en\/wp-json\/wp\/v2\/product_tag?post=6949"}],"curies":[{"name":"wp","href":"https:\/\/api.w.org\/{rel}","templated":true}]}}