

{"id":8482,"date":"2023-01-26T15:42:30","date_gmt":"2023-01-26T14:42:30","guid":{"rendered":"https:\/\/www.gabrielle-laroche.com\/product\/william-chattaway-femme-nue-debout\/"},"modified":"2023-01-26T17:48:34","modified_gmt":"2023-01-26T16:48:34","slug":"william-chattaway-femme-nue-debout","status":"publish","type":"product","link":"https:\/\/www.gabrielle-laroche.com\/en\/product\/william-chattaway-femme-nue-debout\/","title":{"rendered":"WILLIAM CHATTAWAY- Naked Woman Standing"},"content":{"rendered":"<div class=\"wpb-content-wrapper\"><p>[vc_row][vc_column][vc_column_text]<b>Commentaire\u00a0:\u00a0<\/b><\/p>\n<p>Pr\u00e9sence de ses \u0152uvres au:<\/p>\n<p>&#8211; Centre Pompidou<\/p>\n<p>&#8211; Mus\u00e9e National d&#8217;Art Moderne de la Ville de Paris<\/p>\n<p>&#8211; Minist\u00e8re de la Culture<\/p>\n<p>&#8211; Fond national d&#8217;Art Contemporain<\/p>\n<p>&#8211; Mus\u00e9e de Mont de Marsan<\/p>\n<p>&#8211; A l&#8217;Hishborn Museum &amp; Sculpture Garden Washington DC<\/p>\n<p>&nbsp;<\/p>\n<p>&nbsp;<\/p>\n<p><b>CHATTAWAY William<\/b><\/p>\n<p>(1927 \u2013 2019)<span class=\"Apple-converted-space\">\u00a0<\/span><\/p>\n<p>&nbsp;<\/p>\n<p><strong>Carri\u00e8re :<span class=\"Apple-converted-space\">\u00a0<\/span><\/strong><\/p>\n<p>&#8211; 1943-1945. \u00c9tudes \u00e0 l&#8217;\u00c9cole des Beaux-Arts de Coventry.<span class=\"Apple-converted-space\">\u00a0<\/span><\/p>\n<p>&#8211; 1945-1948. \u00c9tudes \u00e0 la Slade School de Londres.<span class=\"Apple-converted-space\">\u00a0<\/span><\/p>\n<p>&#8211; 1950. Installation \u00e0 Paris.<span class=\"Apple-converted-space\">\u00a0<\/span><\/p>\n<p>\u00c9lu, le 21 juin 1995, correspondant de l&#8217;Acad\u00e9mie des Beaux-Arts<br \/>\n(section de Sculpture).<span class=\"Apple-converted-space\">\u00a0<\/span><\/p>\n<p>\u00c9lu, en 2004, membre associ\u00e9 \u00e9tranger de l&#8217;Acad\u00e9mie des Beaux-Arts<\/p>\n<p>&#8211; Nombreuses expositions personnelles et de groupe en France et \u00e0 l&#8217;\u00e9tranger et nombreuses commandes publiques : \u00c9glise de Saint-Francis (Manchester), Midland Bank Overseas Branch (Londres) ; The Hutchinson Press (ibid.) ; George Rainbird Ltd (ibid.) ; Agence Fonci\u00e8re de la R\u00e9gion Parisienne ; Cr\u00e9dit Coop\u00e9ratif (Nanterre) ; Minist\u00e8re de la Culture.<\/p>\n<p>&nbsp;<\/p>\n<p><strong>Principales collections publiques :<\/strong><br \/>\n&#8211; en France : Fond national d&#8217;Art contemporain, Centre national d&#8217;Art et de Culture Georges Pompidou, mus\u00e9e d&#8217;Art moderne de la Ville de Paris, Mus\u00e9e de Beauvais, Mus\u00e9e de Mont-de-Marsan, Centre de la Recherche nucl\u00e9aire de Saclay et mus\u00e9e d&#8217;Art et d&#8217;Industrie de Saint-\u00c9tienne.<\/p>\n<p>&#8211; \u00c0 l&#8217;\u00e9tranger : Contemporary Arts Society (Londres), British Museum, Herbert Art Gallery and Museum (Coventry), the Garman-Ryan Collection (Walsall, Angleterre), Universit\u00e9s de Leeds et de Sussex, Hishhorn Museum, Smithsonian Institut (Washington DC).<\/p>\n<p>Principales \u0153uvres : &#8211; 1973-1977. <i>Portraits imaginaires de Chateaubriand<\/i>. &#8211; 1975. <i>Portraits d&#8217;A. Einstein et de Bertrand Russell<\/i>. &#8211; 1964-1972. <i>Le cr\u00e2ne<\/i>. &#8211; 1986. <i>Hommage \u00e0 Georges Bernanos<\/i>.<\/p>\n<p>&nbsp;<\/p>\n<p><strong>Biographie et bibliographie :<span class=\"Apple-converted-space\">\u00a0<\/span><\/strong><\/p>\n<p>&#8211; <i>Chattaway, Sculpture<\/i>, de P.-G. Brugi\u00e8re, in Studio International, mars 1965.<span class=\"Apple-converted-space\">\u00a0<\/span><\/p>\n<p>&#8211; <i>Studio Notes<\/i>, in Art et Litt\u00e9rature n\u00b0 10, 1966 et dans le N.R.F., ao\u00fbt 1970.<span class=\"Apple-converted-space\">\u00a0<\/span><\/p>\n<p>&#8211; <i>Dictionnaire des Peintres, des Sculpteurs, des Dessinateurs et des Graveurs<\/i>, par E. B\u00e9n\u00e9zit, Paris, 1976, t. II, p. 694.<\/p>\n<p>[\/vc_column_text][\/vc_column][\/vc_row][vc_row][vc_column][vc_column_text]<div class=\"_3d-flip-book  fb3d-fullscreen-mode full-size\" data-id=\"8449\" data-mode=\"fullscreen\" data-title=\"false\" data-template=\"short-white-book-view\" data-lightbox=\"dark-shadow\" data-urlparam=\"fb3d-page\" data-page-n=\"0\" data-pdf=\"\" data-tax=\"null\" data-thumbnail=\"\" data-cols=\"3\" data-book-template=\"default\" data-trigger=\"\"><\/div><script type=\"text\/javascript\">window.FB3D_CLIENT_DATA = window.FB3D_CLIENT_DATA || [];FB3D_CLIENT_DATA.push('eyJwb3N0cyI6W10sInBhZ2VzIjpbXSwiZmlyc3RQYWdlcyI6W119');window.FB3D_CLIENT_LOCALE && FB3D_CLIENT_LOCALE.render && FB3D_CLIENT_LOCALE.render();<\/script>[\/vc_column_text][\/vc_column][\/vc_row]<\/p>\n<\/div>","protected":false},"excerpt":{"rendered":"<p style=\"font-weight: 400;\"><strong>William CHATTAWAY\u00a0<\/strong><strong>(1927-2019)<\/strong><\/p>\n<p>&nbsp;<\/p>\n<p style=\"font-weight: 400;\"><strong><em>N<\/em><\/strong><strong><i>ake<\/i><i>d Woman Standing<\/i><\/strong><\/p>\n<p style=\"font-weight: 400;\"><strong>\u00a0<\/strong><\/p>\n<p style=\"font-weight: 400;\">Bronze sculpture with light brown patina<\/p>\n<p style=\"font-weight: 400;\">Monogrammed and\u00a0dated C.68,<\/p>\n<p style=\"font-weight: 400;\">Numeroted\u00a0\u00a0II\/X<\/p>\n<p style=\"font-weight: 400;\">Foundry Mark : \u00a0Lost Wax Valsuani on the base.<\/p>\n<p style=\"font-weight: 400;\">Height : 53.5 cm<\/p>\n<p style=\"font-weight: 400;\">Width : 16 cm<\/p>\n<p style=\"font-weight: 400;\">Depth : 15 cm<\/p>\n<p>&nbsp;<\/p>\n[dt_button size=\"small\" style=\"default\" animation=\"none\" color_mode=\"default\" icon=\"\" icon_align=\"left\" color=\"\" link=\"mailto:gabrielle-laroche@wanadoo.fr?subject=226bis_WILLIAM CHATTAWAY - Femme nue debout\" target_blank=\"true\"]DEMANDE D&#8217;INFORMATIONS[\/dt_button]\n<p>&nbsp;<\/p>\n<p><a href=\"\/fr\/contemporains\/\">Retour aux contemporains<\/a><\/p>\n","protected":false},"featured_media":8455,"template":"","meta":[],"product_brand":[],"product_cat":[96],"product_tag":[],"class_list":{"0":"post-8482","1":"product","2":"type-product","3":"status-publish","4":"has-post-thumbnail","6":"product_cat-william-chattaway","7":"description-off","9":"first","10":"instock","11":"shipping-taxable","12":"product-type-simple"},"aioseo_notices":[],"_links":{"self":[{"href":"https:\/\/www.gabrielle-laroche.com\/en\/wp-json\/wp\/v2\/product\/8482","targetHints":{"allow":["GET"]}}],"collection":[{"href":"https:\/\/www.gabrielle-laroche.com\/en\/wp-json\/wp\/v2\/product"}],"about":[{"href":"https:\/\/www.gabrielle-laroche.com\/en\/wp-json\/wp\/v2\/types\/product"}],"wp:featuredmedia":[{"embeddable":true,"href":"https:\/\/www.gabrielle-laroche.com\/en\/wp-json\/wp\/v2\/media\/8455"}],"wp:attachment":[{"href":"https:\/\/www.gabrielle-laroche.com\/en\/wp-json\/wp\/v2\/media?parent=8482"}],"wp:term":[{"taxonomy":"product_brand","embeddable":true,"href":"https:\/\/www.gabrielle-laroche.com\/en\/wp-json\/wp\/v2\/product_brand?post=8482"},{"taxonomy":"product_cat","embeddable":true,"href":"https:\/\/www.gabrielle-laroche.com\/en\/wp-json\/wp\/v2\/product_cat?post=8482"},{"taxonomy":"product_tag","embeddable":true,"href":"https:\/\/www.gabrielle-laroche.com\/en\/wp-json\/wp\/v2\/product_tag?post=8482"}],"curies":[{"name":"wp","href":"https:\/\/api.w.org\/{rel}","templated":true}]}}