

{"id":8766,"date":"2023-02-09T18:23:13","date_gmt":"2023-02-09T17:23:13","guid":{"rendered":"https:\/\/www.gabrielle-laroche.com\/product\/louis-cane-couple-accroupis\/"},"modified":"2025-06-17T17:24:56","modified_gmt":"2025-06-17T15:24:56","slug":"louis-cane-couple-accroupis","status":"publish","type":"product","link":"https:\/\/www.gabrielle-laroche.com\/en\/product\/louis-cane-couple-accroupis\/","title":{"rendered":"LOUIS CANE &#8211; Grand Adam et Eve accroupis"},"content":{"rendered":"<div class=\"wpb-content-wrapper\"><p>[vc_row][vc_column width=&#8221;1\/2&#8243;][vc_column_text]<\/p>\n<p style=\"text-align: justify;\"><strong>Biography :<span class=\"Apple-converted-space\">\u00a0<\/span><\/strong><\/p>\n<p style=\"text-align: justify;\">1943<\/p>\n<p style=\"text-align: justify;\">Naissance \u00e0 Beaulieu-sur-Mer.<\/p>\n<p>1961<\/p>\n<p>National School of Decorative Arts of Nice.<\/p>\n<p><span class=\"Apple-converted-space\">\u00a0<\/span>1962<\/p>\n<p>National School of Decorative Arts in Paris.<\/p>\n<p>National Diploma in Interior Architecture.<\/p>\n<p>Painted his first abstract canvases.<\/p>\n<p>1968<\/p>\n<p>National School of Fine Arts in Paris.<\/p>\n<p>Grand Lodge of the Prix de Rome for painting.<\/p>\n<p>During the events of &#8220;May 68&#8221;, takes care of the Workshop of popular posters of Decorative Arts.<\/p>\n<p>Meeting with Marc Devade.<\/p>\n<p>1969<\/p>\n<p>First exhibition at Galerie Givaudan, Paris.<\/p>\n<p>Meeting with Philippe Sollers and Marcelin Pleynet.<\/p>\n<p>1970<\/p>\n<p>First exhibition of the Supports-Surfaces group at the A.R.C.<\/p>\n<p>Meeting with Jacques Henric.<\/p>\n<p>1971<\/p>\n<p>Exhibition at the Galerie Templon, Paris.<\/p>\n<p>1972<\/p>\n<p>Exhibition at the Galerie Yvon Lambert, presentation of floor\/wall paintings.<\/p>\n<p>1973<\/p>\n<p>Development of the magazine \u201cPaintings\u201d, Cahiers Th\u00e9oriques.<\/p>\n<p>Purchased from the Museum of Modern Art in Paris.<\/p>\n<p>1974<\/p>\n<p>Settles in his studio rue de Charenton.<\/p>\n<p>Start of work on the cut canvases.<\/p>\n<p>1975<\/p>\n<p>Presentation of the review \u201cPaintings\u201d, Cahiers Th\u00e9oriques n\u00b010\/11 published by Ghislain Mollet-Vi\u00e9ville.<\/p>\n<p>First drawings on Las Meninas.<\/p>\n<p>1976<\/p>\n<p>Personal exhibitions at the Louisiana Museum, in Denmark, and at the Museum of Contemporary Art in Montreal.<\/p>\n<p>First canvases painted with Arches.<\/p>\n<p>1977<\/p>\n<p>Exhibition at L\u00e9o Castelli in New York.<\/p>\n<p>Personal exhibition at the National Museum of Modern Art of the Center Georges Pompidou.<\/p>\n<p>Presentation of the magazine \u201cPaintings\u201d, Cahiers Th\u00e9oriques n\u00b012 published by Jean Fournier.<\/p>\n<p>Invited to Dokumenta 6, in Kessel, Louis Cane exhibits his painting: \u201cSaint Damien speaks to Saint Fran\u00e7ois\u201d.<\/p>\n<p>1978<\/p>\n<p>Presentation of the magazine \u201cPaintings\u201d, Cahiers Th\u00e9oriques n\u00b013 at the Galerie Templon, Paris.<\/p>\n<p>Exhibition at the Kunsthalle in Bielefeld, Germany.<\/p>\n<p>1979<\/p>\n<p>Numerous personal exhibitions in Europe.<\/p>\n<p>Exhibition at the Art in Progress Gallery in D\u00fcsseldorf and Munich, Germany.<\/p>\n<p>Group exhibition at the A.R.C., Paris.<\/p>\n<p>1980<\/p>\n<p>Decoration of the C.E.S. of Peyrolle.<\/p>\n<p>Michel Guy commissions the poster for the Festival d\u2019Automne from him.<\/p>\n<p>1981<\/p>\n<p>Gives a lecture at the Institut d\u2019Art, Paris.<\/p>\n<p>Exhibition of figurative paintings at the Galerie Templon, Paris.<\/p>\n<p>Settles in his studio on rue Saint-Maur. Rework the sculpture.<\/p>\n<p>1982<\/p>\n<p>Exhibition at L\u00e9o Castelli in New York.<\/p>\n<p>Begins the Deluge paintings.<\/p>\n<p>Gives a lecture at the Beaux-Arts.<\/p>\n<p>First designs for Homo Carnifex.<\/p>\n<p>1983<\/p>\n<p>Publication of the review \u201cPaintings\u201d, Cahiers Th\u00e9oriques n\u00b016\/17.<\/p>\n<p>Continuation of the work on Manet and Greco, frontality and its folds: the Assumption of the Virgin.<\/p>\n<p>Exhibition at the Maeght Foundation, Saint-Paul de Vence.<\/p>\n<p>1984<\/p>\n<p>Exhibition of Carnifex at the Galerie de France, text and presentation by Philippe Sollers.<\/p>\n<p>The painting was then shown in Venice and then in Yugoslavia.<\/p>\n<p>Presentation of the sculptures by Pierre Nahon at the F.I.A.C.<\/p>\n<p>1985<\/p>\n<p>Exhibition of the Floods at the Galerie Templon, Paris.<\/p>\n<p>Interest in the biblical text.<\/p>\n<p>First exhibition of sculptures at the Galerie Beaubourg, Paris.<\/p>\n<p>Publication of Volume I of the sculptures. Classical sculptures, resolutely figurative.<\/p>\n<p>1986<\/p>\n<p>Exhibition of paintings and sculptures at the Brompton Gallery in London, then at the Reckermann Gallery in Cologne, Germany.<\/p>\n<p>Works on a monumental public fountain project: the Flood Fountain.<\/p>\n<p>1987<\/p>\n<p>Exhibition \u201cLes in\u00e9dits de Louis Cane\u201d at the Toulon Museum, an overview of ten years of painting (1977\/1987), figurative and abstract.<\/p>\n<p>1988<\/p>\n<p>Exhibition of Crucifixions at the Galerie Gill Favre, Lyon.<\/p>\n<p>Exhibition of sculptures at the Galerie des Ponchettes, Nice.<\/p>\n<p>Exhibition of Women at the Galerie de la Gare, Bonnieux.<\/p>\n<p><span class=\"Apple-converted-space\">\u00a0<\/span>1989<\/p>\n<p>Exhibition of sculptures at the Beaubourg Gallery, Paris.<\/p>\n<p>Exhibition of Las Meninas at the Haranobu Okada Gallery, Japan.<\/p>\n<p>1990<\/p>\n<p>Exhibition of the first Water Lilies in the Chapelle Saint-Louis de la Salp\u00e9tri\u00e8re, Paris.<\/p>\n<p>Exhibition at Galerie Reckermann, Cologne, Germany.<\/p>\n<p>Exhibition at the Saint-Roch Museum, Issoudun.<\/p>\n<p>Exhibition at Robert Skalli, Fortant de France Foundation, S\u00e8te.<\/p>\n<p>Exhibition at Casa del Monte, Madrid, Spain.<\/p>\n<p>Supports-Surfaces exhibition, Ch\u00e2teau de Chambord.<\/p>\n<p>1991<\/p>\n<p>Retrospective exhibition of the Supports-Surfaces group, Museum of Contemporary Art of Saint-Etienne.<\/p>\n<p>Exhibition at the Municipal Museum of Bellas Artes in Santander, Spain.<\/p>\n<p>Exhibition at the Deutsch Belmont Foundation in Lausanne, Switzerland.<\/p>\n<p>Exhibition at the Art-Concept Gallery, in Nice.<\/p>\n<p>Exhibition at the Bjorn Olsson Gallery in Stockholm, Sweden.<\/p>\n<p>Exhibition of sculptures at the Beaubourg Gallery.<\/p>\n<p>Supports-Surfaces exhibition at the Galerie Le Chanjour, Nice.<\/p>\n<p>Publication of Marie-H\u00e9l\u00e8ne Grinfeder&#8217;s book on &#8220;The Supports-Surfaces years&#8221;.<\/p>\n<p>Exhibition at the Galerie d&#8217;Art et d&#8217;Essai, Paris.<\/p>\n<p>1992<\/p>\n<p>Exhibition at the Statengalerie, The Hague, Netherlands.<\/p>\n<p>Exhibition at the Galerie H\u00e9l\u00e8ne Trintignan, Montpellier.<\/p>\n<p>Exhibition at Artcurial, Paris.<\/p>\n<p>Exhibition at the Tel Aviv Museum of Art, Israel.<\/p>\n<p>Exhibition at the Hungarian National Gallery in Budapest, Hungary.<\/p>\n<p>Exhibition at the Westf\u00e4llisches Landesmuseum f\u00fcr Kunst und Kulturgeschichte, in M\u00fcnster, Germany.<\/p>\n<p>Exhibition at the Center Municipal Loisirs et Rencontres, Clermont-Ferrand.<\/p>\n<p>&#8220;Manifesto&#8221; exhibition at the Center Georges Pompidou, Paris.<\/p>\n<p>1993<\/p>\n<p>Exhibition at the Cultural Center of Boulogne-Billancourt.<\/p>\n<p>Exhibition at the Museum der Bildenden K\u00fcnste in Leipzig, Germany.<\/p>\n<p>Exhibitions of the Supports-Surfaces group in six cities in Japan and at the Denys Puech Museum in Rodez, France.<\/p>\n<p>Exhibition at the Bologna Fair, Italy.<\/p>\n<p>Exhibition at the Galerie Marianne and Pierre Nahon in Vence.<\/p>\n<p>The furniture and decorative objects are presented at the Salon de Mars, Paris.<\/p>\n<p>1994<\/p>\n<p>Exhibition at the Mus\u00e9e de l&#8217;Orangerie, Jardin des Tuileries, Paris.<\/p>\n<p>Exhibition at the Salon de Mars, Paris.<\/p>\n<p>Exhibition at the French Institute, in Athens and in Bari, Bonomo Gallery.<\/p>\n<p>1995<\/p>\n<p>Exhibition at the French Institute, Florence, Italy.<\/p>\n<p>Exhibition at the Salon de Mars, Paris.<\/p>\n<p>Exhibition at the Contemporary Art Museum of Cambrai.<\/p>\n<p>Exhibition at the Chartreuse Museum in Douai with Daniel Dezeuze and Claude Viallat.<\/p>\n<p>Exhibition of the Water Lilies in Chiba, at the Kawamura Memorial Museum, in Kurashiki.<\/p>\n<p>Exhibition at the Municipal Museum, in Hokkaido, Japan.<\/p>\n<p>Exhibition at the Museum of Modern Art in Takaoka, Japan.<\/p>\n<p>Exhibition of terracotta in Faenza, at the National Museum of Ceramics.<\/p>\n<p>Exhibition at the F.I.A.C. with the Beaubourg Gallery, Paris.<\/p>\n<p>Exhibition at the Palais des Congr\u00e8s, Paris.<\/p>\n<p>Exhibition in New York, Gallery 29: furniture and decorative objects.<\/p>\n<p><span class=\"Apple-converted-space\">\u00a0<\/span>1996<\/p>\n<p>Exhibition at the Salon de Mars, Paris.<\/p>\n<p>Exhibition at the Jacques Girard Gallery, Toulouse.<\/p>\n<p>Exhibition at the Patricia Dorfman Gallery, Paris.<\/p>\n<p>Exhibition in Issoudun, Museum of Contemporary Art: \u201cAngels and libello-tracted vehicles\u201d, 1985\/1995.<\/p>\n<p>Exhibition at the Manoir de Cologny, Geneva, Switzerland.<span class=\"Apple-converted-space\">\u00a0<\/span><\/p>\n<p>1997<\/p>\n<p>Modern Art Museum of Skopi\u00e9, Macedonia.<\/p>\n<p>Gallery Helene Trintignan, Montpellier.<\/p>\n<p>Rachelin-Lemarie Gallery, Paris.<\/p>\n<p>Personal exhibition at Tefaf Maastricht, Galerie Pilzer.<\/p>\n<p>1998<\/p>\n<p>Supports-Surfaces exhibition at the Jeu de Paume Museum, Paris.<\/p>\n<p>Exhibition at the Galerie Le rire bleu, Figeac.<\/p>\n<p>Exhibition at the Piltzer Gallery, Paris.<\/p>\n<p><span class=\"Apple-converted-space\">\u00a0<\/span>1999<\/p>\n<p>\u201cThe Supports-Surfaces years\u201d, Maison de la Culture, Namur, Belgium: January 15 \u2013 February 21.<\/p>\n<p>Muzeum Sztuki w Lodzi, Lodz, Poland: March 17 \u2013 May 9.<\/p>\n<p>Palazzo delle esposizioni, Rome, Italy: September 5 \u2013 October 25.<\/p>\n<p>Taidemuseo, Porl, Finland: November 11 \u2013 January 2, 2000.<\/p>\n<p>\u201cDecoration\u201d exhibition, Tecla Sala Museum, Barcelona, \u200b\u200bSpain.<\/p>\n<p>Exhibition at the Arkos Gallery, Clermont-Ferrand.<\/p>\n<p>Reissue of the Encyclopedia of Chinese Painting.<\/p>\n<p>The Threshold of Painting (collective exhibition), \u201cDella Rocca Paolina\u201d Exhibition Center, province of Perugia, Italy.<\/p>\n<p>2000<\/p>\n<p>Supports-Surfaces exhibition, Tokyo Museum of Contemporary Art, Japan: January 29 \u2013 April 2.<\/p>\n<p>Museu de Arte Moderna, Sao Paulo, Brazil: June 4 \u2013 July 30.<\/p>\n<p>Centro Cultural Banco do Brasil, Rio de Janeiro, Brazil: August 18 \u2013 October 29.<\/p>\n<p>\u201cNarcissus wounded\u201d exhibition, Passage de Retz, Paris, June-July.<\/p>\n<p>\u201cContemporary Nude\u201d exhibition, Palais de l\u2019Europe, Menton.<\/p>\n<p>\u201cNativity\u201d exhibition, paintings, Gallery 14, Paris, December 2000 \u2013 January 2001.<\/p>\n<p>2001<\/p>\n<p>\u201cL\u2019esprit Supports-Surfaces\u201d, group exhibition, Shaanxi History Museum, Xi\u2019An, Shaanxi, China: July 19 \u2013 August 5.<\/p>\n<p>\u201cFlowers\u201d \u200b\u200bexhibition, Gallery 14, Paris, October.<\/p>\n<p>Exhibition \u201cAround Nice\u201d, Marlborough Gallery, Nice, October.<\/p>\n<p>Wallace Collection, marquetry, London, October.<\/p>\n<p>Exhibition \u201cThe spirit of colors\u201d, Gallery 14, Paris.<\/p>\n<p>2002<\/p>\n<p>\u201cA woman plays with Fly-Tox\u201d, Galerie 14, Paris.<\/p>\n<p>\u201cPaintings and Sculptures\u201d, Trintignan Gallery, Montpellier.<\/p>\n<p>Supports-Surfaces exhibition at the Dorsky Gallery, New York.<\/p>\n<p>Exhibition \u201cThe 70s: Art in question\u201d at the Museum of Contemporary Art in Bordeaux.<\/p>\n<p>\u201cLibello-towed vehicles\u201d, Gallery 14, Paris, November.<\/p>\n<p><span class=\"Apple-converted-space\">\u00a0<\/span>2003<\/p>\n<p>Photo-paintings, Gallery 14, Paris.<\/p>\n<p>Exhibition \u201cpaintings, sculpture\u201d Galerie Marlborough, in Monaco.<\/p>\n<p>2004<\/p>\n<p>Exhibition \u201cpainting by Louis Cane\u201d L\u2019Espal, Le mans.<\/p>\n<p>Exhibition \u201cStoning\u201d Gallery 14, Paris.<\/p>\n<p>Arkos \u201cPaintings\u201d exhibition, Clermont-Ferrand.<\/p>\n<p>Exhibition \u201cPaintings\u201d Galerie Carnot, Avignon.<\/p>\n<p>Exhibition &#8220;Nativity II paintings&#8221; Gallery 14, Paris.<\/p>\n<p>Eucharistic Museum of Hieron, Paray Le Monial.<\/p>\n<p>Pavillon des Antiquaires, Paris.<\/p>\n<p>Citadel of Saint-Tropez, Sculptures, Marlborough Gallery of Monaco.<span class=\"Apple-converted-space\">\u00a0<\/span><\/p>\n<p>2005<\/p>\n<p>\u201cItin\u00e9ris, a via Crucis for Ofena\u201d, Italy.<\/p>\n<p>Exhibition of sculptures embracing couples, Las Meninas and abstract paintings on resin, Gana Gallery, Seoul, Korea.<\/p>\n<p>Pavillon des Antiquaires, Paris.<\/p>\n<p>Paintings: Arkos Gallery, Clermont-Ferrant.<\/p>\n<p>Paintings and sculptures: Amini Art-Monaco gallery.<\/p>\n<p>2006<\/p>\n<p>Grimaldi Museum Castle, Cagnes-sur-mer, paintings and libello-towed vehicles 1996-2006.<\/p>\n<p>Paintings and sculptures: H\u00e9l\u00e8ne Trintignant, Montpellier.<\/p>\n<p>Furniture and decorative objects: Galerie 14, Paris.<\/p>\n<p>Publication of the Monograph: \u201cPaintings 1963 \u2013 2005\u201d, Editions de la Diff\u00e9rence.<\/p>\n<p>2007<\/p>\n<p>Paintings and Sculptures: Amini Art-Monaco Gallery.<\/p>\n<p>Art-Fair pavilion, Paris.<\/p>\n<p>Backstage \u2013 University of Sciences, Nice.<\/p>\n<p>Galerie LJ Beaubourg Fair, Paris: resin paintings on wire mesh.<\/p>\n<p>Modern Art Gallery, Monaco.<\/p>\n<p>Trintignan Gallery, Montpellier.<\/p>\n<p><span class=\"Apple-converted-space\">\u00a0<\/span>2008<\/p>\n<p>LJ Beaubourg Gallery, Paris.<\/p>\n<p>Modern Art Gallery, Monaco.<\/p>\n<p>Museum of Modern Art, Monaco (plastic swing).<\/p>\n<p>Vendome Pavilion, Aix-en-Provence.<\/p>\n<p>Yamaki Fine Art Gallery, Kobe, Japan.<\/p>\n<p>2009<\/p>\n<p>B.C. Beaubourg Gallery, Paris.<\/p>\n<p>Yamaki Fine Art Gallery, Kobe, Japan.<\/p>\n<p>Art Elysee, Paris.<\/p>\n<p>2010<\/p>\n<p>Tapestry Museum, Aix en Provence.<\/p>\n<p>Saint Andr\u00e9 Abbey \u2013 Center for Contemporary Art, Meymac, France.<\/p>\n<p>B.C. Beaubourg Gallery, Paris.<\/p>\n<p>2011<\/p>\n<p>Paris Art Fair.<\/p>\n<p>Helene Trintignant Gallery, Montpellier.<\/p>\n<p>La Roche Guyon, France.<\/p>\n<p>Ceysson Gallery, Luxembourg.<\/p>\n<p>2012<\/p>\n<p>Marlborough Gallery \u2013 Monaco.<\/p>\n<p>Mamac Nice \u2013 Journey in painting 1.<\/p>\n<p>Ceysson Gallery, Saint-Etienne.<\/p>\n<p>Ceysson Gallery, Paris.<\/p>\n<p>2013<\/p>\n<p>France-Italy, Palazzo delle Promoter delle Belle Arti, Turin, Italy.<\/p>\n<p>Art Paris \u2013 Grand Palais, Paris.<\/p>\n<p>B.C. Beaubourg Gallery, Paris.<\/p>\n<p>Supports-Surfaces\u2026 and afterwards, Beaulieu Abbey in Rouergue.<\/p>\n<p>Art Paris, Grand Palais, B.C. Beaubourg Gallery, Paris.<\/p>\n<p>Mamac Nice, \u201cHello Mr. Matisse\u201d.<\/p>\n<p>Ceysson Gallery, Luxembourg.<\/p>\n<p>F.I.A.C., Grand Palais, Ceysson Gallery, Paris.<\/p>\n<p>Kunstmuseum Wolfsburg, \u201cArts and Textiles\u201d Wolfsburg, Germany.<span class=\"Apple-converted-space\">\u00a0<\/span><\/p>\n<p>2014<\/p>\n<p>B.C. Beaubourg Gallery, Paris.<\/p>\n<p>\u201cSupports\/Surfaces is alive and well\u201d, Cherry and Martin Gallery, Los Angeles.<\/p>\n<p>Support\/Surface, Canada Gallery, New York.<\/p>\n<p><span class=\"Apple-converted-space\">\u00a0<\/span>2015<\/p>\n<p>Patricia Low Gallery, Gstaad, Switzerland.<\/p>\n<p>B.C. Beaubourg Gallery, Paris \u2013 \u201cBarley Sugar\u201d exhibition.<\/p>\n<p>Torri Gallery \u201c1974\u201d Paris, France.<\/p>\n<p>Prada Foundation, collective exhibition \u201cRecto verso\u201d, Milan, Italy.<\/p>\n<p>Gallery T293, \u201cBarley sugar\u201d, Rome, Italy.<\/p>\n<p>2016<\/p>\n<p>Sainte-Croix Abbey Museum \u2013 Exhibition \u201cPassages. Towards an inhabited abstraction\u201d, Les sables d\u2019Olonne, France.<\/p>\n<p>&nbsp;<\/p>\n<p style=\"text-align: justify;\"><strong>Bibliography :<\/strong> \u00a0 `<\/p>\n<p style=\"text-align: justify;\">CORNEC Gilles, <em>Louis Cane Sculptures, vol. IV \u2013 1996-\u00a0\u00a0 2003<\/em>, \u00e9ditions Galerie 14, Paris, page 23<\/p>\n<p>[\/vc_column_text][\/vc_column][vc_column width=&#8221;1\/2&#8243;][\/vc_column][\/vc_row]<\/p>\n<\/div>","protected":false},"excerpt":{"rendered":"<p><strong>LOUIS CANE <\/strong><\/p>\n<p><strong>( 1943 &#8211; 2024 )<\/strong><\/p>\n<p>&nbsp;<\/p>\n<p>&nbsp;<\/p>\n<p><strong>Title\u00a0: \u00a0 \u00a0 \u00a0\u00ab\u00a0Grand Adam et Eve accroupis\u00a0\u00bb<\/strong><\/p>\n<p>&nbsp;<\/p>\n<p><strong>Date : \u00a0 <\/strong>\u00a01997-1998<\/p>\n<p>&nbsp;<\/p>\n<p><strong>Technique\u00a0: \u00a0\u00a0\u00a0<\/strong>Bronze<\/p>\n<p>Signed and numeroted 1\/8<\/p>\n<p>Foundry Bocquel<\/p>\n<p>&nbsp;<\/p>\n<p><strong>Dimensions\u00a0: <\/strong><\/p>\n<p>H\u00a0: 135 cm<\/p>\n<p>L : 100 cm<\/p>\n<p>P\u00a0: 95 cm<\/p>\n<p style=\"font-weight: 400;\"><strong>\u00a0<\/strong><\/p>\n<p style=\"font-weight: 400;\"><strong>\u00a0<\/strong><\/p>\n[dt_button size=\"small\" style=\"default\" animation=\"none\" color_mode=\"default\" icon=\"\" icon_align=\"left\" color=\"\" link=\"mailto:gabrielle-laroche@wanadoo.fr?subject=193_LOUIS_CANE- Couple-Accroupis\" target_blank=\"true\"]DEMANDE D&#8217;INFORMATIONS[\/dt_button]\n<p>&nbsp;<\/p>\n<p><a href=\"https:\/\/www.gabrielle-laroche.com\/en\/contemporains\/\">Retour aux contemporains<\/a><\/p>\n","protected":false},"featured_media":11488,"template":"","meta":[],"product_brand":[],"product_cat":[46],"product_tag":[],"class_list":{"0":"post-8766","1":"product","2":"type-product","3":"status-publish","4":"has-post-thumbnail","6":"product_cat-contemporary","7":"description-off","9":"first","10":"instock","11":"shipping-taxable","12":"product-type-simple"},"aioseo_notices":[],"_links":{"self":[{"href":"https:\/\/www.gabrielle-laroche.com\/en\/wp-json\/wp\/v2\/product\/8766","targetHints":{"allow":["GET"]}}],"collection":[{"href":"https:\/\/www.gabrielle-laroche.com\/en\/wp-json\/wp\/v2\/product"}],"about":[{"href":"https:\/\/www.gabrielle-laroche.com\/en\/wp-json\/wp\/v2\/types\/product"}],"wp:featuredmedia":[{"embeddable":true,"href":"https:\/\/www.gabrielle-laroche.com\/en\/wp-json\/wp\/v2\/media\/11488"}],"wp:attachment":[{"href":"https:\/\/www.gabrielle-laroche.com\/en\/wp-json\/wp\/v2\/media?parent=8766"}],"wp:term":[{"taxonomy":"product_brand","embeddable":true,"href":"https:\/\/www.gabrielle-laroche.com\/en\/wp-json\/wp\/v2\/product_brand?post=8766"},{"taxonomy":"product_cat","embeddable":true,"href":"https:\/\/www.gabrielle-laroche.com\/en\/wp-json\/wp\/v2\/product_cat?post=8766"},{"taxonomy":"product_tag","embeddable":true,"href":"https:\/\/www.gabrielle-laroche.com\/en\/wp-json\/wp\/v2\/product_tag?post=8766"}],"curies":[{"name":"wp","href":"https:\/\/api.w.org\/{rel}","templated":true}]}}