

{"id":8924,"date":"2023-02-22T12:53:54","date_gmt":"2023-02-22T11:53:54","guid":{"rendered":"https:\/\/www.gabrielle-laroche.com\/product\/france-siptrott-la-nageuse-de-scylla\/"},"modified":"2025-04-01T18:21:10","modified_gmt":"2025-04-01T16:21:10","slug":"france-siptrott-la-nageuse-de-scylla","status":"publish","type":"product","link":"https:\/\/www.gabrielle-laroche.com\/en\/product\/france-siptrott-la-nageuse-de-scylla\/","title":{"rendered":"FRANCE SIPTROTT &#8211; La Nageuse de Scylla"},"content":{"rendered":"<div class=\"wpb-content-wrapper\"><p>[vc_row][vc_column width=&#8221;1\/2&#8243;][vc_column_text]<\/p>\n<p class=\"p1\"><span class=\"s1\"><b>Exhibitions :<\/b>\u00a0 \u00a0 \u00a0 \u00a0 \u00a0 \u00a0 \u00a0\u00a0<\/span><\/p>\n<p class=\"p1\"><span class=\"s1\">Art Basel<\/span><\/p>\n<p class=\"p1\"><span class=\"s1\">FIAC Paris<\/span><\/p>\n<p class=\"p1\"><span class=\"s1\">Lineart Gand<\/span><\/p>\n<p class=\"p1\"><span class=\"s1\">I.G.I. New York<\/span><\/p>\n<p class=\"p1\"><span class=\"s1\">\u0152uvres dans les espaces publics<\/span><\/p>\n<p class=\"p1\"><span class=\"s1\">&#8220;Fontaine de Scylla&#8221;, palais des Congr\u00e8s, Strasbourg<\/span><\/p>\n<p class=\"p1\"><span class=\"s1\">&#8220;Les Hommes de la Cit\u00e9\u00a0\u00bb,\u00a0\u0153uvre \u00e0 l&#8217;Esplanade de la D\u00e9fense, Paris<\/span><\/p>\n<p class=\"p1\"><span class=\"s1\">&#8220;Saint Corbinien\u00a0\u00bb,\u00a0Saint tut\u00e9laire de la \u00a0cath\u00e9drale d&#8217;Evry<\/span><\/p>\n<p class=\"p1\"><span class=\"s1\">&#8220;Les trois gr\u00e2ces\u00a0\u00bb, Ambassade de France \u00e0 Konakry<\/span><\/p>\n<p class=\"p1\"><span class=\"s1\">&#8220;Mignonne allons voir\u00a0\u00bb, Aire d&#8217;autoroute A4<\/span><\/p>\n<p class=\"p1\"><span class=\"s1\">&#8220;Les g\u00e9nies du m\u00e9tropolitain&#8221;, Station R.A.T.P. Esplanade de la D\u00e9fense<\/span><\/p>\n<p>&nbsp;<\/p>\n<p class=\"p1\"><span class=\"s1\"><b>Bibliography :<\/b><\/span><\/p>\n<p class=\"p1\"><span class=\"s1\">France and<\/span><span class=\"s1\">\u00a0Hugues Siptrott, <em>Sarajevo mon amour,<\/em> 1995-96, SIPTROTT&#8217;S<\/span><\/p>\n<p class=\"p1\"><span class=\"s1\"><em>Peintures-sculptures-Installations<\/em>, Production de l&#8217;association Vinci\u00a0\u00a0\u00a0\u00a0\u00a0\u00a0\u00a0<\/span><\/p>\n<p>[\/vc_column_text][\/vc_column][vc_column width=&#8221;1\/2&#8243;][\/vc_column][\/vc_row]<\/p>\n<\/div>","protected":false},"excerpt":{"rendered":"<h4><b>FRANCE SIPTROTT<\/b><\/h4>\n<p>Born in 1950<\/p>\n<h4><b>\u00a0<\/b><\/h4>\n<h4><b><i>\u00a0La Nageuse de Scylla\u00a0<\/i><\/b><\/h4>\n<p>&nbsp;<\/p>\n<p>Unique Piece<\/p>\n<p>Polychrome Terracotta<\/p>\n<p><b>\u00a0<\/b><\/p>\n<p>Height : 144 cm<\/p>\n<p>Width : 94 cm<\/p>\n<p>Depth : 69 cm<\/p>\n<p>&nbsp;<\/p>\n<p>&nbsp;<\/p>\n[dt_button size=\"small\" style=\"default\" animation=\"none\" color_mode=\"default\" icon=\"\" icon_align=\"left\" color=\"\" link=\"mailto:gabrielle-laroche@wanadoo.fr?subject=208_FRANCE SIPTROTT_Nageuse_de_Scyilla\" target_blank=\"true\"]DEMANDE D&#8217;INFORMATIONS[\/dt_button]\n<p>&nbsp;<\/p>\n<p><a href=\"\/fr\/contemporains\/\">Retour aux contemporains<\/a><\/p>\n","protected":false},"featured_media":8922,"template":"","meta":[],"product_brand":[],"product_cat":[79],"product_tag":[],"class_list":{"0":"post-8924","1":"product","2":"type-product","3":"status-publish","4":"has-post-thumbnail","6":"product_cat-uncategorized-en","7":"description-off","9":"first","10":"instock","11":"shipping-taxable","12":"product-type-simple"},"aioseo_notices":[],"_links":{"self":[{"href":"https:\/\/www.gabrielle-laroche.com\/en\/wp-json\/wp\/v2\/product\/8924","targetHints":{"allow":["GET"]}}],"collection":[{"href":"https:\/\/www.gabrielle-laroche.com\/en\/wp-json\/wp\/v2\/product"}],"about":[{"href":"https:\/\/www.gabrielle-laroche.com\/en\/wp-json\/wp\/v2\/types\/product"}],"wp:featuredmedia":[{"embeddable":true,"href":"https:\/\/www.gabrielle-laroche.com\/en\/wp-json\/wp\/v2\/media\/8922"}],"wp:attachment":[{"href":"https:\/\/www.gabrielle-laroche.com\/en\/wp-json\/wp\/v2\/media?parent=8924"}],"wp:term":[{"taxonomy":"product_brand","embeddable":true,"href":"https:\/\/www.gabrielle-laroche.com\/en\/wp-json\/wp\/v2\/product_brand?post=8924"},{"taxonomy":"product_cat","embeddable":true,"href":"https:\/\/www.gabrielle-laroche.com\/en\/wp-json\/wp\/v2\/product_cat?post=8924"},{"taxonomy":"product_tag","embeddable":true,"href":"https:\/\/www.gabrielle-laroche.com\/en\/wp-json\/wp\/v2\/product_tag?post=8924"}],"curies":[{"name":"wp","href":"https:\/\/api.w.org\/{rel}","templated":true}]}}