

{"id":9138,"date":"2023-03-28T17:43:16","date_gmt":"2023-03-28T15:43:16","guid":{"rendered":"https:\/\/www.gabrielle-laroche.com\/?post_type=product&#038;p=9138"},"modified":"2023-03-29T17:53:57","modified_gmt":"2023-03-29T15:53:57","slug":"armoire-dapothicaire-neogothique","status":"publish","type":"product","link":"https:\/\/www.gabrielle-laroche.com\/en\/product\/armoire-dapothicaire-neogothique\/","title":{"rendered":"ARMOIRE D\u2019APOTHICAIRE N\u00c9OGOTHIQUE"},"content":{"rendered":"<div class=\"wpb-content-wrapper\"><p>[vc_row][vc_column width=&#8221;1\/2&#8243;][vc_column_text]<\/p>\n<p style=\"text-align: justify;\">Armoire d\u2019apothicaire en bois \u00e0 d\u00e9cor sculpt\u00e9 de style n\u00e9ogothique. Les chapiteaux sont sculpt\u00e9s de Baphomets tenant par les cheveux deux personnages pour l&#8217;un et d&#8217;oiseaux fantastiques pour l&#8217;autre.<\/p>\n<p style=\"text-align: justify;\">Idole v\u00e9n\u00e9r\u00e9e par les chevaliers de l\u2019Ordre du Temple, le plus souvent repr\u00e9sent\u00e9 par la t\u00eate d\u2019un homme barbu \u2013 mais pas seulement. Les templiers \u00e0 la chute des Etats latins d\u2019Orient en 1291, s\u2019exilent nombreux en France et repr\u00e9sentent une force militaire et financi\u00e8re puissante face au pouvoir royal affaiblit par les dettes.<\/p>\n<p style=\"text-align: justify;\">Ils ont en outre, \u00e9t\u00e9 accus\u00e9s d\u2019apostasie pour avoir en Orient reni\u00e9 le Christ et ador\u00e9 Baphomet mais aussi, selon l\u2019une des nombreuses interpr\u00e9tations, il s\u2019agit d\u2019un nom de code signifiant sagesse\u2026<\/p>\n<p>[\/vc_column_text][\/vc_column][vc_column width=&#8221;1\/2&#8243;][\/vc_column][\/vc_row]<\/p>\n<\/div>","protected":false},"excerpt":{"rendered":"<p><strong>ARMOIRE D\u2019APOTHICAIRE N\u00c9OGOTHIQUE<\/strong><\/p>\n<p>&nbsp;<\/p>\n<p><strong>ORIGINE<\/strong>\u00a0: FRANCE<\/p>\n<p><strong>\u00c9POQUE<\/strong> :\u00a0Vers 1900<\/p>\n<p>&nbsp;<\/p>\n<p>&nbsp;<\/p>\n<p>Hauteur\u00a0: 177\u00a0cm<\/p>\n<p>Longueur\u00a0: 167\u00a0cm<\/p>\n<p>Profondeur\u00a0: 60\u00a0cm<\/p>\n<p>&nbsp;<\/p>\n<p>&nbsp;<\/p>\n<p>Bon \u00e9tat de conservation<\/p>\n<p>&nbsp;<\/p>\n<p>&nbsp;<\/p>\n<p>&nbsp;<\/p>\n[dt_button size=\"small\" style=\"default\" animation=\"none\" color_mode=\"default\" icon=\"\" icon_align=\"left\" color=\"\" link=\"mailto:gabrielle-laroche@wanadoo.fr?subject=152__ARMOIRE_D\u2019APOTHICAIRE_N\u00c9OGOTHIQUE\" target_blank=\"true\"]DEMANDE D&#8217;INFORMATIONS[\/dt_button]\n<p>&nbsp;<\/p>\n<p><a href=\"\/fr\/antiquites\/mobilier\/meubles\/\">Retour aux meubles<\/a><\/p>\n","protected":false},"featured_media":0,"template":"","meta":[],"product_brand":[],"product_cat":[17],"product_tag":[],"class_list":{"0":"post-9138","1":"product","2":"type-product","3":"status-publish","5":"product_cat-uncategorized","6":"description-off","8":"first","9":"instock","10":"shipping-taxable","11":"product-type-simple"},"aioseo_notices":[],"_links":{"self":[{"href":"https:\/\/www.gabrielle-laroche.com\/en\/wp-json\/wp\/v2\/product\/9138","targetHints":{"allow":["GET"]}}],"collection":[{"href":"https:\/\/www.gabrielle-laroche.com\/en\/wp-json\/wp\/v2\/product"}],"about":[{"href":"https:\/\/www.gabrielle-laroche.com\/en\/wp-json\/wp\/v2\/types\/product"}],"wp:attachment":[{"href":"https:\/\/www.gabrielle-laroche.com\/en\/wp-json\/wp\/v2\/media?parent=9138"}],"wp:term":[{"taxonomy":"product_brand","embeddable":true,"href":"https:\/\/www.gabrielle-laroche.com\/en\/wp-json\/wp\/v2\/product_brand?post=9138"},{"taxonomy":"product_cat","embeddable":true,"href":"https:\/\/www.gabrielle-laroche.com\/en\/wp-json\/wp\/v2\/product_cat?post=9138"},{"taxonomy":"product_tag","embeddable":true,"href":"https:\/\/www.gabrielle-laroche.com\/en\/wp-json\/wp\/v2\/product_tag?post=9138"}],"curies":[{"name":"wp","href":"https:\/\/api.w.org\/{rel}","templated":true}]}}