

{"id":9193,"date":"2021-04-18T12:00:35","date_gmt":"2021-04-18T10:00:35","guid":{"rendered":"https:\/\/www.gabrielle-laroche.com\/product\/important-lit-de-la-renaissance-francaise\/"},"modified":"2023-04-03T17:10:39","modified_gmt":"2023-04-03T15:10:39","slug":"important-lit-de-la-renaissance-francaise","status":"publish","type":"product","link":"https:\/\/www.gabrielle-laroche.com\/en\/product\/important-lit-de-la-renaissance-francaise\/","title":{"rendered":"IMPORTANT FRENCH RENAISSANCE BED"},"content":{"rendered":"<div class=\"wpb-content-wrapper\"><p>[vc_row][vc_column width=&#8221;1\/2&#8243;][vc_column_text]<\/p>\n<p style=\"text-align: justify;\">A major piece of furniture, the bed is at the centre of the great events of life, a scene governed by etiquette and the rules of propriety. It also occupies a certain place in the ceremonial room in relation to the fireplace, which differs according to Italian fashion (opposite corner) or French usage (next to it).<\/p>\n<p style=\"text-align: justify;\">The role of the cloths remained decisive, and the hanging canopy was in common use throughout the 16th century. The posts then only go up to a certain height, as here, to hang the bed-hangings. At the four corners, the posts take on the appearance of ringed spindles, with the base covered in foliage and the top spread out like a spinning top.<\/p>\n<p style=\"text-align: justify;\">The posts rest on a frame mounted on four feet, turned into a high necked vase.On the head of the bed rises a curvilinear indented pediment, stamped in its centre with a shell.<\/p>\n<p style=\"text-align: justify;\">Accosted by roses topped with variegated foliage, it is surmounted by a pleasing fleur-de-lis motif which stands out and crowns the pediment.<\/p>\n<p style=\"text-align: justify;\">The bed proposed here can be compared to the one in the former Charbri\u00e8re Arl\u00e8s collection.<\/p>\n<p>[\/vc_column_text][\/vc_column][vc_column width=&#8221;1\/2&#8243;][\/vc_column][\/vc_row][vc_row][vc_column width=&#8221;1\/2&#8243;][vc_single_image image=&#8221;9189&#8243; img_size=&#8221;medium&#8221; alignment=&#8221;center&#8221;][\/vc_column][vc_column width=&#8221;1\/2&#8243;][\/vc_column][\/vc_row][vc_row][vc_column width=&#8221;1\/2&#8243;][vc_column_text]Couchette\u00a0from the former Chabri\u00e8re Arl\u00e8s collection dated 1583 ( origin : ch\u00e2teau de Tr\u00e9minis )[\/vc_column_text][\/vc_column][vc_column width=&#8221;1\/2&#8243;][\/vc_column][\/vc_row]<\/p>\n<\/div>","protected":false},"excerpt":{"rendered":"<p><strong>IMPORTANT FRENCH RENAISSANCE BED<\/strong><\/p>\n<p>&nbsp;<\/p>\n<p><strong>ORIGIN : FRANCE<\/strong><\/p>\n<p><strong>PERIOD : 16th CENTURY<\/strong><\/p>\n<p>&nbsp;<\/p>\n<p>Height: \u00a0\u00a0156 cm<\/p>\n<p>Length:\u00a0157 cm<\/p>\n<p>Depth:\u00a0215 cm<\/p>\n<p>&nbsp;<\/p>\n<p>Walnut<\/p>\n<p>Good conditions<\/p>\n<p>&nbsp;<\/p>\n<p>&nbsp;<\/p>\n[dt_button size=\"small\" style=\"default\" animation=\"none\" color_mode=\"default\" icon=\"\" icon_align=\"left\" color=\"\" link=\"mailto:gabrielle-laroche@wanadoo.fr?subject=298_IMPORTANT_FRENCH_RENAISSANCE_BED\" target_blank=\"true\"]DEMANDE D&#8217;INFORMATIONS[\/dt_button]\n<p>&nbsp;<\/p>\n<p><a href=\"\/fr\/antiquites\/mobilier\/meubles\/\">Retour aux meubles<\/a><\/p>\n","protected":false},"featured_media":9192,"template":"","meta":[],"product_brand":[],"product_cat":[79],"product_tag":[],"class_list":{"0":"post-9193","1":"product","2":"type-product","3":"status-publish","4":"has-post-thumbnail","6":"product_cat-uncategorized-en","7":"description-off","9":"first","10":"instock","11":"shipping-taxable","12":"product-type-simple"},"aioseo_notices":[],"_links":{"self":[{"href":"https:\/\/www.gabrielle-laroche.com\/en\/wp-json\/wp\/v2\/product\/9193","targetHints":{"allow":["GET"]}}],"collection":[{"href":"https:\/\/www.gabrielle-laroche.com\/en\/wp-json\/wp\/v2\/product"}],"about":[{"href":"https:\/\/www.gabrielle-laroche.com\/en\/wp-json\/wp\/v2\/types\/product"}],"wp:featuredmedia":[{"embeddable":true,"href":"https:\/\/www.gabrielle-laroche.com\/en\/wp-json\/wp\/v2\/media\/9192"}],"wp:attachment":[{"href":"https:\/\/www.gabrielle-laroche.com\/en\/wp-json\/wp\/v2\/media?parent=9193"}],"wp:term":[{"taxonomy":"product_brand","embeddable":true,"href":"https:\/\/www.gabrielle-laroche.com\/en\/wp-json\/wp\/v2\/product_brand?post=9193"},{"taxonomy":"product_cat","embeddable":true,"href":"https:\/\/www.gabrielle-laroche.com\/en\/wp-json\/wp\/v2\/product_cat?post=9193"},{"taxonomy":"product_tag","embeddable":true,"href":"https:\/\/www.gabrielle-laroche.com\/en\/wp-json\/wp\/v2\/product_tag?post=9193"}],"curies":[{"name":"wp","href":"https:\/\/api.w.org\/{rel}","templated":true}]}}