

{"id":9257,"date":"2021-04-01T14:45:53","date_gmt":"2021-04-01T12:45:53","guid":{"rendered":"https:\/\/www.gabrielle-laroche.com\/product\/important-coffre-bombe\/"},"modified":"2023-04-05T18:13:58","modified_gmt":"2023-04-05T16:13:58","slug":"important-coffre-bombe","status":"publish","type":"product","link":"https:\/\/www.gabrielle-laroche.com\/en\/product\/important-coffre-bombe\/","title":{"rendered":"LARGE DOME CHEST"},"content":{"rendered":"<div class=\"wpb-content-wrapper\"><p>[vc_row][vc_column width=&#8221;1\/2&#8243;][vc_column_text]Coffre de voyage, ce coffre s\u2019inspire par sa structure des malles dont la fonction est similaire.<span class=\"Apple-converted-space\">\u00a0<\/span><\/p>\n<p>Il repose sur une base d\u00e9coup\u00e9e. Les diff\u00e9rentes faces sont assembl\u00e9es \u00e0 coupe d\u2019onglet tandis qu\u2019un r\u00e9seau de pentures et d\u2019\u00e9l\u00e9ments m\u00e9talliques en renforce la structure. Ces derniers constituent un riche d\u00e9cor en fer forg\u00e9, d\u00e9coup\u00e9 et ajour\u00e9. Ces platins des pentures, des \u00e9coin\u00e7ons et des corni\u00e8res prennent la forme de tiges et de feuilles. Une importante plaque de serrure, pos\u00e9e en applique parach\u00e8ve l\u2019ornementation du coffre.[\/vc_column_text][\/vc_column][vc_column width=&#8221;1\/2&#8243;][\/vc_column][\/vc_row][vc_row][vc_column width=&#8221;1\/2&#8243;][\/vc_column][\/vc_row][vc_row][vc_column width=&#8221;1\/2&#8243;][\/vc_column][\/vc_row]<\/p>\n<\/div>","protected":false},"excerpt":{"rendered":"<h4>LARGE DOME CHEST<\/h4>\n<p>&nbsp;<\/p>\n<p><strong>ORIGIN : NOTHERN GERMANY<\/strong><\/p>\n<p><strong>PERIOD \u00a0: 17th CENTURY<\/strong><\/p>\n<p>&nbsp;<\/p>\n<p>&nbsp;<\/p>\n<p>Height : \u00a081 cm<\/p>\n<p>Length :\u00a0124 cm<\/p>\n<p>Depth \u00a0: 64 cm<\/p>\n<p>&nbsp;<\/p>\n<p>&nbsp;<\/p>\n<p>&nbsp;<\/p>\n[dt_button size=\"small\" style=\"default\" animation=\"none\" color_mode=\"default\" icon=\"\" icon_align=\"left\" color=\"\" link=\"mailto:gabrielle-laroche@wanadoo.fr?subject=279_LARGE_DOME_CHEST\u2009\" target_blank=\"true\"]DEMANDE D&#8217;INFORMATIONS[\/dt_button]\n<p>&nbsp;<\/p>\n<p>&nbsp;<\/p>\n<p>&nbsp;<\/p>\n<p><a href=\"\/fr\/antiquites\/mobilier\/meubles\/\">Retour aux meubles<\/a><\/p>\n","protected":false},"featured_media":9252,"template":"","meta":[],"product_brand":[],"product_cat":[79],"product_tag":[],"class_list":{"0":"post-9257","1":"product","2":"type-product","3":"status-publish","4":"has-post-thumbnail","6":"product_cat-uncategorized-en","7":"description-off","9":"first","10":"instock","11":"shipping-taxable","12":"product-type-simple"},"aioseo_notices":[],"_links":{"self":[{"href":"https:\/\/www.gabrielle-laroche.com\/en\/wp-json\/wp\/v2\/product\/9257","targetHints":{"allow":["GET"]}}],"collection":[{"href":"https:\/\/www.gabrielle-laroche.com\/en\/wp-json\/wp\/v2\/product"}],"about":[{"href":"https:\/\/www.gabrielle-laroche.com\/en\/wp-json\/wp\/v2\/types\/product"}],"wp:featuredmedia":[{"embeddable":true,"href":"https:\/\/www.gabrielle-laroche.com\/en\/wp-json\/wp\/v2\/media\/9252"}],"wp:attachment":[{"href":"https:\/\/www.gabrielle-laroche.com\/en\/wp-json\/wp\/v2\/media?parent=9257"}],"wp:term":[{"taxonomy":"product_brand","embeddable":true,"href":"https:\/\/www.gabrielle-laroche.com\/en\/wp-json\/wp\/v2\/product_brand?post=9257"},{"taxonomy":"product_cat","embeddable":true,"href":"https:\/\/www.gabrielle-laroche.com\/en\/wp-json\/wp\/v2\/product_cat?post=9257"},{"taxonomy":"product_tag","embeddable":true,"href":"https:\/\/www.gabrielle-laroche.com\/en\/wp-json\/wp\/v2\/product_tag?post=9257"}],"curies":[{"name":"wp","href":"https:\/\/api.w.org\/{rel}","templated":true}]}}