

{"id":9602,"date":"2023-08-28T17:19:27","date_gmt":"2023-08-28T15:19:27","guid":{"rendered":"https:\/\/www.gabrielle-laroche.com\/product\/rare-cabinet-de-la-renaissance-a-decor-de-doiseau-et-de-fenestrages\/"},"modified":"2023-08-28T17:35:04","modified_gmt":"2023-08-28T15:35:04","slug":"rare-cabinet-de-la-renaissance-a-decor-de-doiseau-et-de-fenestrages","status":"publish","type":"product","link":"https:\/\/www.gabrielle-laroche.com\/en\/product\/rare-cabinet-de-la-renaissance-a-decor-de-doiseau-et-de-fenestrages\/","title":{"rendered":"RARE RENAISSANCE CABINET WITH FEATHER QUILL AND FENESTRATION DECORATION"},"content":{"rendered":"<div class=\"wpb-content-wrapper\"><p>[vc_row][vc_column width=&#8221;1\/2&#8243;][vc_column_text]<\/p>\n<p style=\"text-align: justify;\">This cabinet of great sobriety combines a perfectly architectural structure with a rich, elegant and finely executed decoration.<\/p>\n<p style=\"text-align: justify;\">Composed of a single body, this cabinet rises on a moulded base and opens to four leaves. The jambs are garnished with graceful bird&#8217;s quills. On the leaves, the pennants form a frame and divide each panel in two. They are accompanied at the four corners by beautiful roses.<\/p>\n<p style=\"text-align: justify;\">The narrow panels thus formed are carved with ornamentation such as dead arcades, all adorned with flamboyant fillings composed of two lancets and a network of bellows and spandrels in which small flowers are inscribed.<\/p>\n<p style=\"text-align: justify;\">A frieze of dentils underlines the slightly overhanging cornice.<\/p>\n<p style=\"text-align: justify;\">The sides are treated with more sobriety. They feature simply moulded panels.<\/p>\n<p style=\"text-align: justify;\">The ornamentation is very uniform and the decor, governed by perfect symmetry, gives pride of place to two extremely popular motifs of the 16th century, namely bird&#8217;s quills and flamboyant fenestration.<br \/>\nThe latter is derived from the Gothic architectural theme, which was particularly used throughout the 15th century to decorate chests, chests of drawers and cabinets.<\/p>\n<p style=\"text-align: justify;\">D\u2019une grande unit\u00e9 d\u2019ornementation ce d\u00e9cor, r\u00e9gi par une parfaite sym\u00e9trie, fait la part belle \u00e0 deux motifs extr\u00eamement populaires au XVIe si\u00e8cle que sont les pennes d\u2019oiseaux et les fenestrages flamboyants.<span class=\"Apple-converted-space\">\u00a0<\/span><\/p>\n<p style=\"text-align: justify;\">Ce dernier d\u00e9rive du th\u00e8me architectural gothique, particuli\u00e8rement utilis\u00e9 tout au long du XVe si\u00e8cle pour d\u00e9corer coffres et chay\u00e8res et cabinets.<span class=\"Apple-converted-space\">\u00a0<\/span><\/p>\n<p>[\/vc_column_text][\/vc_column][vc_column width=&#8221;1\/2&#8243;][\/vc_column][\/vc_row]<\/p>\n<\/div>","protected":false},"excerpt":{"rendered":"<h4><strong>RARE RENAISSANCE CABINET WITH FEATHER QUILL AND FENESTRATION DECORATION<\/strong><\/h4>\n<p>&nbsp;<\/p>\n<p>ORIGIN: FRANCE<\/p>\n<p>PERIOD: EARLY 16th CENTURY<\/p>\n<p>&nbsp;<\/p>\n<p>Height\u00a0: \u00a0178 cm<\/p>\n<p>Length\u00a0:\u00a0145 cm<\/p>\n<p>Depth\u00a0:\u00a058 cm<\/p>\n<p>&nbsp;<\/p>\n<p>Walnut wood<\/p>\n<p>Good state of conservation<\/p>\n<p>Original keys and locks<\/p>\n<p>&nbsp;<\/p>\n[dt_button size=\"small\" style=\"default\" animation=\"none\" color_mode=\"default\" icon=\"\" icon_align=\"left\" color=\"\" link=\"mailto:gabrielle-laroche@wanadoo.fr?subject=10_RARE_RENAISSANCE_CABINET_WITH_FEATHER_QUILL_AND_FENESTRATION_DECORATIONS\u2009\" target_blank=\"true\"]DEMANDE D&#8217;INFORMATIONS[\/dt_button]\n<p>&nbsp;<\/p>\n<p><a href=\"\/fr\/antiquites\/mobilier\/meubles\/\">Retour aux meubles<\/a><\/p>\n","protected":false},"featured_media":9601,"template":"","meta":[],"product_brand":[],"product_cat":[34],"product_tag":[],"class_list":{"0":"post-9602","1":"product","2":"type-product","3":"status-publish","4":"has-post-thumbnail","6":"product_cat-furnitures","7":"description-off","9":"first","10":"instock","11":"shipping-taxable","12":"product-type-simple"},"aioseo_notices":[],"_links":{"self":[{"href":"https:\/\/www.gabrielle-laroche.com\/en\/wp-json\/wp\/v2\/product\/9602","targetHints":{"allow":["GET"]}}],"collection":[{"href":"https:\/\/www.gabrielle-laroche.com\/en\/wp-json\/wp\/v2\/product"}],"about":[{"href":"https:\/\/www.gabrielle-laroche.com\/en\/wp-json\/wp\/v2\/types\/product"}],"wp:featuredmedia":[{"embeddable":true,"href":"https:\/\/www.gabrielle-laroche.com\/en\/wp-json\/wp\/v2\/media\/9601"}],"wp:attachment":[{"href":"https:\/\/www.gabrielle-laroche.com\/en\/wp-json\/wp\/v2\/media?parent=9602"}],"wp:term":[{"taxonomy":"product_brand","embeddable":true,"href":"https:\/\/www.gabrielle-laroche.com\/en\/wp-json\/wp\/v2\/product_brand?post=9602"},{"taxonomy":"product_cat","embeddable":true,"href":"https:\/\/www.gabrielle-laroche.com\/en\/wp-json\/wp\/v2\/product_cat?post=9602"},{"taxonomy":"product_tag","embeddable":true,"href":"https:\/\/www.gabrielle-laroche.com\/en\/wp-json\/wp\/v2\/product_tag?post=9602"}],"curies":[{"name":"wp","href":"https:\/\/api.w.org\/{rel}","templated":true}]}}