

{"id":2,"date":"2021-02-04T17:19:44","date_gmt":"2021-02-04T16:19:44","guid":{"rendered":"http:\/\/mrplwpw.cluster030.hosting.ovh.net\/?page_id=2"},"modified":"2023-12-18T18:06:43","modified_gmt":"2023-12-18T17:06:43","slug":"accueil","status":"publish","type":"page","link":"https:\/\/www.gabrielle-laroche.com\/fr\/","title":{"rendered":"Accueil"},"content":{"rendered":"<div class=\"wpb-content-wrapper\"><p>[vc_row][vc_column][vc_column_text]<span style=\"color: #ab535d;\"><strong>Membre du SNA Syndicat National des Antiquaires<\/strong><\/span><br \/>\n<span style=\"color: #ab535d;\"><strong>Membre du CECOA Chambre Europ\u00e9enne des Experts-Conseil en \u0152uvres d\u2019Art<\/strong><\/span><br \/>\n<span style=\"color: #ab535d;\"><strong>Membre du Carr\u00e9 Rive Gauche<\/strong><\/span>[\/vc_column_text][vc_empty_space height=\u00a0\u00bb26px\u00a0\u00bb]<div class=\"hr-thin style-line accent-border-color\" style=\"width: 100%;\"><\/div>[vc_empty_space height=\u00a0\u00bb20px\u00a0\u00bb][vc_row_inner][vc_column_inner width=\u00a0\u00bb1\/4&Prime;][vc_column_text]<\/p>\n<p class=\"p1\"><span class=\"s1\">Gabrielle Laroche pr\u00e9sente aux passionn\u00e9s d\u2019art des \u0153uvres de qualit\u00e9, originales et souvent uniques.<\/span><\/p>\n<p class=\"p1\"><span class=\"s1\">Sp\u00e9cialiste de la sculpture du Moyen Age et du mobilier de la Renaissance (Haute Epoque), elle expose avec la m\u00eame passion, depuis quelques ann\u00e9es, des sculptures modernes et contemporaines dont un grand nombre sont des pi\u00e8ces uniques.<\/span><\/p>\n<p class=\"p1\"><span class=\"s1\">En associant la Haute Epoque et la cr\u00e9ation contemporaine, Gabrielle Laroche cr\u00e9\u00e9 un univers de caract\u00e8re qui lui est propre.\u00a0<\/span><\/p>\n<p>&nbsp;<\/p>\n<p><span style=\"color: #c8364e;\"><strong>D\u00e9couvrez notre dernier catalogue :<\/strong><\/span><br \/>\n<a href=\"https:\/\/www.gabrielle-laroche.com\/fr\/project\/selection-de-septembre-2021\/\"><span style=\"color: #ffffff;\">S\u00e9lection de Septembre<\/span><\/a><br \/>\n<span style=\"color: #ffffff;\"><a style=\"color: #ffffff;\" href=\"\/fr\/catalogues\/\" rel=\"noopener\">Tous nos catalogues<\/a><\/span><\/p>\n<p><span style=\"color: #c8364e;\"><strong>La galerie en image :<\/strong><\/span><br \/>\n<a href=\"https:\/\/www.youtube.com\/channel\/UCyzot_wLRxIdhdG5nRS2DUA\"><span style=\"color: #ffffff;\">Toutes nos vid\u00e9os<\/span><\/a><\/p>\n<p>&nbsp;<\/p>\n<p><a href=\"mailto:gabrielle-laroche@wanadoo.fr?subject=Je%20souhaite%20recevoir%20la%20newsletter%20de%20la%20galerie\" class=\"dt-btn-s dt-btn\" target=\"_blank\">RECEVEZ LA NEWSLETTER<\/a>[\/vc_column_text][\/vc_column_inner][vc_column_inner width=\u00a0\u00bb1\/4&Prime;][vc_single_image image=\u00a0\u00bb7148&Prime; img_size=\u00a0\u00bbfull\u00a0\u00bb alignment=\u00a0\u00bbcenter\u00a0\u00bb onclick=\u00a0\u00bbcustom_link\u00a0\u00bb link=\u00a0\u00bbhttps:\/\/www.gabrielle-laroche.com\/fr\/product\/importante-vierge-lorraine-du-xive-siecle-en-pierre-calcaire-polychromee\/\u00a0\u00bb][\/vc_column_inner][vc_column_inner width=\u00a0\u00bb1\/4&Prime;][vc_single_image image=\u00a0\u00bb10168&Prime; img_size=\u00a0\u00bbfull\u00a0\u00bb alignment=\u00a0\u00bbcenter\u00a0\u00bb onclick=\u00a0\u00bbcustom_link\u00a0\u00bb link=\u00a0\u00bbhttps:\/\/www.gabrielle-laroche.com\/fr\/product\/important-renaissance-cabinet-with-mother-of-pearl-and-ivory-inlays\/\u00a0\u00bb][\/vc_column_inner][vc_column_inner width=\u00a0\u00bb1\/4&Prime;][vc_single_image image=\u00a0\u00bb7913&Prime; img_size=\u00a0\u00bbfull\u00a0\u00bb alignment=\u00a0\u00bbcenter\u00a0\u00bb onclick=\u00a0\u00bbcustom_link\u00a0\u00bb link=\u00a0\u00bbhttps:\/\/www.gabrielle-laroche.com\/fr\/product\/importante-vierge-a-lenfant-du-xve-siecle-en-bois-sculpte-polychrome\/\u00a0\u00bb][\/vc_column_inner][\/vc_row_inner][\/vc_column][\/vc_row]<\/p>\n<\/div>","protected":false},"excerpt":{"rendered":"<p>[vc_row][vc_column][vc_column_text]Membre du SNA Syndicat National des Antiquaires Membre du CECOA Chambre Europ\u00e9enne des Experts-Conseil en \u0152uvres d\u2019Art Membre du Carr\u00e9 Rive Gauche[\/vc_column_text][vc_empty_space height=\u00a0\u00bb26px\u00a0\u00bb][vc_empty_space height=\u00a0\u00bb20px\u00a0\u00bb][vc_row_inner][vc_column_inner width=\u00a0\u00bb1\/4&Prime;][vc_column_text] Gabrielle Laroche pr\u00e9sente aux passionn\u00e9s d\u2019art des \u0153uvres de qualit\u00e9, originales et souvent uniques. Sp\u00e9cialiste de la sculpture du Moyen Age et du mobilier de la Renaissance (Haute Epoque), elle&hellip;<\/p>\n","protected":false},"author":1,"featured_media":0,"parent":0,"menu_order":0,"comment_status":"closed","ping_status":"closed","template":"","meta":{"footnotes":""},"class_list":["post-2","page","type-page","status-publish","hentry","description-off"],"aioseo_notices":[],"_links":{"self":[{"href":"https:\/\/www.gabrielle-laroche.com\/fr\/wp-json\/wp\/v2\/pages\/2","targetHints":{"allow":["GET"]}}],"collection":[{"href":"https:\/\/www.gabrielle-laroche.com\/fr\/wp-json\/wp\/v2\/pages"}],"about":[{"href":"https:\/\/www.gabrielle-laroche.com\/fr\/wp-json\/wp\/v2\/types\/page"}],"author":[{"embeddable":true,"href":"https:\/\/www.gabrielle-laroche.com\/fr\/wp-json\/wp\/v2\/users\/1"}],"replies":[{"embeddable":true,"href":"https:\/\/www.gabrielle-laroche.com\/fr\/wp-json\/wp\/v2\/comments?post=2"}],"version-history":[{"count":84,"href":"https:\/\/www.gabrielle-laroche.com\/fr\/wp-json\/wp\/v2\/pages\/2\/revisions"}],"predecessor-version":[{"id":10172,"href":"https:\/\/www.gabrielle-laroche.com\/fr\/wp-json\/wp\/v2\/pages\/2\/revisions\/10172"}],"wp:attachment":[{"href":"https:\/\/www.gabrielle-laroche.com\/fr\/wp-json\/wp\/v2\/media?parent=2"}],"curies":[{"name":"wp","href":"https:\/\/api.w.org\/{rel}","templated":true}]}}