

{"id":56,"date":"2021-02-05T10:53:57","date_gmt":"2021-02-05T09:53:57","guid":{"rendered":"http:\/\/mrplwpw.cluster030.hosting.ovh.net\/?page_id=56"},"modified":"2024-10-03T15:41:54","modified_gmt":"2024-10-03T13:41:54","slug":"actualites","status":"publish","type":"page","link":"https:\/\/www.gabrielle-laroche.com\/fr\/actualites\/","title":{"rendered":"Actualit\u00e9s"},"content":{"rendered":"<div class=\"wpb-content-wrapper\"><p>[vc_row][vc_column][vc_empty_space][vc_column_text]Septembre 2024[\/vc_column_text][vc_empty_space][vc_empty_space][vc_video link=\u00a0\u00bbhttps:\/\/www.youtube.com\/watch?v=VXWzpK7ci7s\u00a0\u00bb align=\u00a0\u00bbcenter\u00a0\u00bb title=\u00a0\u00bbExposition L&rsquo;Or et L&rsquo;Orient\u00a0\u00bb][\/vc_column][\/vc_row][vc_row][vc_column][vc_empty_space][vc_empty_space][vc_empty_space][vc_single_image image=\u00a0\u00bb10613&Prime; img_size=\u00a0\u00bbmedium\u00a0\u00bb alignment=\u00a0\u00bbcenter\u00a0\u00bb][vc_empty_space][vc_single_image image=\u00a0\u00bb10610&Prime; img_size=\u00a0\u00bbmedium\u00a0\u00bb alignment=\u00a0\u00bbcenter\u00a0\u00bb][vc_empty_space][vc_empty_space][vc_empty_space][vc_column_text]Juin 2024[\/vc_column_text][vc_empty_space][vc_single_image image=\u00a0\u00bb10617&Prime; img_size=\u00a0\u00bbmedium\u00a0\u00bb alignment=\u00a0\u00bbcenter\u00a0\u00bb][vc_empty_space][vc_empty_space][vc_empty_space][vc_column_text]Janvier 2024[\/vc_column_text][vc_empty_space][vc_single_image image=\u00a0\u00bb10620&Prime; img_size=\u00a0\u00bbmedium\u00a0\u00bb alignment=\u00a0\u00bbcenter\u00a0\u00bb][vc_empty_space][vc_empty_space][vc_empty_space][vc_column_text]Septembre 2023[\/vc_column_text][vc_empty_space][vc_single_image image=\u00a0\u00bb10624&Prime; img_size=\u00a0\u00bbmedium\u00a0\u00bb alignment=\u00a0\u00bbcenter\u00a0\u00bb][vc_empty_space][vc_empty_space][vc_empty_space][vc_column_text]Mai 2023[\/vc_column_text][vc_empty_space][vc_single_image image=\u00a0\u00bb10626&Prime; img_size=\u00a0\u00bbmedium\u00a0\u00bb alignment=\u00a0\u00bbcenter\u00a0\u00bb][vc_empty_space][vc_empty_space][vc_empty_space][vc_empty_space][vc_column_text]Mai 2021[\/vc_column_text][vc_empty_space]<div class=\"dt-fancy-separator h3-size accent-title-color\" style=\"width: 100%;\"><div class=\"dt-fancy-title\"><span class=\"separator-holder separator-left\"><\/span>Nouveau catalogue en ligne<span class=\"separator-holder separator-right\"><\/span><\/div><\/div>[vc_column_text]<\/p>\n<p style=\"text-align: center;\"><div class=\"_3d-flip-book  fb3d-fullscreen-mode full-size\" data-id=\"6226\" data-mode=\"fullscreen\" data-title=\"false\" data-template=\"short-white-book-view\" data-lightbox=\"dark-shadow\" data-urlparam=\"fb3d-page\" data-page-n=\"0\" data-pdf=\"\" data-tax=\"null\" data-thumbnail=\"\" data-cols=\"3\" data-book-template=\"default\" data-trigger=\"\"><\/div><script type=\"text\/javascript\">window.FB3D_CLIENT_DATA = window.FB3D_CLIENT_DATA || [];FB3D_CLIENT_DATA.push('eyJwb3N0cyI6eyI2MjI2Ijp7IklEIjo2MjI2LCJ0aXRsZSI6IkNvbGxlY3Rpb24gXyAyMDIxIiwidHlwZSI6InBkZiIsInJlYWR5X2Z1bmN0aW9uIjoiIiwiYm9va19zdHlsZSI6ImZsYXQiLCJib29rX3RlbXBsYXRlIjoibm9uZSIsIm91dGxpbmUiOltdLCJkYXRhIjp7InBvc3RfSUQiOiI2MjI5IiwiZ3VpZCI6Imh0dHBzOlwvXC93d3cuZ2FicmllbGxlLWxhcm9jaGUuY29tXC93cC1jb250ZW50XC91cGxvYWRzXC8yMDIxXC8wNVwvR2FsZXJpZS1HYWJyaWVsbGUtTGFyb2NoZV9jYXRhbG9ndWVfRlJfQ29sbGVjdGlvbl9tYWkyMDIxLnBkZiIsInBkZl9wYWdlcyI6IjIwIiwicGFnZXNfY3VzdG9taXphdGlvbiI6Im5vbmUifSwidGh1bWJuYWlsIjp7ImRhdGEiOnsicG9zdF9JRCI6IjAifSwidHlwZSI6ImF1dG8ifSwicHJvcHMiOnsiY2FjaGVkUGFnZXMiOiJhdXRvIiwicmVuZGVySW5hY3RpdmVQYWdlcyI6ImF1dG8iLCJyZW5kZXJJbmFjdGl2ZVBhZ2VzT25Nb2JpbGUiOiJhdXRvIiwicmVuZGVyV2hpbGVGbGlwcGluZyI6ImF1dG8iLCJwcmVsb2FkUGFnZXMiOiJhdXRvIiwicnRsIjoiYXV0byIsInNoZWV0Ijp7InN0YXJ0VmVsb2NpdHkiOiJhdXRvIiwid2F2ZSI6ImF1dG8iLCJ3aWR0aFRleGVscyI6ImF1dG8iLCJjb2xvciI6ImF1dG8iLCJzaWRlIjoiYXV0byIsImNvcm5lckRldmlhdGlvbiI6ImF1dG8iLCJmbGV4aWJpbGl0eSI6ImF1dG8iLCJmbGV4aWJsZUNvcm5lciI6ImF1dG8iLCJiZW5kaW5nIjoiYXV0byIsImhlaWdodFRleGVscyI6ImF1dG8ifSwiY292ZXIiOnsid2F2ZSI6ImF1dG8iLCJjb2xvciI6ImF1dG8iLCJiaW5kZXJUZXh0dXJlIjoiYXV0byIsImRlcHRoIjoiYXV0byIsInBhZGRpbmciOiJhdXRvIiwic3RhcnRWZWxvY2l0eSI6ImF1dG8iLCJmbGV4aWJpbGl0eSI6ImF1dG8iLCJmbGV4aWJsZUNvcm5lciI6ImF1dG8iLCJiZW5kaW5nIjoiYXV0byIsIndpZHRoVGV4ZWxzIjoiYXV0byIsImhlaWdodFRleGVscyI6ImF1dG8iLCJtYXNzIjoiYXV0byIsInNpZGUiOiJhdXRvIn0sInBhZ2UiOnsid2F2ZSI6ImF1dG8iLCJjb2xvciI6ImF1dG8iLCJkZXB0aCI6ImF1dG8iLCJzdGFydFZlbG9jaXR5IjoiYXV0byIsImZsZXhpYmlsaXR5IjoiYXV0byIsImZsZXhpYmxlQ29ybmVyIjoiYXV0byIsImJlbmRpbmciOiJhdXRvIiwid2lkdGhUZXhlbHMiOiJhdXRvIiwiaGVpZ2h0VGV4ZWxzIjoiYXV0byIsIm1hc3MiOiJhdXRvIiwic2lkZSI6ImF1dG8ifSwiaGVpZ2h0IjoiYXV0byIsIndpZHRoIjoiYXV0byIsImdyYXZpdHkiOiJhdXRvIiwicGFnZXNGb3JQcmVkaWN0aW5nIjoiYXV0byJ9LCJjb250cm9sUHJvcHMiOnsiYWN0aW9ucyI6eyJjbWRTYXZlIjp7ImVuYWJsZWQiOiJhdXRvIiwiZW5hYmxlZEluTmFycm93IjoiYXV0byJ9LCJjbWRQcmludCI6eyJlbmFibGVkIjoiYXV0byIsImVuYWJsZWRJbk5hcnJvdyI6ImF1dG8ifSwiY21kU2luZ2xlUGFnZSI6eyJlbmFibGVkIjoiYXV0byIsImVuYWJsZWRJbk5hcnJvdyI6ImF1dG8iLCJhY3RpdmUiOiJhdXRvIn19fSwiYXV0b1RodW1ibmFpbCI6Imh0dHBzOlwvXC93d3cuZ2FicmllbGxlLWxhcm9jaGUuY29tXC93cC1jb250ZW50XC91cGxvYWRzXC8zZC1mbGlwLWJvb2tcL2F1dG8tdGh1bWJuYWlsc1wvNjIyNi5wbmciLCJwb3N0X25hbWUiOiJjb2xsZWN0aW9uLV8tMjAyMSIsInBvc3RfdHlwZSI6IjNkLWZsaXAtYm9vayJ9fSwicGFnZXMiOltdLCJmaXJzdFBhZ2VzIjpbXX0=');window.FB3D_CLIENT_LOCALE && FB3D_CLIENT_LOCALE.render && FB3D_CLIENT_LOCALE.render();<\/script><\/p>\n<p>[\/vc_column_text][vc_empty_space]<div class=\"dt-fancy-separator h3-size accent-title-color\" style=\"width: 100%;\"><div class=\"dt-fancy-title\"><span class=\"separator-holder separator-left\"><\/span>RENDEZ-VOUS<span class=\"separator-holder separator-right\"><\/span><\/div><\/div>[vc_empty_space][vc_single_image image=\u00a0\u00bb6091&Prime; img_size=\u00a0\u00bbmedium\u00a0\u00bb alignment=\u00a0\u00bbcenter\u00a0\u00bb][vc_empty_space][vc_column_text]<\/p>\n<p style=\"text-align: center;\">Nous avons le plaisir de vous convier \u00e0 l&rsquo;\u00e9v\u00e8nement \u00ab\u00a0RENDEZ VOUS\u00a0\u00bb du samedi 29 mai, de 11h \u00e0 18h.<\/p>\n<p style=\"text-align: center;\">Venez fl\u00e2ner dans les rues du quartier \u00e0 la rencontre des nombreuses galeries et d\u00e9couvrez leurs pi\u00e8ces extraordinaires !<\/p>\n<p>[\/vc_column_text][vc_empty_space][vc_empty_space][vc_empty_space][vc_column_text]Avril 2021[\/vc_column_text][vc_empty_space]<div class=\"dt-fancy-separator h3-size accent-title-color\" style=\"width: 100%;\"><div class=\"dt-fancy-title\"><span class=\"separator-holder separator-left\"><\/span>D\u00e9couvrez notre nouveau catalogue : Les Vices, Vertus &amp; Adam<span class=\"separator-holder separator-right\"><\/span><\/div><\/div>[vc_row_inner][vc_column_inner width=\u00a0\u00bb1\/6&Prime;][\/vc_column_inner][vc_column_inner width=\u00a0\u00bb2\/3&Prime;][vc_column_text]<\/p>\n<p style=\"text-align: center;\"><div class=\"_3d-flip-book  fb3d-fullscreen-mode full-size\" data-id=\"212\" data-mode=\"fullscreen\" data-title=\"false\" data-template=\"short-white-book-view\" data-lightbox=\"dark-shadow\" data-urlparam=\"fb3d-page\" data-page-n=\"0\" data-pdf=\"\" data-tax=\"null\" data-thumbnail=\"\" data-cols=\"3\" data-book-template=\"default\" data-trigger=\"\"><\/div><script type=\"text\/javascript\">window.FB3D_CLIENT_DATA = window.FB3D_CLIENT_DATA || [];FB3D_CLIENT_DATA.push('eyJwb3N0cyI6eyIyMTIiOnsiSUQiOjIxMiwidGl0bGUiOiJMZXMgVmljZXMsIFZlcnR1cyAmIEFkYW0gXyAyMDIxIiwidHlwZSI6InBkZiIsInJlYWR5X2Z1bmN0aW9uIjoiIiwiYm9va19zdHlsZSI6ImZsYXQiLCJib29rX3RlbXBsYXRlIjoibm9uZSIsIm91dGxpbmUiOltdLCJkYXRhIjp7InBvc3RfSUQiOiIyMTMiLCJndWlkIjoiaHR0cHM6XC9cL3d3dy5nYWJyaWVsbGUtbGFyb2NoZS5jb21cL3dwLWNvbnRlbnRcL3VwbG9hZHNcLzIwMjFcLzAyXC9jYXRhbG9ndWUtRlIucGRmIiwicGRmX3BhZ2VzIjoiMjAiLCJwYWdlc19jdXN0b21pemF0aW9uIjoibm9uZSJ9LCJ0aHVtYm5haWwiOnsiZGF0YSI6eyJwb3N0X0lEIjoiMCJ9LCJ0eXBlIjoiYXV0byJ9LCJwcm9wcyI6eyJjYWNoZWRQYWdlcyI6ImF1dG8iLCJyZW5kZXJJbmFjdGl2ZVBhZ2VzIjoiYXV0byIsInJlbmRlckluYWN0aXZlUGFnZXNPbk1vYmlsZSI6ImF1dG8iLCJyZW5kZXJXaGlsZUZsaXBwaW5nIjoiYXV0byIsInByZWxvYWRQYWdlcyI6ImF1dG8iLCJydGwiOiJhdXRvIiwic2hlZXQiOnsic3RhcnRWZWxvY2l0eSI6ImF1dG8iLCJ3YXZlIjoiYXV0byIsIndpZHRoVGV4ZWxzIjoiYXV0byIsImNvbG9yIjoiNjAzNDQ3My4wMDAwMDAiLCJzaWRlIjoiYXV0byIsImNvcm5lckRldmlhdGlvbiI6ImF1dG8iLCJmbGV4aWJpbGl0eSI6ImF1dG8iLCJmbGV4aWJsZUNvcm5lciI6ImF1dG8iLCJiZW5kaW5nIjoiYXV0byIsImhlaWdodFRleGVscyI6ImF1dG8ifSwiY292ZXIiOnsid2F2ZSI6ImF1dG8iLCJjb2xvciI6ImF1dG8iLCJiaW5kZXJUZXh0dXJlIjoiYXV0byIsImRlcHRoIjoiYXV0byIsInBhZGRpbmciOiJhdXRvIiwic3RhcnRWZWxvY2l0eSI6ImF1dG8iLCJmbGV4aWJpbGl0eSI6ImF1dG8iLCJmbGV4aWJsZUNvcm5lciI6ImF1dG8iLCJiZW5kaW5nIjoiYXV0byIsIndpZHRoVGV4ZWxzIjoiYXV0byIsImhlaWdodFRleGVscyI6ImF1dG8iLCJtYXNzIjoiYXV0byIsInNpZGUiOiJhdXRvIn0sInBhZ2UiOnsid2F2ZSI6ImF1dG8iLCJjb2xvciI6ImF1dG8iLCJkZXB0aCI6ImF1dG8iLCJzdGFydFZlbG9jaXR5IjoiYXV0byIsImZsZXhpYmlsaXR5IjoiYXV0byIsImZsZXhpYmxlQ29ybmVyIjoiYXV0byIsImJlbmRpbmciOiJhdXRvIiwid2lkdGhUZXhlbHMiOiJhdXRvIiwiaGVpZ2h0VGV4ZWxzIjoiYXV0byIsIm1hc3MiOiJhdXRvIiwic2lkZSI6ImF1dG8ifSwiaGVpZ2h0IjoiYXV0byIsIndpZHRoIjoiYXV0byIsImdyYXZpdHkiOiJhdXRvIiwicGFnZXNGb3JQcmVkaWN0aW5nIjoiYXV0byJ9LCJjb250cm9sUHJvcHMiOnsiYWN0aW9ucyI6eyJjbWRTYXZlIjp7ImVuYWJsZWQiOiJhdXRvIiwiZW5hYmxlZEluTmFycm93IjoiYXV0byJ9LCJjbWRQcmludCI6eyJlbmFibGVkIjoiYXV0byIsImVuYWJsZWRJbk5hcnJvdyI6ImF1dG8ifSwiY21kU2luZ2xlUGFnZSI6eyJlbmFibGVkIjoiYXV0byIsImVuYWJsZWRJbk5hcnJvdyI6ImF1dG8iLCJhY3RpdmUiOiJhdXRvIn19fSwiYXV0b1RodW1ibmFpbCI6Imh0dHBzOlwvXC93d3cuZ2FicmllbGxlLWxhcm9jaGUuY29tXC93cC1jb250ZW50XC91cGxvYWRzXC8zZC1mbGlwLWJvb2tcL2F1dG8tdGh1bWJuYWlsc1wvMjEyLnBuZyIsInBvc3RfbmFtZSI6Imxlcy12aWNlcy1mZXZyaWVyLTIwMjEiLCJwb3N0X3R5cGUiOiIzZC1mbGlwLWJvb2sifX0sInBhZ2VzIjpbXSwiZmlyc3RQYWdlcyI6W119');window.FB3D_CLIENT_LOCALE && FB3D_CLIENT_LOCALE.render && FB3D_CLIENT_LOCALE.render();<\/script><\/p>\n<p>[\/vc_column_text][\/vc_column_inner][vc_column_inner width=\u00a0\u00bb1\/6&Prime;][\/vc_column_inner][\/vc_row_inner][vc_empty_space][vc_empty_space][vc_empty_space][vc_column_text]Juin 2019[\/vc_column_text][vc_empty_space]<div class=\"dt-fancy-separator h3-size accent-title-color\" style=\"width: 100%;\"><div class=\"dt-fancy-title\"><span class=\"separator-holder separator-left\"><\/span>Nouvelle Publication - Hugues Sambin, architecteur<span class=\"separator-holder separator-right\"><\/span><\/div><\/div>[vc_column_text]<\/p>\n<p style=\"text-align: center;\"><div class=\"_3d-flip-book  fb3d-fullscreen-mode full-size\" data-id=\"5181\" data-mode=\"fullscreen\" data-title=\"false\" data-template=\"short-white-book-view\" data-lightbox=\"dark-shadow\" data-urlparam=\"fb3d-page\" data-page-n=\"0\" data-pdf=\"\" data-tax=\"null\" data-thumbnail=\"\" data-cols=\"3\" data-book-template=\"default\" data-trigger=\"\"><\/div><script type=\"text\/javascript\">window.FB3D_CLIENT_DATA = window.FB3D_CLIENT_DATA || [];FB3D_CLIENT_DATA.push('eyJwb3N0cyI6eyI1MTgxIjp7IklEIjo1MTgxLCJ0aXRsZSI6IlB1YmxpY2F0aW9uIF8gSHVndWVzIFNhbWJpbiwgYXJjaGl0ZWN0ZXVyIiwidHlwZSI6InBkZiIsInJlYWR5X2Z1bmN0aW9uIjoiIiwiYm9va19zdHlsZSI6ImZsYXQiLCJib29rX3RlbXBsYXRlIjoibm9uZSIsIm91dGxpbmUiOltdLCJkYXRhIjp7InBvc3RfSUQiOiI1MTgyIiwiZ3VpZCI6Imh0dHBzOlwvXC93d3cuZ2FicmllbGxlLWxhcm9jaGUuY29tXC93cC1jb250ZW50XC91cGxvYWRzXC8yMDIxXC8wNFwvSHVndWVzLVNhbWJpbi1hcmNoaXRlY3RldXIucGRmIiwicGRmX3BhZ2VzIjoiNSIsInBhZ2VzX2N1c3RvbWl6YXRpb24iOiJub25lIn0sInRodW1ibmFpbCI6eyJkYXRhIjp7InBvc3RfSUQiOiIwIn0sInR5cGUiOiJhdXRvIn0sInByb3BzIjp7ImNhY2hlZFBhZ2VzIjoiYXV0byIsInJlbmRlckluYWN0aXZlUGFnZXMiOiJhdXRvIiwicmVuZGVySW5hY3RpdmVQYWdlc09uTW9iaWxlIjoiYXV0byIsInJlbmRlcldoaWxlRmxpcHBpbmciOiJhdXRvIiwicHJlbG9hZFBhZ2VzIjoiYXV0byIsInJ0bCI6ImF1dG8iLCJzaGVldCI6eyJzdGFydFZlbG9jaXR5IjoiYXV0byIsIndhdmUiOiJhdXRvIiwid2lkdGhUZXhlbHMiOiJhdXRvIiwiY29sb3IiOiJhdXRvIiwic2lkZSI6ImF1dG8iLCJjb3JuZXJEZXZpYXRpb24iOiJhdXRvIiwiZmxleGliaWxpdHkiOiJhdXRvIiwiZmxleGlibGVDb3JuZXIiOiJhdXRvIiwiYmVuZGluZyI6ImF1dG8iLCJoZWlnaHRUZXhlbHMiOiJhdXRvIn0sImNvdmVyIjp7IndhdmUiOiJhdXRvIiwiY29sb3IiOiJhdXRvIiwiYmluZGVyVGV4dHVyZSI6ImF1dG8iLCJkZXB0aCI6ImF1dG8iLCJwYWRkaW5nIjoiYXV0byIsInN0YXJ0VmVsb2NpdHkiOiJhdXRvIiwiZmxleGliaWxpdHkiOiJhdXRvIiwiZmxleGlibGVDb3JuZXIiOiJhdXRvIiwiYmVuZGluZyI6ImF1dG8iLCJ3aWR0aFRleGVscyI6ImF1dG8iLCJoZWlnaHRUZXhlbHMiOiJhdXRvIiwibWFzcyI6ImF1dG8iLCJzaWRlIjoiYXV0byJ9LCJwYWdlIjp7IndhdmUiOiJhdXRvIiwiY29sb3IiOiJhdXRvIiwiZGVwdGgiOiJhdXRvIiwic3RhcnRWZWxvY2l0eSI6ImF1dG8iLCJmbGV4aWJpbGl0eSI6ImF1dG8iLCJmbGV4aWJsZUNvcm5lciI6ImF1dG8iLCJiZW5kaW5nIjoiYXV0byIsIndpZHRoVGV4ZWxzIjoiYXV0byIsImhlaWdodFRleGVscyI6ImF1dG8iLCJtYXNzIjoiYXV0byIsInNpZGUiOiJhdXRvIn0sImhlaWdodCI6ImF1dG8iLCJ3aWR0aCI6ImF1dG8iLCJncmF2aXR5IjoiYXV0byIsInBhZ2VzRm9yUHJlZGljdGluZyI6ImF1dG8ifSwiY29udHJvbFByb3BzIjp7ImFjdGlvbnMiOnsiY21kU2F2ZSI6eyJlbmFibGVkIjoiYXV0byIsImVuYWJsZWRJbk5hcnJvdyI6ImF1dG8ifSwiY21kUHJpbnQiOnsiZW5hYmxlZCI6ImF1dG8iLCJlbmFibGVkSW5OYXJyb3ciOiJhdXRvIn0sImNtZFNpbmdsZVBhZ2UiOnsiZW5hYmxlZCI6ImF1dG8iLCJlbmFibGVkSW5OYXJyb3ciOiJhdXRvIiwiYWN0aXZlIjoiYXV0byJ9fX0sImF1dG9UaHVtYm5haWwiOiJodHRwczpcL1wvd3d3LmdhYnJpZWxsZS1sYXJvY2hlLmNvbVwvd3AtY29udGVudFwvdXBsb2Fkc1wvM2QtZmxpcC1ib29rXC9hdXRvLXRodW1ibmFpbHNcLzUxODEucG5nIiwicG9zdF9uYW1lIjoicHVibGljYXRpb24tXy1odWd1ZXMtc2FtYmluLWFyY2hpdGVjdGV1ciIsInBvc3RfdHlwZSI6IjNkLWZsaXAtYm9vayJ9fSwicGFnZXMiOltdLCJmaXJzdFBhZ2VzIjpbXX0=');window.FB3D_CLIENT_LOCALE && FB3D_CLIENT_LOCALE.render && FB3D_CLIENT_LOCALE.render();<\/script><\/p>\n<p>[\/vc_column_text][vc_empty_space][vc_column_text]<\/p>\n<p class=\"p1\" style=\"text-align: center;\"><span class=\"s1\">Un ouvrage passionnant publi\u00e9 aux \u00e9ditions de la Passerelle : \u00ab\u00a0<em>Hugues Sambin, Architecteur<\/em>\u00a0\u00bb.<\/span><\/p>\n<p>&nbsp;<\/p>\n<p class=\"p1\" style=\"text-align: center;\"><span class=\"s1\">\u00c9crit par Jean-Pierre Jacquemart, ce livre retrace l\u2019\u0153uvre du c\u00e9l\u00e8bre \u00e9b\u00e9niste de la Renaissance fran\u00e7aise. Certains meubles de la galerie illustrent cette publication.<\/span><\/p>\n<p class=\"p1\" style=\"text-align: center;\"><span class=\"s1\">Vous trouverez \u00e9galement une r\u00e9\u00e9dition de son c\u00e9l\u00e8bre manuel \u00ab <em>De La Diversit\u00e9 des Termes&#8230;<\/em> \u00bb<\/span><\/p>\n<p>[\/vc_column_text][vc_empty_space][vc_empty_space][vc_empty_space][vc_column_text]Octobre 2014[\/vc_column_text][vc_empty_space]<div class=\"dt-fancy-separator h3-size accent-title-color\" style=\"width: 100%;\"><div class=\"dt-fancy-title\"><span class=\"separator-holder separator-left\"><\/span>Nouvelle Publication - Reconna\u00eetre les meubles de style<span class=\"separator-holder separator-right\"><\/span><\/div><\/div>[vc_column_text]<\/p>\n<p style=\"text-align: center;\"><div class=\"_3d-flip-book  fb3d-fullscreen-mode full-size\" data-id=\"5193\" data-mode=\"fullscreen\" data-title=\"false\" data-template=\"short-white-book-view\" data-lightbox=\"dark-shadow\" data-urlparam=\"fb3d-page\" data-page-n=\"0\" data-pdf=\"\" data-tax=\"null\" data-thumbnail=\"\" data-cols=\"3\" data-book-template=\"default\" data-trigger=\"\"><\/div><script type=\"text\/javascript\">window.FB3D_CLIENT_DATA = window.FB3D_CLIENT_DATA || [];FB3D_CLIENT_DATA.push('eyJwb3N0cyI6eyI1MTkzIjp7IklEIjo1MTkzLCJ0aXRsZSI6IlJlY29ubmFcdTAwZWV0cmUgbGVzIG1ldWJsZXMgZGUgc3R5bGUiLCJ0eXBlIjoicGRmIiwicmVhZHlfZnVuY3Rpb24iOiIiLCJib29rX3N0eWxlIjoiZmxhdCIsImJvb2tfdGVtcGxhdGUiOiJub25lIiwib3V0bGluZSI6W10sImRhdGEiOnsicG9zdF9JRCI6IjUxOTQiLCJndWlkIjoiaHR0cHM6XC9cL3d3dy5nYWJyaWVsbGUtbGFyb2NoZS5jb21cL3dwLWNvbnRlbnRcL3VwbG9hZHNcLzIwMjFcLzA0XC9SZWNvbm5haXRyZS1sZXMtbWV1Ymxlcy1kZS1zdHlsZS5wZGYiLCJwZGZfcGFnZXMiOiIxNSIsInBhZ2VzX2N1c3RvbWl6YXRpb24iOiJub25lIn0sInRodW1ibmFpbCI6eyJkYXRhIjp7InBvc3RfSUQiOiIwIn0sInR5cGUiOiJhdXRvIn0sInByb3BzIjp7ImNhY2hlZFBhZ2VzIjoiYXV0byIsInJlbmRlckluYWN0aXZlUGFnZXMiOiJhdXRvIiwicmVuZGVySW5hY3RpdmVQYWdlc09uTW9iaWxlIjoiYXV0byIsInJlbmRlcldoaWxlRmxpcHBpbmciOiJhdXRvIiwicHJlbG9hZFBhZ2VzIjoiYXV0byIsInJ0bCI6ImF1dG8iLCJzaGVldCI6eyJzdGFydFZlbG9jaXR5IjoiYXV0byIsIndhdmUiOiJhdXRvIiwid2lkdGhUZXhlbHMiOiJhdXRvIiwiY29sb3IiOiJhdXRvIiwic2lkZSI6ImF1dG8iLCJjb3JuZXJEZXZpYXRpb24iOiJhdXRvIiwiZmxleGliaWxpdHkiOiJhdXRvIiwiZmxleGlibGVDb3JuZXIiOiJhdXRvIiwiYmVuZGluZyI6ImF1dG8iLCJoZWlnaHRUZXhlbHMiOiJhdXRvIn0sImNvdmVyIjp7IndhdmUiOiJhdXRvIiwiY29sb3IiOiJhdXRvIiwiYmluZGVyVGV4dHVyZSI6ImF1dG8iLCJkZXB0aCI6ImF1dG8iLCJwYWRkaW5nIjoiYXV0byIsInN0YXJ0VmVsb2NpdHkiOiJhdXRvIiwiZmxleGliaWxpdHkiOiJhdXRvIiwiZmxleGlibGVDb3JuZXIiOiJhdXRvIiwiYmVuZGluZyI6ImF1dG8iLCJ3aWR0aFRleGVscyI6ImF1dG8iLCJoZWlnaHRUZXhlbHMiOiJhdXRvIiwibWFzcyI6ImF1dG8iLCJzaWRlIjoiYXV0byJ9LCJwYWdlIjp7IndhdmUiOiJhdXRvIiwiY29sb3IiOiJhdXRvIiwiZGVwdGgiOiJhdXRvIiwic3RhcnRWZWxvY2l0eSI6ImF1dG8iLCJmbGV4aWJpbGl0eSI6ImF1dG8iLCJmbGV4aWJsZUNvcm5lciI6ImF1dG8iLCJiZW5kaW5nIjoiYXV0byIsIndpZHRoVGV4ZWxzIjoiYXV0byIsImhlaWdodFRleGVscyI6ImF1dG8iLCJtYXNzIjoiYXV0byIsInNpZGUiOiJhdXRvIn0sImhlaWdodCI6ImF1dG8iLCJ3aWR0aCI6ImF1dG8iLCJncmF2aXR5IjoiYXV0byIsInBhZ2VzRm9yUHJlZGljdGluZyI6ImF1dG8ifSwiY29udHJvbFByb3BzIjp7ImFjdGlvbnMiOnsiY21kU2F2ZSI6eyJlbmFibGVkIjoiYXV0byIsImVuYWJsZWRJbk5hcnJvdyI6ImF1dG8ifSwiY21kUHJpbnQiOnsiZW5hYmxlZCI6ImF1dG8iLCJlbmFibGVkSW5OYXJyb3ciOiJhdXRvIn0sImNtZFNpbmdsZVBhZ2UiOnsiZW5hYmxlZCI6ImF1dG8iLCJlbmFibGVkSW5OYXJyb3ciOiJhdXRvIiwiYWN0aXZlIjoiYXV0byJ9fX0sImF1dG9UaHVtYm5haWwiOiJodHRwczpcL1wvd3d3LmdhYnJpZWxsZS1sYXJvY2hlLmNvbVwvd3AtY29udGVudFwvdXBsb2Fkc1wvM2QtZmxpcC1ib29rXC9hdXRvLXRodW1ibmFpbHNcLzUxOTMucG5nIiwicG9zdF9uYW1lIjoicmVjb25uYWl0cmUtbGVzLW1ldWJsZXMtZGUtc3R5bGUiLCJwb3N0X3R5cGUiOiIzZC1mbGlwLWJvb2sifX0sInBhZ2VzIjpbXSwiZmlyc3RQYWdlcyI6W119');window.FB3D_CLIENT_LOCALE && FB3D_CLIENT_LOCALE.render && FB3D_CLIENT_LOCALE.render();<\/script><\/p>\n<p>[\/vc_column_text][\/vc_column][vc_column][\/vc_column][\/vc_row]<\/p>\n<\/div>","protected":false},"excerpt":{"rendered":"<p>[vc_row][vc_column][vc_empty_space][vc_column_text]Septembre 2024[\/vc_column_text][vc_empty_space][vc_empty_space][vc_video link=\u00a0\u00bbhttps:\/\/www.youtube.com\/watch?v=VXWzpK7ci7s\u00a0\u00bb align=\u00a0\u00bbcenter\u00a0\u00bb title=\u00a0\u00bbExposition L&rsquo;Or et L&rsquo;Orient\u00a0\u00bb][\/vc_column][\/vc_row][vc_row][vc_column][vc_empty_space][vc_empty_space][vc_empty_space][vc_single_image image=\u00a0\u00bb10613&Prime; img_size=\u00a0\u00bbmedium\u00a0\u00bb alignment=\u00a0\u00bbcenter\u00a0\u00bb][vc_empty_space][vc_single_image image=\u00a0\u00bb10610&Prime; img_size=\u00a0\u00bbmedium\u00a0\u00bb alignment=\u00a0\u00bbcenter\u00a0\u00bb][vc_empty_space][vc_empty_space][vc_empty_space][vc_column_text]Juin 2024[\/vc_column_text][vc_empty_space][vc_single_image image=\u00a0\u00bb10617&Prime; img_size=\u00a0\u00bbmedium\u00a0\u00bb alignment=\u00a0\u00bbcenter\u00a0\u00bb][vc_empty_space][vc_empty_space][vc_empty_space][vc_column_text]Janvier 2024[\/vc_column_text][vc_empty_space][vc_single_image image=\u00a0\u00bb10620&Prime; img_size=\u00a0\u00bbmedium\u00a0\u00bb alignment=\u00a0\u00bbcenter\u00a0\u00bb][vc_empty_space][vc_empty_space][vc_empty_space][vc_column_text]Septembre 2023[\/vc_column_text][vc_empty_space][vc_single_image image=\u00a0\u00bb10624&Prime; img_size=\u00a0\u00bbmedium\u00a0\u00bb alignment=\u00a0\u00bbcenter\u00a0\u00bb][vc_empty_space][vc_empty_space][vc_empty_space][vc_column_text]Mai 2023[\/vc_column_text][vc_empty_space][vc_single_image image=\u00a0\u00bb10626&Prime; img_size=\u00a0\u00bbmedium\u00a0\u00bb alignment=\u00a0\u00bbcenter\u00a0\u00bb][vc_empty_space][vc_empty_space][vc_empty_space][vc_empty_space][vc_column_text]Mai 2021[\/vc_column_text][vc_empty_space][vc_column_text] [\/vc_column_text][vc_empty_space][vc_empty_space][vc_single_image image=\u00a0\u00bb6091&Prime; img_size=\u00a0\u00bbmedium\u00a0\u00bb alignment=\u00a0\u00bbcenter\u00a0\u00bb][vc_empty_space][vc_column_text] Nous avons le plaisir de vous convier \u00e0 l&rsquo;\u00e9v\u00e8nement \u00ab\u00a0RENDEZ VOUS\u00a0\u00bb du samedi 29 mai, de 11h \u00e0 18h. Venez&hellip;<\/p>\n","protected":false},"author":1,"featured_media":0,"parent":0,"menu_order":60,"comment_status":"closed","ping_status":"closed","template":"","meta":{"footnotes":""},"class_list":["post-56","page","type-page","status-publish","hentry","description-off"],"aioseo_notices":[],"_links":{"self":[{"href":"https:\/\/www.gabrielle-laroche.com\/fr\/wp-json\/wp\/v2\/pages\/56","targetHints":{"allow":["GET"]}}],"collection":[{"href":"https:\/\/www.gabrielle-laroche.com\/fr\/wp-json\/wp\/v2\/pages"}],"about":[{"href":"https:\/\/www.gabrielle-laroche.com\/fr\/wp-json\/wp\/v2\/types\/page"}],"author":[{"embeddable":true,"href":"https:\/\/www.gabrielle-laroche.com\/fr\/wp-json\/wp\/v2\/users\/1"}],"replies":[{"embeddable":true,"href":"https:\/\/www.gabrielle-laroche.com\/fr\/wp-json\/wp\/v2\/comments?post=56"}],"version-history":[{"count":38,"href":"https:\/\/www.gabrielle-laroche.com\/fr\/wp-json\/wp\/v2\/pages\/56\/revisions"}],"predecessor-version":[{"id":10657,"href":"https:\/\/www.gabrielle-laroche.com\/fr\/wp-json\/wp\/v2\/pages\/56\/revisions\/10657"}],"wp:attachment":[{"href":"https:\/\/www.gabrielle-laroche.com\/fr\/wp-json\/wp\/v2\/media?parent=56"}],"curies":[{"name":"wp","href":"https:\/\/api.w.org\/{rel}","templated":true}]}}