

{"id":58,"date":"2021-02-05T10:54:17","date_gmt":"2021-02-05T09:54:17","guid":{"rendered":"http:\/\/mrplwpw.cluster030.hosting.ovh.net\/?page_id=58"},"modified":"2026-04-23T17:12:45","modified_gmt":"2026-04-23T15:12:45","slug":"contact","status":"publish","type":"page","link":"https:\/\/www.gabrielle-laroche.com\/fr\/contact\/","title":{"rendered":"Contact"},"content":{"rendered":"<div class=\"wpb-content-wrapper\"><p>[vc_row][vc_column][vc_empty_space height=\u00a0\u00bb20px\u00a0\u00bb][\/vc_column][\/vc_row][vc_row][vc_column width=\u00a0\u00bb1\/3&Prime;][vc_column_text css=\u00a0\u00bb\u00a0\u00bb]Pour tout achat, estimation ou conseil, vous pouvez nous contacter. Nous sommes ouverts \u00e0 toute proposition d&rsquo;artiste.<\/p>\n<p>&nbsp;<\/p>\n<p>12 et 17 rue de Beaune<\/p>\n<p>75007 Paris France \u00a0\u00a0<strong><a class=\"open-external\" href=\"http:\/\/www.google.com\/maps?f=q&amp;source=s_q&amp;hl=fr&amp;geocode=&amp;q=12+rue+de+beaune&amp;aq=&amp;sll=48.844272,2.350509&amp;sspn=0.009122,0.01929&amp;ie=UTF8&amp;hq=&amp;hnear=12+Rue+de+Beaune,+75007+Paris,+Ile-de-France,+France&amp;z=16\" target=\"_blank\" rel=\"noopener\">PLAN<\/a><\/strong><\/p>\n<p>T\u00e9l\u00e9phone : +33.(0)1.42.97.59.18<\/p>\n<p>&nbsp;<\/p>\n<p>25 rue de Lille<\/p>\n<p>75007 Paris France<\/p>\n<p>T\u00e9l\u00e9phone : +33.(0)1.42.60.37.08<\/p>\n<p>&nbsp;<\/p>\n<p>Portable : +33.(0)6.08.60.05.82<br \/>\n<a href=\"mailto:gabrielle-laroche@wanadoo.fr\">gabrielle-laroche@wanadoo.fr<\/a><\/p>\n<p>&nbsp;<\/p>\n<p>Ouvert du Lundi au Vendredi de 11h \u00e0 19h<br \/>\nEt le Samedi de 14h30 \u00e0 19h<\/p>\n<p>&nbsp;<\/p>\n<p>M\u00e9tro : Rue du Bac (ligne 12)<br \/>\nRer : Mus\u00e9e d&rsquo;Orsay (ligne C)<br \/>\nBus : 24 &#8211; 27 &#8211; 39 &#8211; 68 &#8211; 69 &#8211; 95<br \/>\nParking : Montalembert, Quai de Seine<\/p>\n<p>&nbsp;<\/p>\n<p><strong>Renseignements aux acheteurs :<\/strong><br \/>\n<strong>Tous les objets pr\u00e9sent\u00e9s sont garantis et vendus avec des certificats d&rsquo;authenticit\u00e9.<\/strong><br \/>\n<strong>Nous nous occupons de tous les documents administratifs d&rsquo;exportation et nous vous aiderons \u00e0 mettre en place le transport de votre bien vers sa destination finale.<\/strong><\/p>\n<p>&nbsp;<\/p>\n<p>Cr\u00e9dit photo : Vincent Luc &#8211; Agence Phar<\/p>\n<p>&nbsp;<\/p>\n<p>Liens divers :<br \/>\n<a href=\"http:\/\/restauration-arts.com\/\" target=\"_blank\" rel=\"noopener\">www.restauration-arts.com<\/a>[\/vc_column_text][\/vc_column][vc_column width=\u00a0\u00bb2\/3&Prime;][vc_single_image image=\u00a0\u00bb12915&Prime; img_size=\u00a0\u00bbfull\u00a0\u00bb alignment=\u00a0\u00bbcenter\u00a0\u00bb css=\u00a0\u00bb\u00a0\u00bb][\/vc_column][\/vc_row][vc_row][vc_column][vc_column_text css=\u00a0\u00bb\u00a0\u00bb]<\/p>\n<p>&nbsp;<\/p>\n<p>&nbsp;<\/p>\n<p>[\/vc_column_text][\/vc_column][\/vc_row][vc_row][vc_column][vc_single_image image=\u00a0\u00bb12930&Prime; img_size=\u00a0\u00bbfull\u00a0\u00bb alignment=\u00a0\u00bbcenter\u00a0\u00bb css=\u00a0\u00bb\u00a0\u00bb][\/vc_column][\/vc_row]<\/p>\n<\/div>","protected":false},"excerpt":{"rendered":"<p>[vc_row][vc_column][vc_empty_space height=\u00a0\u00bb20px\u00a0\u00bb][\/vc_column][\/vc_row][vc_row][vc_column width=\u00a0\u00bb1\/3&Prime;][vc_column_text css=\u00a0\u00bb\u00a0\u00bb]Pour tout achat, estimation ou conseil, vous pouvez nous contacter. Nous sommes ouverts \u00e0 toute proposition d&rsquo;artiste. &nbsp; 12 et 17 rue de Beaune 75007 Paris France \u00a0\u00a0PLAN T\u00e9l\u00e9phone : +33.(0)1.42.97.59.18 &nbsp; 25 rue de Lille 75007 Paris France T\u00e9l\u00e9phone : +33.(0)1.42.60.37.08 &nbsp; Portable : +33.(0)6.08.60.05.82 gabrielle-laroche@wanadoo.fr &nbsp; Ouvert du Lundi au&hellip;<\/p>\n","protected":false},"author":1,"featured_media":0,"parent":0,"menu_order":70,"comment_status":"closed","ping_status":"closed","template":"","meta":{"footnotes":""},"class_list":["post-58","page","type-page","status-publish","hentry","description-off"],"aioseo_notices":[],"_links":{"self":[{"href":"https:\/\/www.gabrielle-laroche.com\/fr\/wp-json\/wp\/v2\/pages\/58","targetHints":{"allow":["GET"]}}],"collection":[{"href":"https:\/\/www.gabrielle-laroche.com\/fr\/wp-json\/wp\/v2\/pages"}],"about":[{"href":"https:\/\/www.gabrielle-laroche.com\/fr\/wp-json\/wp\/v2\/types\/page"}],"author":[{"embeddable":true,"href":"https:\/\/www.gabrielle-laroche.com\/fr\/wp-json\/wp\/v2\/users\/1"}],"replies":[{"embeddable":true,"href":"https:\/\/www.gabrielle-laroche.com\/fr\/wp-json\/wp\/v2\/comments?post=58"}],"version-history":[{"count":26,"href":"https:\/\/www.gabrielle-laroche.com\/fr\/wp-json\/wp\/v2\/pages\/58\/revisions"}],"predecessor-version":[{"id":12934,"href":"https:\/\/www.gabrielle-laroche.com\/fr\/wp-json\/wp\/v2\/pages\/58\/revisions\/12934"}],"wp:attachment":[{"href":"https:\/\/www.gabrielle-laroche.com\/fr\/wp-json\/wp\/v2\/media?parent=58"}],"curies":[{"name":"wp","href":"https:\/\/api.w.org\/{rel}","templated":true}]}}