

{"id":10180,"date":"2024-01-12T17:35:43","date_gmt":"2024-01-12T16:35:43","guid":{"rendered":"https:\/\/www.gabrielle-laroche.com\/?post_type=product&#038;p=10180"},"modified":"2024-10-02T14:47:36","modified_gmt":"2024-10-02T12:47:36","slug":"coffre-suisse-richement-sculpte-aux-armes-de-la-famille-riedmatten-encadrees-de-deux-saintes-conversations","status":"publish","type":"product","link":"https:\/\/www.gabrielle-laroche.com\/fr\/product\/coffre-suisse-richement-sculpte-aux-armes-de-la-famille-riedmatten-encadrees-de-deux-saintes-conversations\/","title":{"rendered":"COFFRE SUISSE RICHEMENT SCULPT\u00c9 AUX ARMES DE LA FAMILLE RIEDMATTEN ENCADR\u00c9ES DE DEUX SAINTES CONVERSATIONS"},"content":{"rendered":"<div class=\"wpb-content-wrapper\"><p>[vc_row][vc_column width=\u00a0\u00bb1\/2&Prime;][vc_column_text]<\/p>\n<p style=\"text-align: justify;\">L\u2019Abondance de l\u2019Ornementation exalte dans ce coffre Renaissance Suisse aux proportions harmonieuses et \u00e0 la d\u00e9coration g\u00e9n\u00e9reuse.<span class=\"Apple-converted-space\">\u00a0<\/span><\/p>\n<p>&nbsp;<\/p>\n<p style=\"text-align: justify;\">La fa\u00e7ade est orn\u00e9e de trois panneaux encadr\u00e9s de quatre caryatides aux traits juv\u00e9niles, gain\u00e9s en pilastre \u00e0 motifs d\u2019entrelacs. Deux Saintes conversations encadrent le panneau central.<span class=\"Apple-converted-space\">\u00a0<\/span><\/p>\n<p style=\"text-align: justify;\">Celui-ci est orn\u00e9 d\u2019un \u00e9cu armori\u00e9 compos\u00e9 d\u2019un tr\u00e8fle \u00e0 trois feuilles surmont\u00e9 de deux \u00e9toiles, d\u00e9voilant les armoiries de la Famille RIEDMATTEN de la branche de Saint Gingolph. De chaque c\u00f4t\u00e9 de l\u2019armoirie nait une belle rocaille ouvrag\u00e9e. Au-dessus, une jeune femme tenait autrefois un tr\u00e8fle, et r\u00e8gne debout sur un pot \u00e0 feu trait\u00e9 en ronde bosse et ajour\u00e9, surmont\u00e9 d\u2019une flamme, motif apparaissant d\u00e8s la fin du 16\u00e8me si\u00e8cle.<\/p>\n<p style=\"text-align: justify;\">De part et d\u2019autre, une Voute en plein cintre bord\u00e9e de moulures en haut relief \u00e0 motif de semi-rosaces offre au regard une sc\u00e8ne de Sainte Conversation.\u00a0 Fleurs et grappes de fruits divers garnissent les \u00e9coin\u00e7ons.<span class=\"Apple-converted-space\">\u00a0<\/span><\/p>\n<p style=\"text-align: justify;\">La Sainte Conversation traduite de l\u2019italien :\u00a0 la Sacra Conversazione est un th\u00e8me artistique religieux qui s\u2019\u00e9panouit \u00e0 partir du XV\u00e8me si\u00e8cle dans l\u2019Italie du Nord et en Flandres, en passant par la Suisse. Il n\u2019est pas reli\u00e9 aux textes bibliques mais consiste en une extrapolation qui incorpore un th\u00e8me pr\u00e9valent, celui de la Vierge en majest\u00e9 ou bien une Vierge \u00e0 l\u2019enfant comme ici repr\u00e9sent\u00e9, entour\u00e9 g\u00e9n\u00e9ralement de Saints et parfois de donateurs de moindres dimensions.\u00a0<span class=\"Apple-converted-space\">\u00a0<\/span><\/p>\n<p style=\"text-align: justify;\">A gauche, il s\u2019agit d\u2019une sc\u00e8ne d\u2019int\u00e9rieur, encadr\u00e9e de rideaux nou\u00e9s en drap\u00e9s. Il s\u2019agit d\u2019une sc\u00e8ne anim\u00e9e, presque intime, en huit clos, o\u00f9 les personnages interagissent. La Vierge tenant l\u2019enfant J\u00e9sus dans ses bras est assise sur un tr\u00f4ne sculpt\u00e9, architectur\u00e9 et surmont\u00e9 d\u2019un dais, typiquement renaissance, trait\u00e9 \u00e0 l\u2019antique.\u00a0 L\u2019Enfant, aux cheveux boucl\u00e9s se tient debout sur ses genoux.<span class=\"Apple-converted-space\">\u00a0<\/span><\/p>\n<p style=\"text-align: justify;\">Face \u00e0 elle, Sainte Catherine d\u2019Alexandrie, une des Saintes patronnes du Canton du Valais (avec Saint Maurice et Saint Th\u00e9odule) est agenouill\u00e9e en adoration. Elle tient la main de l\u2019enfant, s\u2019incline devant lui avec sa belle chevelure.<span class=\"Apple-converted-space\">\u00a0<\/span><\/p>\n<p style=\"text-align: justify;\">Elle est ici repr\u00e9sent\u00e9e avec ses attributs \u00e0 savoir la couronne, l\u2019\u00e9p\u00e9e et la roue dent\u00e9e de son martyr. Martyre du IVe si\u00e8cle, elle refuse d\u2019\u00e9pouser l\u2019empereur romain Maximin, qui la condamne au supplice de la roue.<span class=\"Apple-converted-space\">\u00a0<\/span><\/p>\n<p style=\"text-align: justify;\">Elles jouent toutes deux avec l\u2019enfant rendant la sc\u00e8ne tr\u00e8s vivante et heureuse.<\/p>\n<p style=\"text-align: justify;\">La sc\u00e8ne de droite repr\u00e9sente \u00e9galement une sainte conversation. Nous retrouvons la Vierge \u00e0 l\u2019enfant et Saint Jean l\u2019\u00e9vang\u00e9liste. La sc\u00e8ne se passe \u00e0 l\u2019ext\u00e9rieur cette fois, dans un luxuriant jardin clos o\u00f9 s\u2019\u00e9panouissent des essences v\u00e9g\u00e9tales des plus diversifi\u00e9es. Dans cette ambiance bucolique, des rochers et un puit se dessinent au second plan.<span class=\"Apple-converted-space\">\u00a0<\/span><\/p>\n<p style=\"text-align: justify;\">La Vierge est cette fois habill\u00e9e d\u2019un voile qui revient en tablier sur sa robe aux beaux pliss\u00e9s. L\u2019enfant J\u00e9sus nimb\u00e9, dans une attitude d\u2019all\u00e9gresse et plus jeune encore que sur l\u2019autre tableau, pr\u00e9sente une gerbe de roses et d\u2019olivier \u00e0 Saint Jean l\u2019\u00c9vang\u00e9liste agenouill\u00e9, en pri\u00e8re. Il est repr\u00e9sent\u00e9 sous les traits d\u2019un beau jeune homme aux traits f\u00e9minis\u00e9s. Face \u00e0 lui, son attribut, un calice d\u2019o\u00f9 s\u2019\u00e9chappe un serpent, symbolise l\u2019\u00e9preuve de la coupe empoisonn\u00e9e ou le triomphe de la foi.<\/p>\n<p style=\"text-align: justify;\">Saint Jean l&rsquo;\u00c9vang\u00e9liste repr\u00e9sent\u00e9 avec un calice fait allusion \u00e0 sa mise \u00e0 l&rsquo;\u00e9preuve par le grand pr\u00eatre du temple de Diane \u00e0 \u00c9ph\u00e8se. Celui-ci lui dit : \u00ab<em>\u00a0Si tu veux que je croie en ton dieu, je te donnerai du poison \u00e0 boire et s&rsquo;il ne te fait aucun mal, c&rsquo;est que ton dieu sera le vrai Dieu\u00a0\u00bb.<\/em><\/p>\n<p style=\"text-align: justify;\">Saint Jean neutralisant gr\u00e2ce \u00e0 un geste de b\u00e9n\u00e9diction le venin qui s&rsquo;\u00e9chappe du calice sous la forme d&rsquo;un petit dragon bic\u00e9phale. La l\u00e9gende raconte que saint Jean put ensuite boire le breuvage.<\/p>\n<p style=\"text-align: justify;\">Ce r\u00e9cit, popularis\u00e9 par la<em>\u00a0\u00ab\u00a0L\u00e9gende dor\u00e9e\u00a0\u00bb<\/em>\u00a0de Jacques de Voragine, s&rsquo;inspire de phrases des \u00c9vangiles. Dans celui de saint Matthieu, J\u00e9sus dit \u00e0 saint Jean et \u00e0 son fr\u00e8re : <em>\u00ab\u00a0Il est vrai que vous boirez la coupe que je dois boire\u00a0\u00bb<\/em>. Et dans celui de saint Marc, J\u00e9sus ressuscit\u00e9 envoie les ap\u00f4tres en mission et leur promet entre autres l&rsquo;immunit\u00e9 contre le poison :<em> \u00ab\u00a0Voici les miracles qui accompagneront ceux qui auront cru : quand ils auront bu quelque breuvage mortel, il ne leur fera point de mal\u00a0\u00bb.<\/em><\/p>\n<p style=\"text-align: justify;\">Saint Jean l&rsquo;\u00c9vang\u00e9liste est connu pour\u00a0\u00eatre le saint pourfendeur des\u00a0cultes polyth\u00e9ismes. Citons cette phrase de J\u00e9sus adress\u00e9e \u00e0 Nicod\u00e8me\u00a0: <em>\u00ab\u00a0Et comme Mo\u00efse \u00e9leva le serpent dans le d\u00e9sert, ainsi il faut que le Fils de l\u2019homme soit \u00e9lev\u00e9, afin que quiconque croit en Lui ne p\u00e9risse pas, mais qu\u2019il ait la vie \u00e9ternelle\u00a0\u00bb<\/em> (\u00c9vangile de Jean 3:14-15).<\/p>\n<p>&nbsp;<\/p>\n<p style=\"text-align: justify;\">Richement ouvrag\u00e9s, les c\u00f4t\u00e9s du coffre ne sont pas laiss\u00e9s pour compte.<\/p>\n<p style=\"text-align: justify;\">Deux grandes anses en fer forg\u00e9s ornent le centre d\u2019un panneau couvert d\u2019enroulements \u00e0 floraison d\u00e9ployant de belles feuilles de lierre et d\u2019olivier.<\/p>\n<p style=\"text-align: justify;\">Comme il est d\u2019usage sur les coffres suisses, l\u2019abattant, couronn\u00e9 d\u2019une jolie frise de demi-rosaces abrite une serrure finement ouvrag\u00e9e et cisel\u00e9e, en fer forg\u00e9. Des pentures joignant dos et abattant du meuble sont \u00e9galement travaill\u00e9s et cisel\u00e9s, dignes des ateliers suisses d\u00e9j\u00e0 r\u00e9put\u00e9s \u00e0 l\u2019\u00e9poque.<\/p>\n<p style=\"text-align: justify;\">Le pi\u00e8tement<span class=\"Apple-converted-space\">\u00a0<\/span><\/p>\n<p style=\"text-align: justify;\">Le coffre dont la bordure basse pr\u00e9sente une frise de feuilles tress\u00e9es surmont\u00e9e d\u2019une seconde en demi-rosaces, repose sur deux griffes de patte de lion \u00e0 l\u2019avant, et deux pieds en double boule-aplaties \u00e0 l\u2019arri\u00e8re.<\/p>\n<p>&nbsp;<\/p>\n<p style=\"text-align: justify;\">Ce coffre, admirablement pens\u00e9 et sculpt\u00e9 de maintes mani\u00e8res en l\u00e9ger et profond relief, parfois \u00e0 claire-voie jusqu\u2019au rond de bosse propose une luxuriance en termes de sujets, d\u00e9cors et ornementations.<span class=\"Apple-converted-space\">\u00a0<\/span><\/p>\n<p>&nbsp;<\/p>\n<p style=\"text-align: justify;\">Un Vitrail aux armes de Riedmatten (en haut \u00e0 droite) un tr\u00e8fle \u00e0 trois feuilles, surmont\u00e9 de deux \u00e9toiles, et de Montheys se trouve au Mus\u00e9e d\u2019histoire du Valais\u00a0:<\/p>\n<p>[\/vc_column_text][\/vc_column][vc_column width=\u00a0\u00bb1\/2&Prime;][\/vc_column][\/vc_row][vc_row][vc_column width=\u00a0\u00bb1\/2&Prime;][vc_single_image image=\u00a0\u00bb10183&Prime; img_size=\u00a0\u00bbmedium\u00a0\u00bb alignment=\u00a0\u00bbcenter\u00a0\u00bb][\/vc_column][vc_column width=\u00a0\u00bb1\/2&Prime;][\/vc_column][\/vc_row][vc_row][vc_column width=\u00a0\u00bb1\/2&Prime;][vc_column_text]\u00a0\u00bbVitrail aux armes de Riedmatten et de Montheys\u00a0\u00bb, in: Elsig Patrick, Morand Marie Claude (sous la dir.), Le Mus\u00e9e d\u2019histoire du Valais, Sion. Collectionner au c\u0153ur des Alpes, Sion: Mus\u00e9e d\u2019histoire\/Paris: Somogy Ed. d\u2019Art, 2013, pp. 186-187.<\/p>\n<p>&nbsp;<\/p>\n<p><strong>Bibliographie\u00a0:<span class=\"Apple-converted-space\">\u00a0<\/span><\/strong><\/p>\n<p>Armorial valaisan\u00a0: Walliser Wappenbuch \/ hrsg. vom Kantonsarchiv = Walliser Wappenbuch, Archives cantonales (Valais), Zurich\u2009: Orell Fuessli, 1946.<\/p>\n<p>Morend, Jean-Claude\u2009; Dupont Lachenal, L\u00e9on, Nouvel armorial valaisan.\u00a0: Neues Walliser Wappenbuch, Saint-Maurice\u2009: Ed. du Scex, 1974.<\/p>\n<p>&nbsp;<\/p>\n<p><strong>Bibliographie num\u00e9rique concernant les Armes de la Famille Riedmatten\u00a0:<span class=\"Apple-converted-space\">\u00a0<\/span><\/strong><\/p>\n<p><a href=\"https:\/\/www.werlen.ch\/3985\/gommer05.htm\">https:\/\/www.werlen.ch\/3985\/gommer05.htm<\/a><\/p>\n<p><a href=\"https:\/\/core.ac.uk\/download\/pdf\/20661665.pdf\">https:\/\/core.ac.uk\/download\/pdf\/20661665.pdf<\/a><\/p>\n<p><a href=\"https:\/\/www.bridgemanimages.com\/fr\/noartistknown\/pewter-plate-with-coat-of-arms-of-bishop-adrian-iii-or-iv-of-riedmatten\/object\/asset\/580125\">https:\/\/www.bridgemanimages.com\/fr\/noartistknown\/pewter-plate-with-coat-of-arms-of-bishop-adrian-iii-or-iv-of-riedmatten\/object\/asset\/580125<\/a><\/p>\n<p><a href=\"https:\/\/doc.rero.ch\/record\/17328\">https:\/\/doc.rero.ch\/record\/17328<\/a><\/p>\n<p><a href=\"https:\/\/doc.rero.ch\/record\/17182\">https:\/\/doc.rero.ch\/record\/17182<\/a><\/p>\n<p><a href=\"https:\/\/doc.rero.ch\/record\/7068\/files\/I-N177-1958-004.pdf\">https:\/\/doc.rero.ch\/record\/7068\/files\/I-N177-1958-004.pdf<\/a><\/p>\n<p><a href=\"https:\/\/doc.rero.ch\/record\/6981\/files\/I-N177-1948-009.pdf\">https:\/\/doc.rero.ch\/record\/6981\/files\/I-N177-1948-009.pdf<\/a><\/p>\n<p><a href=\"https:\/\/core.ac.uk\/download\/pdf\/20661665.pdf\">https:\/\/core.ac.uk\/download\/pdf\/20661665.pdf<\/a><\/p>\n<p>[\/vc_column_text][\/vc_column][vc_column width=\u00a0\u00bb1\/2&Prime;][\/vc_column][\/vc_row][vc_row][vc_column width=\u00a0\u00bb1\/2&Prime;][vc_column_text]<\/p>\n<p>&nbsp;<\/p>\n<p>&nbsp;<\/p>\n<p>&nbsp;<\/p>\n<p>Documentation sur la Famille Riedmatten<\/p>\n<p>&nbsp;<\/p>\n<p>[\/vc_column_text][\/vc_column][vc_column width=\u00a0\u00bb1\/2&Prime;][\/vc_column][\/vc_row][vc_row][vc_column width=\u00a0\u00bb1\/2&Prime;][vc_single_image image=\u00a0\u00bb10198&Prime; img_size=\u00a0\u00bbmedium\u00a0\u00bb alignment=\u00a0\u00bbcenter\u00a0\u00bb][\/vc_column][vc_column width=\u00a0\u00bb1\/2&Prime;][\/vc_column][\/vc_row][vc_row][vc_column width=\u00a0\u00bb1\/2&Prime;][vc_column_text]<span class=\"Apple-converted-space\">\u00a0<\/span>In der von Peter von Riedmatten gestifteten Bielkapelle bei M\u00fcnster, finden wir dieses Bild. Es tr\u00e4gt die \u00dcberschrift: GEFAHR!<\/p>\n<p>&nbsp;<\/p>\n<p>&nbsp;<\/p>\n<p>LA FAMILLE\u00a0 VON RIEDMATTEN<\/p>\n<p style=\"text-align: justify;\">Les von Riedmatten proviennent, comme leur nom l&rsquo;indique, de la Riedmatte pr\u00e8s de Saint-Nicolas dans le Vispertal. Comme le montre l\u2019histoire suivante, ils sont arriv\u00e9s \u00e0 M\u00fcnster dans des circonstances extr\u00eamement inhabituelles :<\/p>\n<p style=\"text-align: justify;\">Une jeune fille nomm\u00e9e Margaret Imwinkelried partit un jour en p\u00e8lerinage \u00e0 Longeborgne pr\u00e8s de Sion. En chemin, elle dut passer la nuit dans une auberge \u00e0 Gampel. Au d\u00eener, elle rencontra un agr\u00e9able jeune homme. Il s&rsquo;appelait Adrian von Riedmatten. Il \u00e9tait le secr\u00e9taire du prince-\u00e9v\u00eaque Matth\u00e4us Schiner. Les deux jeunes gens se sont bien aim\u00e9s et ont pass\u00e9 la nuit ensemble.<\/p>\n<p style=\"text-align: justify;\">Lorsque Margaret revint \u00e0 M\u00fcnster, elle \u00e9tait enceinte. Elle n&rsquo;a dit un mot \u00e0 personne de son aventure, mais elle a persuad\u00e9 son fianc\u00e9 Johann Gon de se marier imm\u00e9diatement.<\/p>\n<p style=\"text-align: justify;\">Entre-temps, Adrian von Riedmatten devint pr\u00eatre et plus tard m\u00eame \u00e9v\u00eaque. Alors que Margaret gisait sur son lit de mort, elle souhaitait faire sa derni\u00e8re confession. Elle a avou\u00e9 que son premier fils n\u2019avait pas \u00e9t\u00e9 engendr\u00e9 par son mari, mais par l\u2019\u00e9v\u00eaque actuel. Interrog\u00e9, l&rsquo;\u00e9v\u00eaque a confirm\u00e9 ses d\u00e9clarations.<\/p>\n<p style=\"text-align: justify;\">Peter Gon fut d\u00e9sh\u00e9rit\u00e9 par la famille Gon et s&rsquo;appela Peter von Riedmatten \u00e0 partir de 1536. C&rsquo;est l&rsquo;histoire incroyable mais vraie de la fa\u00e7on dont les Riedmatten ont \u00e9t\u00e9 introduits clandestinement \u00e0 M\u00fcnster !<\/p>\n<p style=\"text-align: justify;\">C&rsquo;\u00e9tait une chance pour le village. La famille von Riedmatten devint la famille la plus puissante et la plus importante de la vall\u00e9e. D&rsquo;ailleurs, la lign\u00e9e M\u00fcnstiger descendante de l&rsquo;\u00e9v\u00eaque est la seule qui ait surv\u00e9cu. Le p\u00e8re de Pierre, l&rsquo;influent prince-\u00e9v\u00eaque, favorisa son fils unique avec tous les moyens \u00e0 sa disposition. Lui, \u00e0 son tour, \u00e9tait respect\u00e9 et puissant. Hildebrand, l&rsquo;un de ses fils, suivit l&rsquo;exemple de son grand-p\u00e8re et devint le premier \u00e9v\u00eaque de Riedmatten de M\u00fcnster. De 1565 \u00e0 1701 &#8211; soit pendant pr\u00e8s de 150 ans &#8211; l&rsquo;\u00e9v\u00eaque de Sitten \u00e9tait un M\u00fcnstiger. Leurs noms \u00e9taient Adrien II, Adrien III, Adrien IV et Adrien V.<\/p>\n<p>[\/vc_column_text][\/vc_column][vc_column width=\u00a0\u00bb1\/2&Prime;][\/vc_column][\/vc_row][vc_row][vc_column width=\u00a0\u00bb1\/2&Prime;][vc_single_image image=\u00a0\u00bb10202&Prime; img_size=\u00a0\u00bbmedium\u00a0\u00bb alignment=\u00a0\u00bbcenter\u00a0\u00bb][\/vc_column][vc_column width=\u00a0\u00bb1\/2&Prime;][\/vc_column][\/vc_row][vc_row][vc_column width=\u00a0\u00bb1\/2&Prime;][vc_column_text]Riedmatten Wappen<\/p>\n<p>&nbsp;<\/p>\n<p>&nbsp;<\/p>\n<p style=\"text-align: justify;\">C&rsquo;\u00e9tait une \u00e9poque glorieuse pour le village. Cela pr\u00e9sentait des avantages politiques, \u00e9conomiques et financiers. De nombreux imp\u00f4ts et taxes affluaient dans le tr\u00e9sor de l&rsquo;\u00e9glise.<\/p>\n<p style=\"text-align: justify;\">\u00c0 mesure que M\u00fcnster et sa grande paroisse &#8211; qui comprenait les 10 villages Gommer de Selkingen \u00e0 Oberwald &#8211; devenaient de plus en plus grandes, le navire dut \u00eatre agrandi. Cela s&rsquo;est produit vers 1660.<\/p>\n<p style=\"text-align: justify;\">L&rsquo;\u00e9v\u00eaque Adrian V a promis de couvrir les co\u00fbts de tous les travaux de dorure lors de l&rsquo;agrandissement de l&rsquo;\u00e9glise. Lorsque le projet de loi lui fut pr\u00e9sent\u00e9, il se serait exclam\u00e9 : \u00ab Pour l\u2019amour du ciel, vous avez construit toute l\u2019\u00e9glise \u00e0 Giltstein ! \u00bb<span class=\"Apple-converted-space\">\u00a0<\/span><\/p>\n<p>&nbsp;<\/p>\n<p>[\/vc_column_text][\/vc_column][vc_column width=\u00a0\u00bb1\/2&Prime;][\/vc_column][\/vc_row][vc_row][vc_column width=\u00a0\u00bb1\/2&Prime;][vc_single_image image=\u00a0\u00bb10200&Prime; img_size=\u00a0\u00bbmedium\u00a0\u00bb alignment=\u00a0\u00bbcenter\u00a0\u00bb][\/vc_column][vc_column width=\u00a0\u00bb1\/2&Prime;][\/vc_column][\/vc_row]<\/p>\n<\/div>","protected":false},"excerpt":{"rendered":"<h4>COFFRE SUISSE RICHEMENT SCULPT\u00c9 AUX ARMES DE LA FAMILLE RIEDMATTEN ENCADR\u00c9ES DE DEUX SAINTES CONVERSATIONS<\/h4>\n<p>&nbsp;<\/p>\n<p><strong>ORIGINE\u00a0:<\/strong> SUISSE, CANTON DU VALAY<\/p>\n<p><strong>EPOQUE\u00a0:<\/strong> FIN DU XVI\u00e8me SI\u00c8CLE- DEBUT DU 17\u00e8me SI\u00c8CLE<\/p>\n<p>&nbsp;<\/p>\n<p>&nbsp;<\/p>\n<p>Hauteur\u00a0: 80 cm<\/p>\n<p>Largeur\u00a0: 166 cm<\/p>\n<p>Profondeur\u00a0: 62 cm<\/p>\n<p>&nbsp;<\/p>\n<p>Bois de Noyer<span class=\"Apple-converted-space\">\u00a0<\/span><\/p>\n<p>Serrures d\u2019origine<\/p>\n<p>Tr\u00e8s bon \u00e9tat de conservation<\/p>\n<p>Coffre aux armes de la Famille Riedmatten<\/p>\n<p>&nbsp;<\/p>\n<p>&nbsp;<\/p>\n<p>&nbsp;<\/p>\n<p>&nbsp;<\/p>\n[dt_button size=\"small\" style=\"default\" animation=\"none\" color_mode=\"default\" icon=\"\" icon_align=\"left\" color=\"\" link=\"mailto:gabrielle-laroche@wanadoo.fr?subject=336_COFFRE_RIEDMATEN\" target_blank=\"true\"]DEMANDE D&rsquo;INFORMATIONS[\/dt_button]\n<p>&nbsp;<\/p>\n<p><a href=\"\/fr\/antiquites\/mobilier\/coffres\/\">Retour aux coffres<\/a><\/p>\n","protected":false},"featured_media":10647,"template":"","meta":[],"product_brand":[],"product_cat":[21],"product_tag":[],"class_list":{"0":"post-10180","1":"product","2":"type-product","3":"status-publish","4":"has-post-thumbnail","6":"product_cat-coffres","7":"description-off","9":"first","10":"instock","11":"shipping-taxable","12":"product-type-simple"},"aioseo_notices":[],"_links":{"self":[{"href":"https:\/\/www.gabrielle-laroche.com\/fr\/wp-json\/wp\/v2\/product\/10180","targetHints":{"allow":["GET"]}}],"collection":[{"href":"https:\/\/www.gabrielle-laroche.com\/fr\/wp-json\/wp\/v2\/product"}],"about":[{"href":"https:\/\/www.gabrielle-laroche.com\/fr\/wp-json\/wp\/v2\/types\/product"}],"wp:featuredmedia":[{"embeddable":true,"href":"https:\/\/www.gabrielle-laroche.com\/fr\/wp-json\/wp\/v2\/media\/10647"}],"wp:attachment":[{"href":"https:\/\/www.gabrielle-laroche.com\/fr\/wp-json\/wp\/v2\/media?parent=10180"}],"wp:term":[{"taxonomy":"product_brand","embeddable":true,"href":"https:\/\/www.gabrielle-laroche.com\/fr\/wp-json\/wp\/v2\/product_brand?post=10180"},{"taxonomy":"product_cat","embeddable":true,"href":"https:\/\/www.gabrielle-laroche.com\/fr\/wp-json\/wp\/v2\/product_cat?post=10180"},{"taxonomy":"product_tag","embeddable":true,"href":"https:\/\/www.gabrielle-laroche.com\/fr\/wp-json\/wp\/v2\/product_tag?post=10180"}],"curies":[{"name":"wp","href":"https:\/\/api.w.org\/{rel}","templated":true}]}}