

{"id":10203,"date":"2024-01-15T18:15:15","date_gmt":"2024-01-15T17:15:15","guid":{"rendered":"https:\/\/www.gabrielle-laroche.com\/?post_type=product&#038;p=10203"},"modified":"2025-03-12T17:14:00","modified_gmt":"2025-03-12T16:14:00","slug":"vierge-de-calvaire-2","status":"publish","type":"product","link":"https:\/\/www.gabrielle-laroche.com\/fr\/product\/vierge-de-calvaire-2\/","title":{"rendered":"VIERGE DE CALVAIRE"},"content":{"rendered":"<div class=\"wpb-content-wrapper\"><p>[vc_row][vc_column width=\u00a0\u00bb1\/2&Prime;][vc_column_text]<\/p>\n<p style=\"text-align: justify;\">La Vierge sculpt\u00e9e en ronde bosse, avec sa silhouette longiligne et alti\u00e8re, est pr\u00e9sent\u00e9e debout.\u00a0 \u00a0Son visage serein est encadr\u00e9 d\u2019une guimpe au pliss\u00e9 fin et serr\u00e9 mettant en relief son joli visage d\u00e9licat. Le tr\u00e8s doux visage de la Vierge r\u00e9v\u00e8le un nez fin, des pommettes saillantes, un petit menton bien form\u00e9 et aux sourcils bien arqu\u00e9s.<\/p>\n<p style=\"text-align: justify;\">Elle est v\u00eatue d\u2019une robe rouge ceintur\u00e9e haute et d\u2019un manteau bleu bord\u00e9 d\u2019or, dont les pans reviennent sur le devant. \u00a0Deux petits souliers rouge apparaissent sous les longs pliss\u00e9s fins et expressifs de ses v\u00eatements mouvement\u00e9s. Le manteau qui couvre sa t\u00eate placant dans l\u2019ombre le haut de son front accentue le sentiment de recueillement de la Vierge de Calvaire.<\/p>\n<p style=\"text-align: justify;\">Enti\u00e8rement polychrom\u00e9e, le rouge de la robe laisse appara\u00eetre un fond argent\u00e9 des plus raffin\u00e9s. L\u2019ensemble am\u00e8ne de la douceur et de l\u2019\u00e9l\u00e9gance \u00e0 cette Vierge de Calvaire qui faisait pendant \u00e0 Saint Jean\u00a0l\u2019Evang\u00e9liste, dans une sc\u00e8ne de crucifixion.<\/p>\n<p>[\/vc_column_text][vc_empty_space][\/vc_column][vc_column width=\u00a0\u00bb1\/2&Prime;][\/vc_column][\/vc_row]<\/p>\n<\/div>","protected":false},"excerpt":{"rendered":"<h4>VIERGE DE CALVAIRE<\/h4>\n<p>&nbsp;<\/p>\n<p>&nbsp;<\/p>\n<p><strong>ORIGINE\u00a0:<\/strong> ALLEMAGNE\u00a0 DU SUD<\/p>\n<p><strong>EPOQUE\u00a0:<\/strong> VERS 1500<\/p>\n<p>&nbsp;<\/p>\n<p>Hauteur\u00a0: 64 cm<\/p>\n<p>Largeur\u00a0: 21 cm<\/p>\n<p>Profondeur\u00a0: 16 cm<\/p>\n<p>&nbsp;<\/p>\n<p>Bois de Tilleul<\/p>\n<p>Polychromie d\u2019origine<\/p>\n<p>Bon \u00e9tat de conservation<\/p>\n<p>&nbsp;<\/p>\n<p>&nbsp;<\/p>\n<p>&nbsp;<\/p>\n[dt_button size=\"small\" style=\"default\" animation=\"none\" color_mode=\"default\" icon=\"\" icon_align=\"left\" color=\"\" link=\"mailto:gabrielle-laroche@wanadoo.fr?subject=337_VIERGE_DE_CALVAIRE\u00bb\" target_blank=\"true\"]DEMANDE D&rsquo;INFORMATIONS[\/dt_button]\n<p>&nbsp;<\/p>\n<p>&nbsp;<\/p>\n<p><a href=\"\/fr\/antiquites\/sculpture\/\">Retour aux sculptures<\/a><\/p>\n","protected":false},"featured_media":10204,"template":"","meta":[],"product_brand":[],"product_cat":[32],"product_tag":[],"class_list":{"0":"post-10203","1":"product","2":"type-product","3":"status-publish","4":"has-post-thumbnail","6":"product_cat-sculptures","7":"description-off","9":"first","10":"instock","11":"shipping-taxable","12":"product-type-simple"},"aioseo_notices":[],"_links":{"self":[{"href":"https:\/\/www.gabrielle-laroche.com\/fr\/wp-json\/wp\/v2\/product\/10203","targetHints":{"allow":["GET"]}}],"collection":[{"href":"https:\/\/www.gabrielle-laroche.com\/fr\/wp-json\/wp\/v2\/product"}],"about":[{"href":"https:\/\/www.gabrielle-laroche.com\/fr\/wp-json\/wp\/v2\/types\/product"}],"wp:featuredmedia":[{"embeddable":true,"href":"https:\/\/www.gabrielle-laroche.com\/fr\/wp-json\/wp\/v2\/media\/10204"}],"wp:attachment":[{"href":"https:\/\/www.gabrielle-laroche.com\/fr\/wp-json\/wp\/v2\/media?parent=10203"}],"wp:term":[{"taxonomy":"product_brand","embeddable":true,"href":"https:\/\/www.gabrielle-laroche.com\/fr\/wp-json\/wp\/v2\/product_brand?post=10203"},{"taxonomy":"product_cat","embeddable":true,"href":"https:\/\/www.gabrielle-laroche.com\/fr\/wp-json\/wp\/v2\/product_cat?post=10203"},{"taxonomy":"product_tag","embeddable":true,"href":"https:\/\/www.gabrielle-laroche.com\/fr\/wp-json\/wp\/v2\/product_tag?post=10203"}],"curies":[{"name":"wp","href":"https:\/\/api.w.org\/{rel}","templated":true}]}}