

{"id":10244,"date":"1998-01-01T11:30:19","date_gmt":"1998-01-01T10:30:19","guid":{"rendered":"https:\/\/www.gabrielle-laroche.com\/?post_type=product&#038;p=10244"},"modified":"2025-02-04T15:18:14","modified_gmt":"2025-02-04T14:18:14","slug":"importante-et-sobre-credenza-en-noyer-sculpte-de-la-renaissance","status":"publish","type":"product","link":"https:\/\/www.gabrielle-laroche.com\/fr\/product\/importante-et-sobre-credenza-en-noyer-sculpte-de-la-renaissance\/","title":{"rendered":"IMPORTANTE ET SOBRE CREDENZA EN NOYER SCULPT\u00c9 DE LA RENAISSANCE"},"content":{"rendered":"<div class=\"wpb-content-wrapper\"><p>[vc_row][vc_column width=\u00a0\u00bb1\/2&Prime;][vc_column_text]<\/p>\n<p style=\"text-align: justify;\">Le buffet bas \u00e0 plusieurs portes devient plus fr\u00e9quent au XVIe si\u00e8cle dans le nord de l\u2019Italie. Meuble de palais utilis\u00e9 dans la chambre ou la salle \u00e0 manger, il est parfois qualifi\u00e9 de \u00ab\u00a0credenza\u00a0\u00bb.<span class=\"Apple-converted-space\">\u00a0<\/span><\/p>\n<p style=\"text-align: justify;\">Ce mod\u00e8le de tr\u00e8s belle facture, puissant et \u00e9quilibr\u00e9 se compose d\u2019un corps principal ouvrant \u00e0 deux vantaux. Reposant sur des pieds griffe, il s\u2019\u00e9l\u00e8ve sur une large base.<span class=\"Apple-converted-space\">\u00a0<\/span><\/p>\n<p style=\"text-align: justify;\">Chaque partie de la credenza &#8211; base, montants lat\u00e9raux, vantaux &#8211; est encadr\u00e9e de d\u00e9licates moulures soulign\u00e9es de frises de lunules, mettant ainsi en valeur la surface de noyer au grain tr\u00e8s fin.<span class=\"Apple-converted-space\">\u00a0<\/span><\/p>\n<p style=\"text-align: justify;\">Cette credenza, se caract\u00e9rise par l\u2019\u00e9l\u00e9gance et la sobri\u00e9t\u00e9 de son d\u00e9cor et illustre la production italienne de la Renaissance.<\/p>\n<p>[\/vc_column_text][\/vc_column][vc_column width=\u00a0\u00bb1\/2&Prime;][\/vc_column][\/vc_row][vc_row][vc_column width=\u00a0\u00bb1\/2&Prime;][vc_column_text]<\/p>\n<p>&nbsp;<\/p>\n<p>&nbsp;<\/p>\n<p>&nbsp;<\/p>\n<p>[\/vc_column_text][\/vc_column][vc_column width=\u00a0\u00bb1\/2&Prime;][\/vc_column][\/vc_row]<\/p>\n<\/div>","protected":false},"excerpt":{"rendered":"<h4>IMPORTANTE ET SOBRE CREDENZA EN NOYER SCULPT\u00c9 DE LA RENAISSANCE<\/h4>\n<p>&nbsp;<\/p>\n<p><strong>ORIGINE\u00a0:<\/strong> ITALIE, VENISE<\/p>\n<p><strong>P\u00c9RIODE :<\/strong> XVIe SI\u00c8CLE<\/p>\n<p>&nbsp;<\/p>\n<p>Hauteur\u00a0: 103 cm<\/p>\n<p>Longueur\u00a0: 174 cm<\/p>\n<p>Profondeur\u00a0: 45\u00a0cm<\/p>\n<p>&nbsp;<\/p>\n<p>Bois de noyer<span class=\"Apple-converted-space\">\u00a0<\/span><\/p>\n<p>Restaurations d\u2019usage et d\u2019entretien<\/p>\n<p>&nbsp;<\/p>\n<p>&nbsp;<\/p>\n[dt_button size=\"small\" style=\"default\" animation=\"none\" color_mode=\"default\" icon=\"\" icon_align=\"left\" color=\"\" link=\"mailto:gabrielle-laroche@wanadoo.fr?subject=235_IMPORTANTE_ET_SOBRE_CREDENZA_EN_NOYER_SCULPT\u00c9_DE_LA_RENAISSANCE\u2009\" target_blank=\"true\"]DEMANDE D&rsquo;INFORMATIONS[\/dt_button]\n<p>&nbsp;<\/p>\n<p><a href=\"\/fr\/antiquites\/mobilier\/meubles\/\">Retour aux meubles<\/a><\/p>\n","protected":false},"featured_media":10245,"template":"","meta":[],"product_brand":[],"product_cat":[18],"product_tag":[],"class_list":{"0":"post-10244","1":"product","2":"type-product","3":"status-publish","4":"has-post-thumbnail","6":"product_cat-meubles","7":"description-off","9":"first","10":"instock","11":"shipping-taxable","12":"product-type-simple"},"aioseo_notices":[],"_links":{"self":[{"href":"https:\/\/www.gabrielle-laroche.com\/fr\/wp-json\/wp\/v2\/product\/10244","targetHints":{"allow":["GET"]}}],"collection":[{"href":"https:\/\/www.gabrielle-laroche.com\/fr\/wp-json\/wp\/v2\/product"}],"about":[{"href":"https:\/\/www.gabrielle-laroche.com\/fr\/wp-json\/wp\/v2\/types\/product"}],"wp:featuredmedia":[{"embeddable":true,"href":"https:\/\/www.gabrielle-laroche.com\/fr\/wp-json\/wp\/v2\/media\/10245"}],"wp:attachment":[{"href":"https:\/\/www.gabrielle-laroche.com\/fr\/wp-json\/wp\/v2\/media?parent=10244"}],"wp:term":[{"taxonomy":"product_brand","embeddable":true,"href":"https:\/\/www.gabrielle-laroche.com\/fr\/wp-json\/wp\/v2\/product_brand?post=10244"},{"taxonomy":"product_cat","embeddable":true,"href":"https:\/\/www.gabrielle-laroche.com\/fr\/wp-json\/wp\/v2\/product_cat?post=10244"},{"taxonomy":"product_tag","embeddable":true,"href":"https:\/\/www.gabrielle-laroche.com\/fr\/wp-json\/wp\/v2\/product_tag?post=10244"}],"curies":[{"name":"wp","href":"https:\/\/api.w.org\/{rel}","templated":true}]}}