

{"id":10318,"date":"2024-04-24T12:59:59","date_gmt":"2024-04-24T10:59:59","guid":{"rendered":"https:\/\/www.gabrielle-laroche.com\/?post_type=product&#038;p=10318"},"modified":"2026-02-11T12:28:50","modified_gmt":"2026-02-11T11:28:50","slug":"bois-sculpte-representant-une-pieta","status":"publish","type":"product","link":"https:\/\/www.gabrielle-laroche.com\/fr\/product\/bois-sculpte-representant-une-pieta\/","title":{"rendered":"BOIS SCULPT\u00c9 REPR\u00c9SENTANT UNE PIET\u00c0"},"content":{"rendered":"<div class=\"wpb-content-wrapper\"><p>[vc_row][vc_column width=\u00a0\u00bb1\/2&Prime;][vc_column_text]<\/p>\n<p style=\"text-align: justify;\">ICONOGRAPHIE<\/p>\n<p style=\"text-align: justify;\">Au milieu du XIV\u00e8me si\u00e8cle appara\u00eet dans la vall\u00e9e du Rhin le grand courant du mysticisme, largement diffus\u00e9 par la pens\u00e9e franciscaine.<\/p>\n<p style=\"text-align: justify;\">L\u2019art path\u00e9tique du Moyen Age fait alors une large place dans son iconographie \u00e0 des th\u00e8mes qui ne sont ni esquiss\u00e9s dans les Evangiles, ni davantage issus du culte officiel, mais qui trouvent leur origine dans l\u2019Evangile apocryphe de Nicod\u00e8me.<\/p>\n<p style=\"text-align: justify;\">Celui-ci introduit Marie, en l\u2019annon\u00e7ant comme \u00e9tant pr\u00e9sente \u00e0 l\u2019ensevelissement de son fils et lui pr\u00eate des paroles qui constituent\u00a0 un v\u00e9ritable thr\u00e8ne (lat. threnus\u00a0: \u00e9l\u00e9gies) reposant en grande partie sur la proph\u00e9tie du vieillard Sim\u00e9on. Cet apocryphe a inspir\u00e9 les m\u00e9lodies et les hom\u00e9lies de Georges de Nicom\u00e9die qui, d\u00e8s la fin du IX\u00e8me si\u00e8cle, pr\u00e9cise encore davantage le caract\u00e8re douloureux de ce thr\u00e8ne.<\/p>\n<p style=\"text-align: justify;\">Il est indispensable de revenir sur ces textes afin de relativiser l\u2019importance donn\u00e9e en g\u00e9n\u00e9ral aux \u00e9crits post\u00e9rieurs des mystiques de la Vall\u00e9e du Rhin, dans la gen\u00e8se de ces groupes. Certains les consid\u00e9raient \u00e0 tort, comme n\u00e9s exclusivement des m\u00e9ditations et des visions du bienheureux\u00a0Suso et de sainte Brigitte. Les mystiques ne firent que reprendre et exacerber ce th\u00e8me d\u00e9j\u00e0 bien connu des enlumineurs et des ma\u00eetres verriers.<\/p>\n<p style=\"text-align: justify;\">En ce domaine les images pr\u00e9c\u00e9d\u00e8rent donc les sculptures de plusieurs si\u00e8cles. Et les plus anciennes sont de type byzantin respectant\u00a0 les gestes d\u2019ensevelissement de l\u2019apocryphe de Nicod\u00e8me.<\/p>\n<p style=\"text-align: justify;\">Les Vierges de Piti\u00e9, se d\u00e9veloppent dans la statuaire avant\u00a0 la fin du XIV\u00e8me si\u00e8cle. En Allemagne, elles virent le jour au d\u00e9but du XIV\u00e8me, dans les couvents de nonnes mystiques de la Haute Vall\u00e9e du Rhin dans le cadre des \u00ab\u00a0Vesperbilder\u00a0\u00bb ou images de V\u00eapres (l\u2019heure des V\u00eapres, de cinq \u00e0 sept, correspondant \u00e0 la descente de croix).<\/p>\n<p style=\"text-align: justify;\">En France, la plus ancienne serait celle ex\u00e9cut\u00e9e par Claus Sluter pour la Chartreuse de Champmol\u00a0; elle \u00e9tait alors accompagn\u00e9e de deux anges suivant l\u2019iconographie byzantine.<\/p>\n<p style=\"text-align: justify;\">La plupart de ces groupes furent cr\u00e9\u00e9s durant le XV\u00e8me si\u00e8cle et leur cr\u00e9ation fut encourag\u00e9e par la multiplication des Confr\u00e9ries de Notre Dame de\u00a0 Piti\u00e9.<\/p>\n<p>&nbsp;<\/p>\n<p style=\"text-align: justify;\">DESCRIPTION<\/p>\n<p style=\"text-align: justify;\">La Vierge Marie est repr\u00e9sent\u00e9e assise sur un tr\u00f4ne portant le corps du Christ sur son genou droit. La lourde \u00e9toffe de son manteau bleu ciel et rouge \u00e0 l\u2019int\u00e9rieur, la recouvre enti\u00e8rement, de la t\u00eate aux pieds. Cela lui conf\u00e8re une grande puissance. Sur son visage fin, cern\u00e9 d\u2019une guimpe blanche, les paupi\u00e8res baiss\u00e9es d\u00e9voilent des yeux peints, un \u00a0nez fin et bien dessin\u00e9 et une bouche aux l\u00e8vres minces, ainsi qu\u2019un petit menton d\u00e9gag\u00e9 de sa mentonni\u00e8re. Une douce m\u00e9lancolie traverse son visage.<\/p>\n<p style=\"text-align: justify;\">Sur son genoux droit, elle porte dans une v\u00e9ritable diagonale le corps de \u00a0son fils, qu\u2019elle soutient de son bras droit. Le Christ mort est v\u00eatu du p\u00e9rizonium court bleut\u00e9, typique du XV\u00e8me si\u00e8cle. L\u2019un de ses bras est maintenu par la Vierge le long de son corps, tandis qu\u2019elle prend sa main gauche dans la sienne.<\/p>\n<p style=\"text-align: justify;\">Il porte la couronne d\u2019\u00e9pine sur sa chevelure abondante. Son visage aux yeux clos, porte une petite barbe. Son expression semble apais\u00e9e, sans trace de douleur.<\/p>\n<p style=\"text-align: justify;\">Le pliss\u00e9 des v\u00eatements et la douce harmonie des expressions sont un parfait reflet de la sculpture germanique de cette p\u00e9riode.<\/p>\n<p>[\/vc_column_text][vc_empty_space][\/vc_column][vc_column width=\u00a0\u00bb1\/2&Prime;][vc_empty_space][\/vc_column][\/vc_row]<\/p>\n<\/div>","protected":false},"excerpt":{"rendered":"<h4>BOIS SCULPT\u00c9 REPR\u00c9SENTANT UNE PIET\u00c0<\/h4>\n<p>&nbsp;<\/p>\n<p><strong>ORIGINE<\/strong> : ALLEMAGNE<\/p>\n<p><strong>\u00c9POQUE :<\/strong> FIN XV\u00e8me \u2013 DEBUT XVI\u00e8me<\/p>\n<p>&nbsp;<\/p>\n<p>Hauteur : 49 cm<\/p>\n<p>Largeur : 33 cm<\/p>\n<p>Profondeur : 15 cm<\/p>\n<p>&nbsp;<\/p>\n<p>Bois de noyer polychrom\u00e9<\/p>\n<p>&nbsp;<\/p>\n<p>&nbsp;<\/p>\n<p>&nbsp;<\/p>\n[dt_button size=\"small\" style=\"default\" animation=\"none\" color_mode=\"default\" icon=\"\" icon_align=\"left\" color=\"\" link=\"mailto:gabrielle-laroche@wanadoo.fr?subject=196_PETITE_PIETA_ALLEMANDE\" target_blank=\"true\"]DEMANDE D&rsquo;INFORMATIONS[\/dt_button]\n<p>&nbsp;<\/p>\n<p><a href=\"\/fr\/antiquites\/sculpture\/\">Retour aux sculptures<\/a><\/p>\n<p>&nbsp;<\/p>\n<p>&nbsp;<\/p>\n","protected":false},"featured_media":10319,"template":"","meta":[],"product_brand":[],"product_cat":[17],"product_tag":[],"class_list":{"0":"post-10318","1":"product","2":"type-product","3":"status-publish","4":"has-post-thumbnail","6":"product_cat-uncategorized","7":"description-off","9":"first","10":"instock","11":"shipping-taxable","12":"product-type-simple"},"aioseo_notices":[],"_links":{"self":[{"href":"https:\/\/www.gabrielle-laroche.com\/fr\/wp-json\/wp\/v2\/product\/10318","targetHints":{"allow":["GET"]}}],"collection":[{"href":"https:\/\/www.gabrielle-laroche.com\/fr\/wp-json\/wp\/v2\/product"}],"about":[{"href":"https:\/\/www.gabrielle-laroche.com\/fr\/wp-json\/wp\/v2\/types\/product"}],"wp:featuredmedia":[{"embeddable":true,"href":"https:\/\/www.gabrielle-laroche.com\/fr\/wp-json\/wp\/v2\/media\/10319"}],"wp:attachment":[{"href":"https:\/\/www.gabrielle-laroche.com\/fr\/wp-json\/wp\/v2\/media?parent=10318"}],"wp:term":[{"taxonomy":"product_brand","embeddable":true,"href":"https:\/\/www.gabrielle-laroche.com\/fr\/wp-json\/wp\/v2\/product_brand?post=10318"},{"taxonomy":"product_cat","embeddable":true,"href":"https:\/\/www.gabrielle-laroche.com\/fr\/wp-json\/wp\/v2\/product_cat?post=10318"},{"taxonomy":"product_tag","embeddable":true,"href":"https:\/\/www.gabrielle-laroche.com\/fr\/wp-json\/wp\/v2\/product_tag?post=10318"}],"curies":[{"name":"wp","href":"https:\/\/api.w.org\/{rel}","templated":true}]}}