

{"id":10365,"date":"2024-04-30T13:11:25","date_gmt":"2024-04-30T11:11:25","guid":{"rendered":"https:\/\/www.gabrielle-laroche.com\/?post_type=product&#038;p=10365"},"modified":"2024-04-30T13:16:19","modified_gmt":"2024-04-30T11:16:19","slug":"sculpture-en-bois-representant-une-pieta","status":"publish","type":"product","link":"https:\/\/www.gabrielle-laroche.com\/fr\/product\/sculpture-en-bois-representant-une-pieta\/","title":{"rendered":"SCULPTURE EN BOIS REPRESENTANT UNE PIETA"},"content":{"rendered":"<div class=\"wpb-content-wrapper\"><p>[vc_row][vc_column width=\u00a0\u00bb1\/2&Prime;][vc_column_text]<\/p>\n<p style=\"text-align: justify;\">ICONOGRAPHIE<\/p>\n<p style=\"text-align: justify;\">\u00a0Le th\u00e8me de la Piet\u00e0 ou Vesperbild appara\u00eet en Allemagne \u00e0 la fin du XIIIe si\u00e8cle, reflet du mysticisme de la fin du Moyen \u00c2ge. Bien que le th\u00e8me n\u2019existe pas dans les \u00c9vangiles, il \u00e9tait souvent \u00e9voqu\u00e9 dans la litt\u00e9rature d\u00e9votionnelle contemporaine.<\/p>\n<p style=\"text-align: justify;\">En effet, au cours de la premi\u00e8re moiti\u00e9 du XIVe si\u00e8cle, la pens\u00e9e mystique et les pratiques d\u00e9votionnelles chang\u00e8rent sous l&rsquo;impulsion de nombreux religieux, parmi lesquels Heinrich Suso et Sainte Brigitte. Dans ses \u00e9crits, Suso a mis l&rsquo;accent sur la contemplation et la m\u00e9ditation sur les traces du martyr du Christ.<\/p>\n<p style=\"text-align: justify;\">\u00a0DESCRIPTION<\/p>\n<p style=\"text-align: justify;\">Le groupe pr\u00e9sent\u00e9 ici, de belle qualit\u00e9, porte diverses influences. Sur une terrasse verte, la Vierge est repr\u00e9sent\u00e9e assise portant le corps du Christ. Marie porte des v\u00eatements tr\u00e8s influenc\u00e9s par la mode bourguignonne. D\u2019abord un voile lourd couvrant le haut du visage et ajoutant une humble dignit\u00e9 \u00e0 son expression. Ensuite, une robe rouge serr\u00e9e haut sous la poitrine. Enfin, le drap\u00e9 du manteau aux plis lourds et cass\u00e9s.<\/p>\n<p style=\"text-align: justify;\">Le Christ tend \u00e0 retrouver sa position horizontale. Il impose par sa taille et son humanisation r\u00e9v\u00e9l\u00e9e. V\u00eatu du p\u00e9rizonium court, typique du XV\u00e8me si\u00e8cle, il est ceint d\u2019une couronne form\u00e9e de deux tiges \u00e9pineuses entrelac\u00e9es, encore vertes.<\/p>\n<p style=\"text-align: justify;\">Ses pieds et ses mains \u00e0 l\u2019allure allong\u00e9e, sont tr\u00e8s finement sculpt\u00e9s. Les cheveux ainsi que la barbe, trait\u00e9s de mani\u00e8re parall\u00e8le, d\u00e9licate et d\u00e9taill\u00e9e offrent de jolies boucles.<\/p>\n<p style=\"text-align: justify;\">L\u2019expression apais\u00e9e des visages, aussi bien celui du Christ que de la Vierge, s\u2019assimile \u00e0 la beaut\u00e9 et la noblesse des Pieta de l\u2019Est de la France.<\/p>\n<p>[\/vc_column_text][vc_empty_space][\/vc_column][vc_column width=\u00a0\u00bb1\/2&Prime;][vc_empty_space][\/vc_column][\/vc_row]<\/p>\n<\/div>","protected":false},"excerpt":{"rendered":"<h4>SCULPTURE EN BOIS REPRESENTANT UNE PIETA<\/h4>\n<p>&nbsp;<\/p>\n<p><strong>ORIGINE\u00a0:<\/strong> EST DE LA FRANCE<\/p>\n<p><strong>EPOQUE\u00a0:<\/strong> VERS 1500<\/p>\n<p>&nbsp;<\/p>\n<p>Hauteur\u00a0: 57 cm<\/p>\n<p>Largeur\u00a0: 43 cm<\/p>\n<p>Profondeur\u00a0: 22 cm<\/p>\n<p>&nbsp;<\/p>\n<p>Bois de noyer polychrome<\/p>\n<p>Bon \u00e9tat de conservation<\/p>\n<p>&nbsp;<\/p>\n<p>Provenance\u00a0: Collection particuli\u00e8re alsacienne<\/p>\n<p>&nbsp;<\/p>\n<p>&nbsp;<\/p>\n<p>&nbsp;<\/p>\n[dt_button size=\"small\" style=\"default\" animation=\"none\" color_mode=\"default\" icon=\"\" icon_align=\"left\" color=\"\" link=\"mailto:gabrielle-laroche@wanadoo.fr?subject=270_SCULPTURE_EN_BOIS_REPRESENTANT_UNE_PIETA\" target_blank=\"true\"]DEMANDE D&rsquo;INFORMATIONS[\/dt_button]\n<p>&nbsp;<\/p>\n<p><a href=\"\/fr\/antiquites\/sculpture\/\">Retour aux sculptures<\/a><\/p>\n<p>&nbsp;<\/p>\n<p>&nbsp;<\/p>\n","protected":false},"featured_media":10366,"template":"","meta":[],"product_brand":[],"product_cat":[32],"product_tag":[],"class_list":{"0":"post-10365","1":"product","2":"type-product","3":"status-publish","4":"has-post-thumbnail","6":"product_cat-sculptures","7":"description-off","9":"first","10":"instock","11":"shipping-taxable","12":"product-type-simple"},"aioseo_notices":[],"_links":{"self":[{"href":"https:\/\/www.gabrielle-laroche.com\/fr\/wp-json\/wp\/v2\/product\/10365","targetHints":{"allow":["GET"]}}],"collection":[{"href":"https:\/\/www.gabrielle-laroche.com\/fr\/wp-json\/wp\/v2\/product"}],"about":[{"href":"https:\/\/www.gabrielle-laroche.com\/fr\/wp-json\/wp\/v2\/types\/product"}],"wp:featuredmedia":[{"embeddable":true,"href":"https:\/\/www.gabrielle-laroche.com\/fr\/wp-json\/wp\/v2\/media\/10366"}],"wp:attachment":[{"href":"https:\/\/www.gabrielle-laroche.com\/fr\/wp-json\/wp\/v2\/media?parent=10365"}],"wp:term":[{"taxonomy":"product_brand","embeddable":true,"href":"https:\/\/www.gabrielle-laroche.com\/fr\/wp-json\/wp\/v2\/product_brand?post=10365"},{"taxonomy":"product_cat","embeddable":true,"href":"https:\/\/www.gabrielle-laroche.com\/fr\/wp-json\/wp\/v2\/product_cat?post=10365"},{"taxonomy":"product_tag","embeddable":true,"href":"https:\/\/www.gabrielle-laroche.com\/fr\/wp-json\/wp\/v2\/product_tag?post=10365"}],"curies":[{"name":"wp","href":"https:\/\/api.w.org\/{rel}","templated":true}]}}