

{"id":10543,"date":"2024-07-19T14:07:35","date_gmt":"2024-07-19T12:07:35","guid":{"rendered":"https:\/\/www.gabrielle-laroche.com\/?post_type=product&#038;p=10543"},"modified":"2025-03-12T17:09:44","modified_gmt":"2025-03-12T16:09:44","slug":"exceptionnel-et-rare-christ-en-croix-polychrome-represente-nu","status":"publish","type":"product","link":"https:\/\/www.gabrielle-laroche.com\/fr\/product\/exceptionnel-et-rare-christ-en-croix-polychrome-represente-nu\/","title":{"rendered":"EXCEPTIONNEL ET RARE CHRIST EN CROIX POLYCHROME, REPR\u00c9SENT\u00c9 NU"},"content":{"rendered":"<div class=\"wpb-content-wrapper\"><p>[vc_row][vc_column width=\u00a0\u00bb1\/2&Prime;][vc_column_text]<\/p>\n<p style=\"text-align: justify;\">Les premi\u00e8res repr\u00e9sentations de la Crucifixion apparaissent d\u00e8s le Ve si\u00e8cle \u00e0 Byzance o\u00f9 se d\u00e9veloppe un prototype qui sera repris ensuite \u00e0 travers toute la Chr\u00e9tient\u00e9.<\/p>\n<p style=\"text-align: justify;\">Il s&rsquo;agit d&rsquo;abord d&rsquo;\u0153uvres c\u00e9l\u00e9brant la R\u00e9surrection et mettant en avant le caract\u00e8re incorruptible du corps du Christ. En effet, il est repr\u00e9sent\u00e9 sur la croix, les yeux bien ouverts, sans la moindre de trace de souffrance, il est le Christ Ressuscit\u00e9.<\/p>\n<p style=\"text-align: justify;\">D\u00e8s la fin du XIe si\u00e8cle, en Europe, les artistes transposent ce th\u00e8me en ronde-bosse.\u00a0 D\u00e8s lors, le Christ n&rsquo;est plus le Dieu fait Homme vainqueur de la mort mais un \u00eatre de chaire et de sang succombant \u00e0 son martyr.<\/p>\n<p style=\"text-align: justify;\">Cet important et rare Christ pr\u00e9sente un corps droit aux longues jambes\u00a0 articul\u00e9es par des genoux en l\u00e9g\u00e8re flexion. Ses bras sont bien ouverts, parfaitement horizontaux et termin\u00e9s par des mains aux doigts fins.<\/p>\n<p style=\"text-align: justify;\">La t\u00eate se penche sur la poitrine, en s\u2019inclinant l\u00e9g\u00e8rement vers la dextre. Cette repr\u00e9sentation se conforme ainsi aux \u00c9critures : \u00ab Et inclinato capite tradidit spiritum \u00bb (Jean, XIX-30,\u00a0 \u00ab Et inclinant la t\u00eate, il rendit l\u2019esprit \u00bb).<\/p>\n<p style=\"text-align: justify;\">Le visage allong\u00e9 du Christ, \u00e0 la barbe bifide, aux joues l\u00e9g\u00e8rement creus\u00e9es, au nez droit, aux paupi\u00e8res bomb\u00e9es sous des arcades sourcili\u00e8res en arc de cercle, poss\u00e8de une certaine r\u00e9alit\u00e9 anatomique.\u00a0 La bouche ouverte, les yeux mi-clos, le supplicier vient de laisser \u00e9chapper un dernier souffle de vie. Bien qu&rsquo;il s&rsquo;agisse de la repr\u00e9sentation d&rsquo;un Christ mort, il n&rsquo;y a ni pathos, ni expressivit\u00e9 outranci\u00e8re. Il est calme et indiff\u00e9rent \u00e0 la douleur.<\/p>\n<p style=\"text-align: justify;\">La sculpture \u00e9tant destin\u00e9e \u00e0 \u00eatre vue en contre-plong\u00e9e, la chevelure du Christ n&rsquo;a pas fait l&rsquo;objet d&rsquo;un traitement sp\u00e9cifique.\u00a0 Il s&rsquo;agit d&rsquo;une simple chevelure en bonnet, sans \u00e9bauche de m\u00e8che. Il est \u00e9galement possible qu&rsquo;une couronne d&rsquo;\u00e9pine venait ceindre la t\u00eate de J\u00e9sus comme le sugg\u00e8re la pr\u00e9sence des gouttelettes de sang sur son front.<\/p>\n<p style=\"text-align: justify;\">Ce Christ apparait comme une belle \u0153uvre de transition entre le XIIe si\u00e8cle et le XIIIe si\u00e8cle.<\/p>\n<p style=\"text-align: justify;\">En effet, il reste fid\u00e8le \u00e0 l&rsquo;horizontalit\u00e9 et au hi\u00e9ratisme des plus anciennes repr\u00e9sentations.<\/p>\n<p style=\"text-align: justify;\">L&rsquo;anatomie du corps du Christ, n&rsquo;a pas encore le naturel qu&rsquo;elle adoptera \u00e0 partir du milieu du XIIIe si\u00e8cle. Les c\u00f4tes sont vigoureusement sculpt\u00e9es. Cette fa\u00e7on de d\u00e9crire le corps humain r\u00e9pond \u00e0 un canon h\u00e9rit\u00e9 de l\u2019art byzantin qui se maintient parfois jusqu\u2019au d\u00e9but du XIVe si\u00e8cle.<\/p>\n<p style=\"text-align: justify;\">Toutefois, certains indices inscrivent clairement ce Christ parmi les r\u00e9alisations du XIIIe si\u00e8cle. Le sculpteur a cherch\u00e9 davantage de r\u00e9alisme dans l&rsquo;expression du visage. Les pouces parall\u00e8les aux autres doigts, la superposition des pieds en rotation interne repr\u00e9sente une innovation par rapport au XIIe si\u00e8cle.<\/p>\n<p style=\"text-align: justify;\">L&rsquo;originalit\u00e9 de ce Christ tient \u00e0 sa nudit\u00e9. Qu&rsquo;il eut \u00e9t\u00e9 r\u00e9alis\u00e9 dans le but d&rsquo;\u00eatre pr\u00e9sent\u00e9 dans le plus simple appareil ou rev\u00eatu de v\u00e9ritables \u00e9toffes en guise de p\u00e9rizonium, cette particularit\u00e9 fait de ce Christ un exemple rarissime. Il n&rsquo;existe en effet qu&rsquo;un nombre tr\u00e8s restreint d&rsquo;exemples de Christ nu, r\u00e9alis\u00e9s g\u00e9n\u00e9ralement \u00e0 la Renaissance, le plus c\u00e9l\u00e8bre \u00e9tant celui sculpt\u00e9 par Michel-Ange et aujourd&rsquo;hui expos\u00e9 dans la Basilique Santo Spirito de Florence.<\/p>\n<p style=\"text-align: justify;\">\u200c<\/p>\n<p style=\"text-align: justify;\">Bibliographie\u00a0:<\/p>\n<p style=\"text-align: justify;\">Paul Thoby, <em>Le Crucifix, des Origines au Concile de Trente,<\/em> Bellanger, Nantes, 1959.<\/p>\n<p style=\"text-align: justify;\">Jacqueline Boccador, Edouard Bresset, <em>Statuaire M\u00e9di\u00e9vale de collection,<\/em> Tome I, Les clefs du Temps, 1971.<\/p>\n<p>[\/vc_column_text][vc_empty_space][\/vc_column][vc_column width=\u00a0\u00bb1\/2&Prime;][vc_empty_space][\/vc_column][\/vc_row]<\/p>\n<\/div>","protected":false},"excerpt":{"rendered":"<h4>EXCEPTIONNEL ET RARE CHRIST EN CROIX POLYCHROME, REPR\u00c9SENT\u00c9 NU<\/h4>\n<p>&nbsp;<\/p>\n<p><strong>ORIGINE\u00a0:<\/strong>\u00a0VALL\u00c9E DE LA MEUSE<\/p>\n<p><strong>EPOQUE\u00a0:<\/strong> FIN \u00a0XII \u00e8me \u2013 D\u00c9BUT \u00a0XIII \u00e8me SI\u00c8CLE<\/p>\n<p>&nbsp;<\/p>\n<p>&nbsp;<\/p>\n<p>Hauteur\u00a0: 174 cm<\/p>\n<p>&nbsp;<\/p>\n<p>&nbsp;<\/p>\n<p>Bois de noyer<\/p>\n<p>Polychromie en partie conserv\u00e9e<\/p>\n<p>&nbsp;<\/p>\n<p>&nbsp;<\/p>\n<p>&nbsp;<\/p>\n[dt_button size=\"small\" style=\"default\" animation=\"none\" color_mode=\"default\" icon=\"\" icon_align=\"left\" color=\"\" link=\"mailto:gabrielle-laroche@wanadoo.fr?subject=350_EXCEPTIONNEL_ET_RARE_CHRIST_EN_CROIX_POLYCHROME_REPR\u00c9SENTE_NU\" target_blank=\"true\"]DEMANDE D&rsquo;INFORMATIONS[\/dt_button]\n<p>&nbsp;<\/p>\n<p><a href=\"\/fr\/antiquites\/sculpture\/\">Retour aux sculptures<\/a><\/p>\n<p>&nbsp;<\/p>\n<p>&nbsp;<\/p>\n","protected":false},"featured_media":10544,"template":"","meta":[],"product_brand":[],"product_cat":[32],"product_tag":[],"class_list":{"0":"post-10543","1":"product","2":"type-product","3":"status-publish","4":"has-post-thumbnail","6":"product_cat-sculptures","7":"description-off","9":"first","10":"instock","11":"shipping-taxable","12":"product-type-simple"},"aioseo_notices":[],"_links":{"self":[{"href":"https:\/\/www.gabrielle-laroche.com\/fr\/wp-json\/wp\/v2\/product\/10543","targetHints":{"allow":["GET"]}}],"collection":[{"href":"https:\/\/www.gabrielle-laroche.com\/fr\/wp-json\/wp\/v2\/product"}],"about":[{"href":"https:\/\/www.gabrielle-laroche.com\/fr\/wp-json\/wp\/v2\/types\/product"}],"wp:featuredmedia":[{"embeddable":true,"href":"https:\/\/www.gabrielle-laroche.com\/fr\/wp-json\/wp\/v2\/media\/10544"}],"wp:attachment":[{"href":"https:\/\/www.gabrielle-laroche.com\/fr\/wp-json\/wp\/v2\/media?parent=10543"}],"wp:term":[{"taxonomy":"product_brand","embeddable":true,"href":"https:\/\/www.gabrielle-laroche.com\/fr\/wp-json\/wp\/v2\/product_brand?post=10543"},{"taxonomy":"product_cat","embeddable":true,"href":"https:\/\/www.gabrielle-laroche.com\/fr\/wp-json\/wp\/v2\/product_cat?post=10543"},{"taxonomy":"product_tag","embeddable":true,"href":"https:\/\/www.gabrielle-laroche.com\/fr\/wp-json\/wp\/v2\/product_tag?post=10543"}],"curies":[{"name":"wp","href":"https:\/\/api.w.org\/{rel}","templated":true}]}}