

{"id":10564,"date":"2024-07-29T16:53:50","date_gmt":"2024-07-29T14:53:50","guid":{"rendered":"https:\/\/www.gabrielle-laroche.com\/?post_type=product&#038;p=10564"},"modified":"2024-08-03T21:01:03","modified_gmt":"2024-08-03T19:01:03","slug":"bois-sculpte-et-polychrome-representant-saint-florian","status":"publish","type":"product","link":"https:\/\/www.gabrielle-laroche.com\/fr\/product\/bois-sculpte-et-polychrome-representant-saint-florian\/","title":{"rendered":"BOIS SCULPT\u00c9 ET POLYCHROM\u00c9 REPR\u00c9SENTANT SAINT FLORIAN"},"content":{"rendered":"<div class=\"wpb-content-wrapper\"><p>[vc_row][vc_column width=\u00a0\u00bb1\/2&Prime;][vc_column_text]<\/p>\n<p style=\"text-align: justify;\">D\u00e8s le Moyen-Age, Saint Florian fit l\u2019objet d\u2019un important culte populaire en Autriche, notamment dans le Tyrol, mais \u00e9galement en Bavi\u00e8re et en Boh\u00eame.<\/p>\n<p style=\"text-align: justify;\">Symbole de courage et de d\u00e9termination, il \u00e9tait invoqu\u00e9 pour prot\u00e9ger les \u00e2mes des vivants contre les p\u00e9ch\u00e9s, et celles des morts contre les affres du purgatoire.<\/p>\n<p style=\"text-align: justify;\">\u00c0 partir du milieu du XVe si\u00e8cle, il prot\u00e8ge des dangers de l\u2019eau et du feu. On racontait alors qu\u2019il avait, dans son jeune \u00e2ge, circonscrit l\u2019incendie d\u2019une \u00e9glise, \u00e0 l\u2019aide d\u2019une simple cruche d\u2019eau et sauv\u00e9 des flammes un charbonnier tomb\u00e9 dans une meule enflamm\u00e9e.<\/p>\n<p style=\"text-align: justify;\">Cette \u00e9volution du culte de Saint Florian fut \u00e9galement sensible dans les arts. S\u2019il fut longtemps repr\u00e9sent\u00e9 en vainqueur de la mort, couvert de son armure, l\u2019\u00e9p\u00e9e au poing, d\u00e8s le milieu du XVe si\u00e8cle, toujours rev\u00eatu d\u2019une armure, il arrose une maison en flammes, gr\u00e2ce \u00e0 une cruche ou un seau.<\/p>\n<p style=\"text-align: justify;\">C\u2019est \u00e0 ce second type iconographique qu\u2019appartient ce beau saint Florian. D\u2019un canon relativement allong\u00e9, il est fa\u00e7onn\u00e9 dans une bille de tilleul monoxyle. Florian est repr\u00e9sent\u00e9 en demi ronde bosse, le dos \u00e9tant largement \u00e9vid\u00e9. La tr\u00e8s belle polychromie d\u2019origine est particuli\u00e8rement bien conserv\u00e9e.<\/p>\n<p style=\"text-align: justify;\">Le Saint l\u00e9gionnaire, debout, tenait autrefois un baquet d\u2019eau, aujourd\u2019hui disparu, avec lequel il arrosait une maison fortifi\u00e9e d\u00e9vor\u00e9e par les flammes, pos\u00e9es \u00e0 ses pieds. Dans sa main gauche, il tient sa lance, fich\u00e9e au sol. Le visage imberbe du jeune Saint est encadr\u00e9 d\u2019une chevelure boucl\u00e9e tombant sur ses \u00e9paules.<\/p>\n<p style=\"text-align: justify;\">Sous son manteau dor\u00e9 \u00e0 revers rouge, pos\u00e9 sur ses \u00e9paules, il porte une armure dont on distingue le plastron sur lequel sont fix\u00e9es les spali\u00e8res gr\u00e2ce \u00e0 des rondelles et les lames de la braconni\u00e8re. Sa jambe droite laiss\u00e9e visible est couverte de la gr\u00e8ve qui couvre son tibia et le soleret qui prot\u00e8ge son pied.<\/p>\n<p style=\"text-align: justify;\">Le visage de Saint Florian l\u00e9g\u00e8rement inclin\u00e9 sur la gauche est marqu\u00e9 par des traits fins et d\u00e9licats. Ses deux yeux aux paupi\u00e8res \u00e0 demi-closes apparaissent sous des arcades sourcili\u00e8res esquiss\u00e9es d\u2019un simple trait noir \u00e0 la courbe bien dessin\u00e9e. L\u00e9g\u00e8rement tombants, ils semblent indiquer une forme de r\u00e9signation ou de profonde m\u00e9lancolie. Cet air soucieux est renforc\u00e9 par la forme de sa bouche \u00e9troite, aux l\u00e8vres menues.<\/p>\n<p style=\"text-align: justify;\">Au visage r\u00e9serv\u00e9 et \u00e0 l\u2019expression int\u00e9rioris\u00e9e du Saint s\u2019oppose le travail tr\u00e8s \u00e9l\u00e9gant du drap\u00e9 du manteau. Ce dernier se soul\u00e8ve pour laisser entrevoir son revers, niant ainsi la r\u00e9alit\u00e9 mat\u00e9rielle de l\u2019\u00e9toffe. Ce mouvement l\u00e9ger qui agite le manteau donne \u00e0 la sculpture un certain \u00e9lan vital.<\/p>\n<p style=\"text-align: justify;\">Cette sculpture s\u2019apparente tant par son iconographie, que par son style \u00e0 la production des ateliers d\u2019Allemagne du Sud de la fin du XVe si\u00e8cle.<\/p>\n<p style=\"text-align: justify;\">En effet, des ann\u00e9es 1475 \u00e0 1530 environ, la sculpture d\u2019Allemagne du Sud jouit d\u2019une grande cr\u00e9ativit\u00e9, devenant un centre de production particuli\u00e8rement dynamique. Cet art souvent qualifi\u00e9 de \u00ab\u00a0gothique tardif\u00a0\u00bb se caract\u00e9rise alors par la douceur, la sensibilit\u00e9 pleine de r\u00e9serve de ces figures, l\u2019importance du d\u00e9tail et le travail virtuose des drap\u00e9s.<\/p>\n<p style=\"text-align: justify;\">La production \u00e9tait domin\u00e9e par la sculpture sur bois. Le tilleul distingue la production de cette r\u00e9gion. Ce bois tendre et l\u00e9ger, laissait au tailleur d\u2019image une grande libert\u00e9 et permettait un rendu fin et un beau poli. G\u00e9n\u00e9ralement taill\u00e9e dans un seul bloc de bois, la sculpture est travaill\u00e9e horizontalement, plac\u00e9e sur un grand tour de mani\u00e8re \u00e0 ce que le sculpteur puisse la faire pivoter \u00e0 son gr\u00e9. Une marque de fixation est ainsi visible sur le haut du crane de Saint Florian. Certains \u00e9l\u00e9ments plus complexes ou difficiles d\u2019acc\u00e8s \u00e9taient quand \u00e0 eux travaill\u00e9s s\u00e9par\u00e9ment avant d\u2019\u00eatre assembl\u00e9 \u00e0 la sculpture, ce qui fut sans doute le cas du seau de notre Saint Florian, aujourd\u2019hui perdu. Les imagiers devaient en outre prendre soin de retirer le c\u0153ur de la bille de bois afin de pr\u00e9server la sculpture des craquelures qui pouvaient appara\u00eetre au cours du s\u00e9chage du bois. Cela permettait \u00e9galement de r\u00e9duire le volume et le poids total de la sculpture.<\/p>\n<p style=\"text-align: justify;\">Comme l\u2019illustre la sculpture de Saint Florian, la polychromie tenait une place primordiale et n\u2019\u00e9tait jamais n\u00e9glig\u00e9e. L\u2019usage de la dorure, typique de la fin du Moyen-\u00e2ge, concourt \u00e0 la richesse de ces sculptures. La polychromie conf\u00e8re \u00e0 Saint Florian une r\u00e9alit\u00e9 tangible gr\u00e2ce au rendu des mati\u00e8res tout en rappelant son caract\u00e8re sacr\u00e9, au travers de la pr\u00e9ciosit\u00e9 des mat\u00e9riaux et de la brillance de l\u2019or.<\/p>\n<p style=\"text-align: justify;\">Les d\u00e9tails du costume sont caract\u00e9ristiques du r\u00e9alisme des artistes de cette r\u00e9gion dans les derni\u00e8res d\u00e9cennies du XVe si\u00e8cle, portant ainsi l\u2019empreinte de l\u2019art d\u2019Hans Multscher, qui oeuvra \u00e0 Ulm dans entre les ann\u00e9es 1430-1467. Son atelier florissant ne manqua pas de marquer durablement les g\u00e9n\u00e9rations qui lui succ\u00e9d\u00e8rent \u00e0 travers toute l\u2019Allemagne Souabe.<\/p>\n<p style=\"text-align: justify;\">Le costume du martyr permet de confirmer sa datation. L\u2019armure qu\u2019il porte est relativement proche de celle de l\u2019archiduc Sigmund de Tyrol expos\u00e9e au Kunsthistorisches Museum de Vienne et dat\u00e9e de 1484. D\u00e8s le d\u00e9but du XVIe si\u00e8cle, le style des armures \u00e9volue.<\/p>\n<p style=\"text-align: justify;\">Ainsi, ce Saint Florian appara\u00eet comme une tr\u00e8s belle r\u00e9alisation d\u2019un atelier d\u2019Allemagne du Sud, de la fin du XVe si\u00e8cle.<\/p>\n<p style=\"text-align: justify;\">Hagiographie de Saint Florian<\/p>\n<p style=\"text-align: justify;\">Si l\u2019on s\u2019en r\u00e9f\u00e8re au r\u00e9cit de la Passion de Saint Florian, ce dernier aurait subi son martyr en l\u2019an 304. Cette ann\u00e9e fut marqu\u00e9e par les pers\u00e9cutions men\u00e9es par l\u2019empereur romain Diocl\u00e9tien \u00e0 l\u2019encontre des soldats ayant embrass\u00e9 la foi chr\u00e9tienne.<\/p>\n<p style=\"text-align: justify;\">Apprenant l\u2019emprisonnement de quarante Chr\u00e9tiens \u00e0 Lauriacum (Lorch, en Autriche), Saint Florian, ancien l\u00e9gionnaire romain se pr\u00e9senta devant le pr\u00e9fet Aquilinus. Ne c\u00e9dant ni \u00e0 la violence, ni \u00e0 la col\u00e8re de ce dernier, Saint Florian ne renia pas sa foi et refusa de sacrifier aux dieux. Aquilinus ordonna alors qu\u2019il fut pr\u00e9cipit\u00e9 dans les eaux de l\u2019Enns, une meule de pierre au cou. Quelques temps plus tard, la d\u00e9pouille mortelle du pauvre Saint \u00e9choua sur les rochers. Elle fut alors veill\u00e9e par un aigle avant qu\u2019une pieuse veuve du nom de Val\u00e9rie ne lui offre secr\u00e8tement une s\u00e9pulture plus digne.<\/p>\n<p style=\"text-align: justify;\">Sur l\u2019emplacement pr\u00e9sum\u00e9 de sa tombe fut \u00e9difi\u00e9e en 1071 un couvent augustinien \u2013 aujourd\u2019hui dans la ville de Sankt Florian \u00e0 13 kilom\u00e8tres de Linz \u2013reconstruit plusieurs fois au cours des si\u00e8cles. Dans la crypte de l\u2019\u00e9glise abbatiale est actuellement conserv\u00e9 une meule de pierre qui aurait servi au martyr de saint Florian. Il s\u2019y d\u00e9veloppa rapidement un p\u00e8lerinage.<\/p>\n<p style=\"text-align: justify;\">La dispersion des reliques du Saint en Italie, ou encore en Pologne (dont il est l\u2019un des patrons) permit \u00e0 son culte de d\u00e9passer les fronti\u00e8res de l\u2019Autriche. Toutefois, c\u2019est bien en Autriche et dans le sud de l\u2019Allemagne qu\u2019elle fut la plus pr\u00e9gnante.<\/p>\n<p style=\"text-align: justify;\">Il fut ainsi le premier martyr autrichien et le premier saint autrichien canonis\u00e9.<\/p>\n<p style=\"text-align: justify;\">Bibliographie<\/p>\n<p style=\"text-align: justify;\">Claude Lapaire, Sculpture sur bois du Moyen-\u00e2ge, Gen\u00e8ve\u00a0: Mus\u00e9e d\u2019art et d\u2019histoire, 1986<\/p>\n<p style=\"text-align: justify;\">Coll., Sculpture allemande de la fin du Moyen-\u00e2ge dans les collections publiques fran\u00e7aises\u00a0: 1400-1530, Mus\u00e9e du Louvre, 1991<\/p>\n<p style=\"text-align: justify;\">Michael Baxandall, South German Sculpture, 1480-1530, Victoria and Albert Museum, 1974<\/p>\n<p style=\"text-align: justify;\">Sophie Guillot de Suduiraut, Sculptures m\u00e9di\u00e9vales allemandes, conservation et restauration, La Documentation fran\u00e7aise, 1993<\/p>\n<p style=\"text-align: justify;\">Sophie Guillot de Suduiraut, D\u00e9votion et s\u00e9duction, Sculptures souabes des mus\u00e9es de France vers 1460-1530, Somogy, 2015<\/p>\n<p>[\/vc_column_text][vc_empty_space][\/vc_column][vc_column width=\u00a0\u00bb1\/2&Prime;][vc_empty_space][\/vc_column][\/vc_row]<\/p>\n<\/div>","protected":false},"excerpt":{"rendered":"<h4>BOIS SCULPT\u00c9 ET POLYCHROM\u00c9 REPR\u00c9SENTANT SAINT FLORIAN<\/h4>\n<p>&nbsp;<\/p>\n<p><strong>ORIGINE\u00a0:<\/strong> ALLEMAGNE DU SUD, SOUABE<\/p>\n<p><strong>\u00c9POQUE\u00a0<\/strong>: FIN DU XVe SI\u00c8CLE<\/p>\n<p>&nbsp;<\/p>\n<p>Hauteur\u00a0: 98\u00a0cm<\/p>\n<p>Largeur\u00a0: 29 cm<\/p>\n<p>Profondeur\u00a0: 24 cm<\/p>\n<p>&nbsp;<\/p>\n<p>Bois de tilleul polychrom\u00e9<\/p>\n<p>Tr\u00e8s bon \u00e9tat de conservation<\/p>\n<p>&nbsp;<\/p>\n<p>Provenance<\/p>\n<p>&#8211; Ancienne collection Suisse des STAEHELIN-PARAVICINI &#8211; Vente \u00e0 B\u00e2le \u00e0 leur domicile Domprobstey 7 St. Albangraben, par Me Kundig, les 23, 24 et 25 mars 1939, lot 77n reproduit pl. 21<\/p>\n<p>&#8211; Ancienne collecion priv\u00e9e, Vi\u00e8ge (Suisse)<\/p>\n<p>&#8211; Ancienne collection de l\u2019Officier VON BERGER, Vente \u00e0 Berlin, chez Jacob Hecht -18 Avril 1929, lot 330, reproduit pl. 21<\/p>\n<p>&#8211; Ancienne Collection du Professeur Q.A. LEIMHAAS, vente \u00e0 Munich, Galerie Helbing &#8211; 26 Mai 1908, lot 8, reproduit pl. VIII-8<\/p>\n<p>(Recherches de Mr Thierry Fraslin)<\/p>\n<p>&nbsp;<\/p>\n<p>&nbsp;<\/p>\n[dt_button size=\"small\" style=\"default\" animation=\"none\" color_mode=\"default\" icon=\"\" icon_align=\"left\" color=\"\" link=\"mailto:gabrielle-laroche@wanadoo.fr?subject=130_SAINT_FLORIAN\" target_blank=\"true\"]DEMANDE D&rsquo;INFORMATIONS[\/dt_button]\n<p>&nbsp;<\/p>\n<p><a href=\"\/fr\/antiquites\/sculpture\/\">Retour aux sculptures<\/a><\/p>\n<p>&nbsp;<\/p>\n","protected":false},"featured_media":10565,"template":"","meta":[],"product_brand":[],"product_cat":[32],"product_tag":[],"class_list":{"0":"post-10564","1":"product","2":"type-product","3":"status-publish","4":"has-post-thumbnail","6":"product_cat-sculptures","7":"description-off","9":"first","10":"instock","11":"shipping-taxable","12":"product-type-simple"},"aioseo_notices":[],"_links":{"self":[{"href":"https:\/\/www.gabrielle-laroche.com\/fr\/wp-json\/wp\/v2\/product\/10564","targetHints":{"allow":["GET"]}}],"collection":[{"href":"https:\/\/www.gabrielle-laroche.com\/fr\/wp-json\/wp\/v2\/product"}],"about":[{"href":"https:\/\/www.gabrielle-laroche.com\/fr\/wp-json\/wp\/v2\/types\/product"}],"wp:featuredmedia":[{"embeddable":true,"href":"https:\/\/www.gabrielle-laroche.com\/fr\/wp-json\/wp\/v2\/media\/10565"}],"wp:attachment":[{"href":"https:\/\/www.gabrielle-laroche.com\/fr\/wp-json\/wp\/v2\/media?parent=10564"}],"wp:term":[{"taxonomy":"product_brand","embeddable":true,"href":"https:\/\/www.gabrielle-laroche.com\/fr\/wp-json\/wp\/v2\/product_brand?post=10564"},{"taxonomy":"product_cat","embeddable":true,"href":"https:\/\/www.gabrielle-laroche.com\/fr\/wp-json\/wp\/v2\/product_cat?post=10564"},{"taxonomy":"product_tag","embeddable":true,"href":"https:\/\/www.gabrielle-laroche.com\/fr\/wp-json\/wp\/v2\/product_tag?post=10564"}],"curies":[{"name":"wp","href":"https:\/\/api.w.org\/{rel}","templated":true}]}}