

{"id":10591,"date":"2024-09-02T14:42:08","date_gmt":"2024-09-02T12:42:08","guid":{"rendered":"https:\/\/www.gabrielle-laroche.com\/?post_type=product&#038;p=10591"},"modified":"2025-04-01T17:57:56","modified_gmt":"2025-04-01T15:57:56","slug":"constantin-andreou-musique-feminine","status":"publish","type":"product","link":"https:\/\/www.gabrielle-laroche.com\/fr\/product\/constantin-andreou-musique-feminine\/","title":{"rendered":"CONSTANTIN ANDR\u00c9OU &#8211; Musique f\u00e9minine"},"content":{"rendered":"<div class=\"wpb-content-wrapper\"><p>[vc_row][vc_column width=\u00a0\u00bb1\/2&Prime;][vc_column_text]<\/p>\n<p style=\"text-align: justify;\">Constantin Andr\u00e9ou nait au Br\u00e9sil o\u00f9 il passe les huit premi\u00e8res ann\u00e9es de sa vie. Lui-m\u00eame qualifie ces ann\u00e9es de \u00ab\u00a0r\u00eave vivant et fantastique\u00a0\u00bb. De l\u00e0, dit-il, vient le c\u00f4t\u00e9 magique qui impr\u00e8gne ses \u0153uvres.<span class=\"Apple-converted-space\">\u00a0<\/span><\/p>\n<p>&nbsp;<\/p>\n<p style=\"text-align: justify;\">En 1925, il d\u00e9couvre la Gr\u00e8ce, pays de ses parents. C\u2019est l\u00e0 qu\u2019il commence \u00e0 dessiner et \u00e0 sculpter. C\u2019est v\u00e9ritablement en autodidacte qu\u2019il se forme. Il se confronte \u00e0 la sculpture antique et classique et commence \u00e0 sculpter le marbre. En 1942, il expose au Salon Panh\u00e9llenique en Gr\u00e8ce.<span class=\"Apple-converted-space\">\u00a0<\/span><\/p>\n<p>&nbsp;<\/p>\n<p style=\"text-align: justify;\">Son d\u00e9part \u00e0 Paris, alors qu\u2019il est \u00e2g\u00e9 de 28 ans, l\u2019enrichit gr\u00e2ce au \u00ab\u00a0contact des artistes et de leur environnement culturel\u00a0\u00bb. Il fr\u00e9quente quelques mois l\u2019\u00c9cole des Arts D\u00e9coratifs ainsi que l\u2019\u00c9cole des Beaux-Arts. Il rencontre Le Corbusier avec qui il travaille \u00e9pisodiquement. Cette collaboration permet \u00e0 Andr\u00e9ou de mieux appr\u00e9hender la relation entre architecture et sculpture ainsi que la fonction des couleurs dans l\u2019espace. Deux r\u00e9flexions qui auront une grande importance tout au long de sa carri\u00e8re d\u2019artiste.<span class=\"Apple-converted-space\">\u00a0<\/span><\/p>\n<p style=\"text-align: justify;\">Dans son atelier parisien, il exp\u00e9rimente et cherche \u00e0 d\u00e9velopper un nouveau langage artistique. Il d\u00e9veloppe ainsi une technique nouvelle, celle du laiton soud\u00e9 qui restera la base de son expression plastique \u2013 les feuilles de laiton sont d\u00e9coup\u00e9es puis martel\u00e9es et form\u00e9es \u00e0 froid avant d\u2019\u00eatre soud\u00e9es entre elles. Ensuite, elles sont lim\u00e9es afin d\u2019\u00e9liminer toute texture granuleuse et d\u2019en faire une surface parfaitement lisse sur laquelle la lumi\u00e8re glisse.<\/p>\n<p style=\"text-align: justify;\">Si son \u0153uvre s\u2019\u00e9loigne alors de la figuration elle ne conserve pas moins le contact avec la r\u00e9alit\u00e9, donnant naissance \u00e0 des sculptures dont le th\u00e8me dominant est la forme humaine, en particulier la forme f\u00e9minine, mais aussi les animaux et les oiseaux.<span class=\"Apple-converted-space\">\u00a0<\/span><\/p>\n<p>&nbsp;<\/p>\n<p style=\"text-align: justify;\">Au cours de sa vie, il cr\u00e9\u00e9 beaucoup, se confrontant \u00e0 toutes les techniques et \u00e0 tous les m\u00e9diums. <b>Son \u0153uvre est guid\u00e9e par la sensibilit\u00e9. Il revendique un art po\u00e9tique.<span class=\"Apple-converted-space\">\u00a0<\/span><\/b><\/p>\n<p style=\"text-align: justify;\">Il participe \u00e0 de tr\u00e8s nombreuses expositions en France, Gr\u00e8ce, Br\u00e9sil, \u00c9tats-Unis, Canada et Japon entre autres.<span class=\"Apple-converted-space\">\u00a0<\/span><\/p>\n<p style=\"text-align: justify;\">Il participe \u00e0 six reprises au Salon d\u2019Automne dont il est nomm\u00e9 Pr\u00e9sident pour la sculpture en 1982 ainsi qu\u2019\u00e0 la Biennale d\u2019Anvers (1953) et \u00e0 la Biennale de Venise (1966).<span class=\"Apple-converted-space\">\u00a0<\/span><\/p>\n<p>&nbsp;<\/p>\n<p><strong>Musique f\u00e9minine, 1973<\/strong><\/p>\n<p>&nbsp;<\/p>\n<p>Cette sculpture en laiton dor\u00e9 est tout \u00e0 fait repr\u00e9sentative de l\u2019\u0153uvre d\u2019Andr\u00e9ou.<\/p>\n<p>Si le titre traduit l\u2019int\u00e9r\u00eat qu\u2019il porte \u00e0 la musique et \u00e0 la figure f\u00e9minine, la forme \u00e9voque quant \u00e0 elle davantage le travail de l\u2019artiste sur les probl\u00e9matiques des formes et de l\u2019espace.<\/p>\n<p>L\u2019artiste d\u00e9multiplie les plans et les points de vue. L\u2019\u0153uvre s\u2019admire en trois dimensions.\u00a0 Il brise les volumes pleins et permet \u00e0 l\u2019\u0153il du spectateur de parcourir la complexit\u00e9 int\u00e9rieure des formes ainsi qu\u2019il l\u2019a fait dans sa s\u00e9rie des Colonnes.<\/p>\n<p>Les trois masses verticales lisses forment une armature, un cocon, au sein de laquelle se d\u00e9voile un noyau parcouru de fils tendus, de sph\u00e8res et de courbes.<\/p>\n<p>Les lignes strictes s\u2019opposent et compl\u00e8tent les courbes douces.<strong> L\u2019\u0153uvre exalte la po\u00e9sie, le lyrisme et la sensualit\u00e9 qui marquent tant l\u2019\u0153uvre de l\u2019artiste.<\/strong><\/p>\n<p>&nbsp;<\/p>\n<p style=\"text-align: justify;\"><b>Biographie\u00a0:<span class=\"Apple-converted-space\">\u00a0<\/span><\/b><\/p>\n<p style=\"text-align: justify;\">&#8211;\u00a0\u00a0\u00a0\u00a0\u00a0\u00a0 Andr\u00e9ou, <i>Sculptures, bas-reliefs en couleurs<\/i>, Bastas \u00e9ditions, 1999<\/p>\n<p style=\"text-align: justify;\">&#8211;\u00a0\u00a0\u00a0\u00a0\u00a0\u00a0 Mich\u00e8le DUBREUCQ, <i>Andr\u00e9ou, 40 ans de sculpture<\/i>, Chennevi\u00e8res-sur-Marne, Ed. Jauffray, 1975<\/p>\n<p style=\"text-align: justify;\">&#8211;\u00a0\u00a0\u00a0\u00a0\u00a0\u00a0 Jean-Louis FERRIER, Andr\u00e9ou, Gen\u00e8ve, \u00c9ditions Pierre Cailler, 1959, 77 p.<\/p>\n<p style=\"text-align: justify;\"><a href=\"https:\/\/www.hellenicdiaspora.org\/home\/fr\/portfolio-category_cat\/constantin-andreou\/\">https:\/\/www.hellenicdiaspora.org\/home\/fr\/portfolio-category_cat\/constantin-andreou\/<\/a><\/p>\n<p>[\/vc_column_text][\/vc_column][vc_column width=\u00a0\u00bb1\/2&Prime;][\/vc_column][\/vc_row]<\/p>\n<\/div>","protected":false},"excerpt":{"rendered":"<h4 class=\"p1\"><span class=\"s1\">CONSTANTIN ANDR\u00c9OU<\/span><\/h4>\n<h4 class=\"p1\"><em><span class=\"s1\">Musique f\u00e9minine<\/span><\/em><\/h4>\n<p>&nbsp;<\/p>\n<p class=\"p1\"><span class=\"s1\">1973<\/span><\/p>\n<p>&nbsp;<\/p>\n<p class=\"p1\"><span class=\"s1\">Oeuvre en laiton dor\u00e9<\/span><\/p>\n<p>Pi\u00e8ce unique<\/p>\n<p class=\"p1\"><span class=\"s1\">Oeuvre Sign\u00e9e<\/span><\/p>\n<p>&nbsp;<\/p>\n<p class=\"p1\"><span class=\"s1\">Hauteur : \u00a0160 cm \u00a0 \u00a0 \u00a0 \u00a0 \u00a0<\/span><\/p>\n<p class=\"p1\"><span class=\"s1\">Largeur : 70 cm \u00a0 \u00a0 \u00a0 \u00a0 \u00a0 \u00a0 \u00a0 \u00a0 \u00a0 \u00a0 \u00a0\u00a0<\/span><\/p>\n<p class=\"p1\"><span class=\"s1\">Profondeur : 70 cm<\/span><\/p>\n<p>&nbsp;<\/p>\n<p class=\"p1\"><span class=\"s1\">Provenance : Collection priv\u00e9e de l&rsquo;artiste<\/span><\/p>\n<p>&nbsp;<\/p>\n[dt_button size=\"small\" style=\"default\" animation=\"none\" color_mode=\"default\" icon=\"\" icon_align=\"left\" color=\"\" link=\"mailto:gabrielle-laroche@wanadoo.fr?subject=105bis_CONSTANTIN ANDR\u00c9OU - Musique f\u00e9minine\" target_blank=\"true\"]DEMANDE D&rsquo;INFORMATIONS[\/dt_button]\n<p>&nbsp;<\/p>\n<p><a href=\"\/fr\/contemporains\/\">Retour aux contemporains<\/a><\/p>\n","protected":false},"featured_media":10592,"template":"","meta":[],"product_brand":[],"product_cat":[111],"product_tag":[],"class_list":{"0":"post-10591","1":"product","2":"type-product","3":"status-publish","4":"has-post-thumbnail","6":"product_cat-andreou","7":"description-off","9":"first","10":"instock","11":"shipping-taxable","12":"product-type-simple"},"aioseo_notices":[],"_links":{"self":[{"href":"https:\/\/www.gabrielle-laroche.com\/fr\/wp-json\/wp\/v2\/product\/10591","targetHints":{"allow":["GET"]}}],"collection":[{"href":"https:\/\/www.gabrielle-laroche.com\/fr\/wp-json\/wp\/v2\/product"}],"about":[{"href":"https:\/\/www.gabrielle-laroche.com\/fr\/wp-json\/wp\/v2\/types\/product"}],"wp:featuredmedia":[{"embeddable":true,"href":"https:\/\/www.gabrielle-laroche.com\/fr\/wp-json\/wp\/v2\/media\/10592"}],"wp:attachment":[{"href":"https:\/\/www.gabrielle-laroche.com\/fr\/wp-json\/wp\/v2\/media?parent=10591"}],"wp:term":[{"taxonomy":"product_brand","embeddable":true,"href":"https:\/\/www.gabrielle-laroche.com\/fr\/wp-json\/wp\/v2\/product_brand?post=10591"},{"taxonomy":"product_cat","embeddable":true,"href":"https:\/\/www.gabrielle-laroche.com\/fr\/wp-json\/wp\/v2\/product_cat?post=10591"},{"taxonomy":"product_tag","embeddable":true,"href":"https:\/\/www.gabrielle-laroche.com\/fr\/wp-json\/wp\/v2\/product_tag?post=10591"}],"curies":[{"name":"wp","href":"https:\/\/api.w.org\/{rel}","templated":true}]}}