

{"id":10674,"date":"2024-11-07T15:18:01","date_gmt":"2024-11-07T14:18:01","guid":{"rendered":"https:\/\/www.gabrielle-laroche.com\/?post_type=product&#038;p=10674"},"modified":"2025-02-05T16:49:11","modified_gmt":"2025-02-05T15:49:11","slug":"bois-sculpte-representant-sainte-anne-trinitaire","status":"publish","type":"product","link":"https:\/\/www.gabrielle-laroche.com\/fr\/product\/bois-sculpte-representant-sainte-anne-trinitaire\/","title":{"rendered":"BOIS SCULPT\u00c9 REPR\u00c9SENTANT SAINTE ANNE TRINITAIRE"},"content":{"rendered":"<div class=\"wpb-content-wrapper\"><p>[vc_row][vc_column width=\u00a0\u00bb1\/2&Prime;][vc_column_text]<\/p>\n<p style=\"text-align: justify;\">Cette tr\u00e8s jolie Sculpture polychrom\u00e9e repr\u00e9sente Sainte Anne trinitaire.<br \/>\nSous les traits d\u2019une jeune femme, Sainte Anne coiff\u00e9e d\u2019un voile ondulant, porte de son bras droit La Vierge Marie couronn\u00e9e, repr\u00e9sent\u00e9e enfant ainsi que l\u2019enfant J\u00e9sus. Les trois g\u00e9n\u00e9rations sont ainsi r\u00e9unies.<\/p>\n<p style=\"text-align: justify;\">Elle tient le Livre saint de sa main gauche, tandis que J\u00e9sus les yeux baiss\u00e9s lit son petit livre ouvert.<\/p>\n<p style=\"text-align: justify;\">La d\u00e9licatesse et la physionomie des visages tout empreint de douceur, ajout\u00e9es \u00e0 la finesse et la qualit\u00e9 du ciseau du sculpteur quant au minutieux pliss\u00e9 des v\u00eatements, sont tout \u00e0 fait typiques de la sculpture Souabe de cette p\u00e9riode.<\/p>\n<p>[\/vc_column_text][vc_empty_space][\/vc_column][vc_column width=\u00a0\u00bb1\/2&Prime;][vc_empty_space][\/vc_column][\/vc_row]<\/p>\n<\/div>","protected":false},"excerpt":{"rendered":"<h4>BOIS SCULPT\u00c9 REPR\u00c9SENTANT SAINTE ANNE TRINITAIRE<\/h4>\n<p>&nbsp;<\/p>\n<p>ORIGINE\u00a0: SUD DE L\u2019ALLEMAGNE, ENTRE MUNICH ET NUREMBERG<\/p>\n<p>EPOQUE\u00a0: XV\u00e8me SI\u00c8CLE<\/p>\n<p>&nbsp;<\/p>\n<p>&nbsp;<\/p>\n<p>Hauteur\u00a0: 64 cm<\/p>\n<p>Largeur\u00a0: 31,5 cm<\/p>\n<p>Profondeur\u00a0: 11 cm<\/p>\n<p>&nbsp;<\/p>\n<p>Bois de Tilleul<\/p>\n<p>Bons restes de polychromie<\/p>\n<p>&nbsp;<\/p>\n<p>&nbsp;<\/p>\n[dt_button size=\"small\" style=\"default\" animation=\"none\" color_mode=\"default\" icon=\"\" icon_align=\"left\" color=\"\" link=\"mailto:gabrielle-laroche@wanadoo.fr?subject=148_SAINTE_ANNE_TRINITAIRE\" target_blank=\"true\"]DEMANDE D&rsquo;INFORMATIONS[\/dt_button]\n<p>&nbsp;<\/p>\n<p><a href=\"\/fr\/antiquites\/sculpture\/\">Retour aux sculptures<\/a><\/p>\n<p>&nbsp;<\/p>\n","protected":false},"featured_media":11003,"template":"","meta":[],"product_brand":[],"product_cat":[32],"product_tag":[],"class_list":{"0":"post-10674","1":"product","2":"type-product","3":"status-publish","4":"has-post-thumbnail","6":"product_cat-sculptures","7":"description-off","9":"first","10":"instock","11":"shipping-taxable","12":"product-type-simple"},"aioseo_notices":[],"_links":{"self":[{"href":"https:\/\/www.gabrielle-laroche.com\/fr\/wp-json\/wp\/v2\/product\/10674","targetHints":{"allow":["GET"]}}],"collection":[{"href":"https:\/\/www.gabrielle-laroche.com\/fr\/wp-json\/wp\/v2\/product"}],"about":[{"href":"https:\/\/www.gabrielle-laroche.com\/fr\/wp-json\/wp\/v2\/types\/product"}],"wp:featuredmedia":[{"embeddable":true,"href":"https:\/\/www.gabrielle-laroche.com\/fr\/wp-json\/wp\/v2\/media\/11003"}],"wp:attachment":[{"href":"https:\/\/www.gabrielle-laroche.com\/fr\/wp-json\/wp\/v2\/media?parent=10674"}],"wp:term":[{"taxonomy":"product_brand","embeddable":true,"href":"https:\/\/www.gabrielle-laroche.com\/fr\/wp-json\/wp\/v2\/product_brand?post=10674"},{"taxonomy":"product_cat","embeddable":true,"href":"https:\/\/www.gabrielle-laroche.com\/fr\/wp-json\/wp\/v2\/product_cat?post=10674"},{"taxonomy":"product_tag","embeddable":true,"href":"https:\/\/www.gabrielle-laroche.com\/fr\/wp-json\/wp\/v2\/product_tag?post=10674"}],"curies":[{"name":"wp","href":"https:\/\/api.w.org\/{rel}","templated":true}]}}