

{"id":10685,"date":"2024-11-07T15:32:23","date_gmt":"2024-11-07T14:32:23","guid":{"rendered":"https:\/\/www.gabrielle-laroche.com\/?post_type=product&#038;p=10685"},"modified":"2025-03-25T14:56:52","modified_gmt":"2025-03-25T13:56:52","slug":"sainte-anne-trinitaire-de-lecole-catalane","status":"publish","type":"product","link":"https:\/\/www.gabrielle-laroche.com\/fr\/product\/sainte-anne-trinitaire-de-lecole-catalane\/","title":{"rendered":"SAINTE ANNE TRINITAIRE DE L\u2019\u00c9COLE CATALANE"},"content":{"rendered":"<div class=\"wpb-content-wrapper\"><p>[vc_row][vc_column width=\u00a0\u00bb1\/2&Prime;][vc_column_text]<\/p>\n<p style=\"text-align: justify;\">Tr\u00e8s populaire \u00e0 la fin du Moyen-\u00c2ge, dans la p\u00e9ninsule ib\u00e9rique, le th\u00e8me iconographique de la Sainte Anne Trinitaire r\u00e9unit trois personnages et trois g\u00e9n\u00e9rations dans une trinit\u00e9 jusqu\u2019alors inhabituelle.<\/p>\n<p style=\"text-align: justify;\">Le th\u00e8me se d\u00e9veloppe dans le cadre du culte rendu \u00e0 Sainte Anne. Absentes des textes canoniques bibliques, la figure et l&rsquo;histoire de la sainte proviennent du r\u00e9cit apocryphe grec du Prot\u00e9vangile de Jacques ainsi que de son adaptation latine, l&rsquo;\u00c9vangile du Pseudo-Matthieu. En outre, la propagation des r\u00e9cits de La L\u00e9gende dor\u00e9e r\u00e9dig\u00e9e entre 1261 et 1266 par Jacques de Voragine en assied d\u00e9finitivement l&rsquo;installation dans la culture populaire.<\/p>\n<p style=\"text-align: justify;\">La figure de Sainte Anne occupe ici une position dominante. En posture de majest\u00e9, elle est sculpt\u00e9e dans un beau bois de noyer polychrom\u00e9 et \u00e9vid\u00e9 en son dos. Elle trouve s\u00e9ance sur un banc tr\u00f4ne orn\u00e9 et moulur\u00e9 en partie sup\u00e9rieure et inf\u00e9rieure. Coiff\u00e9e d\u2019un voile formant guimpe, elle entoure l\u2019\u00e9paule de la Vierge de sa main gauche, assise sur ses genoux. Celle-ci portait \u00e0 l\u2019\u00e9vidence une couronne. Sur ses genoux \u00e0 elle, l\u2019Enfant J\u00e9sus b\u00e9nit de sa main droite, tandis que de l\u2019autre, et tout comme sa m\u00e8re, pr\u00e9sente la sph\u00e8re du monde.<\/p>\n<p style=\"text-align: justify;\">Cette sculpture de caract\u00e8re populaire d\u00e9note un certain archa\u00efsme \u00e0 plusieurs registres.<\/p>\n<p style=\"text-align: justify;\">Premi\u00e8rement, par la composition superpos\u00e9e des personnages.<\/p>\n<p style=\"text-align: justify;\">Deuxi\u00e8mement, par les postures droites, bien ancr\u00e9es, avec des \u00e9paules encore tombantes et des mains assez poignantes.<\/p>\n<p style=\"text-align: justify;\">Enfin, le traitement des v\u00eatements aux plis longilignes, avec le manteau revenant en tablier sur le devant, qui tombent en plis \u00e0 godets, laissant appara\u00eetre les souliers pointus.<\/p>\n<p style=\"text-align: justify;\">Cette Sainte famille, aussi appel\u00e9e en Espagne la Santa Generacio, rejoint par ses proportions l\u2019Art de la Galice, avec un raccourcissement des jambes par rapport au reste du corps.<\/p>\n<p style=\"text-align: justify;\">Cependant, les visages aux teintes chaudes et tr\u00e8s expressifs gagnent eux en naturalisme, refl\u00e9tant les sentiments int\u00e9rieurs. La sculpture tient ainsi son r\u00f4le d\u2019intercesseur envers le fid\u00e8le fond\u00e9 sur des raisons affectives et familiales, tr\u00e8s proches du sentiment populaire.<\/p>\n<p style=\"text-align: justify;\">Le personnage principal qui est aussi le plus \u00e2g\u00e9, Sainte Anne, tenait la fleur de l\u2019amour divin, offrant ainsi au fid\u00e8le une mani\u00e8re plus humaine d&rsquo;approcher la M\u00e8re de Dieu et l&rsquo;Enfant. Ce th\u00e8me, souvent r\u00e9p\u00e9t\u00e9 au Moyen \u00c2ge, va disparaitre \u00e0 partir du concile de trente.<\/p>\n<p>[\/vc_column_text][vc_empty_space][\/vc_column][vc_column width=\u00a0\u00bb1\/2&Prime;][vc_empty_space][\/vc_column][\/vc_row]<\/p>\n<\/div>","protected":false},"excerpt":{"rendered":"<h4>SAINTE ANNE TRINITAIRE DE L\u2019\u00c9COLE CATALANE<\/h4>\n<p>&nbsp;<\/p>\n<p>ORIGINE\u00a0: ESPAGNE, CATALOGNE<\/p>\n<p>EPOQUE\u00a0: FIN XIV\u00e8me \u2013 D\u00c9BUT XV\u00e8me si\u00e8cle<\/p>\n<p>&nbsp;<\/p>\n<p>Hauteur\u00a0: 98cm<\/p>\n<p>Largeur : 35 cm<\/p>\n<p>Profondeur\u00a0: 32 cm<\/p>\n<p>&nbsp;<\/p>\n<p>Bois de\u00a0noyer<\/p>\n<p>Provenance\u00a0: Ancienne collection Lorenzelli<\/p>\n<p>&nbsp;<\/p>\n<p>&nbsp;<\/p>\n<p>&nbsp;<\/p>\n[dt_button size=\"small\" style=\"default\" animation=\"none\" color_mode=\"default\" icon=\"\" icon_align=\"left\" color=\"\" link=\"mailto:gabrielle-laroche@wanadoo.fr?subject=349_SAINTE_ANNE_TRINITAIRE_DE_L\u2019\u00c9COLE_CATALANE\" target_blank=\"true\"]DEMANDE D&rsquo;INFORMATIONS[\/dt_button]\n<p>&nbsp;<\/p>\n<p><a href=\"\/fr\/antiquites\/sculpture\/\">Retour aux sculptures<\/a><\/p>\n<p>&nbsp;<\/p>\n","protected":false},"featured_media":11088,"template":"","meta":[],"product_brand":[],"product_cat":[32],"product_tag":[],"class_list":{"0":"post-10685","1":"product","2":"type-product","3":"status-publish","4":"has-post-thumbnail","6":"product_cat-sculptures","7":"description-off","9":"first","10":"instock","11":"shipping-taxable","12":"product-type-simple"},"aioseo_notices":[],"_links":{"self":[{"href":"https:\/\/www.gabrielle-laroche.com\/fr\/wp-json\/wp\/v2\/product\/10685","targetHints":{"allow":["GET"]}}],"collection":[{"href":"https:\/\/www.gabrielle-laroche.com\/fr\/wp-json\/wp\/v2\/product"}],"about":[{"href":"https:\/\/www.gabrielle-laroche.com\/fr\/wp-json\/wp\/v2\/types\/product"}],"wp:featuredmedia":[{"embeddable":true,"href":"https:\/\/www.gabrielle-laroche.com\/fr\/wp-json\/wp\/v2\/media\/11088"}],"wp:attachment":[{"href":"https:\/\/www.gabrielle-laroche.com\/fr\/wp-json\/wp\/v2\/media?parent=10685"}],"wp:term":[{"taxonomy":"product_brand","embeddable":true,"href":"https:\/\/www.gabrielle-laroche.com\/fr\/wp-json\/wp\/v2\/product_brand?post=10685"},{"taxonomy":"product_cat","embeddable":true,"href":"https:\/\/www.gabrielle-laroche.com\/fr\/wp-json\/wp\/v2\/product_cat?post=10685"},{"taxonomy":"product_tag","embeddable":true,"href":"https:\/\/www.gabrielle-laroche.com\/fr\/wp-json\/wp\/v2\/product_tag?post=10685"}],"curies":[{"name":"wp","href":"https:\/\/api.w.org\/{rel}","templated":true}]}}