

{"id":10745,"date":"2024-11-18T14:28:05","date_gmt":"2024-11-18T13:28:05","guid":{"rendered":"https:\/\/www.gabrielle-laroche.com\/?post_type=product&#038;p=10745"},"modified":"2026-01-23T12:48:20","modified_gmt":"2026-01-23T11:48:20","slug":"belle-paire-de-consoles-en-demi-lune-formant-table-de-milieu","status":"publish","type":"product","link":"https:\/\/www.gabrielle-laroche.com\/fr\/product\/belle-paire-de-consoles-en-demi-lune-formant-table-de-milieu\/","title":{"rendered":"BELLE PAIRE DE CONSOLES EN DEMI-LUNE FORMANT TABLE DE MILIEU"},"content":{"rendered":"<div class=\"wpb-content-wrapper\"><p>[vc_row][vc_column width=\u00a0\u00bb1\/2&Prime;][vc_column_text]<\/p>\n<p style=\"text-align: justify;\">D\u00e8s le Quattrocento, la maison de la Renaissance italienne accorde une place pr\u00e9pond\u00e9rante \u00e0 la sala, dont la grande taille convient \u00e0 l\u2019organisation de fastueuses r\u00e9ceptions, bals, banquets, spectacles ou jeux.<\/p>\n<p style=\"text-align: justify;\">Pi\u00e8ce de c\u00e9r\u00e9monie, elle se pare d\u2019un d\u00e9cor et d\u2019un mobilier \u00e0 la mesure de son r\u00f4le, pour impressionner dignitaires, princes et ambassadeurs venus de l\u2019\u00e9tranger.<\/p>\n<p style=\"text-align: justify;\">Cette table circulaire r\u00e9sulte de l\u2019assemblage de deux consoles ind\u00e9pendantes et occupait une place d\u2019honneur au centre de la sala. L\u2019\u00e9pais plateau en demi-lune de ces deux consoles se fixe sur deux pieds lyres d\u00e9coup\u00e9s dont les deux traverses basses sont r\u00e9unies par une entretoise, \u00e9galement d\u00e9coup\u00e9e. Le pi\u00e8tement compos\u00e9 par les deux consoles rassembl\u00e9es s\u2019ordonne en forme de croix ajour\u00e9e. Cette belle ordonnance d\u00e9gage alors les espaces qui permettent de s\u2019asseoir.<\/p>\n<p style=\"text-align: justify;\">Les deux \u00e9l\u00e9ments assembl\u00e9s produisent un meuble d\u2019apparat, rarissime, \u00e0 l\u2019\u00e9vidence dot\u00e9 d\u2019une fonction d\u2019exposition. Son pi\u00e8tement introduit une note d\u00e9corative qui conjugue complexit\u00e9 et puret\u00e9 des lignes. Comme la plupart des meubles de qualit\u00e9, elle est fabriqu\u00e9e en bois de noyer, tr\u00e8s recherch\u00e9 dans le nord de l\u2019Italie.<\/p>\n<p style=\"text-align: justify;\">Riche r\u00e9gion artistique, l\u2019Italie du Nord reste au XVIIe si\u00e8cle un creuset o\u00f9 se rencontrent les techniques, les choix et les go\u00fbts de l\u2019Italie de la Renaissance.<\/p>\n<p>[\/vc_column_text][\/vc_column][vc_column width=\u00a0\u00bb1\/2&Prime;][\/vc_column][\/vc_row]<\/p>\n<\/div>","protected":false},"excerpt":{"rendered":"<h4>BELLE PAIRE DE CONSOLES EN DEMI-LUNE FORMANT TABLE DE MILIEU<\/h4>\n<p>&nbsp;<\/p>\n<p>ORIGINE : ITALIE, TOSCANE<br \/>\n\u00c9POQUE : XVIIe SI\u00c8CLE<\/p>\n<p>&nbsp;<\/p>\n<p>Dimensions console\u00a0:<\/p>\n<p>Hauteur\u00a0: 76 cm<\/p>\n<p>Largeur\u00a0: 139 cm<\/p>\n<p>Profondeur\u00a0: 58 cm<\/p>\n<p>&nbsp;<\/p>\n<p>Dimension table assembl\u00e9e\u00a0:<\/p>\n<p>Diam\u00e8tre : 116 cm<\/p>\n<p>&nbsp;<\/p>\n<p>Bois de noyer<\/p>\n<p>Bon \u00e9tat de conservation<\/p>\n<p>&nbsp;<\/p>\n<p>&nbsp;<\/p>\n[dt_button size=\"small\" style=\"default\" animation=\"none\" color_mode=\"default\" icon=\"\" icon_align=\"left\" color=\"\" link=\"mailto:gabrielle-laroche@wanadoo.fr?subject=T4_BELLE_PAIRE_DE_CONSOLES_EN_DEMI_LUNE_FORMANT_TABLE_DE_MILIEU\" target_blank=\"true\"]DEMANDE D&rsquo;INFORMATIONS[\/dt_button]\n<p>&nbsp;<\/p>\n<p><a href=\"\/fr\/antiquites\/mobilier\/tables\/\">Retour aux tables<\/a><\/p>\n","protected":false},"featured_media":10748,"template":"","meta":[],"product_brand":[],"product_cat":[17],"product_tag":[],"class_list":{"0":"post-10745","1":"product","2":"type-product","3":"status-publish","4":"has-post-thumbnail","6":"product_cat-uncategorized","7":"description-off","9":"first","10":"instock","11":"shipping-taxable","12":"product-type-simple"},"aioseo_notices":[],"_links":{"self":[{"href":"https:\/\/www.gabrielle-laroche.com\/fr\/wp-json\/wp\/v2\/product\/10745","targetHints":{"allow":["GET"]}}],"collection":[{"href":"https:\/\/www.gabrielle-laroche.com\/fr\/wp-json\/wp\/v2\/product"}],"about":[{"href":"https:\/\/www.gabrielle-laroche.com\/fr\/wp-json\/wp\/v2\/types\/product"}],"wp:featuredmedia":[{"embeddable":true,"href":"https:\/\/www.gabrielle-laroche.com\/fr\/wp-json\/wp\/v2\/media\/10748"}],"wp:attachment":[{"href":"https:\/\/www.gabrielle-laroche.com\/fr\/wp-json\/wp\/v2\/media?parent=10745"}],"wp:term":[{"taxonomy":"product_brand","embeddable":true,"href":"https:\/\/www.gabrielle-laroche.com\/fr\/wp-json\/wp\/v2\/product_brand?post=10745"},{"taxonomy":"product_cat","embeddable":true,"href":"https:\/\/www.gabrielle-laroche.com\/fr\/wp-json\/wp\/v2\/product_cat?post=10745"},{"taxonomy":"product_tag","embeddable":true,"href":"https:\/\/www.gabrielle-laroche.com\/fr\/wp-json\/wp\/v2\/product_tag?post=10745"}],"curies":[{"name":"wp","href":"https:\/\/api.w.org\/{rel}","templated":true}]}}