

{"id":10933,"date":"2023-01-16T17:50:54","date_gmt":"2023-01-16T16:50:54","guid":{"rendered":"https:\/\/www.gabrielle-laroche.com\/?post_type=product&#038;p=10933"},"modified":"2024-12-18T16:52:23","modified_gmt":"2024-12-18T15:52:23","slug":"beau-fauteuil-en-noyer-sculpte-de-la-renaissance-2","status":"publish","type":"product","link":"https:\/\/www.gabrielle-laroche.com\/fr\/product\/beau-fauteuil-en-noyer-sculpte-de-la-renaissance-2\/","title":{"rendered":"BEAU FAUTEUIL EN NOYER SCULPT\u00c9 DE LA RENAISSANCE"},"content":{"rendered":"<div class=\"wpb-content-wrapper\"><p>[vc_row][vc_column width=\u00a0\u00bb1\/2&Prime;][vc_column_text]<\/p>\n<p style=\"font-weight: 400; text-align: justify;\">Cet \u00e9l\u00e9gant fauteuil pr\u00e9sente une structure traditionnelle, avec son assise haute et son entretoise \u00e0 ch\u00e2ssis.<\/p>\n<p style=\"font-weight: 400; text-align: justify;\">En fa\u00e7ade, une large traverse pr\u00e9sente un d\u00e9cor sculpt\u00e9 sym\u00e9trique de rinceaux de feuilles d\u2019acanthe, termin\u00e9s par une fleur, et d\u00e9ploy\u00e9s de part et d\u2019autre d\u2019un mascaron repr\u00e9sentant une sir\u00e8ne ail\u00e9e et dot\u00e9e d\u2019une queue de poisson bifide qui s\u2019enroule \u00e0 ses extr\u00e9mit\u00e9s. De chaque c\u00f4t\u00e9s les d\u00e9s de raccordement sont orn\u00e9s par une guirlande verticale de fruits dont des pommes en hauteurs qui surplombe une rang\u00e9e de pommes de pin.<\/p>\n<p style=\"font-weight: 400; text-align: justify;\">Le dossier droit prolonge ses montants de feuilles d\u2019acanthe sculpt\u00e9es.<\/p>\n<p style=\"font-weight: 400; text-align: justify;\">Le dossier et l\u2019assise ont conserv\u00e9s leur garniture en cuirs d\u2019origine, fix\u00e9e par plusieurs rang\u00e9es de clous en laiton.<\/p>\n<p style=\"font-weight: 400; text-align: justify;\">Les montants ant\u00e9rieurs, reposant sur des d\u00e9s sculpt\u00e9s de roses, et les supports d\u2019accotoir pr\u00e9sente un beau tournage en balustre nervur\u00e9es.<\/p>\n<p style=\"font-weight: 400; text-align: justify;\">Les accotoirs sont larges et plats.<\/p>\n<p style=\"font-weight: 400; text-align: justify;\">De belle facture, ce fauteuil offre encore un vocabulaire ornemental de la fin de la Renaissance ; il se classe parmi les beaux si\u00e8ges d\u2019apparat ou les si\u00e8ges protocolaires de cette \u00e9poque.<\/p>\n<p>[\/vc_column_text][vc_empty_space][\/vc_column][vc_column width=\u00a0\u00bb1\/2&Prime;][vc_empty_space][\/vc_column][\/vc_row]<\/p>\n<\/div>","protected":false},"excerpt":{"rendered":"<h4 class=\"p1\">BEAU FAUTEUIL EN NOYER SCULPT\u00c9 DE LA RENAISSANCE<\/h4>\n<p>&nbsp;<\/p>\n<p><b>ORIGINE : ITALIE<\/b><\/p>\n<p><b>\u00c9POQUE\u00a0: XVIe SI\u00c8CLE<\/b><\/p>\n<p><b>\u00a0<\/b><\/p>\n<p>Hauteur\u00a0: 111,5 cm<\/p>\n<p>Hauteur d\u2019assise\u00a0: 52 cm<\/p>\n<p>Largeur\u00a0:\u00a0 72 cm<\/p>\n<p>Profondeur\u00a0: \u00a047 cm<\/p>\n<p>&nbsp;<\/p>\n<p>&nbsp;<\/p>\n<p>Bois de Noyer<span class=\"Apple-converted-space\">\u00a0<\/span><\/p>\n<p>Garniture de cuir<\/p>\n<p>Bon \u00e9tat de conservation<\/p>\n<p>&nbsp;<\/p>\n<p>&nbsp;<\/p>\n[dt_button size=\"small\" style=\"default\" animation=\"none\" color_mode=\"default\" icon=\"\" icon_align=\"left\" color=\"\" link=\"mailto:gabrielle-laroche@wanadoo.fr?subject=186_BEAU FAUTEUIL EN NOYER SCULPT\u00c9 DE LA RENAISSANCE\" target_blank=\"true\"]DEMANDE D&rsquo;INFORMATIONS[\/dt_button]\n<p>&nbsp;<\/p>\n<p><a href=\"\/fr\/antiquites\/mobilier\/sieges\/\">Retour aux si\u00e8ges<\/a><\/p>\n","protected":false},"featured_media":10934,"template":"","meta":[],"product_brand":[],"product_cat":[19],"product_tag":[],"class_list":{"0":"post-10933","1":"product","2":"type-product","3":"status-publish","4":"has-post-thumbnail","6":"product_cat-sieges","7":"description-off","9":"first","10":"instock","11":"shipping-taxable","12":"product-type-simple"},"aioseo_notices":[],"_links":{"self":[{"href":"https:\/\/www.gabrielle-laroche.com\/fr\/wp-json\/wp\/v2\/product\/10933","targetHints":{"allow":["GET"]}}],"collection":[{"href":"https:\/\/www.gabrielle-laroche.com\/fr\/wp-json\/wp\/v2\/product"}],"about":[{"href":"https:\/\/www.gabrielle-laroche.com\/fr\/wp-json\/wp\/v2\/types\/product"}],"wp:featuredmedia":[{"embeddable":true,"href":"https:\/\/www.gabrielle-laroche.com\/fr\/wp-json\/wp\/v2\/media\/10934"}],"wp:attachment":[{"href":"https:\/\/www.gabrielle-laroche.com\/fr\/wp-json\/wp\/v2\/media?parent=10933"}],"wp:term":[{"taxonomy":"product_brand","embeddable":true,"href":"https:\/\/www.gabrielle-laroche.com\/fr\/wp-json\/wp\/v2\/product_brand?post=10933"},{"taxonomy":"product_cat","embeddable":true,"href":"https:\/\/www.gabrielle-laroche.com\/fr\/wp-json\/wp\/v2\/product_cat?post=10933"},{"taxonomy":"product_tag","embeddable":true,"href":"https:\/\/www.gabrielle-laroche.com\/fr\/wp-json\/wp\/v2\/product_tag?post=10933"}],"curies":[{"name":"wp","href":"https:\/\/api.w.org\/{rel}","templated":true}]}}