

{"id":10938,"date":"2025-01-09T17:31:25","date_gmt":"2025-01-09T16:31:25","guid":{"rendered":"https:\/\/www.gabrielle-laroche.com\/?post_type=product&#038;p=10938"},"modified":"2025-10-29T18:13:29","modified_gmt":"2025-10-29T17:13:29","slug":"sculpture-brabancone-representant-saint-michel-terrassant-le-dragon","status":"publish","type":"product","link":"https:\/\/www.gabrielle-laroche.com\/fr\/product\/sculpture-brabancone-representant-saint-michel-terrassant-le-dragon\/","title":{"rendered":"SCULPTURE BRABAN\u00c7ONE REPR\u00c9SENTANT SAINT MICHEL TERRASSANT LE DRAGON"},"content":{"rendered":"<div class=\"wpb-content-wrapper\"><p>[vc_row][vc_column width=\u00a0\u00bb1\/2&Prime;][vc_column_text]<\/p>\n<p style=\"text-align: justify;\">Contexte historique<\/p>\n<p style=\"text-align: justify;\">\u00ab\u00a0Chef\u00a0\u00bb d\u2019Isra\u00ebl, Michel, dont le nom h\u00e9breu signifie \u00ab\u00a0qui est comme Dieu\u00a0\u00bb (en latin \u00ab\u00a0Quis ut Deus\u00a0?\u00a0\u00bb), est l\u2019archange le plus populaire dans le christianisme. Chef des Milices C\u00e9lestes au cours des grandes batailles contre les anges rebelles, il vainquit Lucifer et devint ainsi le Prince des anges.<\/p>\n<p style=\"text-align: justify;\">Le th\u00e8me de saint Michel terrassant le dragon est d&rsquo;origine occidentale et naquit, \u00e0 l&rsquo;\u00e9poque carolingienne (VIII\u00e8me-IX\u00e8me si\u00e8cle), aupr\u00e8s du sanctuaire du Mont-Gargan dans les Pouilles. Il illustre \u00e0 la fois un passage de l&rsquo;Apocalypse (XII-7), et une tr\u00e8s ancienne l\u00e9gende de l&rsquo;archange mettant un monstre \u00e0 mort, l\u00e9gende introduite au Mont-Saint-Michel o\u00f9, dans le Tr\u00e9sor, \u00e9taient conserv\u00e9es les armes du combat.<\/p>\n<p style=\"text-align: justify;\">La repr\u00e9sentation \u00e9voluera, de l&rsquo;ange en longue tunique couverte d&rsquo;un grand manteau et arm\u00e9 d&rsquo;une lance, au combattant en armure, porteur d&rsquo;une \u00e9p\u00e9e. Avant que cet apparat guerrier ne l&#8217;emporte, au cours du XVe si\u00e8cle, et durant un temps assez bref, saint Michel rev\u00eat parfois le costume liturgique, sous l&rsquo;influence possible du th\u00e9\u00e2tre religieux.<\/p>\n<p style=\"text-align: justify;\">Description<\/p>\n<p style=\"text-align: justify;\">Saint Michel, archange guerrier ail\u00e9 du ciel, est ici repr\u00e9sent\u00e9 debout, en l\u00e9ger contrapposto, sous des traits fins et juv\u00e9niles. Le front bomb\u00e9 et les yeux \u00e9tir\u00e9s, il a le regard baiss\u00e9. Son visage plein est encadr\u00e9 de belles boucles serr\u00e9es et bien dessin\u00e9es. Il est traditionnellement v\u00eatu d\u2019une cotte de maille sous une cotte d\u2019armes, elle-m\u00eame recouverte d\u2019une cape retenue \u00e0 l\u2019avant par un fermail pectoral ouvrag\u00e9.<\/p>\n<p style=\"text-align: justify;\">Les traits fins de son visage s\u2019harmonisent avec sa silhouette longiligne et \u00e9lanc\u00e9e. Avec gr\u00e2ce, il transperce la gueule b\u00e9ante du dragon qu\u2019il foule de ses pieds.\u00a0 De sa posture calme et victorieuse, il marche triomphalement sur le diable vaincu au sol. La position du bras droit qui tenait la lance est coh\u00e9rente avec celle du bras gauche qui terrassait Satan, l\u2019ange d\u00e9chu.<\/p>\n<p style=\"text-align: justify;\">Le charisme paisible de l\u2019archange le distingue comme un \u00eatre de puissance divine, dont seule la pr\u00e9sence du geste mena\u00e7ant est capable de vaincre l\u2019ennemi. L\u2019antith\u00e8se entre le visage plein d\u2019esprit de l\u2019archange et la figure ahurie du monstre est particuli\u00e8rement cultiv\u00e9e ici et symbolique du Bien vainqueur du Mal.<\/p>\n<p style=\"text-align: justify;\">Le diable allong\u00e9 sur le dos semble paralys\u00e9, m\u00eame s\u2019il tente d\u00e9sesp\u00e9r\u00e9ment de repousser le coup port\u00e9, avec ses membres \u00e9cart\u00e9s. La bouche ouverte et la t\u00eate renvers\u00e9e, ses forces lui permettent seulement d\u2019utiliser sa griffe post\u00e9rieure pour agripper la cape de Saint Michel. Les ailes de chauve-souris, attribut du D\u00e9mon, sont stylis\u00e9es et enveloppent toute la partie sup\u00e9rieure des pattes ant\u00e9rieures, afin qu\u2019il n\u2019y ait aucun doute sur la nature de l\u2019animal qui s\u2019agrippe \u00e0 la cape de la Milice C\u00e9leste.<\/p>\n<p style=\"text-align: justify;\">L\u2019association de cette composition \u00e9l\u00e9gante \u00e0 la plastique d\u2019une grande beaut\u00e9 confirment l\u2019exceptionnelle qualit\u00e9 de ce Saint Michel, patron de la ville de Bruxelles, des armuriers et des escrimeurs.<\/p>\n<p style=\"text-align: justify;\">Bibliographie\u00a0:<\/p>\n<p style=\"text-align: justify;\">Jean-Pie Lapierre, <em>Le Mus\u00e9e Chr\u00e9tien<\/em>, II\/2, \u00e9dition du Seuil, Paris, 2014.<\/p>\n<p style=\"text-align: justify;\">Louis R\u00e9au,<em>\u00a0Iconographie de l\u2019Art chr\u00e9tien, II\/2,<\/em> Presses Universitaires de France, Kraus Reprint, Millwood, 1988.<\/p>\n<p>[\/vc_column_text][vc_empty_space][\/vc_column][vc_column width=\u00a0\u00bb1\/2&Prime;][vc_empty_space][\/vc_column][\/vc_row]<\/p>\n<\/div>","protected":false},"excerpt":{"rendered":"<h4>SCULPTURE BRABAN\u00c7ONE REPR\u00c9SENTANT SAINT MICHEL TERRASSANT LE DRAGON<\/h4>\n<p>&nbsp;<\/p>\n<p>ORIGINE\u00a0: FLANDRES<\/p>\n<p>EPOQUE\u00a0: FIN XV\u00e8me \u2013 D\u00c9BUT XVI\u00e8me SI\u00c8CLE<\/p>\n<p>&nbsp;<\/p>\n<p>Hauteur\u00a0: 82 cm<\/p>\n<p>Largeur\u00a0: 29 cm<\/p>\n<p>Profondeur\u00a0: 17 cm<\/p>\n<p>&nbsp;<\/p>\n<p>Bois de ch\u00eane<\/p>\n<p>Ce bois sculpt\u00e9, polychrom\u00e9 et dor\u00e9, est travaill\u00e9 en ronde bosse.<span class=\"Apple-converted-space\">\u00a0<\/span><\/p>\n<p>D\u2019un bon \u00e9tat de conservation.<\/p>\n<p>&nbsp;<\/p>\n[dt_button size=\"small\" style=\"default\" animation=\"none\" color_mode=\"default\" icon=\"\" icon_align=\"left\" color=\"\" link=\"mailto:gabrielle-laroche@wanadoo.fr?subject=366_SCULPTURE_BRABAN\u00c7ONE_REPR\u00c9SENTANT_SAINT_MICHEL\" target_blank=\"true\"]DEMANDE D&rsquo;INFORMATIONS[\/dt_button]\n<p>&nbsp;<\/p>\n<p><a href=\"\/fr\/antiquites\/sculpture\/\">Retour aux sculptures<\/a><\/p>\n<p>&nbsp;<\/p>\n","protected":false},"featured_media":11942,"template":"","meta":[],"product_brand":[],"product_cat":[32],"product_tag":[],"class_list":{"0":"post-10938","1":"product","2":"type-product","3":"status-publish","4":"has-post-thumbnail","6":"product_cat-sculptures","7":"description-off","9":"first","10":"instock","11":"shipping-taxable","12":"product-type-simple"},"aioseo_notices":[],"_links":{"self":[{"href":"https:\/\/www.gabrielle-laroche.com\/fr\/wp-json\/wp\/v2\/product\/10938","targetHints":{"allow":["GET"]}}],"collection":[{"href":"https:\/\/www.gabrielle-laroche.com\/fr\/wp-json\/wp\/v2\/product"}],"about":[{"href":"https:\/\/www.gabrielle-laroche.com\/fr\/wp-json\/wp\/v2\/types\/product"}],"wp:featuredmedia":[{"embeddable":true,"href":"https:\/\/www.gabrielle-laroche.com\/fr\/wp-json\/wp\/v2\/media\/11942"}],"wp:attachment":[{"href":"https:\/\/www.gabrielle-laroche.com\/fr\/wp-json\/wp\/v2\/media?parent=10938"}],"wp:term":[{"taxonomy":"product_brand","embeddable":true,"href":"https:\/\/www.gabrielle-laroche.com\/fr\/wp-json\/wp\/v2\/product_brand?post=10938"},{"taxonomy":"product_cat","embeddable":true,"href":"https:\/\/www.gabrielle-laroche.com\/fr\/wp-json\/wp\/v2\/product_cat?post=10938"},{"taxonomy":"product_tag","embeddable":true,"href":"https:\/\/www.gabrielle-laroche.com\/fr\/wp-json\/wp\/v2\/product_tag?post=10938"}],"curies":[{"name":"wp","href":"https:\/\/api.w.org\/{rel}","templated":true}]}}