

{"id":11112,"date":"2025-03-25T15:50:52","date_gmt":"2025-03-25T14:50:52","guid":{"rendered":"https:\/\/www.gabrielle-laroche.com\/?post_type=product&#038;p=11112"},"modified":"2025-03-25T15:55:08","modified_gmt":"2025-03-25T14:55:08","slug":"saint-jean-de-calvaire-en-bois-sculpte-et-polychrome","status":"publish","type":"product","link":"https:\/\/www.gabrielle-laroche.com\/fr\/product\/saint-jean-de-calvaire-en-bois-sculpte-et-polychrome\/","title":{"rendered":"SAINT JEAN DE CALVAIRE EN BOIS SCULPT\u00c9 ET POLYCHROM\u00c9"},"content":{"rendered":"<div class=\"wpb-content-wrapper\"><p>[vc_row][vc_column width=\u00a0\u00bb1\/2&Prime;][vc_column_text]<\/p>\n<p style=\"text-align: justify;\">Saint Jean l&rsquo;\u00c9vang\u00e9liste est un jeune homme imberbe qui appara\u00eet dans plusieurs sc\u00e8nes de la vie de J\u00e9sus. Dans la sc\u00e8ne de la Crucifixion, d&rsquo;apr\u00e8s le r\u00e9cit qu&rsquo;il en livre (Jean, XIX, 26-27), il se tient comme la Vierge au pied de la croix. Le th\u00e8me conna\u00eet un d\u00e9veloppement consid\u00e9rable au XV\u00e8me si\u00e8cle. Cette sculpture de belle facture, d\u2019un saint Jean en bois rehauss\u00e9 de sa polychromie, est un \u00e9l\u00e9ment isol\u00e9 d&rsquo;un calvaire, plac\u00e9e en bas \u00e0 droite de la Croix.<span class=\"Apple-converted-space\">\u00a0<\/span><\/p>\n<p style=\"text-align: justify;\">La t\u00eate l\u00e9g\u00e8rement lev\u00e9e vers la gauche, il regarde vers le haut. Le visage juv\u00e9nile du saint \u00e0 l\u2019expression douce et aimable laisse para\u00eetre une tristesse contenue. Une chevelure mi-longue aux extr\u00e9mit\u00e9s boucl\u00e9es encadre le visage. Plus que la douleur ressentie \u00e0 la vue du Christ d\u00e9funt, il exprime l\u2019esp\u00e9rance dans la pri\u00e8re.<\/p>\n<p style=\"text-align: justify;\">Pieds nus, il se tient debout, v\u00eatu d\u2019une tunique aux amples manches et d\u2019un manteau telle une cape dont un pan revient sur le devant.<span class=\"Apple-converted-space\">\u00a0<\/span><\/p>\n<p style=\"text-align: justify;\">Le travail du drap\u00e9 est particuli\u00e8rement bien \u00e9labor\u00e9. En effet, le mouvement souple du manteau pr\u00e9sente une harmonieuse superposition de larges plis bris\u00e9s en creux, qui contrastent avec les plis droits de la tunique du dessous.<span class=\"Apple-converted-space\">\u00a0<\/span><\/p>\n<p style=\"text-align: justify;\">Comme le veut la tradition iconographique, Saint Jean tient de la main gauche le Livre Saint son attribut biblique, et de la main droite un mouchoir.<\/p>\n<p>[\/vc_column_text][vc_empty_space][\/vc_column][vc_column width=\u00a0\u00bb1\/2&Prime;][vc_empty_space][\/vc_column][\/vc_row]<\/p>\n<\/div>","protected":false},"excerpt":{"rendered":"<h4>SAINT JEAN DE CALVAIRE EN BOIS SCULPT\u00c9 ET POLYCHROM\u00c9<span class=\"Apple-converted-space\">\u00a0<\/span><\/h4>\n<p>&nbsp;<\/p>\n<p>ORIGINE\u00a0: NORD DE LA FRANCE<\/p>\n<p>EPOQUE\u00a0: FIN DU XV\u00c8ME SI\u00c8CLE<\/p>\n<p>&nbsp;<\/p>\n<p>Hauteur\u00a0: 97 cm<\/p>\n<p>Largeur : 29 cm<\/p>\n<p>Profondeur\u00a0: 17 cm<\/p>\n<p><span class=\"Apple-converted-space\">\u00a0<\/span><\/p>\n<p>Bois de ch\u00eane sculpt\u00e9 polychrom\u00e9<\/p>\n<p>Restaurations d\u2019usage et d\u2019entretien<\/p>\n<p>&nbsp;<\/p>\n<p>&nbsp;<\/p>\n[dt_button size=\"small\" style=\"default\" animation=\"none\" color_mode=\"default\" icon=\"\" icon_align=\"left\" color=\"\" link=\"mailto:gabrielle-laroche@wanadoo.fr?subject=372_SAINT_JEAN_DE_CALVAIRE_EN_BOIS_SCULPTE_ET_POLYCHROME\" target_blank=\"true\"]DEMANDE D&rsquo;INFORMATIONS[\/dt_button]\n<p>&nbsp;<\/p>\n<p><a href=\"\/fr\/antiquites\/sculpture\/\">Retour aux sculptures<\/a><\/p>\n<p>&nbsp;<\/p>\n","protected":false},"featured_media":11113,"template":"","meta":[],"product_brand":[],"product_cat":[32],"product_tag":[],"class_list":{"0":"post-11112","1":"product","2":"type-product","3":"status-publish","4":"has-post-thumbnail","6":"product_cat-sculptures","7":"description-off","9":"first","10":"instock","11":"shipping-taxable","12":"product-type-simple"},"aioseo_notices":[],"_links":{"self":[{"href":"https:\/\/www.gabrielle-laroche.com\/fr\/wp-json\/wp\/v2\/product\/11112","targetHints":{"allow":["GET"]}}],"collection":[{"href":"https:\/\/www.gabrielle-laroche.com\/fr\/wp-json\/wp\/v2\/product"}],"about":[{"href":"https:\/\/www.gabrielle-laroche.com\/fr\/wp-json\/wp\/v2\/types\/product"}],"wp:featuredmedia":[{"embeddable":true,"href":"https:\/\/www.gabrielle-laroche.com\/fr\/wp-json\/wp\/v2\/media\/11113"}],"wp:attachment":[{"href":"https:\/\/www.gabrielle-laroche.com\/fr\/wp-json\/wp\/v2\/media?parent=11112"}],"wp:term":[{"taxonomy":"product_brand","embeddable":true,"href":"https:\/\/www.gabrielle-laroche.com\/fr\/wp-json\/wp\/v2\/product_brand?post=11112"},{"taxonomy":"product_cat","embeddable":true,"href":"https:\/\/www.gabrielle-laroche.com\/fr\/wp-json\/wp\/v2\/product_cat?post=11112"},{"taxonomy":"product_tag","embeddable":true,"href":"https:\/\/www.gabrielle-laroche.com\/fr\/wp-json\/wp\/v2\/product_tag?post=11112"}],"curies":[{"name":"wp","href":"https:\/\/api.w.org\/{rel}","templated":true}]}}