

{"id":11121,"date":"2025-03-25T16:08:32","date_gmt":"2025-03-25T15:08:32","guid":{"rendered":"https:\/\/www.gabrielle-laroche.com\/?post_type=product&#038;p=11121"},"modified":"2025-03-25T16:14:53","modified_gmt":"2025-03-25T15:14:53","slug":"belle-vierge-a-lenfant-sculptee-polychromee-et-doree","status":"publish","type":"product","link":"https:\/\/www.gabrielle-laroche.com\/fr\/product\/belle-vierge-a-lenfant-sculptee-polychromee-et-doree\/","title":{"rendered":"BELLE VIERGE \u00c0 L\u2019ENFANT SCULPT\u00c9E POLYCHROM\u00c9E ET DOR\u00c9E"},"content":{"rendered":"<div class=\"wpb-content-wrapper\"><p>[vc_row][vc_column width=\u00a0\u00bb1\/2&Prime;][vc_column_text]<\/p>\n<p style=\"text-align: justify;\">Cette belle Vierge de tendresse tr\u00e8s finement sculpt\u00e9e est repr\u00e9sent\u00e9e debout, l\u00e9g\u00e8rement d\u00e9hanch\u00e9e. Elle porte l\u2019enfant nu de son bras droit. Le visage juv\u00e9nile aux yeux en amande est encadr\u00e9 d\u2019une belle chevelure ondul\u00e9e avec des boucles bien dessin\u00e9es.<span class=\"Apple-converted-space\">\u00a0<\/span><\/p>\n<p style=\"text-align: justify;\">Elle est v\u00eatue d\u2019une simple robe \u00e0 l\u2019encolure arrondie et d\u2019un manteau dor\u00e9 et bleu \u00e0 l\u2019int\u00e9rieur, aux multiples pliss\u00e9es bien prononc\u00e9s, qui revient en tablier sur son avant-bras gauche. La belle plicature profonde et anguleuse encore m\u00e9di\u00e9vale dans son traitement, ajoute \u00e0 la majest\u00e9 de la sculpture.<span class=\"Apple-converted-space\">\u00a0<\/span><\/p>\n<p style=\"text-align: justify;\">L\u2019enfant \u00e0 l\u2019humeur joyeuse adopte la m\u00eame physionomie que sa m\u00e8re avec son nez fin et les l\u00e8vres minces. La ressemblance est ici tout \u00e0 fait assum\u00e9e.\u00a0 Libre de ses mouvements et souriant, il annonce les repr\u00e9sentations de J\u00e9sus \u00e0 la renaissance. Sa beaut\u00e9 infantile est \u00e9galement tout \u00e0 fait typique de la sculpture du sud de l\u2019Allemagne.<\/p>\n<p style=\"text-align: justify;\">L\u2019harmonie du drap\u00e9 de la robe et du manteau, symboliquement agenc\u00e9 en forme de mandorle, font que cette Vierge illustre parfaitement les pr\u00e9mices de ce que l\u2019on a coutume d\u2019appeler \u00e0 partir du XVI\u00e8me si\u00e8cle, les \u00ab\u00a0Vierges de tendresse\u00a0\u00bb.<\/p>\n<p>[\/vc_column_text][vc_empty_space][\/vc_column][vc_column width=\u00a0\u00bb1\/2&Prime;][vc_empty_space][\/vc_column][\/vc_row]<\/p>\n<\/div>","protected":false},"excerpt":{"rendered":"<h4>BELLE VIERGE \u00c0 L\u2019ENFANT SCULPT\u00c9E POLYCHROM\u00c9E ET DOR\u00c9E<\/h4>\n<p>&nbsp;<\/p>\n<p>ORIGINE\u00a0: ALLEMAGNE DU SUD, R\u00c9GION SOUABE<span class=\"Apple-converted-space\">\u00a0<\/span><\/p>\n<p>EPOQUE\u00a0: VERS 1500<\/p>\n<p>&nbsp;<\/p>\n<p>Hauteur\u00a0: 87,5 cm\u00a0<span class=\"Apple-converted-space\">\u00a0<\/span><\/p>\n<p>Hauteur avec socle 102 cm<span class=\"Apple-converted-space\">\u00a0<\/span><\/p>\n<p>Largeur : 29 cm<\/p>\n<p>Profondeur\u00a0: 18 cm<\/p>\n<p>&nbsp;<\/p>\n<p>Bois de tilleul dor\u00e9 et polychrom\u00e9<\/p>\n<p>Dos \u00e9vid\u00e9<\/p>\n<p>&nbsp;<\/p>\n<p>&nbsp;<\/p>\n[dt_button size=\"small\" style=\"default\" animation=\"none\" color_mode=\"default\" icon=\"\" icon_align=\"left\" color=\"\" link=\"mailto:gabrielle-laroche@wanadoo.fr?subject=44_BELLE_VIERGE_A_L\u2019ENFANT_SCULPTEE_POLYCHROMEE_ET_DOREE\" target_blank=\"true\"]DEMANDE D&rsquo;INFORMATIONS[\/dt_button]\n<p>&nbsp;<\/p>\n<p><a href=\"\/fr\/antiquites\/sculpture\/\">Retour aux sculptures<\/a><\/p>\n<p>&nbsp;<\/p>\n","protected":false},"featured_media":11122,"template":"","meta":[],"product_brand":[],"product_cat":[32],"product_tag":[],"class_list":{"0":"post-11121","1":"product","2":"type-product","3":"status-publish","4":"has-post-thumbnail","6":"product_cat-sculptures","7":"description-off","9":"first","10":"instock","11":"shipping-taxable","12":"product-type-simple"},"aioseo_notices":[],"_links":{"self":[{"href":"https:\/\/www.gabrielle-laroche.com\/fr\/wp-json\/wp\/v2\/product\/11121","targetHints":{"allow":["GET"]}}],"collection":[{"href":"https:\/\/www.gabrielle-laroche.com\/fr\/wp-json\/wp\/v2\/product"}],"about":[{"href":"https:\/\/www.gabrielle-laroche.com\/fr\/wp-json\/wp\/v2\/types\/product"}],"wp:featuredmedia":[{"embeddable":true,"href":"https:\/\/www.gabrielle-laroche.com\/fr\/wp-json\/wp\/v2\/media\/11122"}],"wp:attachment":[{"href":"https:\/\/www.gabrielle-laroche.com\/fr\/wp-json\/wp\/v2\/media?parent=11121"}],"wp:term":[{"taxonomy":"product_brand","embeddable":true,"href":"https:\/\/www.gabrielle-laroche.com\/fr\/wp-json\/wp\/v2\/product_brand?post=11121"},{"taxonomy":"product_cat","embeddable":true,"href":"https:\/\/www.gabrielle-laroche.com\/fr\/wp-json\/wp\/v2\/product_cat?post=11121"},{"taxonomy":"product_tag","embeddable":true,"href":"https:\/\/www.gabrielle-laroche.com\/fr\/wp-json\/wp\/v2\/product_tag?post=11121"}],"curies":[{"name":"wp","href":"https:\/\/api.w.org\/{rel}","templated":true}]}}