

{"id":11140,"date":"2025-03-25T16:35:52","date_gmt":"2025-03-25T15:35:52","guid":{"rendered":"https:\/\/www.gabrielle-laroche.com\/?post_type=product&#038;p=11140"},"modified":"2025-03-25T17:04:13","modified_gmt":"2025-03-25T16:04:13","slug":"importante-vierge-lorraine-a-lenfant-et-au-chardonneret","status":"publish","type":"product","link":"https:\/\/www.gabrielle-laroche.com\/fr\/product\/importante-vierge-lorraine-a-lenfant-et-au-chardonneret\/","title":{"rendered":"IMPORTANTE VIERGE LORRAINE \u00c0 L\u2019ENFANT ET AU CHARDONNERET"},"content":{"rendered":"<div class=\"wpb-content-wrapper\"><p>[vc_row][vc_column width=\u00a0\u00bb1\/2&Prime;][vc_column_text]<\/p>\n<p style=\"text-align: justify;\">HISTORIQUE<\/p>\n<p>&nbsp;<\/p>\n<p style=\"text-align: justify;\">Compris entre la vall\u00e9e de la Moselle et celle de la Meuse, entre les Vosges au sud et le duch\u00e9 du Luxembourg au nord, le duch\u00e9 de Lorraine est le fruit de plusieurs partages. Ce fut d\u2019abord, au IXe si\u00e8cle, le partage de l\u2019Empire carolingien au cours duquel Lothaire Ier h\u00e9rita de la Lotharingie. Ensuite, ce territoire fut \u00e0 son tour divis\u00e9 en deux en 959\u00a0: la Basse et la Haute-Lotharingie, cette derni\u00e8re portant en germe le futur duch\u00e9 de Lorraine. Ce duch\u00e9 d\u00e9pendit du Saint-Empire romain germanique jusqu\u2019en 1736, date \u00e0 laquelle il fut rattach\u00e9 au royaume de France.<span class=\"Apple-converted-space\">\u00a0<\/span><\/p>\n<p style=\"text-align: justify;\">N\u00e9anmoins, tout au long de son histoire, le duch\u00e9 de Lorraine se trouva au centre d\u2019intenses conflits. Les alliances, les querelles qui marqu\u00e8rent les \u00e9poques se firent \u00e9galement sentir en Lorraine, o\u00f9 l\u2019instabilit\u00e9 r\u00e9gna parfois. Par sa position g\u00e9ographique, le duch\u00e9 de Lorraine appara\u00eet \u00e9galement comme un carrefour d\u2019influences artistiques.<span class=\"Apple-converted-space\">\u00a0<\/span><\/p>\n<p style=\"text-align: justify;\">Cela lui permit d\u00e8s la fin du XIIIe si\u00e8cle de devenir un important centre artistique o\u00f9 se d\u00e9veloppa un type particulier de Vierge \u00e0 l\u2019Enfant. D\u2019apr\u00e8s le Professeur Schmoll, les caract\u00e9ristiques de cette sculpture lorraine apparaissent vers 1280-1300 dans la sculpture de l\u2019Aube. Elle pr\u00e9sente alors \u00ab\u00a0des volumes vigoureux, des mouvements retenus, des gestes rares mais solennels, et une expression fortement int\u00e9rioris\u00e9e\u00a0\u00bb.\u00a0 Ces Vierges pr\u00e9sentent une physionomie proche, avec un front large, un visage en \u00e9cu ou \u00e0 l\u2019ovale plein, un cou large, des l\u00e8vres menues et une fossette au menton.<span class=\"Apple-converted-space\">\u00a0<\/span><\/p>\n<p>&nbsp;<\/p>\n<p style=\"text-align: justify;\">DESCRIPTION<\/p>\n<p>&nbsp;<\/p>\n<p style=\"text-align: justify;\">Cette Vierge lorraine du XIVe si\u00e8cle, en ronde bosse en calcaire dur, est richement polychrom\u00e9e et parfaitement conserv\u00e9e.<span class=\"Apple-converted-space\">\u00a0<\/span><\/p>\n<p style=\"text-align: justify;\">Debout, la pose hanch\u00e9e de la Vierge est bien exprim\u00e9e, et motiv\u00e9e par le poids de l\u2019enfant qu\u2019elle porte d\u2019une mani\u00e8re naturelle sur son c\u00f4t\u00e9 gauche.<span class=\"Apple-converted-space\">\u00a0<\/span><\/p>\n<p style=\"text-align: justify;\">Le port majestueux de cette statue est accru par le mouvement de la draperie du manteau tombant en tablier.<\/p>\n<p style=\"text-align: justify;\">Son enfant \u00e0 la chevelure aux boucles bien dessin\u00e9es est v\u00eatu d\u2019une longue tunique rouge qui laisse appara\u00eetre ses petits pieds. Avec son air enfantin et amus\u00e9, il se tourne du c\u00f4t\u00e9 de sa m\u00e8re jouant avec le chardonneret pos\u00e9 sur la poitrine de la Vierge.\u00a0 De son index droit il titille le bec de l\u2019oiseau, et de sa main gauche il tient une sph\u00e8re symbole du monde chr\u00e9tien.<\/p>\n<p style=\"text-align: justify;\">Marie est drap\u00e9e dans un long manteau bleu d\u00e9couvrant une robe rouge.<span class=\"Apple-converted-space\">\u00a0<\/span><\/p>\n<p style=\"text-align: justify;\">Son front est ceint d\u2019une couronne mainmettant un voile court et d\u00e9gageant sa chevelure ondul\u00e9e bien caract\u00e9ristique du XIV\u00e8me si\u00e8cle. Ce visage fin, aux yeux en amande, au nez droit, \u00e0 la bouche aux l\u00e8vres menues, surmontant un petit menton, garde le regard lointain si embl\u00e9matique des Vierges du XIV\u00e8me si\u00e8cle.<span class=\"Apple-converted-space\">\u00a0<\/span><\/p>\n<p style=\"text-align: justify;\">L\u2019origine exacte de cette Vierge \u00e0 l\u2019Enfant ne nous est pas connue mais on peut toutefois affirmer avec certitude qu\u2019elle appartient \u00e0 la Lorraine.<span class=\"Apple-converted-space\">\u00a0<\/span><\/p>\n<p style=\"text-align: justify;\">Le th\u00e8me de la Vierge pr\u00e9sentant l\u2019Enfant debout se retrouve dans tout le royaume de France aux XIIIe et XIVe si\u00e8cles mais il trouva surtout un grand int\u00e9r\u00eat en Lorraine.<\/p>\n<p style=\"text-align: justify;\"><em>\u00ab\u00a0L\u2019oiseau [que l\u2019Enfant tient dans ses mains] a pu \u00eatre interpr\u00e9t\u00e9 comme une allusion \u00e0 l\u2019\u00e9pisode de l\u2019Enfant J\u00e9sus fa\u00e7onnant des passereaux dans l\u2019argile et leur donnant vie, \u00e9pisode relat\u00e9 dans l\u2019\u00e9vangile apocryphe du pseudo-Matthieu (ch. 27), repris dans le Coran (III, 43, v.110). Cependant, le th\u00e8me semble bien davantage li\u00e9 \u00e0 la R\u00e9demption ou \u00e0 l\u2019Eucharistie, l\u2019oiseau symbolisant l\u2019\u00e2me du fid\u00e8le, rachet\u00e9e ou vivifi\u00e9e\u00a0\u00bb.<span class=\"Apple-converted-space\">\u00a0<\/span><\/em><\/p>\n<p style=\"text-align: justify;\">Cette Vierge \u00e9tait destin\u00e9e \u00e0 \u00eatre vue sous toutes ses faces. D\u2019apr\u00e8s ses dimensions relativement petites, elle aurait pu \u00eatre command\u00e9e dans le but d\u2019orner un oratoire, servant ainsi \u00e0 la d\u00e9votion priv\u00e9e. Au XIVe si\u00e8cle, en effet, le th\u00e8me de la Vierge \u00e0 l\u2019Enfant et le culte marial connaissent un regain d\u2019int\u00e9r\u00eat, t\u00e9moignage d\u2019une sensibilit\u00e9 religieuse nouvelle, d\u2019une conception plus intimiste de la pratique religieuse.<\/p>\n<p>&nbsp;<\/p>\n<p style=\"text-align: justify;\">Bibliographie<\/p>\n<p>&nbsp;<\/p>\n<p style=\"text-align: justify;\">William H. FORSYTH,<em> Medieval Statues of the Virgin in Lorraine related in type of the Saint-Di\u00e9<\/em>, Metropolitan Museum studies<\/p>\n<p style=\"text-align: justify;\">J. A. SCHMOLL, gene. Eisenwerth,<em> Die Lothringische Skultur des 14. Jahrunderts, Michael Imhof Verlag<\/em>, D-36100 Petersberg, 2005<\/p>\n<p style=\"text-align: justify;\">Mus\u00e9e du Louvre, <em>Nouvelles acquisitions du d\u00e9partement des sculptures (1992-1995)<\/em>, R\u00e9union des Mus\u00e9es Nationaux, Paris, 1996, p. 18-21<\/p>\n<p>[\/vc_column_text][vc_empty_space][\/vc_column][vc_column width=\u00a0\u00bb1\/2&Prime;][vc_empty_space][\/vc_column][\/vc_row]<\/p>\n<\/div>","protected":false},"excerpt":{"rendered":"<h4>IMPORTANTE VIERGE LORRAINE \u00c0 L\u2019ENFANT ET AU CHARDONNERET<\/h4>\n<p>&nbsp;<\/p>\n<p>ORIGINE\u00a0: SUD DE LA LORRAINE, FRANCE<\/p>\n<p>EPOQUE\u00a0: DERNIER QUART DU XIV\u00e8me SI\u00c8CLE<\/p>\n<p>&nbsp;<\/p>\n<p>Hauteur\u00a0: 68 cm<\/p>\n<p>Largeur : 30 cm<\/p>\n<p>Profondeur\u00a0: 22 cm<span class=\"Apple-converted-space\">\u00a0<\/span><\/p>\n<p>&nbsp;<\/p>\n<p>Pierre calcaire \u00e0 grain fin, sculpt\u00e9e et polychrom\u00e9e<\/p>\n<p>Tr\u00e8s bon \u00e9tat de conservation, polychromie d\u2019origine bien conserv\u00e9e.<\/p>\n<p>Main droite de la Vierge manquante.<\/p>\n<p>&nbsp;<\/p>\n<p>Provenance\u00a0: Ancienne Collection priv\u00e9e<\/p>\n<p>&nbsp;<\/p>\n<p>&nbsp;<\/p>\n[dt_button size=\"small\" style=\"default\" animation=\"none\" color_mode=\"default\" icon=\"\" icon_align=\"left\" color=\"\" link=\"mailto:gabrielle-laroche@wanadoo.fr?subject=367_IMPORTANTE_VIERGE_LORRAINE_\u00c0_L\u2019ENFANT_ET_AU_CHARDONNERET\" target_blank=\"true\"]DEMANDE D&rsquo;INFORMATIONS[\/dt_button]\n<p>&nbsp;<\/p>\n<p><a href=\"\/fr\/antiquites\/sculpture\/\">Retour aux sculptures<\/a><\/p>\n<p>&nbsp;<\/p>\n","protected":false},"featured_media":11141,"template":"","meta":[],"product_brand":[],"product_cat":[32],"product_tag":[],"class_list":{"0":"post-11140","1":"product","2":"type-product","3":"status-publish","4":"has-post-thumbnail","6":"product_cat-sculptures","7":"description-off","9":"first","10":"instock","11":"shipping-taxable","12":"product-type-simple"},"aioseo_notices":[],"_links":{"self":[{"href":"https:\/\/www.gabrielle-laroche.com\/fr\/wp-json\/wp\/v2\/product\/11140","targetHints":{"allow":["GET"]}}],"collection":[{"href":"https:\/\/www.gabrielle-laroche.com\/fr\/wp-json\/wp\/v2\/product"}],"about":[{"href":"https:\/\/www.gabrielle-laroche.com\/fr\/wp-json\/wp\/v2\/types\/product"}],"wp:featuredmedia":[{"embeddable":true,"href":"https:\/\/www.gabrielle-laroche.com\/fr\/wp-json\/wp\/v2\/media\/11141"}],"wp:attachment":[{"href":"https:\/\/www.gabrielle-laroche.com\/fr\/wp-json\/wp\/v2\/media?parent=11140"}],"wp:term":[{"taxonomy":"product_brand","embeddable":true,"href":"https:\/\/www.gabrielle-laroche.com\/fr\/wp-json\/wp\/v2\/product_brand?post=11140"},{"taxonomy":"product_cat","embeddable":true,"href":"https:\/\/www.gabrielle-laroche.com\/fr\/wp-json\/wp\/v2\/product_cat?post=11140"},{"taxonomy":"product_tag","embeddable":true,"href":"https:\/\/www.gabrielle-laroche.com\/fr\/wp-json\/wp\/v2\/product_tag?post=11140"}],"curies":[{"name":"wp","href":"https:\/\/api.w.org\/{rel}","templated":true}]}}