

{"id":11544,"date":"2025-06-19T16:49:04","date_gmt":"2025-06-19T14:49:04","guid":{"rendered":"https:\/\/www.gabrielle-laroche.com\/?post_type=product&#038;p=11544"},"modified":"2026-02-16T18:03:42","modified_gmt":"2026-02-16T17:03:42","slug":"gerda-rutters-portrait-masculin-a-lornement-folklorique","status":"publish","type":"product","link":"https:\/\/www.gabrielle-laroche.com\/fr\/product\/gerda-rutters-portrait-masculin-a-lornement-folklorique\/","title":{"rendered":"GERDA RUTTERS &#8211; Portrait Masculin \u00e0 l\u2019ornement folklorique"},"content":{"rendered":"<div class=\"wpb-content-wrapper\"><p>[vc_row][vc_column width=\u00a0\u00bb1\/2&Prime;][vc_column_text css=\u00a0\u00bb\u00a0\u00bb]\u00ab\u00a0Dans mon travail, un fort sens de la composition \u00e9merge dont les images tirent une allure distingu\u00e9e et monumentale. La sculpture grecque et romaine classique est une source d&rsquo;inspiration, tout comme l&rsquo;expressionnisme flamand. Les torses et les portraits sont d&rsquo;une grande expressivit\u00e9 et respirent une vivacit\u00e9 intemporelle.\u00a0\u00bb<\/p>\n<p>Gerda Rutters<\/p>\n<p>&nbsp;<\/p>\n<p>Elle est repr\u00e9sent\u00e9e au Mus\u00e9e CBK Zeeland, Bilan 17, 4331 BL Middelburg[\/vc_column_text][\/vc_column][vc_column width=\u00a0\u00bb1\/2&Prime;][\/vc_column][\/vc_row]<\/p>\n<\/div>","protected":false},"excerpt":{"rendered":"<p style=\"font-weight: 400;\"><strong>RUTTERS Gerda<\/strong><\/p>\n<p><b>N\u00e9e en 1946<\/b><\/p>\n<p style=\"font-weight: 400;\"><strong><em>\u00a0<\/em><\/strong><\/p>\n<p><strong><em>Portrait Masculin \u00e0 l\u2019ornement folklorique<span class=\"Apple-converted-space\">\u00a0<\/span><\/em><\/strong><\/p>\n<p>&nbsp;<\/p>\n<p>Date de cr\u00e9ation : XX\u00e8me si\u00e8cle<\/p>\n<p>Origine : Pays &#8211; Bas Vlissingen<\/p>\n<p>&nbsp;<\/p>\n<p>Technique \u00a0: Sculpture en bronze \u00e0 patine verte<\/p>\n<p style=\"font-weight: 400;\"><strong>\u00a0<\/strong><\/p>\n<p>Hauteur : 80 cm<\/p>\n<p>Largeur : 60 cm<\/p>\n<p>Profondeur<span style=\"font-weight: 400;\"> : <\/span><strong><span style=\"font-weight: 400;\">36 cm<\/span><\/strong><\/p>\n<p style=\"font-weight: 400;\"><strong>\u00a0<\/strong><\/p>\n[dt_button size=\"small\" style=\"default\" animation=\"none\" color_mode=\"default\" icon=\"\" icon_align=\"left\" color=\"\" link=\"mailto:gabrielle-laroche@wanadoo.fr?subject203_GERDA_RUTTERS_FR\" target_blank=\"true\"]DEMANDE D&rsquo;INFORMATIONS[\/dt_button]\n<p>&nbsp;<\/p>\n<p><a href=\"\/fr\/contemporains\/\">Retour aux contemporains<\/a><\/p>\n","protected":false},"featured_media":12641,"template":"","meta":[],"product_brand":[],"product_cat":[39],"product_tag":[],"class_list":{"0":"post-11544","1":"product","2":"type-product","3":"status-publish","4":"has-post-thumbnail","6":"product_cat-contemporain","7":"description-off","9":"first","10":"instock","11":"shipping-taxable","12":"product-type-simple"},"aioseo_notices":[],"_links":{"self":[{"href":"https:\/\/www.gabrielle-laroche.com\/fr\/wp-json\/wp\/v2\/product\/11544","targetHints":{"allow":["GET"]}}],"collection":[{"href":"https:\/\/www.gabrielle-laroche.com\/fr\/wp-json\/wp\/v2\/product"}],"about":[{"href":"https:\/\/www.gabrielle-laroche.com\/fr\/wp-json\/wp\/v2\/types\/product"}],"wp:featuredmedia":[{"embeddable":true,"href":"https:\/\/www.gabrielle-laroche.com\/fr\/wp-json\/wp\/v2\/media\/12641"}],"wp:attachment":[{"href":"https:\/\/www.gabrielle-laroche.com\/fr\/wp-json\/wp\/v2\/media?parent=11544"}],"wp:term":[{"taxonomy":"product_brand","embeddable":true,"href":"https:\/\/www.gabrielle-laroche.com\/fr\/wp-json\/wp\/v2\/product_brand?post=11544"},{"taxonomy":"product_cat","embeddable":true,"href":"https:\/\/www.gabrielle-laroche.com\/fr\/wp-json\/wp\/v2\/product_cat?post=11544"},{"taxonomy":"product_tag","embeddable":true,"href":"https:\/\/www.gabrielle-laroche.com\/fr\/wp-json\/wp\/v2\/product_tag?post=11544"}],"curies":[{"name":"wp","href":"https:\/\/api.w.org\/{rel}","templated":true}]}}