

{"id":11551,"date":"2021-12-09T15:16:12","date_gmt":"2021-12-09T14:16:12","guid":{"rendered":"https:\/\/www.gabrielle-laroche.com\/?post_type=product&#038;p=11551"},"modified":"2025-06-19T17:32:26","modified_gmt":"2025-06-19T15:32:26","slug":"anonyme-cavalier-sur-sa-monture-fantasmagorique","status":"publish","type":"product","link":"https:\/\/www.gabrielle-laroche.com\/fr\/product\/anonyme-cavalier-sur-sa-monture-fantasmagorique\/","title":{"rendered":"ANONYME &#8211; Cavalier sur sa monture fantasmagorique"},"content":{"rendered":"<p style=\"text-align: justify;\">Imposante sculpture en cuivre soud\u00e9, probablement r\u00e9alis\u00e9e par un ferronnier d&rsquo;art, repr\u00e9sentant un guerrier juch\u00e9 sur une monture fantastique. Le personnage, v\u00eatu d&rsquo;un costume \u00e9voquant une tenue traditionnelle ou une armure, adopte une posture majestueuse et autoritaire.<\/p>\n<p style=\"text-align: justify;\">Les traces de soudure, laiss\u00e9es volontairement visibles, soulignent le caract\u00e8re artisanal de l&rsquo;oeuvre et renforcent la texture brute et expressive<\/p>\n","protected":false},"excerpt":{"rendered":"<p><b>Anonyme<\/b><\/p>\n<p style=\"font-weight: 400;\"><strong><em>\u00a0<\/em><\/strong><\/p>\n<p><em><strong>Cavalier sur sa monture fantasmagorique<\/strong><\/em><\/p>\n<p><strong>Travail fran\u00e7ais du XX\u00e8me si\u00e8cle<\/strong><\/p>\n<p>&nbsp;<\/p>\n<p><strong>Date de cr\u00e9ation : <\/strong>Vers 1960-1970<\/p>\n<p>&nbsp;<\/p>\n<p><strong>Technique :<\/strong> Cuivre repouss\u00e9<\/p>\n<p><span class=\"Apple-converted-space\">\u00a0<\/span><\/p>\n<p>Hauteur : 104 cm<\/p>\n<p>Largeur : 120 cm<\/p>\n<p>Profondeur : 40 cm<\/p>\n<p style=\"font-weight: 400;\"><strong>\u00a0<\/strong><\/p>\n[dt_button size=\"small\" style=\"default\" animation=\"none\" color_mode=\"default\" icon=\"\" icon_align=\"left\" color=\"\" link=\"mailto:gabrielle-laroche@wanadoo.fr?subject13bis_Anonyme_Cavalier_fantasmagorique\" target_blank=\"true\"]DEMANDE D&rsquo;INFORMATIONS[\/dt_button]\n<p>&nbsp;<\/p>\n<p><a href=\"\/fr\/contemporains\/\">Retour aux contemporains<\/a><\/p>\n","protected":false},"featured_media":11553,"template":"","meta":[],"product_brand":[],"product_cat":[39],"product_tag":[],"class_list":{"0":"post-11551","1":"product","2":"type-product","3":"status-publish","4":"has-post-thumbnail","6":"product_cat-contemporain","7":"description-off","9":"first","10":"instock","11":"shipping-taxable","12":"product-type-simple"},"aioseo_notices":[],"_links":{"self":[{"href":"https:\/\/www.gabrielle-laroche.com\/fr\/wp-json\/wp\/v2\/product\/11551","targetHints":{"allow":["GET"]}}],"collection":[{"href":"https:\/\/www.gabrielle-laroche.com\/fr\/wp-json\/wp\/v2\/product"}],"about":[{"href":"https:\/\/www.gabrielle-laroche.com\/fr\/wp-json\/wp\/v2\/types\/product"}],"wp:featuredmedia":[{"embeddable":true,"href":"https:\/\/www.gabrielle-laroche.com\/fr\/wp-json\/wp\/v2\/media\/11553"}],"wp:attachment":[{"href":"https:\/\/www.gabrielle-laroche.com\/fr\/wp-json\/wp\/v2\/media?parent=11551"}],"wp:term":[{"taxonomy":"product_brand","embeddable":true,"href":"https:\/\/www.gabrielle-laroche.com\/fr\/wp-json\/wp\/v2\/product_brand?post=11551"},{"taxonomy":"product_cat","embeddable":true,"href":"https:\/\/www.gabrielle-laroche.com\/fr\/wp-json\/wp\/v2\/product_cat?post=11551"},{"taxonomy":"product_tag","embeddable":true,"href":"https:\/\/www.gabrielle-laroche.com\/fr\/wp-json\/wp\/v2\/product_tag?post=11551"}],"curies":[{"name":"wp","href":"https:\/\/api.w.org\/{rel}","templated":true}]}}