

{"id":1160,"date":"2021-04-06T12:00:30","date_gmt":"2021-04-06T10:00:30","guid":{"rendered":"http:\/\/mrplwpw.cluster030.hosting.ovh.net\/?post_type=product&#038;p=1160"},"modified":"2023-08-30T16:25:33","modified_gmt":"2023-08-30T14:25:33","slug":"belle-enfilade-italienne","status":"publish","type":"product","link":"https:\/\/www.gabrielle-laroche.com\/fr\/product\/belle-enfilade-italienne\/","title":{"rendered":"BELLE ENFILADE ITALIENNE"},"content":{"rendered":"<div class=\"wpb-content-wrapper\"><p>[vc_row][vc_column width=\u00a0\u00bb1\/2&Prime;][vc_column_text]<\/p>\n<p class=\"p1\" style=\"text-align: justify;\"><span class=\"s1\">Si l\u2019Italie n\u2019a pas connu le dressoir, elle a cr\u00e9\u00e9 un meuble d\u2019exposition sp\u00e9cifique, la credenza. A l\u2019origine simple table, elle se transforme en armoire basse. Elle joue un r\u00f4le de buffet dans les petites salles \u00e0 manger, \u00e0 la mode dans les classes ais\u00e9es d\u00e8s le <em>Quattrocento<\/em> ; ou celui de table de toilette, sur laquelle on pose aigui\u00e8re et bassin dans les chambres priv\u00e9es.<\/span><\/p>\n<p class=\"p1\" style=\"text-align: justify;\"><span class=\"s1\">Le corps de cette enfilade ouvre par quatre portes simplement moulur\u00e9es et repose sur une base logeant trois petits tiroirs et un pi\u00e9tement d\u00e9coup\u00e9 de volutes.<\/span><\/p>\n<p class=\"p1\" style=\"text-align: justify;\"><span class=\"s1\">Meuble d\u2019une grande sobri\u00e9t\u00e9, il tire son rythme et son d\u00e9cor de sa structure et de sa forme.<\/span><\/p>\n<p>[\/vc_column_text][\/vc_column][vc_column width=\u00a0\u00bb1\/2&Prime;][\/vc_column][\/vc_row]<\/p>\n<\/div>","protected":false},"excerpt":{"rendered":"<h4>BELLE ENFILADE ITALIENNE<\/h4>\n<p>&nbsp;<\/p>\n<p>ORIGINE : ITALIE DU NORD<br \/>\n\u00c9POQUE : XVIIe SI\u00c8CLE<\/p>\n<p>&nbsp;<\/p>\n<p>Hauteur : 106.5 cm<br \/>\nLongueur : 204 cm<br \/>\nProfondeur : 49 cm<\/p>\n<p>&nbsp;<\/p>\n<p>Bois de noyer clair<br \/>\nBon \u00e9tat de conservation<\/p>\n<p>&nbsp;<\/p>\n<p>&nbsp;<\/p>\n[dt_button size=\"small\" style=\"default\" animation=\"none\" color_mode=\"default\" icon=\"\" icon_align=\"left\" color=\"\" link=\"mailto:gabrielle-laroche@wanadoo.fr?subject=90_BELLE ENFILADE ITALIENNE\" target_blank=\"true\"]DEMANDE D&rsquo;INFORMATIONS[\/dt_button]\n<p>&nbsp;<\/p>\n<p><a href=\"\/fr\/antiquites\/mobilier\/meubles\/\">Retour aux meubles<\/a><\/p>\n","protected":false},"featured_media":4611,"template":"","meta":[],"product_brand":[],"product_cat":[17],"product_tag":[],"class_list":{"0":"post-1160","1":"product","2":"type-product","3":"status-publish","4":"has-post-thumbnail","6":"product_cat-uncategorized","7":"description-off","9":"first","10":"instock","11":"shipping-taxable","12":"product-type-simple"},"aioseo_notices":[],"_links":{"self":[{"href":"https:\/\/www.gabrielle-laroche.com\/fr\/wp-json\/wp\/v2\/product\/1160","targetHints":{"allow":["GET"]}}],"collection":[{"href":"https:\/\/www.gabrielle-laroche.com\/fr\/wp-json\/wp\/v2\/product"}],"about":[{"href":"https:\/\/www.gabrielle-laroche.com\/fr\/wp-json\/wp\/v2\/types\/product"}],"wp:featuredmedia":[{"embeddable":true,"href":"https:\/\/www.gabrielle-laroche.com\/fr\/wp-json\/wp\/v2\/media\/4611"}],"wp:attachment":[{"href":"https:\/\/www.gabrielle-laroche.com\/fr\/wp-json\/wp\/v2\/media?parent=1160"}],"wp:term":[{"taxonomy":"product_brand","embeddable":true,"href":"https:\/\/www.gabrielle-laroche.com\/fr\/wp-json\/wp\/v2\/product_brand?post=1160"},{"taxonomy":"product_cat","embeddable":true,"href":"https:\/\/www.gabrielle-laroche.com\/fr\/wp-json\/wp\/v2\/product_cat?post=1160"},{"taxonomy":"product_tag","embeddable":true,"href":"https:\/\/www.gabrielle-laroche.com\/fr\/wp-json\/wp\/v2\/product_tag?post=1160"}],"curies":[{"name":"wp","href":"https:\/\/api.w.org\/{rel}","templated":true}]}}