

{"id":11667,"date":"1990-01-01T12:00:25","date_gmt":"1990-01-01T11:00:25","guid":{"rendered":"https:\/\/www.gabrielle-laroche.com\/?post_type=product&#038;p=11667"},"modified":"2025-07-01T18:32:45","modified_gmt":"2025-07-01T16:32:45","slug":"rare-cabinet-medieval-de-tresorier-depoque-gothique","status":"publish","type":"product","link":"https:\/\/www.gabrielle-laroche.com\/fr\/product\/rare-cabinet-medieval-de-tresorier-depoque-gothique\/","title":{"rendered":"RARE CABINET M\u00c9DI\u00c9VAL DE TR\u00c9SORIER D\u2019\u00c9POQUE GOTHIQUE"},"content":{"rendered":"<div class=\"wpb-content-wrapper\"><p>[vc_row][vc_column width=\u00a0\u00bb1\/2&Prime;][vc_column_text css=\u00a0\u00bb\u00a0\u00bb]<\/p>\n<p style=\"text-align: justify;\">Cet important meuble de tr\u00e9sorier d\u2019\u00e9poque Gothique \u00e0 un seul corps, repose sur deux patins \u00e0 griffes.<\/p>\n<p style=\"text-align: justify;\">Il est form\u00e9 d\u2019\u00e9pais et longs ais de ch\u00eane vein\u00e9 dont les montants assembl\u00e9s \u00e0 joints vifs sont chevill\u00e9s \u00e0 tenons et mortaises, ce qui lui assure une solidit\u00e9 certaine.<span class=\"Apple-converted-space\">\u00a0<\/span><\/p>\n<p style=\"text-align: justify;\">La structure rigoureuse est renforc\u00e9e par un r\u00e9seau de larges pentures en fer forg\u00e9. Si ces \u00e9l\u00e9ments assurent la solidit\u00e9 du meuble, sem\u00e9s de clous, ils constituent \u00e9galement son ornementation.\u00a0 Les deux serrures sont richement travaill\u00e9es et pr\u00e9sentent des motifs d\u00e9coup\u00e9s. En face, deux beaux anneaux de fer en prises de porte.<span class=\"Apple-converted-space\">\u00a0<\/span><\/p>\n<p style=\"text-align: justify;\">Ce cabinet pr\u00e9sente ainsi quatre vantaux.<span class=\"Apple-converted-space\">\u00a0<\/span><\/p>\n<p style=\"text-align: justify;\">Une fois ouverts, la partie sup\u00e9rieure ouvre sur la gauche, par deux petites portes ferm\u00e9es \u00e0 cl\u00e9 \u2013 qui ont gard\u00e9 leur cl\u00e9 et serrure d\u2019origine\u00a0; une \u00e9tag\u00e8re et deux petites tablettes \u00e0 droite.<\/p>\n<p style=\"text-align: justify;\">La partie inf\u00e9rieure ouvre sur une grande \u00e9tag\u00e8re.\u00a0<span class=\"Apple-converted-space\">\u00a0<\/span><\/p>\n<p style=\"text-align: justify;\">Sous la corniche moulur\u00e9e, une belle frise cr\u00e9nel\u00e9e orne le devant du meuble.<\/p>\n<p style=\"text-align: justify;\">Ainsi ce cabinet a tout de m\u00e9di\u00e9val. Sa structure reprend les proc\u00e9d\u00e9s de fabrication utilis\u00e9s au cours du Haut Moyen-\u00c2ge, tout comme le riche travail de ferronnerie.\u00a0 Les pentures articulant les vantaux, les prises de porte ainsi que les serrures typiquement gothiques sont grandement et sobrement orn\u00e9es et ouvrag\u00e9es.\u00a0<span class=\"Apple-converted-space\">\u00a0<\/span><\/p>\n<p>[\/vc_column_text][\/vc_column][vc_column width=\u00a0\u00bb1\/2&Prime;][\/vc_column][\/vc_row]<\/p>\n<\/div>","protected":false},"excerpt":{"rendered":"<h4>RARE CABINET M\u00c9DI\u00c9VAL DE TR\u00c9SORIER D\u2019\u00c9POQUE GOTHIQUE<\/h4>\n<p>&nbsp;<\/p>\n<p>ORIGINE\u00a0: ALLEMAGNE<\/p>\n<p>EPOQUE\u00a0: FIN DU XV\u00c8ME SI\u00c8CLE<\/p>\n<p>&nbsp;<\/p>\n<p>Hauteur\u00a0: 163 cm<\/p>\n<p>Largeur : 132 cm<\/p>\n<p>Profondeur\u00a0: 50 cm<\/p>\n<p>&nbsp;<\/p>\n<p>Bois de ch\u00eane<span class=\"Apple-converted-space\">\u00a0<\/span><\/p>\n<p>Ferrures et serrures en fer forg\u00e9 d\u2019origine<span class=\"Apple-converted-space\">\u00a0<\/span><\/p>\n<p>Cl\u00e9s d\u2019origine<\/p>\n<p>&nbsp;<\/p>\n<p>&nbsp;<\/p>\n[dt_button size=\"small\" style=\"default\" animation=\"none\" color_mode=\"default\" icon=\"\" icon_align=\"left\" color=\"\" link=\"mailto:gabrielle-laroche@wanadoo.fr?subject=381_RARE_CABINET_M\u00c9DI\u00c9VAL_DE_TR\u00c9SORIER_GOTHIQUE\" target_blank=\"true\"]DEMANDE D&rsquo;INFORMATIONS[\/dt_button]\n<p>&nbsp;<\/p>\n<p><a href=\"\/fr\/antiquites\/mobilier\/meubles\/\">Retour aux meubles<\/a><\/p>\n","protected":false},"featured_media":11668,"template":"","meta":[],"product_brand":[],"product_cat":[18],"product_tag":[],"class_list":{"0":"post-11667","1":"product","2":"type-product","3":"status-publish","4":"has-post-thumbnail","6":"product_cat-meubles","7":"description-off","9":"first","10":"instock","11":"shipping-taxable","12":"product-type-simple"},"aioseo_notices":[],"_links":{"self":[{"href":"https:\/\/www.gabrielle-laroche.com\/fr\/wp-json\/wp\/v2\/product\/11667","targetHints":{"allow":["GET"]}}],"collection":[{"href":"https:\/\/www.gabrielle-laroche.com\/fr\/wp-json\/wp\/v2\/product"}],"about":[{"href":"https:\/\/www.gabrielle-laroche.com\/fr\/wp-json\/wp\/v2\/types\/product"}],"wp:featuredmedia":[{"embeddable":true,"href":"https:\/\/www.gabrielle-laroche.com\/fr\/wp-json\/wp\/v2\/media\/11668"}],"wp:attachment":[{"href":"https:\/\/www.gabrielle-laroche.com\/fr\/wp-json\/wp\/v2\/media?parent=11667"}],"wp:term":[{"taxonomy":"product_brand","embeddable":true,"href":"https:\/\/www.gabrielle-laroche.com\/fr\/wp-json\/wp\/v2\/product_brand?post=11667"},{"taxonomy":"product_cat","embeddable":true,"href":"https:\/\/www.gabrielle-laroche.com\/fr\/wp-json\/wp\/v2\/product_cat?post=11667"},{"taxonomy":"product_tag","embeddable":true,"href":"https:\/\/www.gabrielle-laroche.com\/fr\/wp-json\/wp\/v2\/product_tag?post=11667"}],"curies":[{"name":"wp","href":"https:\/\/api.w.org\/{rel}","templated":true}]}}