

{"id":11735,"date":"2025-09-03T14:37:17","date_gmt":"2025-09-03T12:37:17","guid":{"rendered":"https:\/\/www.gabrielle-laroche.com\/?post_type=product&#038;p=11735"},"modified":"2025-09-03T14:53:01","modified_gmt":"2025-09-03T12:53:01","slug":"rare-cabinet-de-la-renaissance-lyonnaise-sculpte-de-perspectives-en-trompe-loeil","status":"publish","type":"product","link":"https:\/\/www.gabrielle-laroche.com\/fr\/product\/rare-cabinet-de-la-renaissance-lyonnaise-sculpte-de-perspectives-en-trompe-loeil\/","title":{"rendered":"RARE CABINET DE LA RENAISSANCE LYONNAISE SCULPT\u00c9 DE PERSPECTIVES EN TROMPE-L\u2019OEIL"},"content":{"rendered":"<div class=\"wpb-content-wrapper\"><p>[vc_row][vc_column width=\u00a0\u00bb1\/2&Prime;][vc_column_text]<\/p>\n<p style=\"text-align: justify;\">Ce cabinet qui s\u2019\u00e9l\u00e8ve sur une base moulur\u00e9e, s\u2019illustre tout d\u2019abord par sa structure particuli\u00e8rement architectur\u00e9e. D\u2019\u00e9l\u00e9gants pilastres cannel\u00e9s en rythment ainsi la fa\u00e7ade encadrant les vantaux des corps inf\u00e9rieurs et sup\u00e9rieurs. Sur les panneaux, cern\u00e9s d\u2019un cadre orn\u00e9 de palmettes, a \u00e9t\u00e9 sculpt\u00e9 un d\u00e9cor de perspectives d\u2019architecture feinte compos\u00e9e d\u2019un portique dont l\u2019intrados de la voute est divis\u00e9 en caissons. Les panneaux des quatre vantaux re\u00e7oivent une ornementation similaire.<span class=\"Apple-converted-space\">\u00a0<\/span><\/p>\n<p style=\"text-align: justify;\">En ceinture, un tiroir est dissimul\u00e9 derri\u00e8re de vigoureux godrons.<span class=\"Apple-converted-space\">\u00a0<\/span><\/p>\n<p style=\"text-align: justify;\">Enfin, le meuble est couronn\u00e9 d\u2019une corniche peu d\u00e9bordante dont l\u2019entablement est d\u00e9cor\u00e9 de palmettes.<span class=\"Apple-converted-space\">\u00a0<\/span><\/p>\n<p style=\"text-align: justify;\">L\u2019importance accord\u00e9e \u00e0 l\u2019architecture tant dans la structure de ce cabinet que dans l\u2019ornementation de ses panneaux illustre l\u2019int\u00e9r\u00eat de ses contemporains pour la red\u00e9couverte des normes antiques. Les huchiers furent en effet particuli\u00e8rement sensibles \u00e0 ces nouveaut\u00e9s et n\u2019h\u00e9sit\u00e8rent pas \u00e0 les r\u00e9interpr\u00e9ter pour en parer leur plus belles r\u00e9alisations.<\/p>\n<p style=\"text-align: justify;\">Lyon, alors carrefour commercial de l\u2019Europe se situait au coeur des influences artistiques. Les mod\u00e8les venus d\u2019Italie y trouv\u00e8rent ainsi un \u00e9cho particulier.<span class=\"Apple-converted-space\">\u00a0<\/span><\/p>\n<p style=\"text-align: justify;\">Ce tr\u00e8s beau cabinet r\u00e9v\u00e8le ce go\u00fbt pour la renaissance italienne autant que la grande ma\u00eetrise des ateliers lyonnais qui sont \u00e0 l\u2019origine de sa r\u00e9alisation.<span class=\"Apple-converted-space\">\u00a0<\/span><\/p>\n<p style=\"text-align: justify;\">La patine, la qualit\u00e9 d\u2019ex\u00e9cution et l\u2019originalit\u00e9 du d\u00e9cor font de ce Cabinet \u00e0 perspectives un beau document de la Renaissance Lyonnaise.<\/p>\n<p>[\/vc_column_text][\/vc_column][vc_column width=\u00a0\u00bb1\/2&Prime;][\/vc_column][\/vc_row]<\/p>\n<\/div>","protected":false},"excerpt":{"rendered":"<h4>RARE CABINET DE LA RENAISSANCE LYONNAISE SCULPT\u00c9 DE PERSPECTIVES EN TROMPE-L\u2019OEIL<\/h4>\n<p>&nbsp;<\/p>\n<p>ORIGINE : FRANCE, LYON<\/p>\n<p>\u00c9POQUE : XVIe SI\u00c8CLE<\/p>\n<p>&nbsp;<\/p>\n<p>Hauteur : 184 cm<\/p>\n<p>Largeur : 89 cm<\/p>\n<p>Profondeur : 48,5 cm<\/p>\n<p>&nbsp;<\/p>\n<p>Bois de noyer<\/p>\n<p>Restaurations d\u2019usage et d\u2019entretien<\/p>\n<p>&nbsp;<\/p>\n<p>&nbsp;<\/p>\n[dt_button size=\"small\" style=\"default\" animation=\"none\" color_mode=\"default\" icon=\"\" icon_align=\"left\" color=\"\" link=\"mailto:gabrielle-laroche@wanadoo.fr?subject=90_<\/p>\n<p>RARE CABINET DE LA RENAISSANCE LYONNAISE SCULPT\u00c9 DE PERSPECTIVES EN TROMPE-L\u2019OEIL\" target_blank=\"true\"]DEMANDE D&rsquo;INFORMATIONS[\/dt_button]\n<p>&nbsp;<\/p>\n<p>&nbsp;<\/p>\n<p><a href=\"\/fr\/antiquites\/mobilier\/meubles\/\">Retour aux meubles<\/a><\/p>\n","protected":false},"featured_media":11736,"template":"","meta":[],"product_brand":[],"product_cat":[18],"product_tag":[],"class_list":{"0":"post-11735","1":"product","2":"type-product","3":"status-publish","4":"has-post-thumbnail","6":"product_cat-meubles","7":"description-off","9":"first","10":"instock","11":"shipping-taxable","12":"product-type-simple"},"aioseo_notices":[],"_links":{"self":[{"href":"https:\/\/www.gabrielle-laroche.com\/fr\/wp-json\/wp\/v2\/product\/11735","targetHints":{"allow":["GET"]}}],"collection":[{"href":"https:\/\/www.gabrielle-laroche.com\/fr\/wp-json\/wp\/v2\/product"}],"about":[{"href":"https:\/\/www.gabrielle-laroche.com\/fr\/wp-json\/wp\/v2\/types\/product"}],"wp:featuredmedia":[{"embeddable":true,"href":"https:\/\/www.gabrielle-laroche.com\/fr\/wp-json\/wp\/v2\/media\/11736"}],"wp:attachment":[{"href":"https:\/\/www.gabrielle-laroche.com\/fr\/wp-json\/wp\/v2\/media?parent=11735"}],"wp:term":[{"taxonomy":"product_brand","embeddable":true,"href":"https:\/\/www.gabrielle-laroche.com\/fr\/wp-json\/wp\/v2\/product_brand?post=11735"},{"taxonomy":"product_cat","embeddable":true,"href":"https:\/\/www.gabrielle-laroche.com\/fr\/wp-json\/wp\/v2\/product_cat?post=11735"},{"taxonomy":"product_tag","embeddable":true,"href":"https:\/\/www.gabrielle-laroche.com\/fr\/wp-json\/wp\/v2\/product_tag?post=11735"}],"curies":[{"name":"wp","href":"https:\/\/api.w.org\/{rel}","templated":true}]}}