

{"id":11837,"date":"2025-09-10T13:03:25","date_gmt":"2025-09-10T11:03:25","guid":{"rendered":"https:\/\/www.gabrielle-laroche.com\/?post_type=product&#038;p=11837"},"modified":"2025-10-06T16:41:17","modified_gmt":"2025-10-06T14:41:17","slug":"sobre-et-elegante-table-de-monastere","status":"publish","type":"product","link":"https:\/\/www.gabrielle-laroche.com\/fr\/product\/sobre-et-elegante-table-de-monastere\/","title":{"rendered":"SOBRE ET ELEGANTE TABLE DE MONAST\u00c8RE"},"content":{"rendered":"<div class=\"wpb-content-wrapper\"><p>[vc_row][vc_column width=\u00a0\u00bb1\/2&Prime;][vc_column_text css=\u00a0\u00bb\u00a0\u00bb]<\/p>\n<p style=\"text-align: justify;\">La table a d\u2019abord \u00e9t\u00e9 un meuble \u00e0 supports mobiles, facile \u00e0 construire et \u00e0 d\u00e9monter. La plupart des tables des XV\u00e8me et XVI\u00e8me si\u00e8cles, sont construites selon le principe des cartibula romains c\u2019est \u00e0 dire que leur plateau repose sur deux larges supports extr\u00eames r\u00e9unis par une entretoise.<\/p>\n<p style=\"text-align: justify;\">Ici, trois \u00e9ventails d\u00e9coup\u00e9s constituent le pi\u00e8tement. Ils sont reli\u00e9s entre eux par une entretoise particuli\u00e8rement basse. Les trois supports se terminent en patins.<\/p>\n<p style=\"text-align: justify;\">Le plateau repose directement sur le pi\u00e8tement. Long et \u00e9troit, il permet d\u2019accueillir de nombreux convives.<span class=\"Apple-converted-space\">\u00a0<\/span><\/p>\n<p style=\"text-align: justify;\">Les formes pures et sobres de cette table lui conf\u00e8rent une grande \u00e9l\u00e9gance.<span class=\"Apple-converted-space\">\u00a0<\/span><\/p>\n<p>[\/vc_column_text][\/vc_column][vc_column width=\u00a0\u00bb1\/2&Prime;][\/vc_column][\/vc_row]<\/p>\n<\/div>","protected":false},"excerpt":{"rendered":"<h4>SOBRE ET ELEGANTE TABLE DE MONAST\u00c8RE<span class=\"Apple-converted-space\">\u00a0<\/span><\/h4>\n<p>&nbsp;<\/p>\n<p>ORIGINE : ITALIE, TOSCANE, FLORENCE<\/p>\n<p>\u00c9POQUE\u00a0: FIN XVe &#8211; D\u00c9BUT XVIe SI\u00c8CLE<\/p>\n<p>&nbsp;<\/p>\n<p>Hauteur\u00a0: 78 cm<\/p>\n<p>Longueur\u00a0:\u00a0307 cm<\/p>\n<p>Profondeur\u00a0:\u00a074 cm<\/p>\n<p>&nbsp;<\/p>\n<p>Bois de noyer<\/p>\n<p>&nbsp;<\/p>\n<p>&nbsp;<\/p>\n[dt_button size=\"small\" style=\"default\" animation=\"none\" color_mode=\"default\" icon=\"\" icon_align=\"left\" color=\"\" link=\"mailto:gabrielle-laroche@wanadoo.fr?subject=288_SOBRE_ET_ELEGANTE-TABLE_DE_MONASTERE\" target_blank=\"true\"]DEMANDE D&rsquo;INFORMATIONS[\/dt_button]\n<p>&nbsp;<\/p>\n<p><a href=\"\/fr\/antiquites\/mobilier\/tables\/\">Retour aux tables<\/a><\/p>\n","protected":false},"featured_media":11838,"template":"","meta":[],"product_brand":[],"product_cat":[17],"product_tag":[],"class_list":{"0":"post-11837","1":"product","2":"type-product","3":"status-publish","4":"has-post-thumbnail","6":"product_cat-uncategorized","7":"description-off","9":"first","10":"instock","11":"shipping-taxable","12":"product-type-simple"},"aioseo_notices":[],"_links":{"self":[{"href":"https:\/\/www.gabrielle-laroche.com\/fr\/wp-json\/wp\/v2\/product\/11837","targetHints":{"allow":["GET"]}}],"collection":[{"href":"https:\/\/www.gabrielle-laroche.com\/fr\/wp-json\/wp\/v2\/product"}],"about":[{"href":"https:\/\/www.gabrielle-laroche.com\/fr\/wp-json\/wp\/v2\/types\/product"}],"wp:featuredmedia":[{"embeddable":true,"href":"https:\/\/www.gabrielle-laroche.com\/fr\/wp-json\/wp\/v2\/media\/11838"}],"wp:attachment":[{"href":"https:\/\/www.gabrielle-laroche.com\/fr\/wp-json\/wp\/v2\/media?parent=11837"}],"wp:term":[{"taxonomy":"product_brand","embeddable":true,"href":"https:\/\/www.gabrielle-laroche.com\/fr\/wp-json\/wp\/v2\/product_brand?post=11837"},{"taxonomy":"product_cat","embeddable":true,"href":"https:\/\/www.gabrielle-laroche.com\/fr\/wp-json\/wp\/v2\/product_cat?post=11837"},{"taxonomy":"product_tag","embeddable":true,"href":"https:\/\/www.gabrielle-laroche.com\/fr\/wp-json\/wp\/v2\/product_tag?post=11837"}],"curies":[{"name":"wp","href":"https:\/\/api.w.org\/{rel}","templated":true}]}}