

{"id":12000,"date":"2025-10-30T14:12:42","date_gmt":"2025-10-30T13:12:42","guid":{"rendered":"https:\/\/www.gabrielle-laroche.com\/?post_type=product&#038;p=12000"},"modified":"2025-12-31T14:11:20","modified_gmt":"2025-12-31T13:11:20","slug":"sainte-femme-burgondo-champenoise-en-pierre-calcaire","status":"publish","type":"product","link":"https:\/\/www.gabrielle-laroche.com\/fr\/product\/sainte-femme-burgondo-champenoise-en-pierre-calcaire\/","title":{"rendered":"SAINTE FEMME BURGONDO-CHAMPENOISE EN PIERRE CALCAIRE"},"content":{"rendered":"<div class=\"wpb-content-wrapper\"><p>[vc_row][vc_column width=\u00a0\u00bb1\/2&Prime;][vc_column_text css=\u00a0\u00bb\u00a0\u00bb]<\/p>\n<p style=\"text-align: justify;\">Cette belle sculpture taill\u00e9e dans une pierre calcaire au grain fin garde encore des traces de sa polychromie d\u2019origine.<span class=\"Apple-converted-space\">\u00a0<\/span><\/p>\n<p style=\"text-align: justify;\">Positionn\u00e9e debout, la Sainte femme tient la palme du martyre de sa main droite et le Livre aux Saintes \u00c9critures, de la gauche. Nous pouvons d\u00e9j\u00e0 appr\u00e9cier l\u2019\u00e9l\u00e9gance et la finesse des mains si f\u00e9minines aux doigts allong\u00e9s, d\u00e9taill\u00e9s jusqu\u2019aux ongles finement d\u00e9voil\u00e9s. L\u2019\u00e9pais Livre Saint, pr\u00e9sent\u00e9 ouvert, est d\u00e9taill\u00e9 dans ses multiples feuillets, offrant au regard des r\u00e9miniscences des \u00e9critures encore pr\u00e9sentes.<\/p>\n<p style=\"text-align: justify;\">La jeune femme est coiff\u00e9e d\u2019un large turban pliss\u00e9 et orn\u00e9 d\u2019une fibule, qui laisse apparaitre sa belle chevelure aux boucles ondul\u00e9es parfaitement dessin\u00e9es.<span class=\"Apple-converted-space\">\u00a0<\/span><\/p>\n<p style=\"text-align: justify;\">La Sainte avec ses yeux baiss\u00e9s engage un regard lointain et m\u00e9ditatif. Son beau visage serein et aux traits juv\u00e9niles est marqu\u00e9 par une sinc\u00e8re spiritualit\u00e9. Le sculpteur souligne ainsi sa grande pi\u00e9t\u00e9. Le front bomb\u00e9 et d\u00e9gag\u00e9 ainsi que les yeux l\u00e9g\u00e8rement effil\u00e9s vers les tempes sont des traits tout \u00e0 fait caract\u00e9ristiques de la sculpture champenoise du XV\u00e8me si\u00e8cle.<span class=\"Apple-converted-space\">\u00a0<\/span><\/p>\n<p style=\"text-align: justify;\">Elle est v\u00eatue d\u2019une robe verte au d\u00e9collet\u00e9 carr\u00e9, laissant appara\u00eetre sa chemise rouge. Une fine ceinture enserre sa taille, et un large manteau bleu recouvre ses \u00e9paules tombantes dont un pan revient sur son bras droit. L\u2019\u00e9toffe \u00e9paisse \u00e0 la plicature du pliss\u00e9 bien prononc\u00e9e, rappelle elle, la sculpture bourguignonne.<\/p>\n<p style=\"text-align: justify;\">Cette \u0153uvre pleine de douceur et de d\u00e9licatesse est particuli\u00e8rement bien conserv\u00e9e. Elle est digne du ciseau d\u2019un grand ma\u00eetre qui a su transmettre la gr\u00e2ce et la pl\u00e9nitude intrins\u00e8que de la Sainte.<\/p>\n<p>[\/vc_column_text][vc_empty_space][\/vc_column][vc_column width=\u00a0\u00bb1\/2&Prime;][vc_empty_space][\/vc_column][\/vc_row]<\/p>\n<\/div>","protected":false},"excerpt":{"rendered":"<h4>SAINTE FEMME BURGONDO-CHAMPENOISE EN PIERRE CALCAIRE<span class=\"Apple-converted-space\">\u00a0<\/span><\/h4>\n<p>&nbsp;<\/p>\n<p>ORIGINE\u00a0: FRANCE, CHAMPAGNE<\/p>\n<p>EPOQUE\u00a0: XV\u00e8me SI\u00c8CLE<\/p>\n<p>&nbsp;<\/p>\n<p>Hauteur\u00a0: 54 cm<\/p>\n<p>Largeur : 22 cm<\/p>\n<p>Profondeur\u00a0: 15 cm<\/p>\n<p>&nbsp;<\/p>\n<p>Pierre calcaire \u00e0 grain fin<\/p>\n<p>Bons restes de polychromie d\u2019origine<\/p>\n<p>Tr\u00e8s bon \u00e9tat de conservation<\/p>\n<p>&nbsp;<\/p>\n<p>&nbsp;<\/p>\n[dt_button size=\"small\" style=\"default\" animation=\"none\" color_mode=\"default\" icon=\"\" icon_align=\"left\" color=\"\" link=\"mailto:gabrielle-laroche@wanadoo.fr?subject=341_SAINTE_FEMME_BURGONDO-CHAMPENOISE_EN_PIERRE_CALCAIRE\" target_blank=\"true\"]DEMANDE D&rsquo;INFORMATIONS[\/dt_button]\n<p>&nbsp;<\/p>\n<p><a href=\"\/fr\/antiquites\/sculpture\/\">Retour aux sculptures<\/a><\/p>\n<p>&nbsp;<\/p>\n","protected":false},"featured_media":12001,"template":"","meta":[],"product_brand":[],"product_cat":[32],"product_tag":[],"class_list":{"0":"post-12000","1":"product","2":"type-product","3":"status-publish","4":"has-post-thumbnail","6":"product_cat-sculptures","7":"description-off","9":"first","10":"instock","11":"shipping-taxable","12":"product-type-simple"},"aioseo_notices":[],"_links":{"self":[{"href":"https:\/\/www.gabrielle-laroche.com\/fr\/wp-json\/wp\/v2\/product\/12000","targetHints":{"allow":["GET"]}}],"collection":[{"href":"https:\/\/www.gabrielle-laroche.com\/fr\/wp-json\/wp\/v2\/product"}],"about":[{"href":"https:\/\/www.gabrielle-laroche.com\/fr\/wp-json\/wp\/v2\/types\/product"}],"wp:featuredmedia":[{"embeddable":true,"href":"https:\/\/www.gabrielle-laroche.com\/fr\/wp-json\/wp\/v2\/media\/12001"}],"wp:attachment":[{"href":"https:\/\/www.gabrielle-laroche.com\/fr\/wp-json\/wp\/v2\/media?parent=12000"}],"wp:term":[{"taxonomy":"product_brand","embeddable":true,"href":"https:\/\/www.gabrielle-laroche.com\/fr\/wp-json\/wp\/v2\/product_brand?post=12000"},{"taxonomy":"product_cat","embeddable":true,"href":"https:\/\/www.gabrielle-laroche.com\/fr\/wp-json\/wp\/v2\/product_cat?post=12000"},{"taxonomy":"product_tag","embeddable":true,"href":"https:\/\/www.gabrielle-laroche.com\/fr\/wp-json\/wp\/v2\/product_tag?post=12000"}],"curies":[{"name":"wp","href":"https:\/\/api.w.org\/{rel}","templated":true}]}}