

{"id":12018,"date":"2025-10-30T14:38:16","date_gmt":"2025-10-30T13:38:16","guid":{"rendered":"https:\/\/www.gabrielle-laroche.com\/?post_type=product&#038;p=12018"},"modified":"2025-12-31T13:56:22","modified_gmt":"2025-12-31T12:56:22","slug":"vierge-a-lenfant-lorraine-du-xiveme-siecle-en-pierre-calcaire","status":"publish","type":"product","link":"https:\/\/www.gabrielle-laroche.com\/fr\/product\/vierge-a-lenfant-lorraine-du-xiveme-siecle-en-pierre-calcaire\/","title":{"rendered":"VIERGE \u00c0 L\u2019ENFANT LORRAINE DU XIV\u00e8me SI\u00c8CLE EN PIERRE CALCAIRE"},"content":{"rendered":"<div class=\"wpb-content-wrapper\"><p>[vc_row][vc_column width=\u00a0\u00bb1\/2&Prime;][vc_column_text css=\u00a0\u00bb\u00a0\u00bb]<\/p>\n<p style=\"text-align: justify;\">Historique<\/p>\n<p style=\"text-align: justify;\">Compris entre la vall\u00e9e de la Moselle et celle de la Meuse, entre les Vosges au sud et le duch\u00e9 du Luxembourg au nord, le duch\u00e9 de Lorraine est le fruit de plusieurs partages. Ce fut d&rsquo;abord, au IXe si\u00e8cle, le partage de l&rsquo;Empire carolingien au cours duquel Lothaire Ier h\u00e9rita de la Lotharingie. Ensuite, ce territoire fut \u00e0 son tour divis\u00e9 en deux en 959 : la Basse et la Haute-Lotharingie, cette derni\u00e8re portant en germe le futur duch\u00e9 de Lorraine. Ce duch\u00e9 d\u00e9pendit du Saint-Empire romain germanique jusqu&rsquo;en 1736, date \u00e0 laquelle il fut rattach\u00e9 au royaume de France.<\/p>\n<p style=\"text-align: justify;\">N\u00e9anmoins, tout au long de son histoire, le duch\u00e9 de Lorraine se trouva au centre d&rsquo;intenses conflits. Les alliances, les querelles qui marqu\u00e8rent les \u00e9poques se firent \u00e9galement sentir en Lorraine, o\u00f9 l&rsquo;instabilit\u00e9 r\u00e9gna parfois.<\/p>\n<p style=\"text-align: justify;\">Par sa position g\u00e9ographique, le duch\u00e9 de Lorraine appara\u00eet \u00e9galement comme un carrefour d&rsquo;influences artistiques.<\/p>\n<p style=\"text-align: justify;\">Cela lui permit d\u00e8s la fin du XIlle si\u00e8cle de devenir un important centre artistique o\u00f9 se d\u00e9veloppa un type particulier de Vierge \u00e0 l&rsquo;Enfant. D&rsquo;apr\u00e8s le Professeur Schmoll, les caract\u00e9ristiques de cette sculpture lorraine apparaissent vers 1280-1300 dans la sculpture de l&rsquo;Aube. Elle pr\u00e9sente alors \u00ab des volumes vigoureux, des mouvements retenus, des gestes rares mais solennels, et une expression s\u00e9v\u00e8re fortement int\u00e9rioris\u00e9e \u00bb. Ces Vierges pr\u00e9sentent une physionomie proche, avec un front large, un visage en \u00e9cu ou \u00e0 l&rsquo;ovale plein, un cou large, des l\u00e8vres menues et une fossette au menton.<\/p>\n<p style=\"text-align: justify;\">Description<\/p>\n<p style=\"text-align: justify;\">De dimension appr\u00e9ciable et vigoureuse dans sa posture, cette belle Vierge Lorraine du XIV\u00e8me si\u00e8cle est sculpt\u00e9e en ronde-bosse dans un calcaire dur.<\/p>\n<p style=\"text-align: justify;\">Debout, la pose hanch\u00e9e de la Vierge est bien exprim\u00e9e et motiv\u00e9e par le poids de l\u2019Enfant qu\u2019elle porte de mani\u00e8re naturelle sur son c\u00f4t\u00e9 gauche. Le genoux droit fl\u00e9chi, elle a son pied qui apparait sous la fron\u00e7ure de sa robe. Le port majestueux de cette statue est accentu\u00e9 par le mouvement de la draperie de ses v\u00eatements.<span class=\"Apple-converted-space\">\u00a0<\/span><\/p>\n<p style=\"text-align: justify;\">L\u2019enfant porte une tunique longue, boutonn\u00e9e au col, et qui laisse appara\u00eetre son petit pied. Il tient dans ses mains un livre ouvert, et amorce un sourire dans une pl\u00e9nitude vive et enfantine.<span class=\"Apple-converted-space\">\u00a0<\/span><\/p>\n<p style=\"text-align: justify;\">Le beau visage juv\u00e9nile de la Vierge, aux formes pleines, pr\u00e9sente les caract\u00e9ristiques des Vierges Lorraines, \u00e0 savoir des yeux effil\u00e9s vers les tempes, un nez droit, et une bouche aux l\u00e8vres fines. \u00a0Elle garde un regard lointain si embl\u00e9matique des Vierges du XIV\u00e8me si\u00e8cle. De sa main droite, elle tient une fleur Simple- une grande fleur d\u2019\u00e9glantier, la rosa mystica, particuli\u00e8rement populaire en Lorraine comme attribut de la Vierge Marie et de l\u2019enfant J\u00e9sus.<span class=\"Apple-converted-space\">\u00a0<\/span><\/p>\n<p style=\"text-align: justify;\">Sa t\u00eate est ceinte d\u2019une couronne, pos\u00e9e sur sa longue chevelure qui encadre son visage et tombe en longues m\u00e8ches ondul\u00e9es sur sa poitrine.<span class=\"Apple-converted-space\">\u00a0<\/span><\/p>\n<p style=\"text-align: justify;\">Elle est v\u00eatue d&rsquo;un long manteau tombant dans le dos en larges et profonds plis, et revenant sur le devant en tablier dans un beau pliss\u00e9 ample et souple. \u00a0Celui-ci couvre une robe \u00e0 simple encolure, dont de longs et fins plis serr\u00e9s, bien affirm\u00e9s, retombent jusqu\u2019aux pieds.<\/p>\n<p style=\"text-align: justify;\">\u00c9tude comparative<span class=\"Apple-converted-space\">\u00a0<\/span><\/p>\n<p style=\"text-align: justify;\">Dans le c\u00e9l\u00e8bre ouvrage sp\u00e9cialis\u00e9 en Vierges \u00e0 l\u2019Enfant, intitul\u00e9\u00a0: Die Lothringische Skulptur des 14 Jahrhunderts, de Joseph Adolph Scmoll,<span class=\"Apple-converted-space\">\u00a0<\/span><\/p>\n<p style=\"text-align: justify;\">Des similitudes entre notre Sculpture et les Vierges Lorraines suivantes\u00a0sont remarquables :<span class=\"Apple-converted-space\">\u00a0<\/span><\/p>\n<p style=\"text-align: justify;\">La Vierge \u00e0 l\u2019Enfant de la Collection du Mus\u00e9e Rodin, Co.01424\u00a0:<br \/>\n&#8211; Datant du milieu du XIV\u00e8me si\u00e8cle, on lui reconnait le m\u00eame manteau port\u00e9 en tablier sur le devant<\/p>\n<p style=\"text-align: justify;\">&#8211; Sa t\u00eate est ceinte d\u2019une couronne.<\/p>\n<p style=\"text-align: justify;\">-L\u2019enfant \u00e0 la tunique longue dont le petit pied ressort \u00e0 l\u2019avant.<\/p>\n<p style=\"text-align: justify;\">&#8211; Les traits du visage et l\u2019expression qu\u2019elle inspire.<\/p>\n<p style=\"text-align: justify;\">&#8211; La silhouette, la posture et son allure g\u00e9n\u00e9rale bien ancr\u00e9e sont autant de points communs que ces deux sculptures partagent.<span class=\"Apple-converted-space\">\u00a0<\/span><\/p>\n<p style=\"text-align: justify;\">&#8211; Manque regrettable de la main qui devait tenir une Rosa mystica.<\/p>\n<p>[\/vc_column_text][vc_empty_space][\/vc_column][vc_column width=\u00a0\u00bb1\/2&Prime;][vc_empty_space][\/vc_column][\/vc_row][vc_row][vc_column width=\u00a0\u00bb1\/2&Prime;][vc_single_image image=\u00a0\u00bb12019&Prime; img_size=\u00a0\u00bbmedium\u00a0\u00bb alignment=\u00a0\u00bbcenter\u00a0\u00bb css=\u00a0\u00bb\u00a0\u00bb][\/vc_column][vc_column width=\u00a0\u00bb1\/2&Prime;][\/vc_column][\/vc_row][vc_row][vc_column width=\u00a0\u00bb1\/2&Prime;][vc_column_text css=\u00a0\u00bb\u00a0\u00bb]<\/p>\n<p>&nbsp;<\/p>\n<p>&nbsp;<\/p>\n<p>Dans le Livre du Docteur Schmoll sp\u00e9cifiques aux Vierges Lorraines, plusieurs autre Vierge \u00e0 l\u2019Enfant peuvent retenir notre attention\u00a0:<\/p>\n<p>La Madone de Valli\u00e8res (Metz-l\u00e8s-Bordes) Kat.Nr.174, p. 276<\/p>\n<p>&#8211; La Cape en traitement plat, fronc\u00e9e en tablier et revenant sur le bras gauche.<\/p>\n<p>&#8211; L\u2019enfant v\u00eatu d\u2019une chemise et aux pieds nus.<\/p>\n<p>&#8211; Le sceptre \u00e0 courte tige dont la rosace de fleurs est presque horizontale.<\/p>\n<p>&nbsp;<\/p>\n<p>&nbsp;<\/p>\n<p>[\/vc_column_text][\/vc_column][vc_column width=\u00a0\u00bb1\/2&Prime;][\/vc_column][\/vc_row][vc_row][vc_column width=\u00a0\u00bb1\/2&Prime;][vc_single_image image=\u00a0\u00bb12021&Prime; img_size=\u00a0\u00bbmedium\u00a0\u00bb alignment=\u00a0\u00bbcenter\u00a0\u00bb css=\u00a0\u00bb\u00a0\u00bb][\/vc_column][vc_column width=\u00a0\u00bb1\/2&Prime;][\/vc_column][\/vc_row][vc_row][vc_column width=\u00a0\u00bb1\/2&Prime;][vc_column_text css=\u00a0\u00bb\u00a0\u00bb]<\/p>\n<p>&nbsp;<\/p>\n<p>&nbsp;<\/p>\n<p>La Madone de Bleurville, Kat.Nr306, p. 471\u00a0:<\/p>\n<p>&#8211; Elle porte une couronne qui laisse appara\u00eetre ses m\u00e8ches ondul\u00e9es, encadrant son visage.<\/p>\n<p>&#8211;\u00a0 Dans sa main droite, elle tient juste du bout des doigts, la grande fleur d\u2019\u00e9glantier, la rosa mystica, attribut de la Vierge Marie, populaire en Lorraine.<\/p>\n<p>&nbsp;<\/p>\n<p>&nbsp;<\/p>\n<p>[\/vc_column_text][\/vc_column][vc_column width=\u00a0\u00bb1\/2&Prime;][\/vc_column][\/vc_row][vc_row][vc_column width=\u00a0\u00bb1\/2&Prime;][vc_single_image image=\u00a0\u00bb12023&Prime; img_size=\u00a0\u00bbmedium\u00a0\u00bb alignment=\u00a0\u00bbcenter\u00a0\u00bb css=\u00a0\u00bb\u00a0\u00bb][\/vc_column][vc_column width=\u00a0\u00bb1\/2&Prime;][\/vc_column][\/vc_row][vc_row][vc_column width=\u00a0\u00bb1\/2&Prime;][vc_column_text css=\u00a0\u00bb\u00a0\u00bb]<\/p>\n<p>&nbsp;<\/p>\n<p>&nbsp;<\/p>\n<p>La majestueuse Madone debout de Baroville Kat.Nr.348, p. 519\u00a0:<\/p>\n<p>&#8211; Le tablier du manteau<span class=\"Apple-converted-space\">\u00a0<\/span><\/p>\n<p>&#8211; Le pieds droit s\u2019\u00e9tendant depuis la jambe droite libre balanc\u00e9e avec une l\u00e9g\u00e8re rotation au-dessus de la hanche gauche.<\/p>\n<p>&#8211; La grande fleur de rose plate, mais \u00e0 double feuilles, soutenue par l\u2019index et le majeur de la main droite de la Madone, en position presque horizontale.<\/p>\n<p>&#8211; L\u2019enfant vif et joueur, en longue tunique laissant apparaitre ses petits pieds.<\/p>\n<p>&nbsp;<\/p>\n<p>&nbsp;<\/p>\n<p>&nbsp;<\/p>\n<p>[\/vc_column_text][\/vc_column][vc_column width=\u00a0\u00bb1\/2&Prime;][\/vc_column][\/vc_row][vc_row][vc_column width=\u00a0\u00bb1\/2&Prime;][vc_single_image image=\u00a0\u00bb12025&Prime; img_size=\u00a0\u00bbmedium\u00a0\u00bb alignment=\u00a0\u00bbcenter\u00a0\u00bb css=\u00a0\u00bb\u00a0\u00bb][\/vc_column][vc_column width=\u00a0\u00bb1\/2&Prime;][\/vc_column][\/vc_row][vc_row][vc_column width=\u00a0\u00bb1\/2&Prime;][vc_column_text css=\u00a0\u00bb\u00a0\u00bb]<\/p>\n<p>&nbsp;<\/p>\n<p>&nbsp;<\/p>\n<p>Bibliographie\u00a0:<span class=\"Apple-converted-space\">\u00a0<\/span><\/p>\n<p>&#8211; William H. FORSYTH, Medieval Statues of the Virgin in Lorraine related in type of the Saint-Di\u00e9, Metropolitan Museum studies.<\/p>\n<p>&#8211; J. A. SCHMOLL, gene. Eisenwerth, Die Lothringische Skultur des 14. Jahrunderts, Michael Imhof Verlag, D-36100 Petersberg, 2005<\/p>\n<p>&#8211; Collections du Mus\u00e9e Rodin, Paris.<\/p>\n<p>[\/vc_column_text][\/vc_column][vc_column width=\u00a0\u00bb1\/2&Prime;][\/vc_column][\/vc_row]<\/p>\n<\/div>","protected":false},"excerpt":{"rendered":"<h4>VIERGE \u00c0 L\u2019ENFANT LORRAINE DU XIV\u00e8me SI\u00c8CLE EN PIERRE CALCAIRE<\/h4>\n<p>&nbsp;<\/p>\n<p>ORIGINE\u00a0: R\u00c9GION DE METZ, LORRAINE<\/p>\n<p>EPOQUE\u00a0: XIV\u00e8me SI\u00c8CLE, Vers 1350<\/p>\n<p>&nbsp;<\/p>\n<p>Hauteur\u00a0: 77 cm<\/p>\n<p>Largeur : 32 cm<\/p>\n<p>Profondeur\u00a0: 24 cm<\/p>\n<p>&nbsp;<\/p>\n<p>Pierre Calcaire<\/p>\n<p>Bon \u00e9tat de conservation<\/p>\n<p>Manque la t\u00eate de l\u2019enfant<\/p>\n<p>&nbsp;<\/p>\n<p>&nbsp;<\/p>\n[dt_button size=\"small\" style=\"default\" animation=\"none\" color_mode=\"default\" icon=\"\" icon_align=\"left\" color=\"\" link=\"mailto:gabrielle-laroche@wanadoo.fr?subject=400_VIERGE_\u00c0_L\u2019ENFANT_LORRAINE_DU_XIV\u00e8me_SI\u00c8CLE_EN_PIERRE_CALCAIRE\" target_blank=\"true\"]DEMANDE D&rsquo;INFORMATIONS[\/dt_button]\n<p>&nbsp;<\/p>\n<p><a href=\"\/fr\/antiquites\/sculpture\/\">Retour aux sculptures<\/a><\/p>\n<p>&nbsp;<\/p>\n","protected":false},"featured_media":12027,"template":"","meta":[],"product_brand":[],"product_cat":[32],"product_tag":[],"class_list":{"0":"post-12018","1":"product","2":"type-product","3":"status-publish","4":"has-post-thumbnail","6":"product_cat-sculptures","7":"description-off","9":"first","10":"instock","11":"shipping-taxable","12":"product-type-simple"},"aioseo_notices":[],"_links":{"self":[{"href":"https:\/\/www.gabrielle-laroche.com\/fr\/wp-json\/wp\/v2\/product\/12018","targetHints":{"allow":["GET"]}}],"collection":[{"href":"https:\/\/www.gabrielle-laroche.com\/fr\/wp-json\/wp\/v2\/product"}],"about":[{"href":"https:\/\/www.gabrielle-laroche.com\/fr\/wp-json\/wp\/v2\/types\/product"}],"wp:featuredmedia":[{"embeddable":true,"href":"https:\/\/www.gabrielle-laroche.com\/fr\/wp-json\/wp\/v2\/media\/12027"}],"wp:attachment":[{"href":"https:\/\/www.gabrielle-laroche.com\/fr\/wp-json\/wp\/v2\/media?parent=12018"}],"wp:term":[{"taxonomy":"product_brand","embeddable":true,"href":"https:\/\/www.gabrielle-laroche.com\/fr\/wp-json\/wp\/v2\/product_brand?post=12018"},{"taxonomy":"product_cat","embeddable":true,"href":"https:\/\/www.gabrielle-laroche.com\/fr\/wp-json\/wp\/v2\/product_cat?post=12018"},{"taxonomy":"product_tag","embeddable":true,"href":"https:\/\/www.gabrielle-laroche.com\/fr\/wp-json\/wp\/v2\/product_tag?post=12018"}],"curies":[{"name":"wp","href":"https:\/\/api.w.org\/{rel}","templated":true}]}}