

{"id":12081,"date":"2025-11-11T14:41:02","date_gmt":"2025-11-11T13:41:02","guid":{"rendered":"https:\/\/www.gabrielle-laroche.com\/?post_type=product&#038;p=12081"},"modified":"2025-11-11T14:47:45","modified_gmt":"2025-11-11T13:47:45","slug":"exceptionnel-ange-souriant-sculpte-en-ronde-bosse","status":"publish","type":"product","link":"https:\/\/www.gabrielle-laroche.com\/fr\/product\/exceptionnel-ange-souriant-sculpte-en-ronde-bosse\/","title":{"rendered":"EXCEPTIONNEL ANGE SOURIANT SCULPT\u00c9 EN RONDE-BOSSE"},"content":{"rendered":"<div class=\"wpb-content-wrapper\"><p>[vc_row][vc_column width=\u00a0\u00bb1\/2&Prime;][vc_column_text css=\u00a0\u00bb\u00a0\u00bb]<\/p>\n<p style=\"text-align: justify;\">Respectant le canon longiligne des oeuvres de la fin du XIIIe si\u00e8cle, le corps de cet ange debout le genoux gauche fl\u00e9chi, est marqu\u00e9 par un beau d\u00e9hanch\u00e9 qui lui conf\u00e8re une courbe d\u00e9licate.<span class=\"Apple-converted-space\">\u00a0<\/span><\/p>\n<p style=\"text-align: justify;\">Sa t\u00eate l\u00e9g\u00e8rement inclin\u00e9e est cern\u00e9e d\u2019une chevelure retenue par un ruban, et dont les jolies boucles encadrent le visage. Son visage juv\u00e9nile au petit menton rond est marqu\u00e9 par des yeux en amande effil\u00e9e s&rsquo;\u00e9tirant vers les tempes, une bouche aux l\u00e8vres minces et aux commissures relev\u00e9es, esquissant un sourire plein de gait\u00e9.<span class=\"Apple-converted-space\">\u00a0<\/span><\/p>\n<p style=\"text-align: justify;\">Il est v\u00eatu d\u2019une tunique, blousante au dessus d\u2019une ceinture s\u00e9rr\u00e9e \u00e0 la taille, \u00a0et dont l\u2019encolure arrondie laisse apparaitre un cou puissant. De longs plis verticaux marquent le bas du v\u00eatement, jusqu\u2019aux pieds nus de l\u2019ange.<\/p>\n<p style=\"text-align: justify;\">Il porte sur ses \u00e9paules tombantes, un manteau qu\u2019il retient de son bras gauche, le faisant ainsi retomber en tablier, formant une longue coul\u00e9e de plis saillants et bien structur\u00e9s.<\/p>\n<p style=\"text-align: justify;\">L\u2019arri\u00e8re des \u00e9paules pr\u00e9sente deux mortaises longues et profondes destin\u00e9es \u00e0 recevoir les tenons de grandes ailes aujourd\u2019hui disparues. Le sommet du cr\u00e2ne montre un trou d\u2019\u00e9tau, habituel sur ce type de sculpture.<\/p>\n<p style=\"text-align: justify;\">Cet ange se rattache sans conteste au groupe d&rsquo;anges en bois r\u00e9unis autour des deux c\u00e9l\u00e8bres anges dits de Saudemont du mus\u00e9e des Beaux-Arts d&rsquo;Arras.<span class=\"Apple-converted-space\">\u00a0<\/span><\/p>\n<p style=\"text-align: justify;\">Il fait partie des rares t\u00e9moignages de ces Anges int\u00e9gr\u00e9s au d\u00e9cor des autels.<\/p>\n<p style=\"text-align: justify;\">En effet, une mode de la seconde moiti\u00e9 du XIIIe si\u00e8cle, voit apparaitre autour des autels une disposition nouvelle. De part et d\u2019autre de l\u2019autel \u00e9taient dress\u00e9es des colonnes entre lesquelles \u00e9taient tendues des courtines. Au sommet des colonnes se tenaient des anges similaires \u00e0 celui pr\u00e9sent\u00e9 ici. Cette pratique fut d\u00e9crite par Guillaume Durand, \u00e9v\u00eaque de Mende en 1286 dans son ouvrage \u00ab\u00a0Rational des divins offices\u00a0\u00bb.<\/p>\n<p style=\"text-align: justify;\">Les anges, outre leur fonction d\u00e9corative, avaient \u00e9galement une signification symbolique et didactique, portant tant\u00f4t les cierges et les objets liturgiques ou encore les instruments de la passion, ils \u00e9taient parfois anges musiciens.<span class=\"Apple-converted-space\">\u00a0<\/span><\/p>\n<p style=\"text-align: justify;\">Leur pr\u00e9sence \u00e0 l\u2019int\u00e9rieur des \u00e9difices religieux accompagne une \u00e9volution de la pens\u00e9e quant \u00e0 leur nature et leur r\u00f4le, pr\u00e9occupation majeure des th\u00e9ologiens du XIIIe si\u00e8cle. S\u2019ils \u00e9taient auparavant cantonn\u00e9s \u00e0 l\u2019ornementation des fa\u00e7ades, on voit \u00e0 partir de la seconde moiti\u00e9 du si\u00e8cle une multiplication des figures ang\u00e9liques notamment dans le domaine de l&rsquo;orf\u00e8vrerie mais aussi de la sculpture de pierre ou de bois rehauss\u00e9e d\u2019une riche polychromie et de dorure qui rappelait leur origine surnaturelle.<span class=\"Apple-converted-space\">\u00a0<\/span><\/p>\n<p style=\"text-align: justify;\">Ces Anges d&rsquo;autel semblent \u00eatre l\u2019une des productions les plus caract\u00e9ristiques du dernier tiers du XIIIe si\u00e8cle.<span class=\"Apple-converted-space\">\u00a0<\/span><\/p>\n<p style=\"text-align: justify;\">Le plus c\u00e9l\u00e8bre d\u2019entre eux, l\u2019Ange souriant de Reims a longtemps laiss\u00e9 penser aux historiens que cette ville f\u00fbt le berceau de ces anges et leur centre de production privil\u00e9gi\u00e9 mais les textes ainsi que les oeuvres qui nous sont parvenues indiquent au contraire que la production se r\u00e9partissait plus largement dans les r\u00e9gions du nord de la France, de l\u2019Artois \u00e0 l\u2019Ile de France, de la Normandie \u00e0 la Champagne.<span class=\"Apple-converted-space\">\u00a0<\/span><\/p>\n<p style=\"text-align: justify;\">Plusieurs textes font ainsi r\u00e9f\u00e9rence \u00e0 des commandes pass\u00e9es par les Seigneurs de la r\u00e9gion comme Robert II ou Mahaut d&rsquo;Artois: au nombre de vingt-quatre dans ces inventaires.<span class=\"Apple-converted-space\">\u00a0<\/span><\/p>\n<p style=\"text-align: justify;\">Ils poss\u00e8dent presque tous les m\u00eames caract\u00e9ristiques : canon allong\u00e9, des draperies souples, un long cou soutenant une petite t\u00eate aur\u00e9ol\u00e9e de grosses boucles, des yeux \u00e9tir\u00e9s, un sourire accentu\u00e9, tendre et volontiers narquois.<span class=\"Apple-converted-space\">\u00a0<\/span><\/p>\n<p style=\"text-align: justify;\">L\u2019Ange pr\u00e9sent\u00e9 ici int\u00e8gre parfaitement cette production de la fin du XIIIe si\u00e8cle. Il en pr\u00e9sente toutes les caract\u00e9ristiques et peut aisement \u00eatre compar\u00e9 aux \u0153uvres conserv\u00e9es dans les collections du Louvre (RF 1435)<\/p>\n<p style=\"text-align: justify;\">Sa silhouette \u00e9tir\u00e9e, les proportions harmonieuses de la t\u00eate, la d\u00e9licatesse des traits, la simplicit\u00e9 et la fluidit\u00e9 du drap\u00e9 en font l&rsquo;archetype de la gr\u00e2ce auquel cette production hautement symbolique de l&rsquo;art gothique a pu atteindre.<span class=\"Apple-converted-space\">\u00a0<\/span><\/p>\n<p>&nbsp;<\/p>\n<p style=\"text-align: justify;\">Bibliographie\u00a0:<\/p>\n<p style=\"text-align: justify;\">Exposition Paris 1998, L&rsquo;Art au temps des rois maudits -Philippe le Bel et fil 1285-1328, Galeries nationales du Grand Palais, catalogue, pp 62-711 F.<span class=\"Apple-converted-space\">\u00a0<\/span><\/p>\n<p style=\"text-align: justify;\">Baron Fran\u00e7oise, \u00ab\u00a0Lorsque les anges passaient-D\u00e9cors d&rsquo;autel aux XIII et XIV si\u00e8cles\u00a0\u00bb dans L&rsquo;Estampille-Objet d&rsquo;art, n323, 1998, p. 62-69.<\/p>\n<p style=\"text-align: justify;\">Le Pogam P-Y, La Sculpture gothique 1140-1430, Hazan, 2020, p. 258-259, 261.<span class=\"Apple-converted-space\">\u00a0<\/span><\/p>\n<p>[\/vc_column_text][vc_empty_space][\/vc_column][vc_column width=\u00a0\u00bb1\/2&Prime;][vc_empty_space][\/vc_column][\/vc_row][vc_row][vc_column width=\u00a0\u00bb1\/2&Prime;][vc_single_image image=\u00a0\u00bb12044&Prime; img_size=\u00a0\u00bbmedium\u00a0\u00bb alignment=\u00a0\u00bbcenter\u00a0\u00bb css=\u00a0\u00bb\u00a0\u00bb][\/vc_column][vc_column width=\u00a0\u00bb1\/2&Prime;][vc_single_image image=\u00a0\u00bb12046&Prime; img_size=\u00a0\u00bbmedium\u00a0\u00bb alignment=\u00a0\u00bbcenter\u00a0\u00bb css=\u00a0\u00bb\u00a0\u00bb][\/vc_column][\/vc_row][vc_row][vc_column width=\u00a0\u00bb1\/2&Prime;][vc_column_text css=\u00a0\u00bb\u00a0\u00bb]<\/p>\n<p style=\"text-align: center;\">Museo civico di Torino, Intaglio Veneto, \u00a0Secolo XV<\/p>\n<p>[\/vc_column_text][\/vc_column][vc_column width=\u00a0\u00bb1\/2&Prime;][vc_column_text css=\u00a0\u00bb\u00a0\u00bb]<\/p>\n<p style=\"text-align: center;\">Gothic carved, Gilded and polychromed<span class=\"Apple-converted-space\"> Bas relief<\/span><\/p>\n<p>[\/vc_column_text][\/vc_column][\/vc_row]<\/p>\n<\/div>","protected":false},"excerpt":{"rendered":"<h4>EXCEPTIONNEL ANGE SOURIANT SCULPT\u00c9 EN RONDE-BOSSE<\/h4>\n<p>&nbsp;<\/p>\n<p>&nbsp;<\/p>\n<p>ORIGINE : ILE DE FRANCE<\/p>\n<p>\u00c9POQUE : DERNIER TIERS DU XIIIe SI\u00c8CLE, VERS 1270<\/p>\n<p>&nbsp;<\/p>\n<p>Hauteur : 79 cm<\/p>\n<p>Largeur : 21 cm<\/p>\n<p>Profondeur : 21 cm<\/p>\n<p>&nbsp;<\/p>\n<p>Bois de noyer<\/p>\n<p>Bon \u00e9tat de conservation<\/p>\n<p>Traces de polychromie<\/p>\n<p>&nbsp;<\/p>\n<p>&nbsp;<\/p>\n[dt_button size=\"small\" style=\"default\" animation=\"none\" color_mode=\"default\" icon=\"\" icon_align=\"left\" color=\"\" link=\"mailto:gabrielle-laroche@wanadoo.fr?subject=354_EXCEPTIONNEL_ANGE SOURIANT_SCULPT\u00c9_EN_RONDE-BOSSE\" target_blank=\"true\"]DEMANDE D&rsquo;INFORMATIONS[\/dt_button]\n<p>&nbsp;<\/p>\n<p><a href=\"\/fr\/antiquites\/sculpture\/\">Retour aux sculptures<\/a><\/p>\n<p>&nbsp;<\/p>\n","protected":false},"featured_media":12082,"template":"","meta":[],"product_brand":[],"product_cat":[32],"product_tag":[],"class_list":{"0":"post-12081","1":"product","2":"type-product","3":"status-publish","4":"has-post-thumbnail","6":"product_cat-sculptures","7":"description-off","9":"first","10":"instock","11":"shipping-taxable","12":"product-type-simple"},"aioseo_notices":[],"_links":{"self":[{"href":"https:\/\/www.gabrielle-laroche.com\/fr\/wp-json\/wp\/v2\/product\/12081","targetHints":{"allow":["GET"]}}],"collection":[{"href":"https:\/\/www.gabrielle-laroche.com\/fr\/wp-json\/wp\/v2\/product"}],"about":[{"href":"https:\/\/www.gabrielle-laroche.com\/fr\/wp-json\/wp\/v2\/types\/product"}],"wp:featuredmedia":[{"embeddable":true,"href":"https:\/\/www.gabrielle-laroche.com\/fr\/wp-json\/wp\/v2\/media\/12082"}],"wp:attachment":[{"href":"https:\/\/www.gabrielle-laroche.com\/fr\/wp-json\/wp\/v2\/media?parent=12081"}],"wp:term":[{"taxonomy":"product_brand","embeddable":true,"href":"https:\/\/www.gabrielle-laroche.com\/fr\/wp-json\/wp\/v2\/product_brand?post=12081"},{"taxonomy":"product_cat","embeddable":true,"href":"https:\/\/www.gabrielle-laroche.com\/fr\/wp-json\/wp\/v2\/product_cat?post=12081"},{"taxonomy":"product_tag","embeddable":true,"href":"https:\/\/www.gabrielle-laroche.com\/fr\/wp-json\/wp\/v2\/product_tag?post=12081"}],"curies":[{"name":"wp","href":"https:\/\/api.w.org\/{rel}","templated":true}]}}