

{"id":12299,"date":"2026-01-02T14:15:40","date_gmt":"2026-01-02T13:15:40","guid":{"rendered":"https:\/\/www.gabrielle-laroche.com\/?post_type=product&#038;p=12299"},"modified":"2026-01-02T14:13:33","modified_gmt":"2026-01-02T13:13:33","slug":"cassone-venitienne-depoque-renaissance","status":"publish","type":"product","link":"https:\/\/www.gabrielle-laroche.com\/fr\/product\/cassone-venitienne-depoque-renaissance\/","title":{"rendered":"CASSONE VENITIENNE D\u2019\u00c9POQUE RENAISSANCE"},"content":{"rendered":"<div class=\"wpb-content-wrapper\"><p>[vc_row][vc_column width=\u00a0\u00bb1\/2&Prime;][vc_column_text css=\u00a0\u00bb\u00a0\u00bb]<\/p>\n<p style=\"text-align: justify;\">\u00ab\u00a0En ces temps-l\u00e0, toutes les habitations \u00e9taient meubl\u00e9es de grands coffres en bois sculpt\u00e9s, dont l\u2019int\u00e9rieur \u00e9tait garni en toile ou en soie pour conserver les v\u00eatements et objets pr\u00e9cieux.\u00a0\u00bb<span class=\"Apple-converted-space\">\u00a0<\/span><\/p>\n<p style=\"text-align: justify;\">Les consid\u00e9rant dignes de la plus grande attention, Vasari les distingue sous le nom de cassone.\u00a0<span class=\"Apple-converted-space\">\u00a0<\/span><\/p>\n<p style=\"text-align: justify;\">Ce long coffre en bois de noyer sculpt\u00e9, repose \u00e0 l\u2019avant sur deux pieds en griffes de lion, et affecte la forme d\u2019un sarcophage antique, typique de la Renaissance italienne.<span class=\"Apple-converted-space\">\u00a0<\/span><\/p>\n<p style=\"text-align: justify;\">Sur la base orn\u00e9e d\u2019une belle rang\u00e9e de glyphes rudent\u00e9s, enserr\u00e9e entre une frise de billettes et l\u2019autre d\u2019\u00e9cailles, s\u2019\u00e9l\u00e8vent deux montants lat\u00e9raux pr\u00e9sentant des mascarons l\u00e9onins soutenant d\u2019abondants troph\u00e9es feuillag\u00e9s.<\/p>\n<p style=\"text-align: justify;\">Le panneau central se d\u00e9ploie en trois cadres moulur\u00e9s garnis d\u2019un miroir bomb\u00e9 taill\u00e9 dans un cartouche \u00e0 motif de cuir d\u00e9coup\u00e9. Celui du centre est agr\u00e9ment\u00e9 de coquilles en profil, et se pr\u00e9sente tel un m\u00e9daillon. Une belle frise de lierre encadre les cartouches.<span class=\"Apple-converted-space\">\u00a0<\/span><\/p>\n<p style=\"text-align: justify;\">Le plateau d\u2019un seul tenant est cern\u00e9 d\u2019une belle frise de godrons \u00e0 listel et feuille d\u2019acanthe aux angles, mettant en exergue toute l\u2019ornementation de la cassone.<span class=\"Apple-converted-space\">\u00a0<\/span><\/p>\n<p style=\"text-align: justify;\">Deux belles poign\u00e9es lanc\u00e9ol\u00e9es ornent les parties lat\u00e9rales de la Cassone, rappelant la fonction premi\u00e8re du coffre, \u00e0 savoir d\u2019\u00eatre mobile et transportable d\u2019une demeure \u00e0 l\u2019autre.\u00a0<span class=\"Apple-converted-space\">\u00a0<\/span><\/p>\n<p>[\/vc_column_text][\/vc_column][vc_column width=\u00a0\u00bb1\/2&Prime;][\/vc_column][\/vc_row][vc_row][vc_column][\/vc_column][\/vc_row]<\/p>\n<\/div>","protected":false},"excerpt":{"rendered":"<h4>CASSONE VENITIENNE D\u2019\u00c9POQUE RENAISSANCE<\/h4>\n<p>&nbsp;<\/p>\n<p>ORIGINE\u00a0: ITALIE, VENISE<\/p>\n<p>EPOQUE\u00a0: XVI\u00e8me SI\u00c8CLE<\/p>\n<p>&nbsp;<\/p>\n<p>Hauteur\u00a0: 57 cm<\/p>\n<p>Longueur : 166 cm<\/p>\n<p>Profondeur\u00a0: 57 cm<\/p>\n<p>&nbsp;<\/p>\n<p>Bois de noyer<\/p>\n<p>Bon \u00e9tat de conservation<\/p>\n<p>&nbsp;<\/p>\n<p>&nbsp;<\/p>\n[dt_button size=\"small\" style=\"default\" animation=\"none\" color_mode=\"default\" icon=\"\" icon_align=\"left\" color=\"\" link=\"mailto:gabrielle-laroche@wanadoo.fr?subject=352_CASSONE_VENITIENNE_D\u2019EPOQUE_RENAISSANCE\"target_blank=\"true\"]DEMANDE D&rsquo;INFORMATIONS[\/dt_button]\n<p>&nbsp;<\/p>\n<p><a href=\"\/fr\/antiquites\/mobilier\/coffres\/\">Retour aux coffres<\/a><\/p>\n","protected":false},"featured_media":12300,"template":"","meta":[],"product_brand":[],"product_cat":[21],"product_tag":[],"class_list":{"0":"post-12299","1":"product","2":"type-product","3":"status-publish","4":"has-post-thumbnail","6":"product_cat-coffres","7":"description-off","9":"first","10":"instock","11":"shipping-taxable","12":"product-type-simple"},"aioseo_notices":[],"_links":{"self":[{"href":"https:\/\/www.gabrielle-laroche.com\/fr\/wp-json\/wp\/v2\/product\/12299","targetHints":{"allow":["GET"]}}],"collection":[{"href":"https:\/\/www.gabrielle-laroche.com\/fr\/wp-json\/wp\/v2\/product"}],"about":[{"href":"https:\/\/www.gabrielle-laroche.com\/fr\/wp-json\/wp\/v2\/types\/product"}],"wp:featuredmedia":[{"embeddable":true,"href":"https:\/\/www.gabrielle-laroche.com\/fr\/wp-json\/wp\/v2\/media\/12300"}],"wp:attachment":[{"href":"https:\/\/www.gabrielle-laroche.com\/fr\/wp-json\/wp\/v2\/media?parent=12299"}],"wp:term":[{"taxonomy":"product_brand","embeddable":true,"href":"https:\/\/www.gabrielle-laroche.com\/fr\/wp-json\/wp\/v2\/product_brand?post=12299"},{"taxonomy":"product_cat","embeddable":true,"href":"https:\/\/www.gabrielle-laroche.com\/fr\/wp-json\/wp\/v2\/product_cat?post=12299"},{"taxonomy":"product_tag","embeddable":true,"href":"https:\/\/www.gabrielle-laroche.com\/fr\/wp-json\/wp\/v2\/product_tag?post=12299"}],"curies":[{"name":"wp","href":"https:\/\/api.w.org\/{rel}","templated":true}]}}